

{"id":107,"date":"2018-10-19T06:54:33","date_gmt":"2018-10-19T06:54:33","guid":{"rendered":"http:\/\/localhost:8080\/wordpress\/?page_id=107"},"modified":"2026-03-18T10:09:33","modified_gmt":"2026-03-18T09:09:33","slug":"cafe","status":"publish","type":"page","link":"https:\/\/michaelshof-sammatz.de\/blog\/cafe\/","title":{"rendered":"Caf\u00e9 am Michaelshof"},"content":{"rendered":"<style>\n        body {<br \/>\n            font-family: 'Montserrat';<br \/>\n            color: black;<br \/>\n            background-color: #f9f9f9;<br \/>\n            margin: 0;<br \/>\n            padding: 0;<br \/>\n        }<br \/>\n        .form-section {<br \/>\n            display: flex;<br \/>\n            justify-content: center;<br \/>\n            align-items: center;<br \/>\n            padding: 40px 0;<br \/>\n        }<br \/>\n        .form-container {<br \/>\n            background: white;<br \/>\n            padding: 20px 40px;<br \/>\n            border-radius: 8px;<br \/>\n            box-shadow: 0 4px 10px rgba(0, 0, 0, 0.1);<br \/>\n            max-width: 600px;<br \/>\n            width: 100%;<br \/>\n        }<br \/>\n        h4 {<br \/>\n            margin-bottom: 20px;<br \/>\n            color: #333;<br \/>\n        }<br \/>\n        label {<br \/>\n            display: block;<br \/>\n            margin-bottom: 15px;<br \/>\n            font-size: 14px;<br \/>\n            font-family: 'Montserrat', sans-serif;<br \/>\n            color: black;<br \/>\n        }<br \/>\n        input, textarea, select, button {<br \/>\n            display: block;<br \/>\n            width: 100%;<br \/>\n            padding: 10px;<br \/>\n            margin-top: 5px;<br \/>\n            font-size: 14px;<br \/>\n            border: 1px solid #ccc;<br \/>\n            border-radius: 4px;<br \/>\n        }<br \/>\n        button {<br \/>\n            background-color: #007bff;<br \/>\n            color: white;<br \/>\n            border: none;<br \/>\n            cursor: pointer;<br \/>\n            margin-top: 20px;<br \/>\n        }<br \/>\n        button:hover {<br \/>\n            background-color: #0056b3;<br \/>\n        }<br \/>\n        .error-message {<br \/>\n            color: red;<br \/>\n            font-size: 14px;<br \/>\n            margin-bottom: 10px;<br \/>\n        }<br \/>\n        p {<br \/>\n            font-family: 'Montserrat', sans-serif;<br \/>\n            color: black;<br \/>\n            font-size: 12px;<br \/>\n        }<br \/>\n    <\/style>\n\n\n<h1 class=\"wp-block-heading\">Caf\u00e9 am Michaelshof<\/h1>\n\n\n\n<h2 class=\"wp-block-heading\"><strong>Alles Bio. Alles Lecker.&nbsp;<\/strong><\/h2>\n\n\n\n\n\n<figure><img decoding=\"async\" src=\"http:\/\/michaelshof-sammatz.de\/blog\/wp-content\/uploads\/2019\/02\/cafe1.jpg\" alt=\"\" \/><\/figure>\n\n<h3 class=\"wp-block-heading\"><strong>Volle Tische <\/strong><br \/><strong>und heiteres <\/strong><br \/><strong>Stimmengewirr <\/strong><\/h3>\n\n\n<h2 class=\"wp-block-heading\">&#8211; <strong>wir freuen uns auf euch!<\/strong><\/h2>\n\n\n\n\n\n\n<strong><a style=\"color: #06567c;\">Hier geht&#8217;s zur Speisekarte<\/a><\/strong><a href=\"https:\/\/michaelshof-sammatz.de\/blog\/wp-content\/uploads\/2026\/03\/MH_Speisekarte_A5_20260312.pdf\" download=\"\">Download<\/a><br><br>\n\n\n\n<strong><a style=\"color: #06567c;\">Hier geht&#8217;s zur Eiskarte<\/a><\/strong><a href=\"https:\/\/michaelshof-sammatz.de\/blog\/wp-content\/uploads\/2026\/03\/01_MH_Eiskarte_A5_20260313.pdf\" download=\"\">Download<\/a>\n\n\n\n<div class=\"wp-block-buttons is-content-justification-center is-layout-flex wp-container-core-buttons-is-layout-1 wp-block-buttons-is-layout-flex\">\n<div class=\"wp-block-button\"><a class=\"wp-block-button__link wp-element-button\" href=\"#reservierung\">Tisch Reservieren<\/a><\/div>\n<\/div>\n\n\n\n<p style=\"font-size:18px\"><p style=\"font-size: 18px; color: black; font-family: 'Montserrat', sans-serif;\"><strong>Gartencaf\u00e9 plus<\/strong><\/p><\/p>\n\n\n\n<p><p style=\"color: black; font-family: 'Montserrat', sans-serif;\">Sommer: Gro\u00dfe Sonnenschirme leuchten \u00fcber bunten Blument\u00f6pfen, volle Tische und heiteres Stimmengewirr, Kellnerinnen in klassischem Schwarz-Wei\u00df flitzen hin. und her \u2013 an einem Sonntag ist nicht zu \u00fcbersehen, dass das Caf\u00e9 am Michaelshof eines der beliebtesten Ausflugsziele der Region geworden ist. Das Publikum ist bunt gemischt \u2013 \u00e4ltere G\u00e4ste und Gastronomie-Kenner aus der Umgebung sitzen neben Familien auf Nachmittagsausflug, am Nebentisch plaudern junge Freiwillige aus aller Welt fr\u00f6hlich auf englisch, spanisch, t\u00fcrkisch miteinander. Die Bedienung tippt die Bestellung ins iPad, w\u00e4hrend auf der Dorfstra\u00dfe die Schafe im Laufschritt zur Weide traben oder ein G\u00e4nsemarsch neugieriger Laufenten den Kaffeegarten durchquert. Der Duft von Rosen, Lilien und Oleander umweht den Gast und l\u00e4dt zum Spaziergang in die Sammatzer G\u00e4rten ein. Man k\u00f6nnte von Idyll sprechen \u2013 von G\u00e4sten h\u00f6rt man spontan das Wort \u201eParadies \u2026\u201c<\/p><\/p>\n\n\n\n<p><\/p>\n\n\n\n\n\n\n\n<figure><img decoding=\"async\" style=\"width: 340px; height: 245px;\" src=\"http:\/\/michaelshof-sammatz.de\/blog\/wp-content\/uploads\/2019\/03\/CAF_01-2.jpg\" alt=\"\" \/><\/figure>\n\n\n\n\n\n<p style=\"font-size:18px\"><p style=\"font-size: 18px; color: black; font-family: 'Montserrat', sans-serif;\"><strong>Genuss in bester Qualit\u00e4t<\/strong><\/p><\/p>\n\n\n\n<p class=\"has-text-align-left\"><p style=\"color: black; font-family: 'Montserrat', sans-serif;\">Im gem\u00fctlichen, hellen Caf\u00e9 wartet eine Auswahl \u00fcppiger Torten und leckerer Kuchen \u2013 alle frisch gebacken, ohne Zusatzstoffe und in Bio-Qualit\u00e4t. Diese Ehrlichkeit schmeckt man bei jedem Bissen. Etwas Besonderes sind auch die \u00fcber zwanzig Sorten Bio-Eis. Ob Vanille oder Salted Caramel \u2013 Klassiker wie Exoten haben ihre treuen Fans. Es ist ein Ph\u00e4nomen, dass man das feine Eis mit seinen guten Zutaten auch nach vielen Kugeln und vielen Wochen einfach nicht satt bekommt.<\/p><\/p>\n\n\n\n\n\n\n\n\n<p class=\"is-layout-flow wp-block-column-is-layout-flow is-layout-flex wp-container-core-columns-is-layout-1 wp-block-columns-is-layout-flex wp-block-group-is-layout-flow\">\u00a0<\/p>\n<p style=\"margin-right: 15px; color: black; font-family: 'Montserrat', sans-serif;\">Wer Hunger mitbringt oder genug Torten verzehrt hat, bestellt Herzhaftes wie unsere kr\u00e4ftige Suppen \u2013 auch vegane \u2013, oder eine Brettljause mit hauseigenen K\u00e4se- und Wurstspezialit\u00e4ten. Entsprechend vielf\u00e4ltig ist die Fr\u00fchst\u00fcckskarte.\u00a0<br \/>Sonn- und feiertags erwartet den Gast ein anspruchsvoll rustikales Fr\u00fchst\u00fccksbuffet.\u00a0<br \/>Bio \u2013 das muss nicht mehr erw\u00e4hnt werden \u2013 ist das Essen hier vom Kaffee bis zum R\u00fchrei immer. F\u00fcrs Buffet empfehlen wir eine Vorbestellung; auch an sonnigen Wochenenden und in den Ferien lohnt es, sich einen Tisch zu reservieren.<\/p>\n<p>\u00a0<\/p>\n\n\n\n\n<figure class=\"is-layout-flow wp-block-column-is-layout-flow\"><img decoding=\"async\" src=\"http:\/\/michaelshof-sammatz.de\/blog\/wp-content\/uploads\/2019\/02\/cafe2.jpg\" alt=\"\" \/><\/figure>\n\n\n\n\n\n\n<p style=\"font-size:18px\"><p style=\"font-size: 18px; color: black; font-family: 'Montserrat', sans-serif;\"><strong>Eine Basis im Gartenparadies<\/strong><\/p><\/p>\n\n\n\n<p><p style=\"color: black; font-family: 'Montserrat', sans-serif;\">Wenn die Kinder nicht mehr stillsitzen, spielen sie gern drau\u00dfen an den Brunnen; drinnen stehen Spiele und eine Mal-Ecke f\u00fcr die Kleinen bereit<a href=\"https:\/\/michaelshof-sammatz.de\/blog\/legale-casinos-in-deutschsprachigen-landern\/\">.<\/a> \u2013 Kinder, Reiter, Rad- und Rollstuhlfahrer, alle sind herzlich willkommen im Caf\u00e9 am Michaelshof. Auch Hunde, aber zur Sicherheit bitte angeleint<\/p><\/p>\n\n\n\n<p><p style=\"color: black; font-family: 'Montserrat', sans-serif;\">Selbstverst\u00e4ndlich werden auch gr\u00f6\u00dfere Gruppen bewirtet und Feiern aller Art ausgerichtet. Ausgefallene W\u00fcnsche sind willkommen. Das Caf\u00e9-Team tut gern, was es kann, um den Besuch in Sammatz zu einem echten Ereignis zu machen.<\/p><\/p>\n\n\n\n\n\n<figure class=\"is-layout-flow wp-block-column-is-layout-flow is-layout-flex wp-container-core-columns-is-layout-2 wp-block-columns-is-layout-flex\"><img decoding=\"async\" src=\"http:\/\/michaelshof-sammatz.de\/blog\/wp-content\/uploads\/2018\/12\/cafeexample2.jpg\" alt=\"\" \/><\/figure>\n\n\n\n\n<p class=\"is-layout-flow wp-block-column-is-layout-flow\" style=\"margin-left: 15px; color: black; font-family: 'Montserrat', sans-serif;\">Schon zu lang an den gem\u00fctlichen Tischen gesessen? Zeit f\u00fcr einen Rundgang durch die zauberhafte Parklandschaft rund um das Caf\u00e9! Gartenfreunde und alle, die sch\u00f6ne Natur lieben, erwartet ein Erlebnis, das man in der weiteren Umgebung nicht so leicht noch einmal finden wird. Eine kundige Gartenf\u00fchrung ist auf Anfrage m\u00f6glich (bitte unter Telefon 05858\/97030 vereinbaren). Die ausgeschilderten Wege durch den Park f\u00fchren auch zum gro\u00dfen Spielplatz, zu den offenen St\u00e4llen des Bauernhofs und zum Hofladen, in dem man manchen im Caf\u00e9 verspeisten Leckerbissen noch einmal f\u00fcr zu Hause einkaufen kann.<\/p>\n\n\n\n\n\n<p style=\"color: black; font-family: 'Montserrat', sans-serif;\">Leider kann nicht immer Sommer sein. Irgendwann m\u00fcssen die Sonnenschirme eingeklappt werden \u2013 in der \u00dcbergangszeit ist der gr\u00f6\u00dfte noch beheizt. Aber auch wenn es kalt, nass und dunkel wird, kann man hier gut einkehren. (Bitte die saisonal wechselnden \u00d6ffnungszeiten beachten!). Was ist gem\u00fctlicher, als bei Regen und Wind im Warmen zu sitzen und hei\u00dfe Cr\u00eapes mit Schokof\u00fcllung und einen dampfenden Punsch zu genie\u00dfen?<\/p>\n<h5 style=\"text-align: left; color: #06567c;\"><strong>Wir sehen uns \u2013 im <\/strong><\/h5>\n<h3 style=\"text-align: left;\"><strong>Caf\u00e9 am Michaelshof! <\/strong><\/h3>\n\n\n\n<div id=\"reservierung\">\n  \n<div class=\"wpcf7 no-js\" id=\"wpcf7-f31960-o1\" lang=\"en-US\" dir=\"ltr\">\n<div class=\"screen-reader-response\"><p role=\"status\" aria-live=\"polite\" aria-atomic=\"true\"><\/p> <ul><\/ul><\/div>\n<form action=\"\/blog\/wp-json\/wp\/v2\/pages\/107#wpcf7-f31960-o1\" method=\"post\" class=\"wpcf7-form init\" aria-label=\"Contact form\" novalidate=\"novalidate\" data-status=\"init\">\n<div style=\"display: none;\">\n<input type=\"hidden\" name=\"_wpcf7\" value=\"31960\" \/>\n<input type=\"hidden\" name=\"_wpcf7_version\" value=\"5.9.8\" \/>\n<input type=\"hidden\" name=\"_wpcf7_locale\" value=\"en_US\" \/>\n<input type=\"hidden\" name=\"_wpcf7_unit_tag\" value=\"wpcf7-f31960-o1\" \/>\n<input type=\"hidden\" name=\"_wpcf7_container_post\" value=\"0\" \/>\n<input type=\"hidden\" name=\"_wpcf7_posted_data_hash\" value=\"\" \/>\n<input type=\"hidden\" name=\"_wpcf7cf_hidden_group_fields\" value=\"[]\" \/>\n<input type=\"hidden\" name=\"_wpcf7cf_hidden_groups\" value=\"[]\" \/>\n<input type=\"hidden\" name=\"_wpcf7cf_visible_groups\" value=\"[]\" \/>\n<input type=\"hidden\" name=\"_wpcf7cf_repeaters\" value=\"[]\" \/>\n<input type=\"hidden\" name=\"_wpcf7cf_steps\" value=\"{}\" \/>\n<input type=\"hidden\" name=\"_wpcf7cf_options\" value=\"{&quot;form_id&quot;:31960,&quot;conditions&quot;:[{&quot;then_field&quot;:&quot;-1&quot;,&quot;and_rules&quot;:[{&quot;if_field&quot;:&quot;-1&quot;,&quot;operator&quot;:&quot;equals&quot;,&quot;if_value&quot;:&quot;&quot;}]}],&quot;settings&quot;:{&quot;animation&quot;:&quot;yes&quot;,&quot;animation_intime&quot;:&quot;200&quot;,&quot;animation_outtime&quot;:&quot;200&quot;,&quot;conditions_ui&quot;:&quot;normal&quot;,&quot;notice_dismissed&quot;:&quot;&quot;,&quot;notice_dismissed_update-cf7-5.6.1&quot;:true}}\" \/>\n<input type=\"hidden\" name=\"_wpcf7dtx_version\" value=\"4.5.1\" \/>\n<input type=\"hidden\" name=\"_wpcf7_recaptcha_response\" value=\"\" \/>\n<\/div>\n<p><!DOCTYPE html>\n<\/p>\n<html lang=\"de\">\n\t<head>\n <meta charset=\"UTF-8\" \/>\n <meta name=\"viewport\" content=\"width=device-width, initial-scale=1.0\" \/>\n\t\t<title>Reservierungsformular f\u00fcrs Caf\u00e9\n\t\t<\/title>\n\t\t<style>\/\/ This is just here, same code is pasted in a html container on the page\n body {\n font-family: 'Montserrat';\n color: black;\n background-color: #f9f9f9;\n margin: 0;\n padding: 0;\n }\n\n .form-section {\n display: flex;\n justify-content: center;\n align-items: center;\n padding: 40px 0;\n }\n\n .form-container {\n background: white;\n padding: 20px 40px;\n border-radius: 8px;\n box-shadow: 0 4px 10px rgba(0, 0, 0, 0.1);\n max-width: 600px;\n width: 100%;\n }\n\n h4 {\n margin-bottom: 20px;\n color: #333;\n }\n\n label {\n display: block;\n margin-bottom: 15px;\n font-size: 14px;\n font-family: 'Montserrat', sans-serif;\n color: black;\n }\n\n input, textarea, select, button {\n display: block;\n width: 100%;\n padding: 10px;\n margin-top: 5px;\n font-size: 14px;\n border: 1px solid #ccc;\n border-radius: 4px;\n }\n\n button {\n background-color: #007bff;\n color: white;\n border: none;\n cursor: pointer;\n margin-top: 20px;\n }\n \n\n button:hover {\n background-color: #0056b3;\n }\n\n .error-message {\n color: red;\n font-size: 14px;\n margin-bottom: 10px;\n }\n\n p {\n font-family: 'Montserrat', sans-serif;\n color: black;\n font-size: 12px;\n }\n\t\t<\/style>\n\t<\/head>\n\t<body>\n\n<!--\n<div class=\"form-section\">\n    <div class=\"form-container\">\n        <h4>Caf\u00e9 \u2013 Winterpause<\/h4>\n\n        <p>\n            Das Caf\u00e9 ist derzeit in der Winterpause.<br><br>\n            Reservierungen sind aktuell nicht m\u00f6glich.\n            <br><br>\n            F\u00fcr Veranstaltungen, Gruppenanfragen oder besondere Anliegen\n            wenden Sie sich bitte per E-Mail an:<br>\n            <strong>\n                <a href=\"mailto:info@sammatz.de\">info@sammatz.de<\/a>\n            <\/strong>\n            <br><br>\n            Ansprechpartnerin: Claudia Brady\n        <\/p>\n    <\/div>\n<\/div>\n-->\n\t\t<div class=\"form-section\">\n\t\t\t<div class=\"form-container\">\n\t\t\t\t<h4>Tisch reservieren\n\t\t\t\t<\/h4>\n\t\t\t\t<p><label><br \/>\nDein Name*<br \/>\n<input type=\"text\" name=\"your-name\" required \/><br \/>\n<\/label>\n\t\t\t\t<\/p>\n\t\t\t\t<p><label><br \/>\nDeine E-Mail*<span class=\"wpcf7-form-control-wrap\" data-name=\"your-email\"><input size=\"40\" maxlength=\"400\" class=\"wpcf7-form-control wpcf7-email wpcf7-validates-as-required wpcf7-text wpcf7-validates-as-email\" aria-required=\"true\" aria-invalid=\"false\" value=\"\" type=\"email\" name=\"your-email\" \/><\/span><br \/>\n<\/label>\n\t\t\t\t<\/p>\n\t\t\t\t<p><label><br \/>\nTelefonnummer*<br \/>\n<input type=\"text\" name=\"tel\" required \/><br \/>\n<\/label>\n\t\t\t\t<\/p>\n\t\t\t\t<p><label><br \/>\nAnzahl der G\u00e4ste*<br \/>\n<input type=\"number\" name=\"number-of-guests\" min=\"1\" max=\"20\" required \/><br \/>\n<\/label>\n\t\t\t\t<\/p>\n\t\t\t\t<p><label><br \/>\nReservierungsdatum*<br \/>\n<input type=\"date\" name=\"date\" min=\"2026-03-14\" required \/><br \/>\n<\/label>\n\t\t\t\t<\/p>\n\t\t\t\t<p><label><br \/>\nReservierungszeit*<br \/>\n<\/label>\n\t\t\t\t<\/p>\n\t\t\t\t<div style=\"display: flex; gap: 10px;\">\n\t\t\t\t\t<p><select name=\"reservation-hour\" required>\n <option value=\"\">Stunde<\/option>\n <option value=\"08\">08<\/option>\n <option value=\"09\">09<\/option>\n <option value=\"10\">10<\/option>\n <option value=\"11\">11<\/option>\n <option value=\"12\">12<\/option>\n <option value=\"13\">13<\/option>\n <option value=\"14\">14<\/option>\n <option value=\"15\">15<\/option>\n <option value=\"16\">16<\/option>\n <option value=\"17\">17<\/option>\n \n <\/select>\n\t\t\t\t\t<\/p>\n\t\t\t\t\t<p><select name=\"reservation-minutes\" required>\n <option value=\"\">Minuten<\/option>\n <option value=\"00\">00<\/option>\n <option value=\"15\">15<\/option>\n <option value=\"30\">30<\/option>\n <option value=\"45\">45<\/option>\n <\/select>\n\t\t\t\t\t<\/p>\n\t\t\t\t<\/div>\n\t\t\t\t<p><br \/>\nMacht den Muttertag zu etwas Besonderem f\u00fcr euch und eure Liebsten, mit einem \u00fcppigen Spezial-Buffet in Bio-Qualit\u00e4t, umgeben von herzlicher Michaelshof-Atmosph\u00e4re. Danach l\u00e4dt ein Spaziergang durch unsere fr\u00fchlingshaften G\u00e4rten zum Genie\u00dfen, Staunen und Verweilen ein.\n\t\t\t\t<\/p>\n\t\t\t\t<p>\u2022\u2060 \u2060\u2060Leckeres Bio-Buffet im Caf\u00e9 \u2013 s\u00fc\u00df, herzhaft und saisonal\n\t\t\t\t<\/p>\n\t\t\t\t<p>Erwachsene: 45\u20ac<br \/>\nKind 6-11 Jahre: 20\u20ac\n\t\t\t\t<\/p>\n\t\t\t\t<p>Extras zum Dazubuchen, bitte unten bei \u201eW\u00fcnsche\u201c reinschreiben:\n\t\t\t\t<\/p>\n\t\t\t\t<p>\u2022\u2060 \u2060Blumenstrau\u00df: 25\u20ac<br \/>\n\u2022\u2060 \u2060Geschenkset Kosmetikprodukte \u201eRose\u201c (Lippenpflege, K\u00f6rper\u00f6l & Gesichtscreme): 35\u20ac\n\t\t\t\t<\/p>\n\t\t\t\t<p>Hinweis:\n\t\t\t\t<\/p>\n\t\t\t\t<p>An Sonn- und Feiertagen sind zwischen 14 und 16.30 Uhr leider keine Reservierungen m\u00f6glich. Wir bitten um Ihr Verst\u00e4ndnis.\n\t\t\t\t<\/p>\n\t\t\t\t<p>Reservierungen f\u00fcr gr\u00f6\u00dfere Gruppen bitte schriftlich an Claudia Brady info@sammatz.de\n\t\t\t\t<\/p>\n\t\t\t\t<p><label><br \/>\nW\u00fcnsche (optional)<br \/>\n<textarea name=\"your-message\"><\/textarea><br \/>\n<\/label>\n\t\t\t\t<\/p>\n\t\t\t\t<div id=\"error-container\" class=\"error-message\">\n\t\t\t\t<\/div>\n\t\t\t\t<p><button type=\"submit\" class=\"btn btn-primary\" onclick=\"return validateTime(event)\">Reservierung absenden<\/button>\n\t\t\t\t<\/p>\n\t\t\t<\/div>\n\t\t<\/div>\n\t\t<p><script language=\"javascript\" type=\"text\/javascript\"> \/\/ this is dummy code and dont work, correct function is in footer.php\n \n<\/script>\n\t\t<\/p>\n\t<\/body>\n<\/html><input type='hidden' class='wpcf7-pum' value='{\"closepopup\":false,\"closedelay\":1,\"openpopup\":true,\"openpopup_id\":32155}' \/><div class=\"wpcf7-response-output\" aria-hidden=\"true\"><\/div>\n<\/form>\n<\/div>\n\n<\/div>\n\n\n\n\n\n<p>\u00a0<\/p>\n","protected":false},"excerpt":{"rendered":"<p>Caf\u00e9 am Michaelshof Alles Bio. Alles Lecker.&nbsp; Volle Tische und heiteres Stimmengewirr &#8211; wir freuen uns auf euch! Hier geht&#8217;s zur SpeisekarteDownload Hier geht&#8217;s zur EiskarteDownload Gartencaf\u00e9 plus Sommer: Gro\u00dfe Sonnenschirme leuchten \u00fcber bunten Blument\u00f6pfen, volle Tische und heiteres Stimmengewirr, Kellnerinnen in klassischem Schwarz-Wei\u00df flitzen hin. und her \u2013 an einem Sonntag ist nicht zu [&hellip;]<\/p>\n","protected":false},"author":2,"featured_media":0,"parent":0,"menu_order":0,"comment_status":"closed","ping_status":"closed","template":"","meta":{"footnotes":""},"class_list":["post-107","page","type-page","status-publish","hentry"],"jetpack_sharing_enabled":true,"jetpack_shortlink":"https:\/\/wp.me\/PaQBcD-1J","jetpack-related-posts":[],"_links":{"self":[{"href":"https:\/\/michaelshof-sammatz.de\/blog\/wp-json\/wp\/v2\/pages\/107"}],"collection":[{"href":"https:\/\/michaelshof-sammatz.de\/blog\/wp-json\/wp\/v2\/pages"}],"about":[{"href":"https:\/\/michaelshof-sammatz.de\/blog\/wp-json\/wp\/v2\/types\/page"}],"author":[{"embeddable":true,"href":"https:\/\/michaelshof-sammatz.de\/blog\/wp-json\/wp\/v2\/users\/2"}],"replies":[{"embeddable":true,"href":"https:\/\/michaelshof-sammatz.de\/blog\/wp-json\/wp\/v2\/comments?post=107"}],"version-history":[{"count":175,"href":"https:\/\/michaelshof-sammatz.de\/blog\/wp-json\/wp\/v2\/pages\/107\/revisions"}],"predecessor-version":[{"id":32455,"href":"https:\/\/michaelshof-sammatz.de\/blog\/wp-json\/wp\/v2\/pages\/107\/revisions\/32455"}],"wp:attachment":[{"href":"https:\/\/michaelshof-sammatz.de\/blog\/wp-json\/wp\/v2\/media?parent=107"}],"curies":[{"name":"wp","href":"https:\/\/api.w.org\/{rel}","templated":true}]}}