

{"id":109,"date":"2018-10-19T06:54:47","date_gmt":"2018-10-19T06:54:47","guid":{"rendered":"http:\/\/localhost:8080\/wordpress\/?page_id=109"},"modified":"2022-11-30T20:19:26","modified_gmt":"2022-11-30T19:19:26","slug":"archehof","status":"publish","type":"page","link":"https:\/\/michaelshof-sammatz.de\/blog\/archehof\/","title":{"rendered":"Arche-Hof"},"content":{"rendered":"\n<h1 class=\"wp-block-heading\"><strong>Arche-Hof<\/strong><\/h1>\n\n\n\n<p style=\"font-size:22px\"><strong>Alte Tierrassen und biologisch-dynamischer Landbau <\/strong><\/p>\n\n\n\n<div style=\"height:35px\" aria-hidden=\"true\" class=\"wp-block-spacer\"><\/div>\n\n\n\n<div class=\"wp-block-media-text alignwide is-stacked-on-mobile summary\" style=\"grid-template-columns:70% auto\"><figure class=\"wp-block-media-text__media\"><img fetchpriority=\"high\" decoding=\"async\" width=\"556\" height=\"338\" data-attachment-id=\"3688\" data-permalink=\"https:\/\/michaelshof-sammatz.de\/blog\/archehof\/arche5\/\" data-orig-file=\"https:\/\/michaelshof-sammatz.de\/blog\/wp-content\/uploads\/2019\/02\/arche5.jpg\" data-orig-size=\"556,338\" data-comments-opened=\"0\" data-image-meta=\"{&quot;aperture&quot;:&quot;0&quot;,&quot;credit&quot;:&quot;&quot;,&quot;camera&quot;:&quot;&quot;,&quot;caption&quot;:&quot;&quot;,&quot;created_timestamp&quot;:&quot;0&quot;,&quot;copyright&quot;:&quot;&quot;,&quot;focal_length&quot;:&quot;0&quot;,&quot;iso&quot;:&quot;0&quot;,&quot;shutter_speed&quot;:&quot;0&quot;,&quot;title&quot;:&quot;&quot;,&quot;orientation&quot;:&quot;0&quot;}\" data-image-title=\"arche5\" data-image-description=\"\" data-image-caption=\"\" data-medium-file=\"https:\/\/michaelshof-sammatz.de\/blog\/wp-content\/uploads\/2019\/02\/arche5-300x182.jpg\" data-large-file=\"https:\/\/michaelshof-sammatz.de\/blog\/wp-content\/uploads\/2019\/02\/arche5.jpg\" tabindex=\"0\" role=\"button\" src=\"http:\/\/michaelshof-sammatz.de\/blog\/wp-content\/uploads\/2019\/02\/arche5.jpg\" alt=\"\" class=\"wp-image-3688 size-full\" srcset=\"https:\/\/michaelshof-sammatz.de\/blog\/wp-content\/uploads\/2019\/02\/arche5.jpg 556w, https:\/\/michaelshof-sammatz.de\/blog\/wp-content\/uploads\/2019\/02\/arche5-300x182.jpg 300w\" sizes=\"(max-width: 556px) 100vw, 556px\" \/><\/figure><div class=\"wp-block-media-text__content\">\n<p class=\"has-text-color\" style=\"color:#cc7700;font-size:30px\">Ein Bauernhof, wie er einmal war  <\/p>\n\n\n\n<p class=\"has-text-color\" style=\"color:#cc7700;font-size:22px\">\u2013 auf moderne Weise bewirtschaftet<\/p>\n<\/div><\/div>\n\n\n\n<div style=\"height:35px\" aria-hidden=\"true\" class=\"wp-block-spacer\"><\/div>\n\n\n\n\n\n\n\n<div style=\"height:50px\" aria-hidden=\"true\" class=\"wp-block-spacer\"><\/div>\n\n\n<div style=\"position: absolute; left: -5011px;\"><p>When you&#8217;re looking for the <a href=\"https:\/\/valueinnottawa.com\/\">best online casinos canada<\/a> , there are many options to choose from. Welcome bonuse is an excellent way to get started, and many Canadian sites offer a variety of games, including casino games and sports betting. Some also offer games for mobile devices. If you&#8217;re new to online gambling, there are several things you should know before registering.<\/p><\/div>\n<p>Unser Arche-Hof ist ein recht neuer landwirtschaftlicher Betrieb, genauer gesagt ist er 2013 gebaut worden. Wir hatten zuvor nur einen kleinen Nebenerwerbsbetrieb \u2013 das zwar bereits seit 30 Jahren \u2013, der aber h\u00f6chstens vier bis f\u00fcnf K\u00fche, ein paar Schweine, Esel und Pferde umfasst hat. Schon lange hatten wir einen richtigen Hof bewirtschaften wollen, der eigentlich zum Grundimpuls des Michaelshof immer dazu geh\u00f6rte. Nun lie\u00df er sich endlich verwirklichen!<\/p>\n\n\n<p style=\"font-size:18px\"><strong>Vom Kuhstall bis zur Meierei<\/strong><\/p>\n\n\n\n<div class=\"wp-block-media-text alignwide is-stacked-on-mobile text-media-left\" style=\"grid-template-columns:54% auto\"><figure class=\"wp-block-media-text__media\"><img decoding=\"async\" width=\"555\" height=\"405\" data-attachment-id=\"3681\" data-permalink=\"https:\/\/michaelshof-sammatz.de\/blog\/archehof\/arche4\/\" data-orig-file=\"https:\/\/michaelshof-sammatz.de\/blog\/wp-content\/uploads\/2019\/02\/arche4.jpg\" data-orig-size=\"555,405\" data-comments-opened=\"0\" data-image-meta=\"{&quot;aperture&quot;:&quot;0&quot;,&quot;credit&quot;:&quot;&quot;,&quot;camera&quot;:&quot;&quot;,&quot;caption&quot;:&quot;&quot;,&quot;created_timestamp&quot;:&quot;0&quot;,&quot;copyright&quot;:&quot;&quot;,&quot;focal_length&quot;:&quot;0&quot;,&quot;iso&quot;:&quot;0&quot;,&quot;shutter_speed&quot;:&quot;0&quot;,&quot;title&quot;:&quot;&quot;,&quot;orientation&quot;:&quot;0&quot;}\" data-image-title=\"arche4\" data-image-description=\"\" data-image-caption=\"\" data-medium-file=\"https:\/\/michaelshof-sammatz.de\/blog\/wp-content\/uploads\/2019\/02\/arche4-300x219.jpg\" data-large-file=\"https:\/\/michaelshof-sammatz.de\/blog\/wp-content\/uploads\/2019\/02\/arche4.jpg\" tabindex=\"0\" role=\"button\" src=\"http:\/\/michaelshof-sammatz.de\/blog\/wp-content\/uploads\/2019\/02\/arche4.jpg\" alt=\"\" class=\"wp-image-3681 size-full\" srcset=\"https:\/\/michaelshof-sammatz.de\/blog\/wp-content\/uploads\/2019\/02\/arche4.jpg 555w, https:\/\/michaelshof-sammatz.de\/blog\/wp-content\/uploads\/2019\/02\/arche4-300x219.jpg 300w\" sizes=\"(max-width: 555px) 100vw, 555px\" \/><\/figure><div class=\"wp-block-media-text__content\">\n<p>So haben wir jetzt einen gro\u00dfen Kuhstall f\u00fcr 16-18 Milchk\u00fche, Stallungen f\u00fcr K\u00e4lber, Ziegen, Schafe, Schweine, Esel und Pferde. 2014 konnten wir diese auf dem Gel\u00e4nde eines ehemaligen Campingplatzes in Sammatz bauen, das meiste in Eigenleistung, einiges auch mit Hilfe von Fachfirmen. Das ganze Projekt fing mit dem f\u00fcr uns riesenhaften Aushub der G\u00fcllegrube an und, damit in Verbund, den Bauten der Fundamente und Decken. Dann ging es \u00fcber die eigentlichen Stallbauten \u2013 alles in Holzst\u00e4nderweise errichtet und mit L\u00e4rchenholz verkleidet \u2013 mit der Dachdeckung inklusive Einbau der Solarpaneelen und der Installation der Technik in der Milchkammer sowie den anderen St\u00e4llen weiter. <\/p>\n<\/div><\/div>\n\n\n\n<div style=\"height:10px\" aria-hidden=\"true\" class=\"wp-block-spacer\"><\/div>\n\n\n\n<p>Eine gro\u00dfe Lagerhalle inmitten der Stallungen sowie ein Hofladen wurden gleich mitgebaut.<\/p>\n\n\n\n<p>Das letzte gr\u00f6\u00dfere Geb\u00e4ude, das dann noch fertiggestellt werden musste, war die unmittelbar an den Kuhstall angrenzende Meierei, in der die frische Milch t\u00e4glich abgef\u00fcllt und verarbeitet werden sollte. Zwei Jahre sp\u00e4ter kam zu guter Letzt noch ein Stall mit viel Freilauf f\u00fcr das Gefl\u00fcgel und seinen Nachwuchs hinzu.<br>Die Freiluftst\u00e4lle haben sich in der sehr kurzen Zeit, in welcher wir den Hof erst betreiben, schon au\u00dferordentlich bew\u00e4hrt. Wir  \u2013 und ebenso die vielen Besucher, die sich an einem Hofbesuch erfreuen \u2013 k\u00f6nnen sich t\u00e4glich davon \u00fcberzeugen, dass die Tiere in ihren St\u00e4llen gl\u00fccklich leben (insoweit das von Menschenwarte aus zu sagen ist). Dazu kommen dann noch viele weitere Faktoren: Von der t\u00e4glichen Pflege bis zum Weidegang, von der F\u00fctterung bis zur Gesinnung, welche die Tiere in ihrer menschlichen Umgebung vorfinden. Und das ist ja zusammen noch viel mehr Arbeit als solch ein Bau!<\/p>\n\n\n\n<div style=\"height:20px\" aria-hidden=\"true\" class=\"wp-block-spacer\"><\/div>\n\n\n\n<div class=\"row\">\n<div class=\"col-md-6\">\n\n\n\n<p style=\"font-size:18px\"><strong>Alte Tierrassen und biologisch-dynamischer Landbau\ufeff<br><\/strong><\/p>\n\n\n\n<p>Unser Hof vereint zwei Vorz\u00fcge, die f\u00fcr uns zwar unbedingt zusammengeh\u00f6ren, allerdings in der betrieblichen Gestaltung oft getrennt betrieben werden: Da ist alles, was auf der einen Seite mit der Arche-Tierhaltung zu tun hat \u2013 sprich alte und bodenst\u00e4ndige Tierrassen zu halten, zu pflegen und zu vermehren \u2013, auf der anderen Seite die biologische, bei uns die biologisch-dynamische Anbaumethode, die sowohl den Einsatz von Pestiziden als auch anderer chemisch hergestellter Substanzen wie auch von moderner Gentechnik ausschlie\u00dft. Wir denken, dass es der artgem\u00e4\u00dfen Haltung gerade bei traditionellen Rassen am besten entspricht, diese auch in altbew\u00e4hrter Weise zu halten. Der Anbau der Futtermittel wird allerdings durch die Anwendung der modernen biologisch-dynamischen Kompost- und Spritzpr\u00e4parate erg\u00e4nzt.<\/p>\n\n\n\n<p class=\"has-text-align-right has-text-color\" style=\"color:#cc7700;font-size:30px\"><strong>\u00abPasst zusammen: <\/strong><\/p>\n\n\n\n<p class=\"has-text-align-right has-text-color\" style=\"color:#cc7700;font-size:22px\"><strong>widerstandsf\u00e4hige Hoftiere und<br> Landwirtschaft <\/strong><g class=\"gr_ gr_12 gr-alert gr_spell gr_inline_cards gr_run_anim ContextualSpelling ins-del multiReplace\" id=\"12\" data-gr-id=\"12\"><strong>ohne<\/strong><\/g><strong> Pestizide\u00bb<\/strong><br><br><\/p>\n\n\n\n<p>Wir halten unsere Arbeitsweise insgesamt f\u00fcr sehr zeitgem\u00e4\u00df, das hei\u00dft in der Weise zukunftsgerichtet, dass sowohl widerstandsf\u00e4hige Tierrassen gef\u00f6rdert als auch die B\u00f6den nicht ausgelaugt, sondern in ihrer Fruchtbarkeit erhalten und verbessert werden.<\/p>\n\n\n\n<\/div>\n<div class=\"col-md-6\">\n\n\n\n<figure class=\"wp-block-image\"><img decoding=\"async\" width=\"443\" height=\"297\" data-attachment-id=\"3683\" data-permalink=\"https:\/\/michaelshof-sammatz.de\/blog\/archehof\/arche2\/\" data-orig-file=\"https:\/\/michaelshof-sammatz.de\/blog\/wp-content\/uploads\/2019\/02\/arche2.jpg\" data-orig-size=\"443,297\" data-comments-opened=\"0\" data-image-meta=\"{&quot;aperture&quot;:&quot;0&quot;,&quot;credit&quot;:&quot;&quot;,&quot;camera&quot;:&quot;&quot;,&quot;caption&quot;:&quot;&quot;,&quot;created_timestamp&quot;:&quot;0&quot;,&quot;copyright&quot;:&quot;&quot;,&quot;focal_length&quot;:&quot;0&quot;,&quot;iso&quot;:&quot;0&quot;,&quot;shutter_speed&quot;:&quot;0&quot;,&quot;title&quot;:&quot;&quot;,&quot;orientation&quot;:&quot;0&quot;}\" data-image-title=\"arche2\" data-image-description=\"\" data-image-caption=\"\" data-medium-file=\"https:\/\/michaelshof-sammatz.de\/blog\/wp-content\/uploads\/2019\/02\/arche2-300x201.jpg\" data-large-file=\"https:\/\/michaelshof-sammatz.de\/blog\/wp-content\/uploads\/2019\/02\/arche2.jpg\" tabindex=\"0\" role=\"button\" src=\"http:\/\/michaelshof-sammatz.de\/blog\/wp-content\/uploads\/2019\/02\/arche2.jpg\" alt=\"\" class=\"wp-image-3683\" srcset=\"https:\/\/michaelshof-sammatz.de\/blog\/wp-content\/uploads\/2019\/02\/arche2.jpg 443w, https:\/\/michaelshof-sammatz.de\/blog\/wp-content\/uploads\/2019\/02\/arche2-300x201.jpg 300w\" sizes=\"(max-width: 443px) 100vw, 443px\" \/><\/figure>\n\n\n\n<figure class=\"wp-block-image\"><img loading=\"lazy\" decoding=\"async\" width=\"444\" height=\"522\" data-attachment-id=\"3684\" data-permalink=\"https:\/\/michaelshof-sammatz.de\/blog\/archehof\/arche3\/\" data-orig-file=\"https:\/\/michaelshof-sammatz.de\/blog\/wp-content\/uploads\/2019\/02\/arche3.jpg\" data-orig-size=\"444,522\" data-comments-opened=\"0\" data-image-meta=\"{&quot;aperture&quot;:&quot;0&quot;,&quot;credit&quot;:&quot;&quot;,&quot;camera&quot;:&quot;&quot;,&quot;caption&quot;:&quot;&quot;,&quot;created_timestamp&quot;:&quot;0&quot;,&quot;copyright&quot;:&quot;&quot;,&quot;focal_length&quot;:&quot;0&quot;,&quot;iso&quot;:&quot;0&quot;,&quot;shutter_speed&quot;:&quot;0&quot;,&quot;title&quot;:&quot;&quot;,&quot;orientation&quot;:&quot;0&quot;}\" data-image-title=\"arche3\" data-image-description=\"\" data-image-caption=\"\" data-medium-file=\"https:\/\/michaelshof-sammatz.de\/blog\/wp-content\/uploads\/2019\/02\/arche3-255x300.jpg\" data-large-file=\"https:\/\/michaelshof-sammatz.de\/blog\/wp-content\/uploads\/2019\/02\/arche3.jpg\" tabindex=\"0\" role=\"button\" src=\"http:\/\/michaelshof-sammatz.de\/blog\/wp-content\/uploads\/2019\/02\/arche3.jpg\" alt=\"\" class=\"wp-image-3684\" srcset=\"https:\/\/michaelshof-sammatz.de\/blog\/wp-content\/uploads\/2019\/02\/arche3.jpg 444w, https:\/\/michaelshof-sammatz.de\/blog\/wp-content\/uploads\/2019\/02\/arche3-300x353.jpg 300w, https:\/\/michaelshof-sammatz.de\/blog\/wp-content\/uploads\/2019\/02\/arche3-255x300.jpg 255w\" sizes=\"(max-width: 444px) 100vw, 444px\" \/><\/figure>\n\n\n\n<\/div><\/div>\n\n\n\n<p>Das hei\u00dft selbstverst\u00e4ndlich nicht, dass eine reine Archehaltung oder ein bio-dynamischer Betrieb, der auch mit hybrider Tierhaltung arbeitet, nicht trotzdem sehr wertvolle Arbeit in Bezug auf die Ern\u00e4hrung des Menschen und die Erhaltung des \u00d6ko-Systems der Erde leisten. Doch finden wir, dass eigentlich beides zusammengeh\u00f6rt und versuchen dies so gut wie m\u00f6glich zu verwirklichen.<\/p>\n\n\n\n<p style=\"font-size:18px\"><strong>Menschen und Tiere<\/strong><\/p>\n\n\n\n<p>Ein buntes Treiben erf\u00fcllt so jeden Tag unseren Arche-Hof. Neben den Landwirten, die zus\u00e4tzlich auch noch viel in Landschaftsgestaltung, Garten, Hausbau u.a. besch\u00e4ftigt sind, haben wir zum Gl\u00fcck viele praktische Helfer, die als Volunteers, die aus aller Welt zu uns kommen, als Lehrling, Praktikant oder Mitarbeiter bei uns arbeiten. Nehmen wir die vielen G\u00e4ste hinzu, die den Arche-Hof und die G\u00e4rten Tag f\u00fcr Tag besuchen \u2013 aber auch die Kunden des Hofladens, die im Vor\u00fcbergehen gern einen Blick auf die Tiere werfen \u2013, so sehen wir ein reges Treiben, das den Arche-Hof erf\u00fcllt. Die Tiere sind daran gew\u00f6hnt. Es ist zu sp\u00fcren, dass ihnen das Leben hier gef\u00e4llt (nat\u00fcrlich haben sie auch alle ihre R\u00fcckzugsr\u00e4ume). Zu gern werden sie von den Kindern, aber auch von den vielen Erwachsenen bestaunt und gestreichelt. Doch aufgepasst: Man sollte nicht zu frech im Umgang mit den Haustieren sein, denn die meisten m\u00f6gen zum Beispiel gar nicht, wenn man ihnen einfach so durchs Gesicht tatscht oder sie sogar \u00e4rgert (m\u00f6gen wir ja auch nicht so \u263a !). Liebevolles Streicheln und freundliche Ansprache sind hingegen sehr willkommen.<br> Ach \u00fcbrigens: F\u00fcttern ist leider nicht erlaubt. Erhalten die Tiere Futter, das ihnen nicht bekommt, k\u00f6nnen die Folgen au\u00dferordentlich schmerzhaft sein.<\/p>\n\n\n\n<div class=\"row\">\n<div class=\"col-md-5\">\n\n\n\n<figure class=\"wp-block-image\"><img loading=\"lazy\" decoding=\"async\" width=\"320\" height=\"517\" data-attachment-id=\"3682\" data-permalink=\"https:\/\/michaelshof-sammatz.de\/blog\/archehof\/arche1\/\" data-orig-file=\"https:\/\/michaelshof-sammatz.de\/blog\/wp-content\/uploads\/2019\/02\/arche1.jpg\" data-orig-size=\"320,517\" data-comments-opened=\"0\" data-image-meta=\"{&quot;aperture&quot;:&quot;0&quot;,&quot;credit&quot;:&quot;&quot;,&quot;camera&quot;:&quot;&quot;,&quot;caption&quot;:&quot;&quot;,&quot;created_timestamp&quot;:&quot;0&quot;,&quot;copyright&quot;:&quot;&quot;,&quot;focal_length&quot;:&quot;0&quot;,&quot;iso&quot;:&quot;0&quot;,&quot;shutter_speed&quot;:&quot;0&quot;,&quot;title&quot;:&quot;&quot;,&quot;orientation&quot;:&quot;0&quot;}\" data-image-title=\"arche1\" data-image-description=\"\" data-image-caption=\"\" data-medium-file=\"https:\/\/michaelshof-sammatz.de\/blog\/wp-content\/uploads\/2019\/02\/arche1-186x300.jpg\" data-large-file=\"https:\/\/michaelshof-sammatz.de\/blog\/wp-content\/uploads\/2019\/02\/arche1.jpg\" tabindex=\"0\" role=\"button\" src=\"http:\/\/michaelshof-sammatz.de\/blog\/wp-content\/uploads\/2019\/02\/arche1.jpg\" alt=\"\" class=\"wp-image-3682\" srcset=\"https:\/\/michaelshof-sammatz.de\/blog\/wp-content\/uploads\/2019\/02\/arche1.jpg 320w, https:\/\/michaelshof-sammatz.de\/blog\/wp-content\/uploads\/2019\/02\/arche1-300x485.jpg 300w, https:\/\/michaelshof-sammatz.de\/blog\/wp-content\/uploads\/2019\/02\/arche1-186x300.jpg 186w\" sizes=\"(max-width: 320px) 100vw, 320px\" \/><\/figure>\n\n\n\n<p class=\"has-text-align-right has-text-color\" style=\"color:#cc7700;font-size:30px\"><strong>Wir freuen uns auf euren Besuch!<\/strong><\/p>\n\n\n\n<\/div>\n<div class=\"col-md-7\">\n\n\n\n<p style=\"font-size:18px\"><strong>Ausflugsziel Arche-Hof \u2013 Herzlich willkommen!<\/strong><\/p>\n\n\n\n<p>Im Sommer ist der Arche-Hof Ausgangspunkt f\u00fcr Kutschfahrten in die n\u00e4here Umgebung mit Eseln oder Pferden. Fragt doch einfach im Hofladen nach. Auch werden ab April Hof-F\u00fchrungen angeboten, wo ihr n\u00e4here Informationen zu den einzelnen Tierrassen und vieles mehr von kompetenten Mitarbeitern vermittelt bekommt. Auch danach k\u00f6nnt ihr euch im Hofladen erkundigen.<\/p>\n\n\n\n<p>Zu guter Letzt soll noch erw\u00e4hnt werden, dass der Arche-Hof ein rechtes Kinderparadies ist. Ihr Jauchzen t\u00f6nt manchmal \u00fcber den ganzen Hof, wenn gerade mal ein dickes Angler-Sattelschwein sich mit den Vorderpfoten am Zaun hochstellt und sein freundliches Gesicht und unnachahmliches Grunzen ganz aus der N\u00e4he zu sehen und zu h\u00f6ren ist. Aber auch vor dem gro\u00dfen Auslauf des Gefl\u00fcgel-Stalls k\u00f6nnen die Kinder stundenlang sitzen und den ganz unterschiedlich gef\u00e4rbten H\u00fchnern, je nach Rasse, bei ihrem lustigen Treiben zuschauen. Auch die Puten mit ihrem eindringlichen Schreien sind eine besondere Attraktion. Wenn der stolze Putenmann mit der Heerschar seiner Frauen durchs Gehege stolziert, ist das f\u00fcr Jung und Alt ein beeindruckender Anblick.<\/p>\n\n\n\n<p>Ihr seht: Der Arche-Hof in Sammatz ist ein toller Hof, den es mit solch einer vielgestaltigen Tierhaltung nur selten gibt. Gerade das finden wir eine gro\u00dfartige Sache: Einen Hof anzuschauen, der die ganze Breite der eindrucksvollen Welt unserer Haustiere, gerade in ihrer urspr\u00fcnglichen Eigenart, zur Geltung bringt. Das begeistert die Besucher jeden Tag neu \u2013 ebenso wie uns selbst!<\/p>\n\n\n\n<\/div><\/div>\n\n\n\n<div style=\"height:35px\" aria-hidden=\"true\" class=\"wp-block-spacer\"><\/div>\n\n\n\n<p><br><\/p>\n","protected":false},"excerpt":{"rendered":"<p>Arche-Hof Alte Tierrassen und biologisch-dynamischer Landbau Ein Bauernhof, wie er einmal war \u2013 auf moderne Weise bewirtschaftet When you&#8217;re looking for the best online casinos canada , there are many options to choose from. Welcome bonuse is an excellent way to get started, and many Canadian sites offer a variety of games, including casino games [&hellip;]<\/p>\n","protected":false},"author":2,"featured_media":0,"parent":0,"menu_order":0,"comment_status":"closed","ping_status":"closed","template":"","meta":{"footnotes":""},"class_list":["post-109","page","type-page","status-publish","hentry"],"jetpack_sharing_enabled":true,"jetpack_shortlink":"https:\/\/wp.me\/PaQBcD-1L","jetpack-related-posts":[],"_links":{"self":[{"href":"https:\/\/michaelshof-sammatz.de\/blog\/wp-json\/wp\/v2\/pages\/109"}],"collection":[{"href":"https:\/\/michaelshof-sammatz.de\/blog\/wp-json\/wp\/v2\/pages"}],"about":[{"href":"https:\/\/michaelshof-sammatz.de\/blog\/wp-json\/wp\/v2\/types\/page"}],"author":[{"embeddable":true,"href":"https:\/\/michaelshof-sammatz.de\/blog\/wp-json\/wp\/v2\/users\/2"}],"replies":[{"embeddable":true,"href":"https:\/\/michaelshof-sammatz.de\/blog\/wp-json\/wp\/v2\/comments?post=109"}],"version-history":[{"count":81,"href":"https:\/\/michaelshof-sammatz.de\/blog\/wp-json\/wp\/v2\/pages\/109\/revisions"}],"predecessor-version":[{"id":29076,"href":"https:\/\/michaelshof-sammatz.de\/blog\/wp-json\/wp\/v2\/pages\/109\/revisions\/29076"}],"wp:attachment":[{"href":"https:\/\/michaelshof-sammatz.de\/blog\/wp-json\/wp\/v2\/media?parent=109"}],"curies":[{"name":"wp","href":"https:\/\/api.w.org\/{rel}","templated":true}]}}