

{"id":113,"date":"2018-10-19T06:55:23","date_gmt":"2018-10-19T06:55:23","guid":{"rendered":"http:\/\/localhost:8080\/wordpress\/?page_id=113"},"modified":"2021-02-23T16:00:09","modified_gmt":"2021-02-23T15:00:09","slug":"essen-trinken","status":"publish","type":"page","link":"https:\/\/michaelshof-sammatz.de\/blog\/essen-trinken\/","title":{"rendered":"Essen &#038; Trinken"},"content":{"rendered":"\n<h1 class=\"wp-block-heading\"><strong>Essen &amp; Trinken<\/strong><\/h1>\n\n\n\n<h2 class=\"wp-block-heading\"><strong>Gesund und schmackhaft <\/strong><\/h2>\n\n\n\n<div style=\"height:35px\" aria-hidden=\"true\" class=\"wp-block-spacer\"><\/div>\n\n\n\n<div class=\"wp-block-image\"><figure class=\"aligncenter size-large\"><img fetchpriority=\"high\" decoding=\"async\" width=\"844\" height=\"421\" data-attachment-id=\"26661\" data-permalink=\"https:\/\/michaelshof-sammatz.de\/blog\/essen-trinken\/d_4_fd_startseiteneu200426\/\" data-orig-file=\"https:\/\/michaelshof-sammatz.de\/blog\/wp-content\/uploads\/2020\/04\/d_4_FD_StartseiteNEU200426.jpg\" data-orig-size=\"844,421\" data-comments-opened=\"0\" data-image-meta=\"{&quot;aperture&quot;:&quot;0&quot;,&quot;credit&quot;:&quot;&quot;,&quot;camera&quot;:&quot;&quot;,&quot;caption&quot;:&quot;&quot;,&quot;created_timestamp&quot;:&quot;0&quot;,&quot;copyright&quot;:&quot;&quot;,&quot;focal_length&quot;:&quot;0&quot;,&quot;iso&quot;:&quot;0&quot;,&quot;shutter_speed&quot;:&quot;0&quot;,&quot;title&quot;:&quot;&quot;,&quot;orientation&quot;:&quot;0&quot;}\" data-image-title=\"d_4_FD_StartseiteNEU200426\" data-image-description=\"\" data-image-caption=\"\" data-medium-file=\"https:\/\/michaelshof-sammatz.de\/blog\/wp-content\/uploads\/2020\/04\/d_4_FD_StartseiteNEU200426.jpg\" data-large-file=\"https:\/\/michaelshof-sammatz.de\/blog\/wp-content\/uploads\/2020\/04\/d_4_FD_StartseiteNEU200426.jpg\" tabindex=\"0\" role=\"button\" src=\"https:\/\/michaelshof-sammatz.de\/blog\/wp-content\/uploads\/2020\/04\/d_4_FD_StartseiteNEU200426.jpg\" alt=\"\" class=\"wp-image-26661\"\/><\/figure><\/div>\n\n\n\n<div style=\"height:35px\" aria-hidden=\"true\" class=\"wp-block-spacer\"><\/div>\n\n\n\n\n\n\n\n<div style=\"height:50px\" aria-hidden=\"true\" class=\"wp-block-spacer\"><\/div>\n\n\n<p>Lebensmittel herzustellen, die gesund und zugleich schmackhaft sind, ist uns auf dem Michaelshof schon immer eine wichtige Aufgabe. Hier m\u00f6chte ich einige der Grundlagen schildern, die n\u00f6tig sind, um solche Lebensmittel zu erzeugen.<\/p>\n<p><\/p>\n\n\n<p style=\"font-size:18px\"><strong>Jedes Jahr ist anders<\/strong><\/p>\n\n\n\n<div class=\"wp-block-media-text alignwide has-media-on-the-right is-stacked-on-mobile text-media-right\" style=\"grid-template-columns:auto 53%\"><figure class=\"wp-block-media-text__media\"><img decoding=\"async\" width=\"466\" height=\"324\" data-attachment-id=\"567\" data-permalink=\"https:\/\/michaelshof-sammatz.de\/blog\/essen-trinken\/essenexample1\/\" data-orig-file=\"https:\/\/michaelshof-sammatz.de\/blog\/wp-content\/uploads\/2018\/12\/essenexample1.jpg\" data-orig-size=\"466,324\" data-comments-opened=\"0\" data-image-meta=\"{&quot;aperture&quot;:&quot;0&quot;,&quot;credit&quot;:&quot;&quot;,&quot;camera&quot;:&quot;&quot;,&quot;caption&quot;:&quot;&quot;,&quot;created_timestamp&quot;:&quot;0&quot;,&quot;copyright&quot;:&quot;&quot;,&quot;focal_length&quot;:&quot;0&quot;,&quot;iso&quot;:&quot;0&quot;,&quot;shutter_speed&quot;:&quot;0&quot;,&quot;title&quot;:&quot;&quot;,&quot;orientation&quot;:&quot;0&quot;}\" data-image-title=\"essenexample1\" data-image-description=\"\" data-image-caption=\"\" data-medium-file=\"https:\/\/michaelshof-sammatz.de\/blog\/wp-content\/uploads\/2018\/12\/essenexample1-300x209.jpg\" data-large-file=\"https:\/\/michaelshof-sammatz.de\/blog\/wp-content\/uploads\/2018\/12\/essenexample1.jpg\" tabindex=\"0\" role=\"button\" src=\"http:\/\/michaelshof-sammatz.de\/blog\/wp-content\/uploads\/2018\/12\/essenexample1.jpg\" alt=\"\" class=\"wp-image-567 size-full\" srcset=\"https:\/\/michaelshof-sammatz.de\/blog\/wp-content\/uploads\/2018\/12\/essenexample1.jpg 466w, https:\/\/michaelshof-sammatz.de\/blog\/wp-content\/uploads\/2018\/12\/essenexample1-300x209.jpg 300w\" sizes=\"(max-width: 466px) 100vw, 466px\" \/><\/figure><div class=\"wp-block-media-text__content\">\n<p class=\"has-text-align-left\">Was wir bereits \u00fcber einige Jahrzehnte machen, ist der Gem\u00fcseanbau. Er zieht sich durch die Jahre und hat nun seit einiger Zeit auf unserem Hausacker seine Heimat gefunden. Obwohl wir da auf viel Erfahrung zur\u00fcckgreifen k\u00f6nnen, bietet doch jedes Jahr immer wieder neue \u00dcberraschungen. Wie jeder wei\u00df, war das letzte Jahr von einer D\u00fcrre begleitet, wie wir sie in den letzten 30 Jahren nicht erlebt haben: Von Ende April bis in den sp\u00e4ten September hinein gab\u2019s kaum Regen. Das hie\u00df w\u00e4ssern, w\u00e4ssern, w\u00e4ssern. Darauf, dass wir dank unserer G\u00e4rtner bei Kohl, Sellerie, Lauch etc., sogar bei unseren Erdbeeren trotzdem gesundes Wachstum und daraus resultierend auch eine gute Ernte erreicht haben, sind wir sehr stolz. Das gilt nat\u00fcrlich auch f\u00fcr unsere Blumen- und Zierg\u00e4rten, wo viele Besucher erstaunt sind, dass hier alles so gr\u00fcn und bunt ist. Ein in diesem Jahr durchaus ungewohnter Anblick!<br><br><\/p>\n<\/div><\/div>\n\n\n\n<p style=\"font-size:18px\"><strong>Das Unkraut und wir \u2013 und ein paar besonders kr\u00e4ftige Kerle<\/strong><\/p>\n\n\n\n<div class=\"wp-block-media-text alignwide is-stacked-on-mobile text-media-left\" style=\"grid-template-columns:45% auto\"><figure class=\"wp-block-media-text__media\"><img decoding=\"async\" width=\"275\" height=\"368\" data-attachment-id=\"568\" data-permalink=\"https:\/\/michaelshof-sammatz.de\/blog\/essen-trinken\/essenexample2\/\" data-orig-file=\"https:\/\/michaelshof-sammatz.de\/blog\/wp-content\/uploads\/2018\/12\/essenexample2.jpg\" data-orig-size=\"275,368\" data-comments-opened=\"0\" data-image-meta=\"{&quot;aperture&quot;:&quot;0&quot;,&quot;credit&quot;:&quot;&quot;,&quot;camera&quot;:&quot;&quot;,&quot;caption&quot;:&quot;&quot;,&quot;created_timestamp&quot;:&quot;0&quot;,&quot;copyright&quot;:&quot;&quot;,&quot;focal_length&quot;:&quot;0&quot;,&quot;iso&quot;:&quot;0&quot;,&quot;shutter_speed&quot;:&quot;0&quot;,&quot;title&quot;:&quot;&quot;,&quot;orientation&quot;:&quot;0&quot;}\" data-image-title=\"essenexample2\" data-image-description=\"\" data-image-caption=\"\" data-medium-file=\"https:\/\/michaelshof-sammatz.de\/blog\/wp-content\/uploads\/2018\/12\/essenexample2-224x300.jpg\" data-large-file=\"https:\/\/michaelshof-sammatz.de\/blog\/wp-content\/uploads\/2018\/12\/essenexample2.jpg\" tabindex=\"0\" role=\"button\" src=\"http:\/\/michaelshof-sammatz.de\/blog\/wp-content\/uploads\/2018\/12\/essenexample2.jpg\" alt=\"\" class=\"wp-image-568 size-full\" srcset=\"https:\/\/michaelshof-sammatz.de\/blog\/wp-content\/uploads\/2018\/12\/essenexample2.jpg 275w, https:\/\/michaelshof-sammatz.de\/blog\/wp-content\/uploads\/2018\/12\/essenexample2-224x300.jpg 224w\" sizes=\"(max-width: 275px) 100vw, 275px\" \/><\/figure><div class=\"wp-block-media-text__content\">\n<p>Dass wir in Demeter-Qualit\u00e4t anbauen, ist selbstverst\u00e4ndlich. Man sieht dem Gem\u00fcse schon an, wie gesund es ist. Die K\u00fcche best\u00e4tigt dann diesen Eindruck durch das volle Geschmackserlebnis, das sich durch eine gute Zubereitung einstellt. <br>Unser gr\u00f6\u00dfter Gegner hier \u2013 wie \u00fcberall, wo nicht mit Pestiziden und anderem gearbeitet wird \u2013 ist das Unkraut. Eigentlich ein unpassender Ausdruck, da auch diese Pflanzen nat\u00fcrlich ihre volle Berechtigung in der Vielfalt der nat\u00fcrlichen Welt haben, nur sind sie leider auf dem Acker am falschen Platz. Nicht rechtzeitig gehackt und gej\u00e4tet, l\u00e4sst es das Gem\u00fcse verk\u00fcmmern.<\/p>\n\n\n\n<p>Jedes Jahr wieder neu hetzen wir meist dem Wachstum des Unkrauts hinterher und sind froh, wenn wir es auch einmal \u00fcberholen k\u00f6nnen. Es gelingt mal besser, mal schlechter und leider immer nur zum Teil. Durch unsere vielen Helfer haben wir uns hier schon deutlich verbessert. Doch ist da immer noch viel Luft nach oben! Die Freude am gelungenen Gem\u00fcse-Anbau wird meist im Oktober voll erlebbar, wenn zur Zeit des Erntedankfestes das meiste in trockenen T\u00fcchern \u2013 sprich in gro\u00dfen Gem\u00fcsekisten \u2013 untergebracht ist und der leckeren Zubereitung durch die H\u00e4nde unserer Kunden wie auch unseres K\u00fcchenteams harrt.<br><br><\/p>\n\n\n\n<p><\/p>\n<\/div><\/div>\n\n\n\n<div class=\"wp-block-media-text alignwide has-media-on-the-right is-stacked-on-mobile text-media-right\" style=\"grid-template-columns:auto 57%\"><figure class=\"wp-block-media-text__media\"><img loading=\"lazy\" decoding=\"async\" width=\"559\" height=\"421\" data-attachment-id=\"569\" data-permalink=\"https:\/\/michaelshof-sammatz.de\/blog\/essen-trinken\/essenexample3\/\" data-orig-file=\"https:\/\/michaelshof-sammatz.de\/blog\/wp-content\/uploads\/2018\/12\/essenexample3.jpg\" data-orig-size=\"559,421\" data-comments-opened=\"0\" data-image-meta=\"{&quot;aperture&quot;:&quot;0&quot;,&quot;credit&quot;:&quot;&quot;,&quot;camera&quot;:&quot;&quot;,&quot;caption&quot;:&quot;&quot;,&quot;created_timestamp&quot;:&quot;0&quot;,&quot;copyright&quot;:&quot;&quot;,&quot;focal_length&quot;:&quot;0&quot;,&quot;iso&quot;:&quot;0&quot;,&quot;shutter_speed&quot;:&quot;0&quot;,&quot;title&quot;:&quot;&quot;,&quot;orientation&quot;:&quot;0&quot;}\" data-image-title=\"essenexample3\" data-image-description=\"\" data-image-caption=\"\" data-medium-file=\"https:\/\/michaelshof-sammatz.de\/blog\/wp-content\/uploads\/2018\/12\/essenexample3-300x226.jpg\" data-large-file=\"https:\/\/michaelshof-sammatz.de\/blog\/wp-content\/uploads\/2018\/12\/essenexample3.jpg\" tabindex=\"0\" role=\"button\" src=\"http:\/\/michaelshof-sammatz.de\/blog\/wp-content\/uploads\/2018\/12\/essenexample3.jpg\" alt=\"\" class=\"wp-image-569 size-full\" srcset=\"https:\/\/michaelshof-sammatz.de\/blog\/wp-content\/uploads\/2018\/12\/essenexample3.jpg 559w, https:\/\/michaelshof-sammatz.de\/blog\/wp-content\/uploads\/2018\/12\/essenexample3-300x226.jpg 300w\" sizes=\"(max-width: 559px) 100vw, 559px\" \/><\/figure><div class=\"wp-block-media-text__content\">\n<p class=\"has-text-align-right has-text-color\" style=\"color:#a74b9b;font-size:22px\"><br><strong>Man sieht dem Gem\u00fcse an,<\/strong><br><\/p>\n\n\n\n<p class=\"has-text-align-right has-text-color\" style=\"color:#a74b9b;font-size:18px\"> <strong>wie gesund es ist<\/strong><br><\/p>\n\n\n\n<p><br>Ein besonderes Highlight ist jedes Jahr die K\u00fcrbisernte: Wie diese, verborgen unter ihren gro\u00dfen Bl\u00e4ttern, in ihrer pr\u00e4chtigen Erscheinung zum Vorschein kommen, ist immer wieder \u00fcberw\u00e4ltigend. Da lachen uns ganz urige Gesellen an, die \u2013 in vielf\u00e4ltiger Weise gut zubereitet \u2013 au\u00dferordentlich lecker munden. Heute wenig in Mode, aber sehr zu unrecht. Wir k\u00f6nnen K\u00fcrbis zum Mittagstisch nur empfehlen! <\/p>\n<\/div><\/div>\n\n\n\n<p style=\"font-size:18px\"><strong>N\u00e4chstes Jahr hoffen wir wieder auf mehr Regen!<\/strong><\/p>\n\n\n\n<p>Der Anbau auf unseren gr\u00f6\u00dferen Ackerfl\u00e4chen f\u00fchrt zu den anderen Lieferanten leckerer Lebensmittel, zu unseren Hoftieren. Ob Kuh oder Pferd, Esel oder Schwein, Gefl\u00fcgel, Schaf und Ziege: Sie alle lieben das, was auf dem Acker w\u00e4chst. In erster Linie ist das nat\u00fcrlich das Heu, das wir auf unseren Fl\u00e4chen aus Kleegras machen, das au\u00dferordentlich wertvoll f\u00fcr Weidegang und Zuf\u00fctterung wie auch sehr schmackhaft f\u00fcr die Tiere ist. Da uns auch hier die D\u00fcrre trotz st\u00e4ndiger Bew\u00e4sserung sehr zu schaffen gemacht hat, mussten wir im letzten Jahr viel dazukaufen. Selbstverst\u00e4ndlich in Bio-Qualit\u00e4t, aber eben nicht von hier oder aus unserer Nachbarschaft, wo nat\u00fcrlich auch nicht mehr gewachsen ist. Doch glauben wir noch nicht an die dauerhafte Klimaver\u00e4nderung und beten schon heute zum Wettergott, dass es n\u00e4chstes Jahr mehr regnen m\u00f6ge. (Nat\u00fcrlich auch wieder nicht zu viel!)<\/p>\n\n\n\n<div class=\"wp-block-media-text alignwide is-stacked-on-mobile text-media-left\"><figure class=\"wp-block-media-text__media\"><img loading=\"lazy\" decoding=\"async\" width=\"476\" height=\"374\" data-attachment-id=\"570\" data-permalink=\"https:\/\/michaelshof-sammatz.de\/blog\/essen-trinken\/essenexample4\/\" data-orig-file=\"https:\/\/michaelshof-sammatz.de\/blog\/wp-content\/uploads\/2018\/12\/essenexample4.jpg\" data-orig-size=\"476,374\" data-comments-opened=\"0\" data-image-meta=\"{&quot;aperture&quot;:&quot;0&quot;,&quot;credit&quot;:&quot;&quot;,&quot;camera&quot;:&quot;&quot;,&quot;caption&quot;:&quot;&quot;,&quot;created_timestamp&quot;:&quot;0&quot;,&quot;copyright&quot;:&quot;&quot;,&quot;focal_length&quot;:&quot;0&quot;,&quot;iso&quot;:&quot;0&quot;,&quot;shutter_speed&quot;:&quot;0&quot;,&quot;title&quot;:&quot;&quot;,&quot;orientation&quot;:&quot;0&quot;}\" data-image-title=\"essenexample4\" data-image-description=\"\" data-image-caption=\"\" data-medium-file=\"https:\/\/michaelshof-sammatz.de\/blog\/wp-content\/uploads\/2018\/12\/essenexample4-300x236.jpg\" data-large-file=\"https:\/\/michaelshof-sammatz.de\/blog\/wp-content\/uploads\/2018\/12\/essenexample4.jpg\" tabindex=\"0\" role=\"button\" src=\"http:\/\/michaelshof-sammatz.de\/blog\/wp-content\/uploads\/2018\/12\/essenexample4.jpg\" alt=\"\" class=\"wp-image-570 size-full\" srcset=\"https:\/\/michaelshof-sammatz.de\/blog\/wp-content\/uploads\/2018\/12\/essenexample4.jpg 476w, https:\/\/michaelshof-sammatz.de\/blog\/wp-content\/uploads\/2018\/12\/essenexample4-300x236.jpg 300w\" sizes=\"(max-width: 476px) 100vw, 476px\" \/><\/figure><div class=\"wp-block-media-text__content\">\n<p style=\"font-size:18px\"><strong>Auch Tiere wollen gut essen\ufeff<\/strong><\/p>\n\n\n\n<p>Doch ist das Heu, das wir teilweise aus Bayern hergefahren haben, von hervorragender Qualit\u00e4t. Die K\u00fche st\u00fcrzen sich auf das w\u00fcrzige Gras, wie sie es sonst nur bei ihrem geliebten Kraftfutter (Getreide, R\u00fcben, Kartoffeln) tun. Da lohnt sich der Aufwand, und sogar die Milchleistung der K\u00fche, Schafe und Ziegen bleibt stabil.<\/p>\n\n\n\n<p>So gutes Heu ist vor allem f\u00fcr die F\u00fctterung dieser Hoftiere notwendig; Pferde und Esel d\u00fcrfen hingegen nur mageres Heu fressen, da ihre Verdauung nur daf\u00fcr gemacht ist. Unser Gefl\u00fcgel und unsere Schweine sind hingegen ein anderes Kapitel: Sie sind eigentlich Allesfresser, die zwar auch Getreide \u00fcber alles lieben, doch ebenso Gras, Milchprodukte wie Molke etc. und K\u00fcchenabf\u00e4lle (nat\u00fcrlich nur die bek\u00f6mmlichen) gern fressen. Sie beim Picken oder gierigen Hinunterschlingen zu beobachten, kann immer wieder gute Laune bereiten! \u2014<\/p>\n<\/div><\/div>\n\n\n\n<div style=\"height:20px\" aria-hidden=\"true\" class=\"wp-block-spacer\"><\/div>\n\n\n\n<p style=\"font-size:18px\"><strong>Weiterverarbeitung auf dem eigenen Hof<\/strong><\/p>\n\n\n\n<p>Unsere verarbeitenden Betriebe sind \u2013 wie nat\u00fcrlich auch der Arche-Hof \u2013 erst in den letzten Jahren entstanden: Meierei, B\u00e4ckerei, Gastronomie, Kr\u00e4utermanufaktur sowie Obst- und Gem\u00fcseverarbeitung. Dazu geh\u00f6rt auch die Fleischverarbeitung, womit wir derzeit noch eine ausw\u00e4rtige Bio-Metzgerei beauftragen. Ab n\u00e4chstem Jahr planen wir eine eigene Hofschlachterei. <\/p>\n\n\n<p><\/p>\n<p><!--StartFragment--><\/p>\n\n\n<div class=\"row\">\n<div class=\"col-md-8\">\n\n\n\n<p>In unserem Hofladen, unserem Caf\u00e9 am Michaelshof und vielleicht k\u00fcnftig auch in einem Restaurant kann der Besucher unsere Produkte kaufen oder, wohl zubereitet, verzehren. Wir freuen uns, wenn es euch schmeckt!<\/p>\n\n\n\n<p>Ihr k\u00f6nnt wissen: Wir stellen unsere Produkte mit Liebe her, denn Lebensmittel so anzubauen und zu verarbeiten, dass zugleich Konsument, Produkt und Umwelt die gr\u00f6\u00dftm\u00f6gliche, ihnen wesensgem\u00e4\u00dfe F\u00f6rderung erfahren, ist hier die hohe Kunst. Ihr gerecht zu werden, versuchen wir jeden Tag neu!<\/p>\n\n\n\n<\/div>\n<div class=\"col-md-4\">\n\n\n\n<p class=\"has-text-align-left has-text-color\" style=\"color:#a74b9b;font-size:26px\"><strong>Wir freuen uns,<br>wenn es euch<\/strong><\/p>\n\n\n\n<p class=\"has-text-align-left has-text-color\" style=\"color:#a74b9b;font-size:34px\"><strong>Schmeckt!<\/strong><\/p>\n\n\n\n<\/div><\/div>\n\n\n\n<div class=\"wp-block-media-text alignwide is-stacked-on-mobile text-media-left\" style=\"grid-template-columns:72% auto\"><figure class=\"wp-block-media-text__media\"><img loading=\"lazy\" decoding=\"async\" width=\"652\" height=\"308\" data-attachment-id=\"571\" data-permalink=\"https:\/\/michaelshof-sammatz.de\/blog\/essen-trinken\/essenexample5\/\" data-orig-file=\"https:\/\/michaelshof-sammatz.de\/blog\/wp-content\/uploads\/2018\/12\/essenexample5.jpg\" data-orig-size=\"652,308\" data-comments-opened=\"0\" data-image-meta=\"{&quot;aperture&quot;:&quot;0&quot;,&quot;credit&quot;:&quot;&quot;,&quot;camera&quot;:&quot;&quot;,&quot;caption&quot;:&quot;&quot;,&quot;created_timestamp&quot;:&quot;0&quot;,&quot;copyright&quot;:&quot;&quot;,&quot;focal_length&quot;:&quot;0&quot;,&quot;iso&quot;:&quot;0&quot;,&quot;shutter_speed&quot;:&quot;0&quot;,&quot;title&quot;:&quot;&quot;,&quot;orientation&quot;:&quot;0&quot;}\" data-image-title=\"essenexample5\" data-image-description=\"\" data-image-caption=\"\" data-medium-file=\"https:\/\/michaelshof-sammatz.de\/blog\/wp-content\/uploads\/2018\/12\/essenexample5-300x142.jpg\" data-large-file=\"https:\/\/michaelshof-sammatz.de\/blog\/wp-content\/uploads\/2018\/12\/essenexample5.jpg\" tabindex=\"0\" role=\"button\" src=\"http:\/\/michaelshof-sammatz.de\/blog\/wp-content\/uploads\/2018\/12\/essenexample5.jpg\" alt=\"\" class=\"wp-image-571 size-full\" srcset=\"https:\/\/michaelshof-sammatz.de\/blog\/wp-content\/uploads\/2018\/12\/essenexample5.jpg 652w, https:\/\/michaelshof-sammatz.de\/blog\/wp-content\/uploads\/2018\/12\/essenexample5-300x142.jpg 300w, https:\/\/michaelshof-sammatz.de\/blog\/wp-content\/uploads\/2018\/12\/essenexample5-600x283.jpg 600w\" sizes=\"(max-width: 652px) 100vw, 652px\" \/><\/figure><div class=\"wp-block-media-text__content\">\n<p class=\"has-text-color\" style=\"color:#a74b9b;font-size:18px\"><strong>Guten Appetit! <br>Buen apetito! <br>Enjoy your meal! <br>Bon appetit! <br>\u043f\u0440\u0438\u044f\u0442\u043d\u043e\u0433\u043e \u0430\u043f\u043f\u0435\u0442\u0438\u0442\u0430! <br>\u80c3\u53e3\u597d \u826f\u3044\u98df\u6b32<\/strong><br><br><br><br><\/p>\n<\/div><\/div>\n\n\n\n<div style=\"height:50px\" aria-hidden=\"true\" class=\"wp-block-spacer\"><\/div>\n","protected":false},"excerpt":{"rendered":"<p>Essen &amp; Trinken Gesund und schmackhaft Lebensmittel herzustellen, die gesund und zugleich schmackhaft sind, ist uns auf dem Michaelshof schon immer eine wichtige Aufgabe. Hier m\u00f6chte ich einige der Grundlagen schildern, die n\u00f6tig sind, um solche Lebensmittel zu erzeugen. Jedes Jahr ist anders Was wir bereits \u00fcber einige Jahrzehnte machen, ist der Gem\u00fcseanbau. Er zieht [&hellip;]<\/p>\n","protected":false},"author":2,"featured_media":0,"parent":0,"menu_order":0,"comment_status":"closed","ping_status":"closed","template":"","meta":{"footnotes":""},"class_list":["post-113","page","type-page","status-publish","hentry"],"jetpack_sharing_enabled":true,"jetpack_shortlink":"https:\/\/wp.me\/PaQBcD-1P","jetpack-related-posts":[],"_links":{"self":[{"href":"https:\/\/michaelshof-sammatz.de\/blog\/wp-json\/wp\/v2\/pages\/113"}],"collection":[{"href":"https:\/\/michaelshof-sammatz.de\/blog\/wp-json\/wp\/v2\/pages"}],"about":[{"href":"https:\/\/michaelshof-sammatz.de\/blog\/wp-json\/wp\/v2\/types\/page"}],"author":[{"embeddable":true,"href":"https:\/\/michaelshof-sammatz.de\/blog\/wp-json\/wp\/v2\/users\/2"}],"replies":[{"embeddable":true,"href":"https:\/\/michaelshof-sammatz.de\/blog\/wp-json\/wp\/v2\/comments?post=113"}],"version-history":[{"count":48,"href":"https:\/\/michaelshof-sammatz.de\/blog\/wp-json\/wp\/v2\/pages\/113\/revisions"}],"predecessor-version":[{"id":28686,"href":"https:\/\/michaelshof-sammatz.de\/blog\/wp-json\/wp\/v2\/pages\/113\/revisions\/28686"}],"wp:attachment":[{"href":"https:\/\/michaelshof-sammatz.de\/blog\/wp-json\/wp\/v2\/media?parent=113"}],"curies":[{"name":"wp","href":"https:\/\/api.w.org\/{rel}","templated":true}]}}