

{"id":115,"date":"2018-10-19T06:56:08","date_gmt":"2018-10-19T06:56:08","guid":{"rendered":"http:\/\/localhost:8080\/wordpress\/?page_id=115"},"modified":"2025-10-24T12:22:01","modified_gmt":"2025-10-24T10:22:01","slug":"peronnik","status":"publish","type":"page","link":"https:\/\/michaelshof-sammatz.de\/blog\/peronnik\/","title":{"rendered":"Peronnik e.V."},"content":{"rendered":"\t\t<div data-elementor-type=\"wp-page\" data-elementor-id=\"115\" class=\"elementor elementor-115\">\n\t\t\t\t<div class=\"elementor-element elementor-element-a9745f9 e-flex e-con-boxed e-con e-parent\" data-id=\"a9745f9\" data-element_type=\"container\">\n\t\t\t\t\t<div class=\"e-con-inner\">\n\t\t\t\t<div class=\"elementor-element elementor-element-7b98f7f0 elementor-widget elementor-widget-text-editor\" data-id=\"7b98f7f0\" data-element_type=\"widget\" data-widget_type=\"text-editor.default\">\n\t\t\t\t<div class=\"elementor-widget-container\">\n\t\t\t\t\t\t\t<p><!-- wp:heading {\"level\":1} --><\/p>\n<h1><strong>Peronnik<\/strong><\/h1>\n<p><!-- \/wp:heading --><!-- wp:heading --><\/p>\n<h2><strong>Den Alltag zum Sonntag machen<\/strong><\/h2>\n<p><!-- \/wp:heading --><!-- wp:spacer {\"height\":35} --><\/p>\n<div class=\"wp-block-spacer\" style=\"height: 35px;\" aria-hidden=\"true\">\u00a0<\/div>\n<p><!-- \/wp:spacer --><!-- wp:columns {\"verticalAlignment\":\"center\"} --><\/p>\n<div class=\"wp-block-columns are-vertically-aligned-center\">\n<p><!-- wp:column {\"verticalAlignment\":\"center\",\"width\":\"66.66%\"} --><\/p>\n<div class=\"wp-block-column is-vertically-aligned-center\" style=\"flex-basis: 66.66%;\">\n<p><!-- wp:image {\"sizeSlug\":\"large\"} --><\/p>\n<figure class=\"wp-block-image size-large\" style=\"margin-right: 15px;\"><img decoding=\"async\" src=\"http:\/\/michaelshof-sammatz.de\/blog\/wp-content\/uploads\/2018\/12\/peronniktop.jpg\" alt=\"\" \/><\/figure>\n<p><!-- \/wp:image --><\/p>\n<\/div>\n<p><!-- \/wp:column --><!-- wp:column {\"verticalAlignment\":\"center\",\"width\":\"33.33%\"} --><\/p>\n<div class=\"wp-block-column is-vertically-aligned-center\" style=\"flex-basis: 33.33%;\">\n<p><!-- wp:heading {\"textAlign\":\"left\",\"level\":4} --><\/p>\n<h4 class=\"has-text-align-left\"><strong>Wir sind alle auf der Wanderung, wie der Knabe Peronnik im bretonischen M\u00e4rchen<\/strong><\/h4>\n<p><!-- \/wp:heading --><\/p>\n<\/div>\n<p><!-- \/wp:column --><\/p>\n<\/div>\n<p><!-- \/wp:columns --><!-- wp:spacer {\"height\":35} --><\/p>\n<div class=\"wp-block-spacer\" style=\"height: 35px;\" aria-hidden=\"true\">\u00a0<\/div>\n<p><!-- \/wp:spacer --><!-- wp:html --><\/p>\n<p><div class=\"row\">\r\n        <!--  for large devices  -->\r\n        <div class=\"col-12 d-none d-lg-block\">\r\n            <ul  class=\"pagelinks\">\r\n                <li>\r\n                    <a href=\"https:\/\/michaelshof-sammatz.de\/blog\/peronnik\/\">\r\n                        Peronnik\r\n                    <\/a>\r\n                <\/li>\r\n                <li>\r\n                    <a href=\"https:\/\/michaelshof-sammatz.de\/blog\/peronnik\/wohnen-leben\/\">\r\n                        Wohnen &#038; Leben\r\n                    <\/a>\r\n                <\/li>\r\n                <li>\r\n                    <a href=\"https:\/\/michaelshof-sammatz.de\/blog\/peronnik\/ein-interview\/\">\r\n                        Ein Interview\r\n                    <\/a>\r\n                <\/li>\r\n                <li>\r\n                    <a href=\"http:\/\/peronnik.de\/\" target=\"_blank\">\r\n                        Peronnik-Website\r\n                    <\/a>\r\n                <\/li>\r\n<li>\r\n                    <a href=\"https:\/\/www.lagerloef-schule-wietzetze.de\/\" target=\"_blank\">\r\n                        Selma Lagerl\u00f6f-Schule\r\n                    <\/a>\r\n                <\/li>\r\n            <\/ul>\r\n        <\/div>\r\n        <!--  for small devices  -->\r\n        <div class=\"col-12 d-block d-lg-none\">\r\n            <ul class=\"pagelinks\">    \r\n                <li>\r\n                    <a href=\"https:\/\/michaelshof-sammatz.de\/blog\/peronnik\/\">\r\n                        Peronnik\r\n                    <\/a>\r\n                <\/li>\r\n            <\/ul>\r\n                <ul class=\"pagelinks\">\r\n                    <li>\r\n                        <a href=\"https:\/\/michaelshof-sammatz.de\/blog\/peronnik\/wohnen-leben\/\">\r\n                            Wohnen &#038; Leben\r\n                        <\/a>\r\n                    <\/li>\r\n                <\/ul>\r\n                <ul class=\"pagelinks\">\r\n                    <li>\r\n                        <a href=\"https:\/\/michaelshof-sammatz.de\/blog\/peronnik\/ein-interview\/\">\r\n                            Ein Interview\r\n                        <\/a>\r\n                    <\/li>\r\n                <\/ul>\r\n                <ul class=\"pagelinks\">\r\n                    <li>\r\n                        <a href=\"http:\/\/peronnik.de\/\" target=\"_blank\">\r\n                            Peronnik-Website\r\n                        <\/a>\r\n                    <\/li>\r\n                <\/ul>\r\n    <ul class=\"pagelinks\">\r\n                    <li>\r\n                        <a href=\"https:\/\/www.lagerloef-schule-wietzetze.de\/\" target=\"_blank\">\r\n                            Selma Lagerl\u00f6f-Schule\r\n                        <\/a>\r\n                    <\/li>\r\n                <\/ul>\r\n<\/div>\r\n<\/div><\/p>\n<p><!-- \/wp:html --><!-- wp:spacer {\"height\":50} --><\/p>\n<div class=\"wp-block-spacer\" style=\"height: 50px;\" aria-hidden=\"true\">\u00a0<\/div>\n<p><!-- \/wp:spacer --><!-- wp:paragraph {\"style\":{\"typography\":{\"fontSize\":18}}} --><\/p>\n<p style=\"font-size: 18px;\"><strong>Seelenpflege-bed\u00fcrftige Kinder und Jugendliche<\/strong><\/p>\n<p><!-- \/wp:paragraph --><!-- wp:paragraph --><\/p>\n<p>Die Sammatzer Luft wird in besonderer Weise von unseren 42 Seelenpflege bed\u00fcrftigen Kindern und Jugendlichen von Peronnik durchweht. Sie haben in sechs vollstation\u00e4ren Wohngruppen, die \u00fcber das ganze Dorf verteilt sind, ein neues Zuhause gefunden und geh\u00f6ren zum allt\u00e4glichen Sammatzer Leben ganz selbstverst\u00e4ndlich dazu. Meistens begegnet man ihnen auf dem Hof: sie misten den Pferde- und den Eselstall aus, versorgen die H\u00fchner, streicheln die niedlichen Stall-Katzen oder liefern im ganzen Dorf die hofeigene Milch aus. Oder man trifft sie beim Spaziergang in den umliegenden W\u00e4ldern, meist begleitet von Hof- und Therapiehund Timmi, der bei jedem Wetter auf der Matte steht und mit seinem treuherzigen Blick klein und gro\u00df herauszulocken vermag \u2026<\/p>\n<p><!-- \/wp:paragraph --><!-- wp:columns --><\/p>\n<div class=\"wp-block-columns\">\n<p><!-- wp:column --><\/p>\n<div class=\"wp-block-column\">\n<p><!-- wp:paragraph {\"align\":\"left\",\"style\":{\"typography\":{\"fontSize\":18}}} --><\/p>\n<p class=\"has-text-align-left\" style=\"font-size: 18px;\"><strong>Teil der Dorfgemeinschaft<\/strong><\/p>\n<p><!-- \/wp:paragraph --><!-- wp:paragraph {\"align\":\"left\"} --><\/p>\n<p class=\"has-text-align-left\">Das Versorgen der hofeigenen Tiere und das Miterleben des b\u00e4uerlichen Jahreslaufes ist fester Bestandteil des Therapiekonzeptes der Kinder- und Jugendhilfe-Einrichtung. Viele der Peronnik-Kinder sind traumatisiert und haben fr\u00fchkindliche Bindungsst\u00f6rungen. Da kann der Kontakt mit Tieren, das \u00dcbernehmen von Verantwortung und das Erleben des t\u00e4glichen Rhythmus, den die Tiere vorleben, heilsam wirken. Einen anderen festen Rahmen bildet die Teilnahme am kulturellen d\u00f6rflichen Leben. Peronnik-Kinder und Kinder des Dorfes feiern gemeinsam Jahresfeste, sie studieren zusammen ein Schauspiel ein, und die Peronniker best\u00fccken den Sammatzer Weihnachtsmarkt mit vielen sch\u00f6nen Bastelarbeiten. Und im Sommer haben die Kinder und Jugendlichen schon manches Mal das Dorfleben durch den legend\u00e4ren Peronnik-Zirkus bereichert.<\/p>\n<p><!-- \/wp:paragraph --><\/p>\n<\/div>\n<p><!-- \/wp:column --><!-- wp:column --><\/p>\n<div class=\"wp-block-column\">\n<p><!-- wp:image {\"sizeSlug\":\"large\"} --><\/p>\n<figure class=\"wp-block-image size-large\" style=\"margin-left: 15px;\"><img decoding=\"async\" src=\"http:\/\/michaelshof-sammatz.de\/blog\/wp-content\/uploads\/2018\/12\/peronnikexample1.jpg\" alt=\"\" \/><\/figure>\n<p><!-- \/wp:image --><\/p>\n<\/div>\n<p><!-- \/wp:column --><\/p>\n<\/div>\n<p><!-- \/wp:columns --><!-- wp:media-text {\"mediaId\":475,\"mediaType\":\"image\",\"mediaWidth\":49} --><\/p>\n<div class=\"wp-block-media-text alignwide is-stacked-on-mobile\" style=\"grid-template-columns: 49% auto;\">\n<figure class=\"wp-block-media-text__media\"><img fetchpriority=\"high\" decoding=\"async\" width=\"457\" height=\"282\" data-attachment-id=\"475\" data-permalink=\"https:\/\/michaelshof-sammatz.de\/blog\/peronnik\/peronnikexample2\/\" data-orig-file=\"https:\/\/michaelshof-sammatz.de\/blog\/wp-content\/uploads\/2018\/12\/peronnikexample2.jpg\" data-orig-size=\"457,282\" data-comments-opened=\"0\" data-image-meta=\"{&quot;aperture&quot;:&quot;0&quot;,&quot;credit&quot;:&quot;&quot;,&quot;camera&quot;:&quot;&quot;,&quot;caption&quot;:&quot;&quot;,&quot;created_timestamp&quot;:&quot;0&quot;,&quot;copyright&quot;:&quot;&quot;,&quot;focal_length&quot;:&quot;0&quot;,&quot;iso&quot;:&quot;0&quot;,&quot;shutter_speed&quot;:&quot;0&quot;,&quot;title&quot;:&quot;&quot;,&quot;orientation&quot;:&quot;0&quot;}\" data-image-title=\"peronnikexample2\" data-image-description=\"\" data-image-caption=\"\" data-medium-file=\"https:\/\/michaelshof-sammatz.de\/blog\/wp-content\/uploads\/2018\/12\/peronnikexample2-300x185.jpg\" data-large-file=\"https:\/\/michaelshof-sammatz.de\/blog\/wp-content\/uploads\/2018\/12\/peronnikexample2.jpg\" tabindex=\"0\" role=\"button\" class=\"wp-image-475 size-full\" src=\"http:\/\/michaelshof-sammatz.de\/blog\/wp-content\/uploads\/2018\/12\/peronnikexample2.jpg\" alt=\"\" srcset=\"https:\/\/michaelshof-sammatz.de\/blog\/wp-content\/uploads\/2018\/12\/peronnikexample2.jpg 457w, https:\/\/michaelshof-sammatz.de\/blog\/wp-content\/uploads\/2018\/12\/peronnikexample2-300x185.jpg 300w\" sizes=\"(max-width: 457px) 100vw, 457px\" \/><\/figure>\n<div class=\"wp-block-media-text__content\">\n<p><!-- wp:paragraph {\"style\":{\"typography\":{\"fontSize\":18}}} --><\/p>\n<p style=\"font-size: 18px;\"><strong>Von einander lernen \u2013 der Mix macht\u2019s<\/strong><\/p>\n<p><!-- \/wp:paragraph --><!-- wp:paragraph --><\/p>\n<p>Angefangen hat Peronnik im Jahr 2000 mit einer kleinen Wohngruppe am Rande des Dorfes. Die ersten Bewohner waren heilp\u00e4dagogische Kinder, vor allem Autisten. Dann kamen immer mehr schwer vermittelbare Kinder und Jugendliche mit Verhaltensauff\u00e4lligkeiten und emotionalen St\u00f6rungen dazu, die heute den gr\u00f6\u00dferen Teil der Betreuten ausmachen. Das Zusammenwohnen und zum Teil zusammen Betreutwerden der Kinder mit unterschiedlichsten Auff\u00e4lligkeiten macht das Leben und das Besondere von Peronnik aus. Alle k\u00f6nnen voneinander lernen, am meisten die Betreuer \u2026<\/p>\n<p><!-- \/wp:paragraph --><\/p>\n<\/div>\n<\/div>\n<p><!-- \/wp:media-text --><!-- wp:paragraph --><\/p>\n<p>Gemeinsam ist den Kindern und Jugendlichen das Originelle, das Unkonventionelle. Wer von uns \u201enormalen\u201c Menschen kann schon ein Huhn so perfekt nachmachen, das sich ein Hahn danach umdreht? \u2026.<\/p>\n<p><!-- \/wp:paragraph --><!-- wp:paragraph {\"style\":{\"typography\":{\"fontSize\":18}}} --><\/p>\n<p style=\"font-size: 18px;\"><strong>Gemeinsam auf dem Weg<\/strong><\/p>\n<p><!-- \/wp:paragraph --><!-- wp:paragraph --><\/p>\n<p>Sie sind alle auf der Wanderung, auf der Suche, so wie der M\u00e4rchenheld Peronnik, der der Einrichtung den Namen gegeben hat. Er war, so hei\u00dft es zu Beginn des bretonischen Gralsm\u00e4rchens, einer von den Einf\u00e4ltigen, die nur so herumstehen wie die K\u00e4lber, die den Weg zum Stall verloren haben. Am Ende ist es Peronnik, dem gelingt, was hunderte Ritter vor ihm nicht vermocht haben: er nimmt dem Zauberer Rog\u00e9ar die goldene Schale und die Lanze ab und kann damit seine Heimat, die Bretagne, retten.<\/p>\n<p><!-- \/wp:paragraph --><!-- wp:media-text {\"mediaPosition\":\"right\",\"mediaId\":27656,\"mediaType\":\"image\",\"mediaWidth\":35,\"imageFill\":true} --><\/p>\n<div class=\"wp-block-media-text alignwide has-media-on-the-right is-stacked-on-mobile is-image-fill\" style=\"grid-template-columns: auto 35%;\">\n<figure class=\"wp-block-media-text__media\" style=\"background-image: url('https:\/\/michaelshof-sammatz.de\/blog\/wp-content\/uploads\/2020\/11\/SLS_IMG_9966.jpg'); background-position: 50% 50%;\"><img decoding=\"async\" width=\"600\" height=\"551\" data-attachment-id=\"27656\" data-permalink=\"https:\/\/michaelshof-sammatz.de\/blog\/peronnik\/sls_img_9966\/\" data-orig-file=\"https:\/\/michaelshof-sammatz.de\/blog\/wp-content\/uploads\/2020\/11\/SLS_IMG_9966.jpg\" data-orig-size=\"600,551\" data-comments-opened=\"0\" data-image-meta=\"{&quot;aperture&quot;:&quot;0&quot;,&quot;credit&quot;:&quot;&quot;,&quot;camera&quot;:&quot;&quot;,&quot;caption&quot;:&quot;&quot;,&quot;created_timestamp&quot;:&quot;0&quot;,&quot;copyright&quot;:&quot;&quot;,&quot;focal_length&quot;:&quot;0&quot;,&quot;iso&quot;:&quot;0&quot;,&quot;shutter_speed&quot;:&quot;0&quot;,&quot;title&quot;:&quot;&quot;,&quot;orientation&quot;:&quot;0&quot;}\" data-image-title=\"SLS_IMG_9966\" data-image-description=\"\" data-image-caption=\"\" data-medium-file=\"https:\/\/michaelshof-sammatz.de\/blog\/wp-content\/uploads\/2020\/11\/SLS_IMG_9966-300x276.jpg\" data-large-file=\"https:\/\/michaelshof-sammatz.de\/blog\/wp-content\/uploads\/2020\/11\/SLS_IMG_9966.jpg\" tabindex=\"0\" role=\"button\" class=\"wp-image-27656 size-full\" src=\"https:\/\/michaelshof-sammatz.de\/blog\/wp-content\/uploads\/2020\/11\/SLS_IMG_9966.jpg\" alt=\"\" srcset=\"https:\/\/michaelshof-sammatz.de\/blog\/wp-content\/uploads\/2020\/11\/SLS_IMG_9966.jpg 600w, https:\/\/michaelshof-sammatz.de\/blog\/wp-content\/uploads\/2020\/11\/SLS_IMG_9966-300x276.jpg 300w, https:\/\/michaelshof-sammatz.de\/blog\/wp-content\/uploads\/2020\/11\/SLS_IMG_9966-150x138.jpg 150w\" sizes=\"(max-width: 600px) 100vw, 600px\" \/><\/figure>\n<div class=\"wp-block-media-text__content\">\n<p style=\"font-size: 18px;\"><strong>Und jetzt auch eine Schule!<\/strong><\/p>\n<p>Seit Februar 2020 gibt es in unserem Nachbardorf die Selma Lagerl\u00f6f-Schule, eine F\u00f6rderschule f\u00fcr emotional-soziale Entwicklung. Wir haben sie auf einem sch\u00f6nen ehemaligen Bauernhof gegr\u00fcndet, speziell f\u00fcr die Bed\u00fcrfnisse der Peronnik-Kinder und -Jugendlichen und anderer Kinder mit ihren Lern- und Lebensfragen.<\/p>\n<p>\u00a0<\/p>\n<p class=\"has-vivid-red-color has-text-color has-medium-font-size\"><strong><span class=\"has-inline-color has-black-color\">Mehr Infos findet ihr auf der neuen Schulwebsite <\/span><a href=\"https:\/\/www.lagerloef-schule-wietzetze.de\/\" target=\"_blank\" rel=\"noreferrer noopener\">www.lagerloef-schule-wietzetze.de<\/a><\/strong><\/p>\n<\/div>\n<\/div>\n<p><strong>Ansprechpartnerin<\/strong><br \/>Janet Haacke<br \/>Tel.: 0151 11221182<br \/>E-Mail: janet.haacke@peronnik.de<\/p>\n<p>\u00a0<\/p>\n<p><!-- \/wp:spacer --><!-- wp:image {\"id\":27655,\"width\":600,\"height\":389,\"sizeSlug\":\"large\",\"className\":\"is-style-default\"} --><\/p>\n<figure class=\"wp-block-image size-large is-resized is-style-default\"><img decoding=\"async\" data-attachment-id=\"27655\" data-permalink=\"https:\/\/michaelshof-sammatz.de\/blog\/peronnik\/sls_img_0807-2\/\" data-orig-file=\"https:\/\/michaelshof-sammatz.de\/blog\/wp-content\/uploads\/2020\/11\/SLS_IMG_0807-2.jpg\" data-orig-size=\"800,518\" data-comments-opened=\"0\" data-image-meta=\"{&quot;aperture&quot;:&quot;0&quot;,&quot;credit&quot;:&quot;&quot;,&quot;camera&quot;:&quot;&quot;,&quot;caption&quot;:&quot;&quot;,&quot;created_timestamp&quot;:&quot;0&quot;,&quot;copyright&quot;:&quot;&quot;,&quot;focal_length&quot;:&quot;0&quot;,&quot;iso&quot;:&quot;0&quot;,&quot;shutter_speed&quot;:&quot;0&quot;,&quot;title&quot;:&quot;&quot;,&quot;orientation&quot;:&quot;0&quot;}\" data-image-title=\"SLS_IMG_0807-2\" data-image-description=\"\" data-image-caption=\"\" data-medium-file=\"https:\/\/michaelshof-sammatz.de\/blog\/wp-content\/uploads\/2020\/11\/SLS_IMG_0807-2-300x194.jpg\" data-large-file=\"https:\/\/michaelshof-sammatz.de\/blog\/wp-content\/uploads\/2020\/11\/SLS_IMG_0807-2.jpg\" tabindex=\"0\" role=\"button\" class=\"wp-image-27655\" src=\"https:\/\/michaelshof-sammatz.de\/blog\/wp-content\/uploads\/2020\/11\/SLS_IMG_0807-2.jpg\" alt=\"\" width=\"600\" height=\"389\" srcset=\"https:\/\/michaelshof-sammatz.de\/blog\/wp-content\/uploads\/2020\/11\/SLS_IMG_0807-2.jpg 800w, https:\/\/michaelshof-sammatz.de\/blog\/wp-content\/uploads\/2020\/11\/SLS_IMG_0807-2-300x194.jpg 300w, https:\/\/michaelshof-sammatz.de\/blog\/wp-content\/uploads\/2020\/11\/SLS_IMG_0807-2-150x97.jpg 150w, https:\/\/michaelshof-sammatz.de\/blog\/wp-content\/uploads\/2020\/11\/SLS_IMG_0807-2-768x497.jpg 768w\" sizes=\"(max-width: 600px) 100vw, 600px\" \/><\/figure>\n<figure class=\"wp-block-image size-large is-resized is-style-default\"><\/figure>\n<figure class=\"wp-block-image size-large is-resized is-style-default\"><\/figure>\n<p>\u00a0<\/p>\n<p><!-- \/wp:image --><\/p>\t\t\t\t\t\t<\/div>\n\t\t\t\t<\/div>\n\t\t\t\t\t<\/div>\n\t\t\t\t<\/div>\n\t\t\t\t<\/div>\n\t\t","protected":false},"excerpt":{"rendered":"<p>Peronnik Den Alltag zum Sonntag machen Wir sind alle auf der Wanderung, wie der Knabe Peronnik im bretonischen M\u00e4rchen Seelenpflege-bed\u00fcrftige Kinder und Jugendliche Die Sammatzer Luft wird in besonderer Weise von unseren 42 Seelenpflege bed\u00fcrftigen Kindern und Jugendlichen von Peronnik durchweht. Sie haben in sechs vollstation\u00e4ren Wohngruppen, die \u00fcber das ganze Dorf verteilt sind, ein [&hellip;]<\/p>\n","protected":false},"author":2,"featured_media":0,"parent":0,"menu_order":0,"comment_status":"closed","ping_status":"closed","template":"","meta":{"footnotes":""},"class_list":["post-115","page","type-page","status-publish","hentry"],"jetpack_sharing_enabled":true,"jetpack_shortlink":"https:\/\/wp.me\/PaQBcD-1R","jetpack-related-posts":[],"_links":{"self":[{"href":"https:\/\/michaelshof-sammatz.de\/blog\/wp-json\/wp\/v2\/pages\/115"}],"collection":[{"href":"https:\/\/michaelshof-sammatz.de\/blog\/wp-json\/wp\/v2\/pages"}],"about":[{"href":"https:\/\/michaelshof-sammatz.de\/blog\/wp-json\/wp\/v2\/types\/page"}],"author":[{"embeddable":true,"href":"https:\/\/michaelshof-sammatz.de\/blog\/wp-json\/wp\/v2\/users\/2"}],"replies":[{"embeddable":true,"href":"https:\/\/michaelshof-sammatz.de\/blog\/wp-json\/wp\/v2\/comments?post=115"}],"version-history":[{"count":34,"href":"https:\/\/michaelshof-sammatz.de\/blog\/wp-json\/wp\/v2\/pages\/115\/revisions"}],"predecessor-version":[{"id":32302,"href":"https:\/\/michaelshof-sammatz.de\/blog\/wp-json\/wp\/v2\/pages\/115\/revisions\/32302"}],"wp:attachment":[{"href":"https:\/\/michaelshof-sammatz.de\/blog\/wp-json\/wp\/v2\/media?parent=115"}],"curies":[{"name":"wp","href":"https:\/\/api.w.org\/{rel}","templated":true}]}}