

{"id":119,"date":"2018-10-19T06:56:33","date_gmt":"2018-10-19T06:56:33","guid":{"rendered":"http:\/\/localhost:8080\/wordpress\/?page_id=119"},"modified":"2021-01-08T12:26:04","modified_gmt":"2021-01-08T11:26:04","slug":"projekte","status":"publish","type":"page","link":"https:\/\/michaelshof-sammatz.de\/blog\/projekte\/","title":{"rendered":"Projekte &#038; Unterst\u00fctzung"},"content":{"rendered":"\n<h1 class=\"wp-block-heading\">Projekte &amp; Unterst\u00fctzung<\/h1>\n\n\n\n<p style=\"font-size:24px\"><strong>Mit Geld, Kreativit\u00e4t und Einsatzfreude<\/strong><\/p>\n\n\n\n<div style=\"height:35px\" aria-hidden=\"true\" class=\"wp-block-spacer\"><\/div>\n\n\n\n<div class=\"wp-block-media-text alignwide is-stacked-on-mobile summary\" style=\"grid-template-columns:77% auto\"><figure class=\"wp-block-media-text__media\"><img fetchpriority=\"high\" decoding=\"async\" width=\"615\" height=\"364\" data-attachment-id=\"467\" data-permalink=\"https:\/\/michaelshof-sammatz.de\/blog\/projekte\/projecttop\/\" data-orig-file=\"https:\/\/michaelshof-sammatz.de\/blog\/wp-content\/uploads\/2018\/12\/projecttop.jpg\" data-orig-size=\"615,364\" data-comments-opened=\"0\" data-image-meta=\"{&quot;aperture&quot;:&quot;0&quot;,&quot;credit&quot;:&quot;&quot;,&quot;camera&quot;:&quot;&quot;,&quot;caption&quot;:&quot;&quot;,&quot;created_timestamp&quot;:&quot;0&quot;,&quot;copyright&quot;:&quot;&quot;,&quot;focal_length&quot;:&quot;0&quot;,&quot;iso&quot;:&quot;0&quot;,&quot;shutter_speed&quot;:&quot;0&quot;,&quot;title&quot;:&quot;&quot;,&quot;orientation&quot;:&quot;0&quot;}\" data-image-title=\"projecttop\" data-image-description=\"\" data-image-caption=\"\" data-medium-file=\"https:\/\/michaelshof-sammatz.de\/blog\/wp-content\/uploads\/2018\/12\/projecttop-300x178.jpg\" data-large-file=\"https:\/\/michaelshof-sammatz.de\/blog\/wp-content\/uploads\/2018\/12\/projecttop.jpg\" tabindex=\"0\" role=\"button\" src=\"http:\/\/michaelshof-sammatz.de\/blog\/wp-content\/uploads\/2018\/12\/projecttop.jpg\" alt=\"\" class=\"wp-image-467\" srcset=\"https:\/\/michaelshof-sammatz.de\/blog\/wp-content\/uploads\/2018\/12\/projecttop.jpg 615w, https:\/\/michaelshof-sammatz.de\/blog\/wp-content\/uploads\/2018\/12\/projecttop-300x178.jpg 300w, https:\/\/michaelshof-sammatz.de\/blog\/wp-content\/uploads\/2018\/12\/projecttop-600x355.jpg 600w\" sizes=\"(max-width: 615px) 100vw, 615px\" \/><\/figure><div class=\"wp-block-media-text__content\">\n<h3 class=\"wp-block-heading\" id=\"mce_43\"><strong>Vielf\u00e4ltig&nbsp;<\/strong><br><strong>helfen \u2013&nbsp;<\/strong><\/h3>\n\n\n\n<h4 class=\"wp-block-heading\"><strong>Geld und Arbeit<br>f\u00fcr einen guten Zweck<\/strong><\/h4>\n<\/div><\/div>\n\n\n\n<div style=\"height:35px\" aria-hidden=\"true\" class=\"wp-block-spacer\"><\/div>\n\n\n\n\n\n\n\n<div style=\"height:50px\" aria-hidden=\"true\" class=\"wp-block-spacer\"><\/div>\n\n\n\n<p>Mit Geld, Kreativit\u00e4t und Einsatzfreude bauen wir seit mehr als 30 Jahren in Sammatz und der unmittelbaren Umgebung. Der Michaelshof ist dadurch zu einem Ort geworden, auf dem sich Menschen ganz unterschiedlicher Herkunft, Nationalit\u00e4t, Lebensphilosophie und Charakter zusammenfinden und wohlf\u00fchlen. <\/p>\n\n\n\n<p style=\"font-size:18px\"><strong>Voraussetzungen schaffen<\/strong><\/p>\n\n\n\n<p>Dazu hat es durch viele Jahre hindurch auch des Schaffens \u00e4u\u00dferer Voraussetzungen bedurft: zun\u00e4chst die Sanierung zuvor nicht ausgebauter Scheunen, Dielen und H\u00e4user zu Wohn- und Arbeitsr\u00e4umen f\u00fcr Mitarbeiter, Studenten und G\u00e4ste. <\/p>\n\n\n\n<div class=\"row\">\n<div class=\"col-md-6\">\n\n\n\n<p>Unsere erste bauliche Aktivit\u00e4t begann daher bereits unmittelbar nach dem Erwerb des Michaelshofes 1985, n\u00e4mlich mit dem Umbau eines vorhandenen, sehr kleinen Kuhstalls zu unserem ersten Seminar- und Veranstaltungsraum, der heute als B\u00fcro genutzt wird. Dann folgten \u2013 unterbrochen von Jahren, in denen keine baulichen Aktivit\u00e4ten vorgenommen wurden \u2013 der weitere Ausbau einer gro\u00dfen Anzahl neuer R\u00e4umlichkeiten: von unserem gro\u00dfen Saal f\u00fcr Konzerte, Theater und \u00e4hnlichem bis hin zu B\u00fcros und kleinen Wohnr\u00e4umen f\u00fcr Seminaristen sowie etwas gr\u00f6\u00dferen Wohnungen f\u00fcr Mitarbeiter. Insgesamt wurden bis dahin von unserer Initiative 16 H\u00e4user ganz unterschiedlicher Gr\u00f6\u00dfe erworben bzw. gepachtet, renoviert oder ganz neu gebaut.<\/p>\n\n\n\n<\/div>\n<div class=\"col-md-6\">\n\n\n\n<figure class=\"wp-block-image\"><a href=\"http:\/\/michaelshof-sammatz.de\/blog\/projekte\/finanzielle-zuwendung\/\"><img decoding=\"async\" width=\"382\" height=\"254\" data-attachment-id=\"11886\" data-permalink=\"https:\/\/michaelshof-sammatz.de\/blog\/projekte\/d_5_pro_geldermoglichtinitiative\/\" data-orig-file=\"https:\/\/michaelshof-sammatz.de\/blog\/wp-content\/uploads\/2019\/03\/d_5_PRO_GeldErmoglichtInitiative.jpg\" data-orig-size=\"382,254\" data-comments-opened=\"0\" data-image-meta=\"{&quot;aperture&quot;:&quot;0&quot;,&quot;credit&quot;:&quot;&quot;,&quot;camera&quot;:&quot;&quot;,&quot;caption&quot;:&quot;&quot;,&quot;created_timestamp&quot;:&quot;0&quot;,&quot;copyright&quot;:&quot;&quot;,&quot;focal_length&quot;:&quot;0&quot;,&quot;iso&quot;:&quot;0&quot;,&quot;shutter_speed&quot;:&quot;0&quot;,&quot;title&quot;:&quot;&quot;,&quot;orientation&quot;:&quot;0&quot;}\" data-image-title=\"d_5_PRO_GeldErmoglichtInitiative\" data-image-description=\"\" data-image-caption=\"\" data-medium-file=\"https:\/\/michaelshof-sammatz.de\/blog\/wp-content\/uploads\/2019\/03\/d_5_PRO_GeldErmoglichtInitiative-300x199.jpg\" data-large-file=\"https:\/\/michaelshof-sammatz.de\/blog\/wp-content\/uploads\/2019\/03\/d_5_PRO_GeldErmoglichtInitiative.jpg\" tabindex=\"0\" role=\"button\" src=\"http:\/\/michaelshof-sammatz.de\/blog\/wp-content\/uploads\/2019\/03\/d_5_PRO_GeldErmoglichtInitiative.jpg\" alt=\"\" class=\"wp-image-11886\" srcset=\"https:\/\/michaelshof-sammatz.de\/blog\/wp-content\/uploads\/2019\/03\/d_5_PRO_GeldErmoglichtInitiative.jpg 382w, https:\/\/michaelshof-sammatz.de\/blog\/wp-content\/uploads\/2019\/03\/d_5_PRO_GeldErmoglichtInitiative-300x199.jpg 300w, https:\/\/michaelshof-sammatz.de\/blog\/wp-content\/uploads\/2019\/03\/d_5_PRO_GeldErmoglichtInitiative-150x100.jpg 150w\" sizes=\"(max-width: 382px) 100vw, 382px\" \/><\/a><\/figure>\n\n\n\n<\/div>\n<\/div>\n\n\n\n<p style=\"font-size:18px\"><strong>Die Umwelt gestalten \u2013 Landwirtschaft, G\u00e4rten, H\u00e4user<\/strong><\/p>\n\n\n\n<p>Seit 2011 hat dann eine neue Periode unserer Arbeit begonnen die sich insbesondere durch die Gestaltung und Bewirtschaftung der umgebenden Natur sowie damit zusammenh\u00e4ngender Projekte auszeichnet. <\/p>\n\n\n\n<div class=\"wp-block-media-text alignwide is-stacked-on-mobile text-media-left\" style=\"grid-template-columns:71% auto\"><figure class=\"wp-block-media-text__media\"><img decoding=\"async\" width=\"652\" height=\"460\" data-attachment-id=\"2572\" data-permalink=\"https:\/\/michaelshof-sammatz.de\/blog\/project1\/\" data-orig-file=\"https:\/\/michaelshof-sammatz.de\/blog\/wp-content\/uploads\/2019\/02\/project1.jpg\" data-orig-size=\"652,460\" data-comments-opened=\"0\" data-image-meta=\"{&quot;aperture&quot;:&quot;0&quot;,&quot;credit&quot;:&quot;&quot;,&quot;camera&quot;:&quot;&quot;,&quot;caption&quot;:&quot;&quot;,&quot;created_timestamp&quot;:&quot;0&quot;,&quot;copyright&quot;:&quot;&quot;,&quot;focal_length&quot;:&quot;0&quot;,&quot;iso&quot;:&quot;0&quot;,&quot;shutter_speed&quot;:&quot;0&quot;,&quot;title&quot;:&quot;&quot;,&quot;orientation&quot;:&quot;0&quot;}\" data-image-title=\"project1\" data-image-description=\"\" data-image-caption=\"\" data-medium-file=\"https:\/\/michaelshof-sammatz.de\/blog\/wp-content\/uploads\/2019\/02\/project1-300x212.jpg\" data-large-file=\"https:\/\/michaelshof-sammatz.de\/blog\/wp-content\/uploads\/2019\/02\/project1.jpg\" tabindex=\"0\" role=\"button\" src=\"http:\/\/michaelshof-sammatz.de\/blog\/wp-content\/uploads\/2019\/02\/project1.jpg\" alt=\"\" class=\"wp-image-2572\" srcset=\"https:\/\/michaelshof-sammatz.de\/blog\/wp-content\/uploads\/2019\/02\/project1.jpg 652w, https:\/\/michaelshof-sammatz.de\/blog\/wp-content\/uploads\/2019\/02\/project1-300x212.jpg 300w, https:\/\/michaelshof-sammatz.de\/blog\/wp-content\/uploads\/2019\/02\/project1-600x423.jpg 600w\" sizes=\"(max-width: 652px) 100vw, 652px\" \/><\/figure><div class=\"wp-block-media-text__content\">\n<p>Das sind der Bau eines landwirtschaftlichen Hofes mit Freiluft-Stallungen, eines neuen Caf\u00e9s, eines Youth Hostel (das \u2039Blaue Haus\u203a), des Hauses der Natur (das \u2039Gelbe Haus\u203a) und im Bereich Landschaftsbau die Gestaltung der gro\u00dfen Parkanlagen mit der teilweisen Terrassierung unseres h\u00fcgeligen Gel\u00e4ndes, der Umbau einer ehemaligen M\u00fclldeponie zu unserem wundersch\u00f6nen Waldsee, dem Ausbau einer neuen K\u00fcche mit gro\u00dfem Speisesaal im Haupthaus und vielem mehr.<\/p>\n<\/div><\/div>\n\n\n\n<div style=\"height:20px\" aria-hidden=\"true\" class=\"wp-block-spacer\"><\/div>\n\n\n\n<div class=\"row\">\n<div class=\"col-md-3\">\n<\/div>\n<div class=\"col-md-9\">\n<p style=\"font-size:12px;\">Das alles kostet Geld. Geld erm\u00f6glicht Initiative. Wer uns in dieser Hinsicht unterst\u00fctzen m\u00f6chte, findet hier vielf\u00e4ltige M\u00f6glichkeiten der Hilfe. <\/p>\n<p style=\"font-size:18px; font-weight:bold;\">Volunteering \u2013 Menschen helfen mit\ufeff<\/p>\n<p>Die andere Art der Unterst\u00fctzung, ebenso wertvoll wie die finanzielle, erm\u00f6glicht uns erst, viele Projekte \u00fcberhaupt umzusetzen. Es ist die Mitarbeit von so vielen Volunteers aus aller Welt, die uns im Haus- und Landschaftsbau, in Garten und K\u00fcche, in Meierei und B\u00e4ckerei, bei Peronnik und \u00fcberall anders unterst\u00fctzen. Alle Projekte der letzten drei Jahre konnten wir nur mit eurer Hilfe, liebe Volunteers, umsetzen und realisieren.\nSammatz ist dadurch ein einmaliger Ort geworden \u2013 menschlich und landschaftlich, innovativ und arbeitsm\u00e4\u00dfig.\n<\/p>\n<\/div>\n<\/div>\n\n\n\n<div style=\"height:20px\" aria-hidden=\"true\" class=\"wp-block-spacer\"><\/div>\n\n\n\n<div class=\"row\">\n\n<div class=\"col-md-4\" style=\"overflow:hidden;\">\n<img loading=\"lazy\" decoding=\"async\" width=\"336\" height=\"266\" data-attachment-id=\"2573\" data-permalink=\"https:\/\/michaelshof-sammatz.de\/blog\/project2\/\" data-orig-file=\"https:\/\/michaelshof-sammatz.de\/blog\/wp-content\/uploads\/2019\/02\/project2.jpg\" data-orig-size=\"336,266\" data-comments-opened=\"0\" data-image-meta=\"{&quot;aperture&quot;:&quot;0&quot;,&quot;credit&quot;:&quot;&quot;,&quot;camera&quot;:&quot;&quot;,&quot;caption&quot;:&quot;&quot;,&quot;created_timestamp&quot;:&quot;0&quot;,&quot;copyright&quot;:&quot;&quot;,&quot;focal_length&quot;:&quot;0&quot;,&quot;iso&quot;:&quot;0&quot;,&quot;shutter_speed&quot;:&quot;0&quot;,&quot;title&quot;:&quot;&quot;,&quot;orientation&quot;:&quot;0&quot;}\" data-image-title=\"project2\" data-image-description=\"\" data-image-caption=\"\" data-medium-file=\"https:\/\/michaelshof-sammatz.de\/blog\/wp-content\/uploads\/2019\/02\/project2-300x238.jpg\" data-large-file=\"https:\/\/michaelshof-sammatz.de\/blog\/wp-content\/uploads\/2019\/02\/project2.jpg\" tabindex=\"0\" role=\"button\" src=\"http:\/\/michaelshof-sammatz.de\/blog\/wp-content\/uploads\/2019\/02\/project2.jpg\" alt=\"\" class=\"wp-image-2573\" srcset=\"https:\/\/michaelshof-sammatz.de\/blog\/wp-content\/uploads\/2019\/02\/project2.jpg 336w, https:\/\/michaelshof-sammatz.de\/blog\/wp-content\/uploads\/2019\/02\/project2-300x238.jpg 300w\" sizes=\"(max-width: 336px) 100vw, 336px\" \/>\n<\/div>\n<div class=\"col-md-4\" style=\"overflow:hidden;\">\n<img loading=\"lazy\" decoding=\"async\" width=\"302\" height=\"267\" data-attachment-id=\"2574\" data-permalink=\"https:\/\/michaelshof-sammatz.de\/blog\/project3\/\" data-orig-file=\"https:\/\/michaelshof-sammatz.de\/blog\/wp-content\/uploads\/2019\/02\/project3.jpg\" data-orig-size=\"302,267\" data-comments-opened=\"0\" data-image-meta=\"{&quot;aperture&quot;:&quot;0&quot;,&quot;credit&quot;:&quot;&quot;,&quot;camera&quot;:&quot;&quot;,&quot;caption&quot;:&quot;&quot;,&quot;created_timestamp&quot;:&quot;0&quot;,&quot;copyright&quot;:&quot;&quot;,&quot;focal_length&quot;:&quot;0&quot;,&quot;iso&quot;:&quot;0&quot;,&quot;shutter_speed&quot;:&quot;0&quot;,&quot;title&quot;:&quot;&quot;,&quot;orientation&quot;:&quot;0&quot;}\" data-image-title=\"project3\" data-image-description=\"\" data-image-caption=\"\" data-medium-file=\"https:\/\/michaelshof-sammatz.de\/blog\/wp-content\/uploads\/2019\/02\/project3-300x265.jpg\" data-large-file=\"https:\/\/michaelshof-sammatz.de\/blog\/wp-content\/uploads\/2019\/02\/project3.jpg\" tabindex=\"0\" role=\"button\" src=\"http:\/\/michaelshof-sammatz.de\/blog\/wp-content\/uploads\/2019\/02\/project3.jpg\" alt=\"\" class=\"wp-image-2574\" srcset=\"https:\/\/michaelshof-sammatz.de\/blog\/wp-content\/uploads\/2019\/02\/project3.jpg 302w, https:\/\/michaelshof-sammatz.de\/blog\/wp-content\/uploads\/2019\/02\/project3-300x265.jpg 300w\" sizes=\"(max-width: 302px) 100vw, 302px\" \/>\n<\/div>\n<div class=\"col-md-4\" style=\"overflow:hidden;\">\n<img loading=\"lazy\" decoding=\"async\" width=\"286\" height=\"267\" data-attachment-id=\"2571\" data-permalink=\"https:\/\/michaelshof-sammatz.de\/blog\/project4\/\" data-orig-file=\"https:\/\/michaelshof-sammatz.de\/blog\/wp-content\/uploads\/2019\/02\/project4.jpg\" data-orig-size=\"286,267\" data-comments-opened=\"0\" data-image-meta=\"{&quot;aperture&quot;:&quot;0&quot;,&quot;credit&quot;:&quot;&quot;,&quot;camera&quot;:&quot;&quot;,&quot;caption&quot;:&quot;&quot;,&quot;created_timestamp&quot;:&quot;0&quot;,&quot;copyright&quot;:&quot;&quot;,&quot;focal_length&quot;:&quot;0&quot;,&quot;iso&quot;:&quot;0&quot;,&quot;shutter_speed&quot;:&quot;0&quot;,&quot;title&quot;:&quot;&quot;,&quot;orientation&quot;:&quot;0&quot;}\" data-image-title=\"project4\" data-image-description=\"\" data-image-caption=\"\" data-medium-file=\"https:\/\/michaelshof-sammatz.de\/blog\/wp-content\/uploads\/2019\/02\/project4.jpg\" data-large-file=\"https:\/\/michaelshof-sammatz.de\/blog\/wp-content\/uploads\/2019\/02\/project4.jpg\" tabindex=\"0\" role=\"button\" src=\"http:\/\/michaelshof-sammatz.de\/blog\/wp-content\/uploads\/2019\/02\/project4.jpg\" alt=\"\" class=\"wp-image-2571\">\n<\/div>\n\n<\/div>\n\n\n\n<div style=\"height:20px\" aria-hidden=\"true\" class=\"wp-block-spacer\"><\/div>\n\n\n\n<p><strong>Ein Ort der Begegnung<\/strong><\/p>\n\n\n\n<div class=\"row\">\n\n<div class=\"col-md-6\">\n\n\n\n<p>Von daher: wenn ihr uns weiterhin alle helft, soweit ihr k\u00f6nnt \u2013 finanziell und\/oder arbeitsm\u00e4\u00dfig \u2013 k\u00f6nnen wir den Michaelshof immer weiter zu dem ausbauen, was er sein soll: ein Ort der Begegnung, wo Mensch und Natur in Harmonie leben und arbeiten, wo die Sinnhaftigkeit des Daseins erlebbar ist.<\/p>\n\n\n\n<p>Oder, wie es Carl Graf von Keyserlingk \u2013 der Initiator des landwirtschaftlichen Kurses, den Rudolf Steiner 1924 in Koberwitz bei Breslau gehalten hat und damit den modernen \u00f6kologischen Landbau begr\u00fcndete \u2013 auf seinen Grabstein schreiben lie\u00df:<\/p>\n\n\n\n<p class=\"has-text-align-center\">St\u00e4tten schaffen des Friedens und der Liebe,<br>\nAuf denen der Christus auferstehen kann.<\/p>\n\n\n\n<\/div>\n\n<div class=\"col-md-6\">\n\n\n\n<figure class=\"wp-block-image\"><a href=\"http:\/\/michaelshof-sammatz.de\/blog\/projekte\/projects\/volunteers-2\/\"><img loading=\"lazy\" decoding=\"async\" width=\"410\" height=\"332\" data-attachment-id=\"11890\" data-permalink=\"https:\/\/michaelshof-sammatz.de\/blog\/projekte\/d_5_pro_geldermoglichtinitiative02\/\" data-orig-file=\"https:\/\/michaelshof-sammatz.de\/blog\/wp-content\/uploads\/2019\/03\/d_5_PRO_GeldErmoglichtInitiative02.jpg\" data-orig-size=\"410,332\" data-comments-opened=\"0\" data-image-meta=\"{&quot;aperture&quot;:&quot;0&quot;,&quot;credit&quot;:&quot;&quot;,&quot;camera&quot;:&quot;&quot;,&quot;caption&quot;:&quot;&quot;,&quot;created_timestamp&quot;:&quot;0&quot;,&quot;copyright&quot;:&quot;&quot;,&quot;focal_length&quot;:&quot;0&quot;,&quot;iso&quot;:&quot;0&quot;,&quot;shutter_speed&quot;:&quot;0&quot;,&quot;title&quot;:&quot;&quot;,&quot;orientation&quot;:&quot;0&quot;}\" data-image-title=\"d_5_PRO_GeldErmoglichtInitiative02\" data-image-description=\"\" data-image-caption=\"\" data-medium-file=\"https:\/\/michaelshof-sammatz.de\/blog\/wp-content\/uploads\/2019\/03\/d_5_PRO_GeldErmoglichtInitiative02-300x243.jpg\" data-large-file=\"https:\/\/michaelshof-sammatz.de\/blog\/wp-content\/uploads\/2019\/03\/d_5_PRO_GeldErmoglichtInitiative02.jpg\" tabindex=\"0\" role=\"button\" src=\"http:\/\/michaelshof-sammatz.de\/blog\/wp-content\/uploads\/2019\/03\/d_5_PRO_GeldErmoglichtInitiative02.jpg\" alt=\"\" class=\"wp-image-11890\" srcset=\"https:\/\/michaelshof-sammatz.de\/blog\/wp-content\/uploads\/2019\/03\/d_5_PRO_GeldErmoglichtInitiative02.jpg 410w, https:\/\/michaelshof-sammatz.de\/blog\/wp-content\/uploads\/2019\/03\/d_5_PRO_GeldErmoglichtInitiative02-300x243.jpg 300w, https:\/\/michaelshof-sammatz.de\/blog\/wp-content\/uploads\/2019\/03\/d_5_PRO_GeldErmoglichtInitiative02-150x121.jpg 150w\" sizes=\"(max-width: 410px) 100vw, 410px\" \/><\/a><\/figure>\n\n\n\n<\/div>\n\n<\/div>\n\n\n\n<h4 class=\"wp-block-heading\" id=\"mce_39\"><strong>Wir freuen uns \u00fcber jede Hilfe. Vielen Dank euch allen!<\/strong><\/h4>\n\n\n\n<div style=\"height:39px\" aria-hidden=\"true\" class=\"wp-block-spacer\"><\/div>\n\n\n\n<div style=\"height:50px\" aria-hidden=\"true\" class=\"wp-block-spacer\"><\/div>\n","protected":false},"excerpt":{"rendered":"<p>Projekte &amp; Unterst\u00fctzung Mit Geld, Kreativit\u00e4t und Einsatzfreude Vielf\u00e4ltig&nbsp;helfen \u2013&nbsp; Geld und Arbeitf\u00fcr einen guten Zweck Mit Geld, Kreativit\u00e4t und Einsatzfreude bauen wir seit mehr als 30 Jahren in Sammatz und der unmittelbaren Umgebung. Der Michaelshof ist dadurch zu einem Ort geworden, auf dem sich Menschen ganz unterschiedlicher Herkunft, Nationalit\u00e4t, Lebensphilosophie und Charakter zusammenfinden und [&hellip;]<\/p>\n","protected":false},"author":2,"featured_media":0,"parent":0,"menu_order":0,"comment_status":"closed","ping_status":"closed","template":"","meta":{"footnotes":""},"class_list":["post-119","page","type-page","status-publish","hentry"],"jetpack_sharing_enabled":true,"jetpack_shortlink":"https:\/\/wp.me\/PaQBcD-1V","jetpack-related-posts":[],"_links":{"self":[{"href":"https:\/\/michaelshof-sammatz.de\/blog\/wp-json\/wp\/v2\/pages\/119"}],"collection":[{"href":"https:\/\/michaelshof-sammatz.de\/blog\/wp-json\/wp\/v2\/pages"}],"about":[{"href":"https:\/\/michaelshof-sammatz.de\/blog\/wp-json\/wp\/v2\/types\/page"}],"author":[{"embeddable":true,"href":"https:\/\/michaelshof-sammatz.de\/blog\/wp-json\/wp\/v2\/users\/2"}],"replies":[{"embeddable":true,"href":"https:\/\/michaelshof-sammatz.de\/blog\/wp-json\/wp\/v2\/comments?post=119"}],"version-history":[{"count":65,"href":"https:\/\/michaelshof-sammatz.de\/blog\/wp-json\/wp\/v2\/pages\/119\/revisions"}],"predecessor-version":[{"id":27910,"href":"https:\/\/michaelshof-sammatz.de\/blog\/wp-json\/wp\/v2\/pages\/119\/revisions\/27910"}],"wp:attachment":[{"href":"https:\/\/michaelshof-sammatz.de\/blog\/wp-json\/wp\/v2\/media?parent=119"}],"curies":[{"name":"wp","href":"https:\/\/api.w.org\/{rel}","templated":true}]}}