

{"id":121,"date":"2018-10-19T06:56:46","date_gmt":"2018-10-19T06:56:46","guid":{"rendered":"http:\/\/localhost:8080\/wordpress\/?page_id=121"},"modified":"2019-11-17T17:10:14","modified_gmt":"2019-11-17T16:10:14","slug":"helfer","status":"publish","type":"page","link":"https:\/\/michaelshof-sammatz.de\/blog\/helfer\/","title":{"rendered":"Volunteers"},"content":{"rendered":"\n<h1 class=\"wp-block-heading\"><strong>Volunteers aus aller Welt<\/strong><\/h1>\n\n\n\n<h2 class=\"wp-block-heading\"><strong>Leben und Arbeiten in Sammatz  <\/strong><\/h2>\n\n\n\n<div style=\"height:40px\" aria-hidden=\"true\" class=\"wp-block-spacer\"><\/div>\n\n\n\n<div class=\"YouTubeVideo-16-9\">\n  <iframe src=\"https:\/\/www.youtube.com\/embed\/o70yRadYT14\" allow=\"accelerometer; autoplay; encrypted-media; gyroscope; picture-in-picture\" allowfullscreen=\"\" frameborder=\"0\"><\/iframe>\n<\/div>\n\n\n\n<div style=\"height:35px\" aria-hidden=\"true\" class=\"wp-block-spacer\"><\/div>\n\n\n\n\n\n\n\n\n\n\n\n<div style=\"height:50px\" aria-hidden=\"true\" class=\"wp-block-spacer\"><\/div>\n\n\n\n<p style=\"font-size:18px\"><strong>Warum Sammatz?<\/strong><\/p>\n\n\n\n<p>Nun ja, Sammatz ist viel f\u00fcr uns. Ein Zuhause. Eine Oase der Ruhe und des Friedens. Eine Herzensangelegenheit, die uns nicht mehr losl\u00e4sst und ein Leben lang besch\u00e4ftigt ? \u2026  Es ist ein Ort, der sich st\u00e4ndig weiter entwickelt, der immer weiter w\u00e4chst und sch\u00f6ner  wird. Eines Tages geh\u00f6rt uns die Welt. Komm zu uns!<\/p>\n\n\n\n<p>Kurz gesagt, Sammatz ist eine kleine Gemeinschaft (bis jetzt noch) in Niedersachsen (Norddeutschland). Es ist ein Dorf mit ein paar H\u00e4usern, einem See, einem Caf\u00e9 und einem Bauernhof. Hier leben eine gro\u00dfe Anzahl fester Mitarbeiter mit ihren Kindern, 35 Peronnik-Kinder und jederzeit zwischen 40 und 120 freiwillige Helfer aus aller Welt\u2026 \u2013 und wir w\u00fcrden uns freuen, wenn du auch zu uns kommst!<\/p>\n\n\n\n<div style=\"height:15px\" aria-hidden=\"true\" class=\"wp-block-spacer\"><\/div>\n\n\n\n<div class=\"wp-block-media-text alignwide text-media-left\"><figure class=\"wp-block-media-text__media\"><img fetchpriority=\"high\" decoding=\"async\" width=\"472\" height=\"380\" data-attachment-id=\"429\" data-permalink=\"https:\/\/michaelshof-sammatz.de\/blog\/helfer\/helpexample1\/\" data-orig-file=\"https:\/\/michaelshof-sammatz.de\/blog\/wp-content\/uploads\/2018\/12\/helpexample1.jpg\" data-orig-size=\"472,380\" data-comments-opened=\"0\" data-image-meta=\"{&quot;aperture&quot;:&quot;0&quot;,&quot;credit&quot;:&quot;&quot;,&quot;camera&quot;:&quot;&quot;,&quot;caption&quot;:&quot;&quot;,&quot;created_timestamp&quot;:&quot;0&quot;,&quot;copyright&quot;:&quot;&quot;,&quot;focal_length&quot;:&quot;0&quot;,&quot;iso&quot;:&quot;0&quot;,&quot;shutter_speed&quot;:&quot;0&quot;,&quot;title&quot;:&quot;&quot;,&quot;orientation&quot;:&quot;0&quot;}\" data-image-title=\"helpexample1\" data-image-description=\"\" data-image-caption=\"\" data-medium-file=\"https:\/\/michaelshof-sammatz.de\/blog\/wp-content\/uploads\/2018\/12\/helpexample1-300x242.jpg\" data-large-file=\"https:\/\/michaelshof-sammatz.de\/blog\/wp-content\/uploads\/2018\/12\/helpexample1.jpg\" tabindex=\"0\" role=\"button\" src=\"http:\/\/michaelshof-sammatz.de\/blog\/wp-content\/uploads\/2018\/12\/helpexample1.jpg\" alt=\"\" class=\"wp-image-429\" srcset=\"https:\/\/michaelshof-sammatz.de\/blog\/wp-content\/uploads\/2018\/12\/helpexample1.jpg 472w, https:\/\/michaelshof-sammatz.de\/blog\/wp-content\/uploads\/2018\/12\/helpexample1-300x242.jpg 300w\" sizes=\"(max-width: 472px) 100vw, 472px\" \/><\/figure><div class=\"wp-block-media-text__content\">\n<h5 class=\"title-color-blue wp-block-heading\"><strong>Wie du siehst, <br>ist das genau der Punkt:<br>Eine Gemeinschaft <br>braucht Menschen,<\/strong><br><\/h5>\n\n\n\n<h4 class=\"wp-block-heading\" id=\"mce_21\"><strong>und wir brauchen dich<\/strong><\/h4>\n\n\n\n<p style=\"font-size:18px\"><br><strong>Was euch erwartet<\/strong><\/p>\n\n\n\n<p>Wir haben jegliche Arten von Arbeit, und wir k\u00f6nnen jede F\u00e4higkeit und jede Qualifikation, die du vielleicht hast, gebrauchen. Wir haben viel Arbeit, nicht nur bei unseren neuen H\u00e4usern. Wir brauchen G\u00e4rtner, Holzarbeiter, Reinigungskr\u00e4fte, K\u00fcchenhelfer, Babysitter \u2026 <\/p>\n<\/div><\/div>\n\n\n\n<div style=\"height:15px\" aria-hidden=\"true\" class=\"wp-block-spacer\"><\/div>\n\n\n\n<p>Wenn du nicht dazu geh\u00f6rst: macht nichts! Wir k\u00f6nnen dich einsetzen. Am wichtigsten ist uns, dass du nicht nur gerne arbeitest und eine gute Arbeitsmoral hast, sondern dass du auch motiviert bist, Neues zu lernen und dass du das Herz am rechten Fleck hast \u2026<\/p>\n\n\n\n<p>Du bekommst ein Dach \u00fcber den Kopf und volle Verpflegung. Du findest hier eine gro\u00dfartige Truppe von Menschen aus aller Welt, mit denen du zusammen lebst und arbeitest. Wenn du ein Schaffer bist und gerne l\u00e4nger bleiben w\u00fcrdest, bekommst du auch ein kleines Gehalt.  <\/p>\n\n\n\n<div class=\"wp-block-media-text alignwide has-media-on-the-right text-media-right\" style=\"grid-template-columns:auto 72%\"><figure class=\"wp-block-media-text__media\"><img decoding=\"async\" width=\"643\" height=\"308\" data-attachment-id=\"434\" data-permalink=\"https:\/\/michaelshof-sammatz.de\/blog\/helfer\/helpexample2\/\" data-orig-file=\"https:\/\/michaelshof-sammatz.de\/blog\/wp-content\/uploads\/2018\/12\/helpexample2.jpg\" data-orig-size=\"643,308\" data-comments-opened=\"0\" data-image-meta=\"{&quot;aperture&quot;:&quot;0&quot;,&quot;credit&quot;:&quot;&quot;,&quot;camera&quot;:&quot;&quot;,&quot;caption&quot;:&quot;&quot;,&quot;created_timestamp&quot;:&quot;0&quot;,&quot;copyright&quot;:&quot;&quot;,&quot;focal_length&quot;:&quot;0&quot;,&quot;iso&quot;:&quot;0&quot;,&quot;shutter_speed&quot;:&quot;0&quot;,&quot;title&quot;:&quot;&quot;,&quot;orientation&quot;:&quot;0&quot;}\" data-image-title=\"helpexample2\" data-image-description=\"\" data-image-caption=\"\" data-medium-file=\"https:\/\/michaelshof-sammatz.de\/blog\/wp-content\/uploads\/2018\/12\/helpexample2-300x144.jpg\" data-large-file=\"https:\/\/michaelshof-sammatz.de\/blog\/wp-content\/uploads\/2018\/12\/helpexample2.jpg\" tabindex=\"0\" role=\"button\" src=\"http:\/\/michaelshof-sammatz.de\/blog\/wp-content\/uploads\/2018\/12\/helpexample2.jpg\" alt=\"\" class=\"wp-image-434\" srcset=\"https:\/\/michaelshof-sammatz.de\/blog\/wp-content\/uploads\/2018\/12\/helpexample2.jpg 643w, https:\/\/michaelshof-sammatz.de\/blog\/wp-content\/uploads\/2018\/12\/helpexample2-300x144.jpg 300w, https:\/\/michaelshof-sammatz.de\/blog\/wp-content\/uploads\/2018\/12\/helpexample2-600x287.jpg 600w\" sizes=\"(max-width: 643px) 100vw, 643px\" \/><\/figure><div class=\"wp-block-media-text__content\">\n<h4 class=\"wp-block-heading\" style=\"text-align:right\"><strong>Passt das zu dir? <\/strong><\/h4>\n\n\n\n<h5 style=\"text-align:right\" class=\"title-color-blue wp-block-heading\"><strong>Dann nimm mit uns,<br>Kontakt auf!<\/strong><\/h5>\n\n\n\n<p style=\"text-align:right\">Wir m\u00f6chten gerne mehr \u00fcber<br>dich erfahren! Geh auf die <strong><a style=\"color:#67c8f9\" href=\"http:\/\/michaelshof-sammatz.de\/blog\/helfer\/helfer-Info\/\">Bewerbungs-Seite<\/a><\/strong><a href=\"http:\/\/michaelshof-sammatz.de\/blog\/helfer\/helfer-Info\/\"> <\/a>und erz\u00e4hl uns<br> etwas \u00fcber dich.  <\/p>\n<\/div><\/div>\n\n\n\n<div style=\"height:50px\" aria-hidden=\"true\" class=\"wp-block-spacer\"><\/div>\n\n\n\n<p><\/p>\n","protected":false},"excerpt":{"rendered":"<p>Volunteers aus aller Welt Leben und Arbeiten in Sammatz Warum Sammatz? Nun ja, Sammatz ist viel f\u00fcr uns. Ein Zuhause. Eine Oase der Ruhe und des Friedens. Eine Herzensangelegenheit, die uns nicht mehr losl\u00e4sst und ein Leben lang besch\u00e4ftigt ? \u2026 Es ist ein Ort, der sich st\u00e4ndig weiter entwickelt, der immer weiter w\u00e4chst und [&hellip;]<\/p>\n","protected":false},"author":2,"featured_media":16007,"parent":0,"menu_order":0,"comment_status":"closed","ping_status":"closed","template":"","meta":{"footnotes":""},"class_list":["post-121","page","type-page","status-publish","has-post-thumbnail","hentry"],"jetpack_sharing_enabled":true,"jetpack_shortlink":"https:\/\/wp.me\/PaQBcD-1X","jetpack-related-posts":[],"_links":{"self":[{"href":"https:\/\/michaelshof-sammatz.de\/blog\/wp-json\/wp\/v2\/pages\/121"}],"collection":[{"href":"https:\/\/michaelshof-sammatz.de\/blog\/wp-json\/wp\/v2\/pages"}],"about":[{"href":"https:\/\/michaelshof-sammatz.de\/blog\/wp-json\/wp\/v2\/types\/page"}],"author":[{"embeddable":true,"href":"https:\/\/michaelshof-sammatz.de\/blog\/wp-json\/wp\/v2\/users\/2"}],"replies":[{"embeddable":true,"href":"https:\/\/michaelshof-sammatz.de\/blog\/wp-json\/wp\/v2\/comments?post=121"}],"version-history":[{"count":61,"href":"https:\/\/michaelshof-sammatz.de\/blog\/wp-json\/wp\/v2\/pages\/121\/revisions"}],"predecessor-version":[{"id":25729,"href":"https:\/\/michaelshof-sammatz.de\/blog\/wp-json\/wp\/v2\/pages\/121\/revisions\/25729"}],"wp:featuredmedia":[{"embeddable":true,"href":"https:\/\/michaelshof-sammatz.de\/blog\/wp-json\/wp\/v2\/media\/16007"}],"wp:attachment":[{"href":"https:\/\/michaelshof-sammatz.de\/blog\/wp-json\/wp\/v2\/media?parent=121"}],"curies":[{"name":"wp","href":"https:\/\/api.w.org\/{rel}","templated":true}]}}