

{"id":12527,"date":"2019-03-12T01:09:45","date_gmt":"2019-03-12T00:09:45","guid":{"rendered":"http:\/\/michaelshof-campus.com\/blog\/?page_id=12527"},"modified":"2021-08-31T10:44:59","modified_gmt":"2021-08-31T08:44:59","slug":"cafe2","status":"publish","type":"page","link":"https:\/\/michaelshof-sammatz.de\/blog\/essen-trinken\/cafe2\/","title":{"rendered":"Essen &#038; Trinken | Caf\u00e9"},"content":{"rendered":"\n<h1 class=\"wp-block-heading\"><strong>Caf\u00e9 am Michaelshof<\/strong><\/h1>\n\n\n\n<div style=\"height:85px\" aria-hidden=\"true\" class=\"wp-block-spacer\"><\/div>\n\n\n\n<figure class=\"wp-block-image pageTeaserImage\"><img fetchpriority=\"high\" decoding=\"async\" width=\"934\" height=\"281\" data-attachment-id=\"12529\" data-permalink=\"https:\/\/michaelshof-sammatz.de\/blog\/essen-trinken\/cafe2\/fd_cafe_01\/\" data-orig-file=\"https:\/\/michaelshof-sammatz.de\/blog\/wp-content\/uploads\/2019\/03\/FD_Cafe_01.jpg\" data-orig-size=\"934,281\" data-comments-opened=\"0\" data-image-meta=\"{&quot;aperture&quot;:&quot;0&quot;,&quot;credit&quot;:&quot;&quot;,&quot;camera&quot;:&quot;&quot;,&quot;caption&quot;:&quot;&quot;,&quot;created_timestamp&quot;:&quot;0&quot;,&quot;copyright&quot;:&quot;&quot;,&quot;focal_length&quot;:&quot;0&quot;,&quot;iso&quot;:&quot;0&quot;,&quot;shutter_speed&quot;:&quot;0&quot;,&quot;title&quot;:&quot;&quot;,&quot;orientation&quot;:&quot;0&quot;}\" data-image-title=\"F&#038;D_Cafe_01\" data-image-description=\"\" data-image-caption=\"\" data-medium-file=\"https:\/\/michaelshof-sammatz.de\/blog\/wp-content\/uploads\/2019\/03\/FD_Cafe_01-300x90.jpg\" data-large-file=\"https:\/\/michaelshof-sammatz.de\/blog\/wp-content\/uploads\/2019\/03\/FD_Cafe_01.jpg\" tabindex=\"0\" role=\"button\" src=\"http:\/\/michaelshof-sammatz.de\/blog\/wp-content\/uploads\/2019\/03\/FD_Cafe_01.jpg\" alt=\"\" class=\"wp-image-12529\" srcset=\"https:\/\/michaelshof-sammatz.de\/blog\/wp-content\/uploads\/2019\/03\/FD_Cafe_01.jpg 934w, https:\/\/michaelshof-sammatz.de\/blog\/wp-content\/uploads\/2019\/03\/FD_Cafe_01-300x90.jpg 300w, https:\/\/michaelshof-sammatz.de\/blog\/wp-content\/uploads\/2019\/03\/FD_Cafe_01-600x181.jpg 600w, https:\/\/michaelshof-sammatz.de\/blog\/wp-content\/uploads\/2019\/03\/FD_Cafe_01-150x45.jpg 150w, https:\/\/michaelshof-sammatz.de\/blog\/wp-content\/uploads\/2019\/03\/FD_Cafe_01-768x231.jpg 768w\" sizes=\"(max-width: 934px) 100vw, 934px\" \/><\/figure>\n\n\n\n<div style=\"height:35px\" aria-hidden=\"true\" class=\"wp-block-spacer\"><\/div>\n\n\n\n\n\n\n\n<div style=\"height:50px\" aria-hidden=\"true\" class=\"wp-block-spacer\"><\/div>\n\n\n\n<div class=\"wp-block-media-text alignwide has-media-on-the-right is-stacked-on-mobile\" style=\"grid-template-columns:auto 57%\"><figure class=\"wp-block-media-text__media\"><img decoding=\"async\" width=\"547\" height=\"339\" data-attachment-id=\"12528\" data-permalink=\"https:\/\/michaelshof-sammatz.de\/blog\/essen-trinken\/cafe2\/fd_cafe_02\/\" data-orig-file=\"https:\/\/michaelshof-sammatz.de\/blog\/wp-content\/uploads\/2019\/03\/FD_Cafe_02.jpg\" data-orig-size=\"547,339\" data-comments-opened=\"0\" data-image-meta=\"{&quot;aperture&quot;:&quot;0&quot;,&quot;credit&quot;:&quot;&quot;,&quot;camera&quot;:&quot;&quot;,&quot;caption&quot;:&quot;&quot;,&quot;created_timestamp&quot;:&quot;0&quot;,&quot;copyright&quot;:&quot;&quot;,&quot;focal_length&quot;:&quot;0&quot;,&quot;iso&quot;:&quot;0&quot;,&quot;shutter_speed&quot;:&quot;0&quot;,&quot;title&quot;:&quot;&quot;,&quot;orientation&quot;:&quot;0&quot;}\" data-image-title=\"F&#038;D_Cafe_02\" data-image-description=\"\" data-image-caption=\"\" data-medium-file=\"https:\/\/michaelshof-sammatz.de\/blog\/wp-content\/uploads\/2019\/03\/FD_Cafe_02-300x186.jpg\" data-large-file=\"https:\/\/michaelshof-sammatz.de\/blog\/wp-content\/uploads\/2019\/03\/FD_Cafe_02.jpg\" tabindex=\"0\" role=\"button\" src=\"http:\/\/michaelshof-sammatz.de\/blog\/wp-content\/uploads\/2019\/03\/FD_Cafe_02.jpg\" alt=\"\" class=\"wp-image-12528 size-full\" srcset=\"https:\/\/michaelshof-sammatz.de\/blog\/wp-content\/uploads\/2019\/03\/FD_Cafe_02.jpg 547w, https:\/\/michaelshof-sammatz.de\/blog\/wp-content\/uploads\/2019\/03\/FD_Cafe_02-300x186.jpg 300w, https:\/\/michaelshof-sammatz.de\/blog\/wp-content\/uploads\/2019\/03\/FD_Cafe_02-150x93.jpg 150w\" sizes=\"(max-width: 547px) 100vw, 547px\" \/><\/figure><div class=\"wp-block-media-text__content\">\n<p>Wenn sich im M\u00e4rz die Tore des Caf\u00e9s nach der Winterpause wieder \u00f6ffnen, kann man sich erneut \u00fcber leckere Sahnetorten, exquisite Eisbecher und besonders geschmackvolle Kaffeespezialit\u00e4ten freuen. Auch herzhafte Speisen haben in den letzten Jahren immer mehr Anklang gefunden und sind daher auf unserer Speisekarte gut vertreten.<br><\/p>\n<\/div><\/div>\n\n\n\n<div style=\"height:20px\" aria-hidden=\"true\" class=\"wp-block-spacer\"><\/div>\n\n\n\n<p> \u2039Das ist ja alles Bio und trotzdem lecker\u203a, sagte mal ein Kunde, der wahrscheinlich genau das aussprach, was zun\u00e4chst erst einmal viele denken. Die selbstgemachten Torten, das Fr\u00fchst\u00fccksbuffet am Sonntag und auch der kleine Kaffee f\u00fcr Zwischendurch sprechen jedoch f\u00fcr sich: die Qualit\u00e4t und der Geschmack stimmen \u00fcberein!<\/p>\n\n\n\n<div class=\"wp-block-media-text alignwide is-stacked-on-mobile text-media-left\" style=\"grid-template-columns:75% auto\"><figure class=\"wp-block-media-text__media\"><img decoding=\"async\" width=\"462\" height=\"233\" data-attachment-id=\"12530\" data-permalink=\"https:\/\/michaelshof-sammatz.de\/blog\/essen-trinken\/cafe2\/fd_cafe_03\/\" data-orig-file=\"https:\/\/michaelshof-sammatz.de\/blog\/wp-content\/uploads\/2019\/03\/FD_Cafe_03.jpg\" data-orig-size=\"462,233\" data-comments-opened=\"0\" data-image-meta=\"{&quot;aperture&quot;:&quot;0&quot;,&quot;credit&quot;:&quot;&quot;,&quot;camera&quot;:&quot;&quot;,&quot;caption&quot;:&quot;&quot;,&quot;created_timestamp&quot;:&quot;0&quot;,&quot;copyright&quot;:&quot;&quot;,&quot;focal_length&quot;:&quot;0&quot;,&quot;iso&quot;:&quot;0&quot;,&quot;shutter_speed&quot;:&quot;0&quot;,&quot;title&quot;:&quot;&quot;,&quot;orientation&quot;:&quot;0&quot;}\" data-image-title=\"F&#038;D_Cafe_03\" data-image-description=\"\" data-image-caption=\"\" data-medium-file=\"https:\/\/michaelshof-sammatz.de\/blog\/wp-content\/uploads\/2019\/03\/FD_Cafe_03-300x151.jpg\" data-large-file=\"https:\/\/michaelshof-sammatz.de\/blog\/wp-content\/uploads\/2019\/03\/FD_Cafe_03.jpg\" tabindex=\"0\" role=\"button\" src=\"http:\/\/michaelshof-sammatz.de\/blog\/wp-content\/uploads\/2019\/03\/FD_Cafe_03.jpg\" alt=\"\" class=\"wp-image-12530 size-full\" srcset=\"https:\/\/michaelshof-sammatz.de\/blog\/wp-content\/uploads\/2019\/03\/FD_Cafe_03.jpg 462w, https:\/\/michaelshof-sammatz.de\/blog\/wp-content\/uploads\/2019\/03\/FD_Cafe_03-300x151.jpg 300w, https:\/\/michaelshof-sammatz.de\/blog\/wp-content\/uploads\/2019\/03\/FD_Cafe_03-150x76.jpg 150w\" sizes=\"(max-width: 462px) 100vw, 462px\" \/><\/figure><div class=\"wp-block-media-text__content\">\n<p><\/p>\n<\/div><\/div>\n\n\n\n<div style=\"height:20px\" aria-hidden=\"true\" class=\"wp-block-spacer\"><\/div>\n\n\n\n<p>Wer lieber drinnen sitzt, kann es sich in heimeliger Atmosph\u00e4re im Parterre oder auch im Obergeschoss des Caf\u00e9s gem\u00fctlich machen. Unten habt ihr einen guten Einblick in die Auswahl des Tages und das Tresen-Geschehen. <\/p>\n\n\n\n<p>Geht ihr die Treppe hoch, findet ihr nette kleinere Tische sowie Sofapl\u00e4tze vor, wo ihr euch zwanglos niederlassen k\u00f6nnen.<br> \u2039Ach nein, ihr seid ja auch hier!\u203a, das h\u00f6rt man \u00f6fter, wenn sich wieder einmal unerwartet Bekannte treffen \u2013 vielleicht eine sch\u00f6ne Gelegenheit, mal zusammen einen Kaffee zu trinken!<\/p>\n\n\n\n<div class=\"wp-block-media-text alignwide has-media-on-the-right is-stacked-on-mobile\" style=\"grid-template-columns:auto 42%\"><figure class=\"wp-block-media-text__media\"><img loading=\"lazy\" decoding=\"async\" width=\"352\" height=\"527\" data-attachment-id=\"12532\" data-permalink=\"https:\/\/michaelshof-sammatz.de\/blog\/essen-trinken\/cafe2\/fd_cafe_04\/\" data-orig-file=\"https:\/\/michaelshof-sammatz.de\/blog\/wp-content\/uploads\/2019\/03\/FD_Cafe_04.jpg\" data-orig-size=\"352,527\" data-comments-opened=\"0\" data-image-meta=\"{&quot;aperture&quot;:&quot;0&quot;,&quot;credit&quot;:&quot;&quot;,&quot;camera&quot;:&quot;&quot;,&quot;caption&quot;:&quot;&quot;,&quot;created_timestamp&quot;:&quot;0&quot;,&quot;copyright&quot;:&quot;&quot;,&quot;focal_length&quot;:&quot;0&quot;,&quot;iso&quot;:&quot;0&quot;,&quot;shutter_speed&quot;:&quot;0&quot;,&quot;title&quot;:&quot;&quot;,&quot;orientation&quot;:&quot;0&quot;}\" data-image-title=\"F&#038;D_Cafe_04\" data-image-description=\"\" data-image-caption=\"\" data-medium-file=\"https:\/\/michaelshof-sammatz.de\/blog\/wp-content\/uploads\/2019\/03\/FD_Cafe_04-200x300.jpg\" data-large-file=\"https:\/\/michaelshof-sammatz.de\/blog\/wp-content\/uploads\/2019\/03\/FD_Cafe_04.jpg\" tabindex=\"0\" role=\"button\" src=\"http:\/\/michaelshof-sammatz.de\/blog\/wp-content\/uploads\/2019\/03\/FD_Cafe_04.jpg\" alt=\"\" class=\"wp-image-12532 size-full\" srcset=\"https:\/\/michaelshof-sammatz.de\/blog\/wp-content\/uploads\/2019\/03\/FD_Cafe_04.jpg 352w, https:\/\/michaelshof-sammatz.de\/blog\/wp-content\/uploads\/2019\/03\/FD_Cafe_04-300x449.jpg 300w, https:\/\/michaelshof-sammatz.de\/blog\/wp-content\/uploads\/2019\/03\/FD_Cafe_04-100x150.jpg 100w, https:\/\/michaelshof-sammatz.de\/blog\/wp-content\/uploads\/2019\/03\/FD_Cafe_04-200x300.jpg 200w\" sizes=\"(max-width: 352px) 100vw, 352px\" \/><\/figure><div class=\"wp-block-media-text__content\">\n<p>F\u00fcr Kinder gibt es spezielle Angebote wie den Kinder-Cappuccino oder die bunten Eisbecher im Clowns-Teller. Wenn die Wartezeit die kindliche Geduld \u00fcbersteigt, oder das ein oder andere Kind schon mal fr\u00fcher fertig ist, kann zum Zeitvertreib gemalt oder sich mit Brett- und Kartenspielen vergn\u00fcgt werden (auch f\u00fcr die Gr\u00f6\u00dferen)! Falls ihr ganz kleine G\u00e4ste bei euch habt, nutzt gerne auch unseren Wickeltisch im Vorraum der WC\u2019s.<\/p>\n\n\n\n<p>Ob du deinen Caf\u00e9besuch nach oder vor einem Spaziergang durch unsere Anlagen antrittst musst du je nach Stimmung entscheiden. Brauchst du Informationen \u00fcber unsere Gartenwege oder das \u2039Projekt Michaelshof\u203a, findest du eine Karte und eine Brosch\u00fcre gegen einen kleinen Unkostenbeitrag bei uns im Caf\u00e9. <\/p>\n<\/div><\/div>\n\n\n\n<div style=\"height:20px\" aria-hidden=\"true\" class=\"wp-block-spacer\"><\/div>\n\n\n\n<p>Falls etwas nicht stimmt, zu lange dauert oder einfach nur Infos \u00fcber den Ort gew\u00fcnscht sind, wird dir Frau Brady gerne mit Rat und Tat zur Seite stehen.<\/p>\n\n\n\n<p>Reservierungen nehmen wir (au\u00dfer Sonntag nachmittags) immer gern entgegen. Auch gr\u00f6\u00dfere Gruppen sind willkommen und k\u00f6nnen f\u00fcr mehr Privatsph\u00e4re auch unseren Extra-Raum, das \u2039neue Caf\u00e9\u203a (direkt neben dem Hauptgeb\u00e4ude) buchen. Es bietet sich an, eine <a href=\"http:\/\/michaelshof-sammatz.de\/blog\/garten-park\/garten-park-Info\/\">Gartenf\u00fchrung<\/a> mit zu buchen, die, je nach Bedarf angepasst, normalerweise aber eine Stunde durch die Sammatzer G\u00e4rten f\u00fchrt. <\/p>\n\n\n\n<div style=\"height:20px\" aria-hidden=\"true\" class=\"wp-block-spacer\"><\/div>\n\n\n\n<figure class=\"wp-block-image\"><a href=\"http:\/\/michaelshof-sammatz.de\/blog\/?attachment_id=12531\"><img loading=\"lazy\" decoding=\"async\" width=\"935\" height=\"338\" data-attachment-id=\"12531\" data-permalink=\"https:\/\/michaelshof-sammatz.de\/blog\/essen-trinken\/cafe2\/fd_cafe_05\/\" data-orig-file=\"https:\/\/michaelshof-sammatz.de\/blog\/wp-content\/uploads\/2019\/03\/FD_Cafe_05.jpg\" data-orig-size=\"935,338\" data-comments-opened=\"0\" data-image-meta=\"{&quot;aperture&quot;:&quot;0&quot;,&quot;credit&quot;:&quot;&quot;,&quot;camera&quot;:&quot;&quot;,&quot;caption&quot;:&quot;&quot;,&quot;created_timestamp&quot;:&quot;0&quot;,&quot;copyright&quot;:&quot;&quot;,&quot;focal_length&quot;:&quot;0&quot;,&quot;iso&quot;:&quot;0&quot;,&quot;shutter_speed&quot;:&quot;0&quot;,&quot;title&quot;:&quot;&quot;,&quot;orientation&quot;:&quot;0&quot;}\" data-image-title=\"F&#038;D_Cafe_05\" data-image-description=\"\" data-image-caption=\"\" data-medium-file=\"https:\/\/michaelshof-sammatz.de\/blog\/wp-content\/uploads\/2019\/03\/FD_Cafe_05-300x108.jpg\" data-large-file=\"https:\/\/michaelshof-sammatz.de\/blog\/wp-content\/uploads\/2019\/03\/FD_Cafe_05.jpg\" tabindex=\"0\" role=\"button\" src=\"http:\/\/michaelshof-sammatz.de\/blog\/wp-content\/uploads\/2019\/03\/FD_Cafe_05.jpg\" alt=\"\" class=\"wp-image-12531\" srcset=\"https:\/\/michaelshof-sammatz.de\/blog\/wp-content\/uploads\/2019\/03\/FD_Cafe_05.jpg 935w, https:\/\/michaelshof-sammatz.de\/blog\/wp-content\/uploads\/2019\/03\/FD_Cafe_05-300x108.jpg 300w, https:\/\/michaelshof-sammatz.de\/blog\/wp-content\/uploads\/2019\/03\/FD_Cafe_05-600x217.jpg 600w, https:\/\/michaelshof-sammatz.de\/blog\/wp-content\/uploads\/2019\/03\/FD_Cafe_05-150x54.jpg 150w, https:\/\/michaelshof-sammatz.de\/blog\/wp-content\/uploads\/2019\/03\/FD_Cafe_05-768x278.jpg 768w\" sizes=\"(max-width: 935px) 100vw, 935px\" \/><\/a><\/figure>\n\n\n\n<div style=\"height:20px\" aria-hidden=\"true\" class=\"wp-block-spacer\"><\/div>\n","protected":false},"excerpt":{"rendered":"<p>Caf\u00e9 am Michaelshof Wenn sich im M\u00e4rz die Tore des Caf\u00e9s nach der Winterpause wieder \u00f6ffnen, kann man sich erneut \u00fcber leckere Sahnetorten, exquisite Eisbecher und besonders geschmackvolle Kaffeespezialit\u00e4ten freuen. Auch herzhafte Speisen haben in den letzten Jahren immer mehr Anklang gefunden und sind daher auf unserer Speisekarte gut vertreten. \u2039Das ist ja alles Bio [&hellip;]<\/p>\n","protected":false},"author":1,"featured_media":0,"parent":113,"menu_order":0,"comment_status":"closed","ping_status":"closed","template":"","meta":{"footnotes":""},"class_list":["post-12527","page","type-page","status-publish","hentry"],"jetpack_sharing_enabled":true,"jetpack_shortlink":"https:\/\/wp.me\/PaQBcD-3g3","jetpack-related-posts":[],"_links":{"self":[{"href":"https:\/\/michaelshof-sammatz.de\/blog\/wp-json\/wp\/v2\/pages\/12527"}],"collection":[{"href":"https:\/\/michaelshof-sammatz.de\/blog\/wp-json\/wp\/v2\/pages"}],"about":[{"href":"https:\/\/michaelshof-sammatz.de\/blog\/wp-json\/wp\/v2\/types\/page"}],"author":[{"embeddable":true,"href":"https:\/\/michaelshof-sammatz.de\/blog\/wp-json\/wp\/v2\/users\/1"}],"replies":[{"embeddable":true,"href":"https:\/\/michaelshof-sammatz.de\/blog\/wp-json\/wp\/v2\/comments?post=12527"}],"version-history":[{"count":27,"href":"https:\/\/michaelshof-sammatz.de\/blog\/wp-json\/wp\/v2\/pages\/12527\/revisions"}],"predecessor-version":[{"id":30039,"href":"https:\/\/michaelshof-sammatz.de\/blog\/wp-json\/wp\/v2\/pages\/12527\/revisions\/30039"}],"up":[{"embeddable":true,"href":"https:\/\/michaelshof-sammatz.de\/blog\/wp-json\/wp\/v2\/pages\/113"}],"wp:attachment":[{"href":"https:\/\/michaelshof-sammatz.de\/blog\/wp-json\/wp\/v2\/media?parent=12527"}],"curies":[{"name":"wp","href":"https:\/\/api.w.org\/{rel}","templated":true}]}}