

{"id":17724,"date":"2019-04-13T16:07:33","date_gmt":"2019-04-13T14:07:33","guid":{"rendered":"https:\/\/michaelshof-sammatz.de\/blog\/?page_id=17724"},"modified":"2019-08-27T11:21:48","modified_gmt":"2019-08-27T09:21:48","slug":"waldseekonzerte5blauestunde","status":"publish","type":"page","link":"https:\/\/michaelshof-sammatz.de\/blog\/michaelshof-events\/waldseekonzerte5blauestunde\/","title":{"rendered":"Waldseekonzert | 2019\/05"},"content":{"rendered":"\n<h1 class=\"wp-block-heading\">Die blaue Stunde der Romantik<\/h1>\n\n\n\n<div style=\"height:50px\" aria-hidden=\"true\" class=\"wp-block-spacer\"><\/div>\n\n\n\n<h3 class=\"wp-block-heading\"><br><strong>Samstag, 07. September, 18:00 Uhr<\/strong> <\/h3>\n\n\n\n<h4><strong>Duo-Abend f\u00fcr Violine und Klavier.<br>\n            Werke von Clara und Robert Schumann, Johannes Brahms und Franz Liszt<\/strong>\n<\/h4>&nbsp;\n\n<div style=\"background-color: #a74b9b; margin-bottom: 15px; padding-left: 25px;\">\n    <p style=\"font-size:18px; padding: 5px 5px 5px 5px; text-align: left; color: #FFFFFF;\">\n        <span style=\"margin-right: 50px;\">Konzertkarten bestellen<\/span><strong> \n          <a style=\"color:#FFFFFF; margin-right: 25px;\" href=\"https:\/\/michaelshof-sammatz.de\/blog\/product\/die_blaue_stunde_der_romantik_20190907\/\" target=\"_blank\" rel=\"noopener noreferrer\">mit&nbsp;PayPal<\/a>\n        <a style=\"color:#FFFFFF;\" href=\"https:\/\/michaelshof-sammatz.de\/blog\/michaelshof-events\/book-concert\/?event=Die%20blaue%20Stunde%20der%20Romantik\" target=\"_blank\" rel=\"noopener noreferrer\">per&nbsp;E&#x2011;Mail\n        <\/a><\/strong>\n    <\/p>\n<\/div>\n\n<div>\n    <div class=\"ArtistImageContainer\">\n        <img decoding=\"async\" class=\"ArtistImage alignnone\" src=\"https:\/\/michaelshof-sammatz.de\/blog\/wp-content\/uploads\/2019\/04\/Concert_201905_Sophie_Heinrich.jpg\" alt=\"Sophie Heinrich\">\n        <p>Sophie Heinrich \u2013 Violine<\/p>\n    <\/div>\n    <div class=\"ArtistImageContainer\">  \n        <img decoding=\"async\" class=\"ArtistImage alignnone\" src=\"https:\/\/michaelshof-sammatz.de\/blog\/wp-content\/uploads\/2019\/04\/Concert_201905_Paul_Rivinius.jpg\" alt=\"Paul Rivinius\">\n        <p>Paul Rivinius \u2013 Klavier<\/p>\n    <\/div>\n<\/div>\n<div class=\"clear_fix\"><\/div>\n\n\n    <p style=\"background-color:#6dc8ce;color:#ffffff;font-size:21px;text-align:left\" class=\"has-text-color has-background\"><strong>SOPHIE HEINRICH<\/strong><\/p>\n    <p><strong>SOPHIE HEINRICH<\/strong>\n        \n       begann mit vier Jahren das Geigenspiel und steht seitdem auf der B\u00fchne. Sie studierte in Berlin und L\u00fcbeck, zus\u00e4tzliche musikalische Anregungen erhielt sie u.a. bei Gidon Kremer, Midori, Isabelle van Keulen und dem Artemis-Quartett. Sie ist Gewinnerin und Preistr\u00e4gerin mehrerer internationaler Wettbewerbe.<br><br>\n\n        Sie war viele Jahre 1. Konzertmeisterin der Komischen Oper Berlin. Seit Juli 2019 ist sie 1. Konzertmeisterin der Wiener Symphoniker. Au\u00dferdem gastiert sie regelm\u00e4\u00dfig als Konzertmeisterin in Orchestern wie dem Symphonieorchester des Bayerischen Rundfunks.<br><br>\n\n        Sophie Heinrich engagiert sich f\u00fcr aktuelle Musik und gastiert bei internationalen Festivals. Als Mitglied des Decoder Ensemble gestaltet sie seit der Saison 2017\/2018 eine eigene Konzertreihe namens \u201eUnterdeck\u201c in der Hamburger Elbphilharmonie mit wechselnden G\u00e4sten.\n    <\/p>\n    <br>\n    \n    <p style=\"background-color:#808f9e;color:#ffffff;font-size:21px;text-align:right;\" class=\"has-text-color has-background\"><strong>PAUL RIVINIUS <\/strong><\/p>\n    <p><strong>PAUL RIVINIUS <\/strong> \n        \n        erhielt seinen ersten Klavierunterricht im Alter von f\u00fcnf Jahren. 1994 wurde er in die Meisterklasse von Gerhard Oppitz an der Musikhochschule M\u00fcnchen aufgenommen, die er 1998 mit Auszeichnung abschloss. Paul Rivinius war langj\u00e4hriges Mitglied im Bundesjugendorchester und im Gustav Mahler Jugendorchester.<br><br>\n\n        Mit dem 1986 gegr\u00fcndeten Clemente Trio gewann er 1998 den renommierten ARD-Musikwettbewerb in M\u00fcnchen. Zusammen mit Musikern des Deutschen Symphonie Orchesters Berlin bildet er das Akanthus Ensemble, und seit 2004 geh\u00f6rt er dem Mozart Piano Quartet an.<br><br>\n\n        Zahlreiche Rundfunk- und CD- Produktionen dokumentieren seine k\u00fcnstlerische Arbeit. Paul Rivinius lehrte auch viele Jahre als Professor f\u00fcr Kammermusik an der Musikhochschule Hanns Eisler in Berlin.\n    <\/p>\n\n\n\n<div style=\"height:40px\" aria-hidden=\"true\" class=\"wp-block-spacer\"><\/div>\n","protected":false},"excerpt":{"rendered":"<p>Die blaue Stunde der Romantik Samstag, 07. September, 18:00 Uhr Duo-Abend f\u00fcr Violine und Klavier. Werke von Clara und Robert Schumann, Johannes Brahms und Franz Liszt &nbsp; Konzertkarten bestellen mit&nbsp;PayPal per&nbsp;E&#x2011;Mail Sophie Heinrich \u2013 Violine Paul Rivinius \u2013 Klavier SOPHIE HEINRICH SOPHIE HEINRICH begann mit vier Jahren das Geigenspiel und steht seitdem auf der B\u00fchne. [&hellip;]<\/p>\n","protected":false},"author":1,"featured_media":0,"parent":354,"menu_order":0,"comment_status":"closed","ping_status":"closed","template":"","meta":{"footnotes":""},"class_list":["post-17724","page","type-page","status-publish","hentry"],"jetpack_sharing_enabled":true,"jetpack_shortlink":"https:\/\/wp.me\/PaQBcD-4BS","jetpack-related-posts":[],"_links":{"self":[{"href":"https:\/\/michaelshof-sammatz.de\/blog\/wp-json\/wp\/v2\/pages\/17724"}],"collection":[{"href":"https:\/\/michaelshof-sammatz.de\/blog\/wp-json\/wp\/v2\/pages"}],"about":[{"href":"https:\/\/michaelshof-sammatz.de\/blog\/wp-json\/wp\/v2\/types\/page"}],"author":[{"embeddable":true,"href":"https:\/\/michaelshof-sammatz.de\/blog\/wp-json\/wp\/v2\/users\/1"}],"replies":[{"embeddable":true,"href":"https:\/\/michaelshof-sammatz.de\/blog\/wp-json\/wp\/v2\/comments?post=17724"}],"version-history":[{"count":23,"href":"https:\/\/michaelshof-sammatz.de\/blog\/wp-json\/wp\/v2\/pages\/17724\/revisions"}],"predecessor-version":[{"id":24956,"href":"https:\/\/michaelshof-sammatz.de\/blog\/wp-json\/wp\/v2\/pages\/17724\/revisions\/24956"}],"up":[{"embeddable":true,"href":"https:\/\/michaelshof-sammatz.de\/blog\/wp-json\/wp\/v2\/pages\/354"}],"wp:attachment":[{"href":"https:\/\/michaelshof-sammatz.de\/blog\/wp-json\/wp\/v2\/media?parent=17724"}],"curies":[{"name":"wp","href":"https:\/\/api.w.org\/{rel}","templated":true}]}}