

{"id":19302,"date":"2019-05-02T09:52:14","date_gmt":"2019-05-02T07:52:14","guid":{"rendered":"https:\/\/michaelshof-sammatz.de\/blog\/?page_id=19302"},"modified":"2025-09-02T11:56:34","modified_gmt":"2025-09-02T09:56:34","slug":"impressum","status":"publish","type":"page","link":"https:\/\/michaelshof-sammatz.de\/blog\/impressum\/","title":{"rendered":"Impressum"},"content":{"rendered":"\n<?php ch_title(\"Impressum\"); ?>\n\n\n\n<div class=\"row justify-content-center\">\n        <div class=\"col-12 col-sm-10 col-md-8 col-lg-6 imprint\">\n            <h1>Impressum<\/h1>\n            <h3>Michaelshof Stiftung<\/h3>\n            <p>\n               \n                Im&nbsp;Dorfe&nbsp;11<br>\n                29490&nbsp;&nbsp;Sammatz\n            <\/p>\n                \n            <p>\n                Tel: 01775499911<br>\n                Mail: Michaelshof@sammatz.de            <\/p>\n                \n            <p>\n                <strong>\n                    Vertreten&nbsp;durch:\n                <\/strong><br>\n                Felix Drossel,\n                Malte Diekmann\n            <\/p>\n                <p>\n                <strong>\n                    T\u00e4tigkeitsbereiche\n                <\/strong><br>\n                Fundraising und Spenden, Vermietung und Verwaltung von Immobilien, Unterst\u00fctzung von gemeinn\u00fctzigen Projekten und bed\u00fcrftigen Menschen            \n                \n            <h3>Michaelshof Gem gGmbH<\/h3>\n            \n            <p>\n               \n                Im&nbsp;Dorfe&nbsp;11<br>\n                29490&nbsp;&nbsp;Sammatz\n            <\/p>\n             <p>\n                Tel: 0151 11221182<br>\n                Mail: Info@peronnik.de            \n             <\/p>   \n             <p>\n                <strong>\n                    Vertreten&nbsp;durch:\n                <\/strong><br>\n                Janet Haacke, Hannah J\u00fclich, Anna Schilling            \n             <\/p>\n             <p>\n                  Umsatzsteuer-ID: DE360213055<br>\n                  Handelsregister: HRB 210959<br>\n                  Registergericht: Amtsgericht L\u00fcneburg<br>             \n                <\/p>\n                <p>\n                <strong>\n                    T\u00e4tigkeitsbereiche\n                <\/strong><br>\n                       Kinder- und Jugendhilfeeinrichtung Peronnik, Selma \n                       Lagerl\u00f6f-Schule (F\u00f6rderschule), Landbau- und \n                       Sozialpraktika, Garten und \n                       Park, Landwirtschaft, Seminare und \n                       Veranstaltungen<br>                \n                <\/p>\n               <h3>Michaelshof Pro GmbH<\/h3>\n            \n            <p>\n               \n                Im&nbsp;Dorfe&nbsp;11<br>\n                29490&nbsp;&nbsp;Sammatz\n            <\/p>\n             <p>\n                Tel:0585897030<br>\n                Mail: Michaelshof@sammatz.de            \n             <\/p>   \n             <p>\n                <strong>\n                    Vertreten&nbsp;durch:\n                <\/strong><br>\n                  Claudia Brady, Johanna M\u00f6hle, Jakob Schl\u00fcter\n             <\/p>\n             <p>\n                  Umsatzsteuer-ID: DE362772613<br>\n                  Handelsregister: HRB 211422<br>\n                  Registergericht: Amtsgericht L\u00fcneburg<br>             \n                <\/p>\n                <p>\n                <strong>\n                    T\u00e4tigkeitsbereiche\n                <\/strong><br>\n                       T\u00e4tigkeitsbereiche: Caf\u00e9, Hofladen, Onlineshop, \n                       Marktwagen, Events, G\u00e4stehaus, verarbeitende Betriebe \n                       wie Meierei, B\u00e4ckerei und Gelaterie, Druckerei und \n                       Scanfabrik <br>                \n                <\/p>        \n      <\/div>\n    <\/div>\n\n\n\n<div class=\"wp-block-media-text alignwide is-stacked-on-mobile\"><figure class=\"wp-block-media-text__media\"><\/figure><div class=\"wp-block-media-text__content\">\n<p><\/p>\n<\/div><\/div>\n\n\n\n<div data-wp-interactive=\"core\/file\" class=\"wp-block-file aligncenter\"><object data-wp-bind--hidden=\"!state.hasPdfPreview\"  class=\"wp-block-file__embed\" data=\"https:\/\/michaelshof-sammatz.de\/blog\/wp-content\/uploads\/2025\/06\/VermAnlG_VIB_Michaelshof_Schule_160625.pdf\" type=\"application\/pdf\" style=\"width:100%;height:600px\" aria-label=\"Einbettung von VermAnlG_VIB_Xavin.\"><\/object><a id=\"wp-block-file--media-e90370de-72ba-4c32-9ce4-3ee2836f0636\" href=\"https:\/\/michaelshof-sammatz.de\/blog\/wp-content\/uploads\/2025\/06\/VermAnlG_VIB_Michaelshof_Schule_160625.pdf\">VermAnlG_VIB_Xavin<\/a><a href=\"https:\/\/michaelshof-sammatz.de\/blog\/wp-content\/uploads\/2025\/06\/VermAnlG_VIB_Michaelshof_Schule_160625.pdf\" class=\"wp-block-file__button wp-element-button\" download aria-describedby=\"wp-block-file--media-e90370de-72ba-4c32-9ce4-3ee2836f0636\">Download<\/a><\/div>\n\n\n\n<div>\n<strong>\n                    Wichtiger Hinweis:\n                <\/strong><br>\n                       Bei diesem Projekt handelt es sich um eine Vermittlung gem\u00e4\u00df \u00a72a VermAnlG.\nHinweis gem\u00e4\u00df \u00a7 12 Abs. 2 Verm\u00f6gensanlagegesetz: <br> Der Erwerb dieser Verm\u00f6gensanlage ist mit erheblichen Risiken verbunden und kann zum vollst\u00e4ndigen Verlust des eingesetzten Verm\u00f6gens f\u00fchren. <br>                \n                <\/p>        \n      <\/div>\n\n\n\n<p><\/p>\n","protected":false},"excerpt":{"rendered":"<p>Impressum Michaelshof Stiftung Im&nbsp;Dorfe&nbsp;11 29490&nbsp;&nbsp;Sammatz Tel: 01775499911 Mail: Michaelshof@sammatz.de Vertreten&nbsp;durch: Felix Drossel, Malte Diekmann T\u00e4tigkeitsbereiche Fundraising und Spenden, Vermietung und Verwaltung von Immobilien, Unterst\u00fctzung von gemeinn\u00fctzigen Projekten und bed\u00fcrftigen Menschen Michaelshof Gem gGmbH Im&nbsp;Dorfe&nbsp;11 29490&nbsp;&nbsp;Sammatz Tel: 0151 11221182 Mail: Info@peronnik.de Vertreten&nbsp;durch: Janet Haacke, Hannah J\u00fclich, Anna Schilling Umsatzsteuer-ID: DE360213055 Handelsregister: HRB 210959 Registergericht: Amtsgericht L\u00fcneburg [&hellip;]<\/p>\n","protected":false},"author":4,"featured_media":0,"parent":0,"menu_order":0,"comment_status":"closed","ping_status":"closed","template":"","meta":{"footnotes":""},"class_list":["post-19302","page","type-page","status-publish","hentry"],"jetpack_sharing_enabled":true,"jetpack_shortlink":"https:\/\/wp.me\/PaQBcD-51k","jetpack-related-posts":[],"_links":{"self":[{"href":"https:\/\/michaelshof-sammatz.de\/blog\/wp-json\/wp\/v2\/pages\/19302"}],"collection":[{"href":"https:\/\/michaelshof-sammatz.de\/blog\/wp-json\/wp\/v2\/pages"}],"about":[{"href":"https:\/\/michaelshof-sammatz.de\/blog\/wp-json\/wp\/v2\/types\/page"}],"author":[{"embeddable":true,"href":"https:\/\/michaelshof-sammatz.de\/blog\/wp-json\/wp\/v2\/users\/4"}],"replies":[{"embeddable":true,"href":"https:\/\/michaelshof-sammatz.de\/blog\/wp-json\/wp\/v2\/comments?post=19302"}],"version-history":[{"count":59,"href":"https:\/\/michaelshof-sammatz.de\/blog\/wp-json\/wp\/v2\/pages\/19302\/revisions"}],"predecessor-version":[{"id":32262,"href":"https:\/\/michaelshof-sammatz.de\/blog\/wp-json\/wp\/v2\/pages\/19302\/revisions\/32262"}],"wp:attachment":[{"href":"https:\/\/michaelshof-sammatz.de\/blog\/wp-json\/wp\/v2\/media?parent=19302"}],"curies":[{"name":"wp","href":"https:\/\/api.w.org\/{rel}","templated":true}]}}