

{"id":24798,"date":"2019-08-15T09:20:26","date_gmt":"2019-08-15T07:20:26","guid":{"rendered":"https:\/\/michaelshof-sammatz.de\/blog\/?page_id=24798"},"modified":"2019-10-01T11:57:32","modified_gmt":"2019-10-01T09:57:32","slug":"michaelshof-events-seminar-ruckblick-2019-mai-04","status":"publish","type":"page","link":"https:\/\/michaelshof-sammatz.de\/blog\/michaelshof-events-seminar-ruckblick-2019-mai-04\/","title":{"rendered":"Seminar-R\u00fcckblick | 2019\/04 | Wildbienen f\u00f6rdern"},"content":{"rendered":"\n<div class=\"container-fluid seminarTeaserContainer\">\n  <div class=\"row no-gutters\">\n\n\n\n<!-- THIS IS THE TEASER IMAGE FOR LARGE DEVICES. -->\n<div class=\"d-none d-md-block col-md-12 seminarTeaser\">\n\n  <div class=\"seminarTeaserTextbox\">\n    <span class=\"seminarTeaserHL\">Wildbienen f\u00f6rdern!<\/span><br>\n    <span class=\"seminarTeaserSL\">Leitung: Hermann Hunfeld, B. Sc. Sara Gro\u00df<\/span><br><br>\n    <span class=\"seminarTeaserReview\">R\u00fcckblick<\/span>\n  <\/div>\n\n  <div>\n    <svg class=\"seminarTeaserShape\" version=\"1.1\" id=\"Ebene_1\" xmlns=\"http:\/\/www.w3.org\/2000\/svg\" xmlns:xlink=\"http:\/\/www.w3.org\/1999\/xlink\" x=\"0px\" y=\"0px\" viewBox=\"0 0 337.23 239.53\" style=\"enable-background:new 0 0 337.23 239.53;\" xml:space=\"preserve\">\n      <style type=\"text\/css\">\n        .st0{fill:#6ec9ce;}\n      <\/style>\n      <polygon class=\"st0\" points=\"337.23,239.53 337.23,0 182.83,0 0,239.53 \"><\/polygon>\n    <\/svg>\n  <\/div> \n\n  <div class=\"seminarTeaserImageBox\">\n    <img decoding=\"async\" class=\"seminarTeaserImage\" src=\"https:\/\/michaelshof-sammatz.de\/blog\/wp-content\/uploads\/2019\/08\/Seminar_Review_Wildbienen_2019_teaser_bg.jpg\" alt=\"Michaelshof Sammatz Seminar R\u00fcckblick Teaser Wildbienen f\u00f6rdern\">\n  <\/div>\n<\/div>\n\n\n\n<!-- THIS IS THE TEASER IMAGE FOR SMALL DEVICES. -->\n<div class=\"d-block d-md-none col-12 seminarTeaserSmall \">\n    <img decoding=\"async\" src=\"https:\/\/michaelshof-sammatz.de\/blog\/wp-content\/uploads\/2019\/08\/Seminar_Review_Wildbienen_2019_teaser_bg.jpg\" alt=\"Michaelshof Sammatz Seminar R\u00fcckblick Teaser Wildbienen f\u00f6rdern\">\n\n  <div class=\"seminarTeaserTextboxSmall lightBlue\">\n    <span class=\"seminarTeaserHL\">Wildbienen f\u00f6rdern!<\/span><br>\n    <span class=\"seminarTeaserSL\">Leitung: Hermann Hunfeld, B. Sc. Sara Gro\u00df<\/span><br><br>\n    <span class=\"seminarTeaserReview\">R\u00fcckblick<\/span>\n  <\/div>\n<!-- closing Teaser Image Column -->\n<\/div>\n<!-- closing Teaser Image Row -->\n<\/div>\n\n\n\n<div class=\"row seminarReviewTextHeadline\">\n  <div class=\"col-12\">\n    <h1 class=\"seminarH1 lightBlueText\">\u00bbWildbienen f\u00f6rdern!\u00ab, 12.05.2019 im \u00bbHaus&nbsp;der&nbsp;Natur\u00ab<\/h1>\n  <\/div>\n<\/div>\n\n\n\n<div class=\"row no-gutters\">\n  <div class=\"col-sm-12 seminarMargin\">\n    <h4 class=\"lightBlueText seminarReviewTextSubline\">Vortrag<\/h4>\n  <\/div>\n<\/div>\n<div class=\"row no-gutters\">\n  <div class=\"col-sm-12 col-lg-8\">\n    <div class=\"seminarTwoColText\">\n      <p>\nTolle Fotografien unserer heimischen Wildbienen schm\u00fcckten die W\u00e4nde des Seminarraumes. Die Ausstellungstische waren mit allerlei N\u00fctzlichem rund um die Biene eingedeckt. Verschiedene Nisthilfen wechselten sich mit Insektenschauk\u00e4sten, B\u00fcchern und Brosch\u00fcren sowie einer gro\u00dfen Auswahl an Saatgut ab. \nHermann Hunfeld, der Hobby-Wildbienenforscher, kam aus Dortmund angereist, um unseren Teilnehmern in einem zweist\u00fcndigen Vortrag viel Interessantes \u00fcber das Leben der Wildbienen an und in unseren Nisthilfen zu berichten. Lebensweise und Entwicklung der in Brutr\u00f6hren nistenden Arten sowie die \u00f6kologische und \u00f6konomische Bedeutung im Allgemeinen waren Thema seines Vortrages, besonderes Gewicht legte er auf Schutzma\u00dfnahmen durch den Anbau geeigneter Nahrungspflanzen.\n       <\/p>\n     <\/div>\n   <\/div>\n\n\n\n<!--  Blog Image 01 for large devices  -->\n<!--  Image data is specified in CSS  -->\n  <div class=\"d-none d-lg-block col-lg-4  seminarReviewBlogImageThirdcol wildbienen\">\n      <div class=\"seminarReviewBlogImageTitle lightBlue\">\n        Wildbienen Nisthilfe\n      <\/div>\n  <\/div>\n\n  <!-- Blog Image 01 for small devices  -->\n  <div class=\"d-block d-lg-none col-sm-12 seminarReviewBlogImageThirdcol wildbienen\">\n    <div class=\"seminarReviewBlogImageTitle lessText lightBlue\">\n      Wildbienen Nisthilfe\n    <\/div>\n  <\/div>\n\n<\/div>\n\n\n\n<div class=\"row no-gutters\">\n  <div class=\"col-sm-12 seminarReviewBlogImageBox\">\n\n\n\n<figure class=\"wp-block-image\"><img fetchpriority=\"high\" decoding=\"async\" width=\"1024\" height=\"496\" data-attachment-id=\"24841\" data-permalink=\"https:\/\/michaelshof-sammatz.de\/blog\/seminar_review_wildbienen_2019_blogimage_02\/\" data-orig-file=\"https:\/\/michaelshof-sammatz.de\/blog\/wp-content\/uploads\/2019\/08\/Seminar_Review_Wildbienen_2019_blogImage_02.jpg\" data-orig-size=\"1066,516\" data-comments-opened=\"0\" data-image-meta=\"{&quot;aperture&quot;:&quot;0&quot;,&quot;credit&quot;:&quot;&quot;,&quot;camera&quot;:&quot;&quot;,&quot;caption&quot;:&quot;&quot;,&quot;created_timestamp&quot;:&quot;0&quot;,&quot;copyright&quot;:&quot;&quot;,&quot;focal_length&quot;:&quot;0&quot;,&quot;iso&quot;:&quot;0&quot;,&quot;shutter_speed&quot;:&quot;0&quot;,&quot;title&quot;:&quot;&quot;,&quot;orientation&quot;:&quot;0&quot;}\" data-image-title=\"Seminar_Review_Wildbienen_2019_blogImage_02\" data-image-description=\"\" data-image-caption=\"\" data-medium-file=\"https:\/\/michaelshof-sammatz.de\/blog\/wp-content\/uploads\/2019\/08\/Seminar_Review_Wildbienen_2019_blogImage_02-300x145.jpg\" data-large-file=\"https:\/\/michaelshof-sammatz.de\/blog\/wp-content\/uploads\/2019\/08\/Seminar_Review_Wildbienen_2019_blogImage_02-1024x496.jpg\" tabindex=\"0\" role=\"button\" src=\"https:\/\/michaelshof-sammatz.de\/blog\/wp-content\/uploads\/2019\/08\/Seminar_Review_Wildbienen_2019_blogImage_02-1024x496.jpg\" alt=\"Michaelshof Sammatz Seminar Wildbienen f\u00f6rdern Review Image 02\" class=\"wp-image-24841\" srcset=\"https:\/\/michaelshof-sammatz.de\/blog\/wp-content\/uploads\/2019\/08\/Seminar_Review_Wildbienen_2019_blogImage_02-1024x496.jpg 1024w, https:\/\/michaelshof-sammatz.de\/blog\/wp-content\/uploads\/2019\/08\/Seminar_Review_Wildbienen_2019_blogImage_02-150x73.jpg 150w, https:\/\/michaelshof-sammatz.de\/blog\/wp-content\/uploads\/2019\/08\/Seminar_Review_Wildbienen_2019_blogImage_02-300x145.jpg 300w, https:\/\/michaelshof-sammatz.de\/blog\/wp-content\/uploads\/2019\/08\/Seminar_Review_Wildbienen_2019_blogImage_02-768x372.jpg 768w, https:\/\/michaelshof-sammatz.de\/blog\/wp-content\/uploads\/2019\/08\/Seminar_Review_Wildbienen_2019_blogImage_02-600x290.jpg 600w, https:\/\/michaelshof-sammatz.de\/blog\/wp-content\/uploads\/2019\/08\/Seminar_Review_Wildbienen_2019_blogImage_02.jpg 1066w\" sizes=\"(max-width: 1024px) 100vw, 1024px\" \/><\/figure>\n\n\n\n<div class=\"seminarReviewBlogImageTitle lessText lightBlue\">\n      Arbeiten an der selbstgebauten Nisthilfe.\n    <\/div>\n  <\/div>\n<\/div>\n\n\n\n<div class=\"row no-gutters\">\n  <div class=\"col-sm-12 seminarMargin\">\n    <h4 class=\"seminarReviewTextSubline lightBlueText\">\n      Praxisseminar\n    <\/h4>\n  <\/div>\n<\/div>\n\n<div class=\"row no-gutters\">\n  <div class=\"col-12\">\n    <div class=\"seminarThreeColText\">\n      <p>\n        Nach einer Mittagspause mit Br\u00f6tchen und Kaffee ging es weiter mit dem Bau einer kleinen Nisthilfe aus Bambus-R\u00f6hrchen. Messen, s\u00e4gen, schleifen \u2013 mit etwas handwerklichem Geschick und Geduld konnte sich jeder seine Nisthilfe zusammenstellen. \nIm Anschluss gab es einen Vortrag \u00fcber die Wildbienen in Sammatz, die im Rahmen eines Monitorings gerade intensiv erforscht werden. Die verschiedenen Wildbienen-Gattungen \u2013 wie Wespenbienen, Sandbienen, Blutbienen oder Seidenbienen \u2013 wurden vorgestellt. Einige Exemplare wurden herumgereicht und konnten mit Lupen betrachtet werden. Wie so oft bei naturkundlichen Themen waren die Vielfalt und die faszinierenden Details das besonders Begeisternde. Biene ist nicht gleich Biene, auch in ihren Lebensweisen unterscheiden sich die Tiere radikal. Manche leben solit\u00e4r, andere in Kommunen, auch noch recht unerforschte Lebensweisen, wie die Bildung kleiner Gruppen mit nicht verwandten Arbeiterinnen und wechselnder K\u00f6nigin wurden vorgestellt.\n       <\/p>\n     <\/div>\n   <\/div>\n<\/div>\n\n\n\n<div class=\"row\">\n  <div class=\"col-xs-12 col-md-6 seminarReviewBlogImageBox\">\n\n\n\n<figure class=\"wp-block-image\"><img decoding=\"async\" width=\"683\" height=\"1024\" data-attachment-id=\"24851\" data-permalink=\"https:\/\/michaelshof-sammatz.de\/blog\/seminar_review_wildbienen_2019_blogimage_03\/\" data-orig-file=\"https:\/\/michaelshof-sammatz.de\/blog\/wp-content\/uploads\/2019\/08\/Seminar_Review_Wildbienen_2019_blogImage_03.jpg\" data-orig-size=\"1066,1599\" data-comments-opened=\"0\" data-image-meta=\"{&quot;aperture&quot;:&quot;0&quot;,&quot;credit&quot;:&quot;&quot;,&quot;camera&quot;:&quot;&quot;,&quot;caption&quot;:&quot;&quot;,&quot;created_timestamp&quot;:&quot;0&quot;,&quot;copyright&quot;:&quot;&quot;,&quot;focal_length&quot;:&quot;0&quot;,&quot;iso&quot;:&quot;0&quot;,&quot;shutter_speed&quot;:&quot;0&quot;,&quot;title&quot;:&quot;&quot;,&quot;orientation&quot;:&quot;0&quot;}\" data-image-title=\"Seminar_Review_Wildbienen_2019_blogImage_03\" data-image-description=\"\" data-image-caption=\"\" data-medium-file=\"https:\/\/michaelshof-sammatz.de\/blog\/wp-content\/uploads\/2019\/08\/Seminar_Review_Wildbienen_2019_blogImage_03-200x300.jpg\" data-large-file=\"https:\/\/michaelshof-sammatz.de\/blog\/wp-content\/uploads\/2019\/08\/Seminar_Review_Wildbienen_2019_blogImage_03-683x1024.jpg\" tabindex=\"0\" role=\"button\" src=\"https:\/\/michaelshof-sammatz.de\/blog\/wp-content\/uploads\/2019\/08\/Seminar_Review_Wildbienen_2019_blogImage_03-683x1024.jpg\" alt=\"Michaelshof Sammatz Seminar Wildbienen f\u00f6rdern Review Image 03\" class=\"wp-image-24851\" srcset=\"https:\/\/michaelshof-sammatz.de\/blog\/wp-content\/uploads\/2019\/08\/Seminar_Review_Wildbienen_2019_blogImage_03-683x1024.jpg 683w, https:\/\/michaelshof-sammatz.de\/blog\/wp-content\/uploads\/2019\/08\/Seminar_Review_Wildbienen_2019_blogImage_03-100x150.jpg 100w, https:\/\/michaelshof-sammatz.de\/blog\/wp-content\/uploads\/2019\/08\/Seminar_Review_Wildbienen_2019_blogImage_03-200x300.jpg 200w, https:\/\/michaelshof-sammatz.de\/blog\/wp-content\/uploads\/2019\/08\/Seminar_Review_Wildbienen_2019_blogImage_03-768x1152.jpg 768w, https:\/\/michaelshof-sammatz.de\/blog\/wp-content\/uploads\/2019\/08\/Seminar_Review_Wildbienen_2019_blogImage_03-300x450.jpg 300w, https:\/\/michaelshof-sammatz.de\/blog\/wp-content\/uploads\/2019\/08\/Seminar_Review_Wildbienen_2019_blogImage_03-600x900.jpg 600w, https:\/\/michaelshof-sammatz.de\/blog\/wp-content\/uploads\/2019\/08\/Seminar_Review_Wildbienen_2019_blogImage_03.jpg 1066w\" sizes=\"(max-width: 683px) 100vw, 683px\" \/><\/figure>\n\n\n\n<div class=\"seminarReviewBlogImageTitle lessText lightBlue\">\n      Zufriedener Teilnehmer Mark mit seiner fertigen Nisthilfe.\n    <\/div>\n  <\/div>\n\n\n\n<div class=\"col-xs-12 col-md-6 seminarReviewBlogImageBox\">\n\n\n\n<figure class=\"wp-block-image\"><img decoding=\"async\" width=\"683\" height=\"1024\" data-attachment-id=\"24852\" data-permalink=\"https:\/\/michaelshof-sammatz.de\/blog\/seminar_review_wildbienen_2019_blogimage_04\/\" data-orig-file=\"https:\/\/michaelshof-sammatz.de\/blog\/wp-content\/uploads\/2019\/08\/Seminar_Review_Wildbienen_2019_blogImage_04.jpg\" data-orig-size=\"1066,1599\" data-comments-opened=\"0\" data-image-meta=\"{&quot;aperture&quot;:&quot;0&quot;,&quot;credit&quot;:&quot;&quot;,&quot;camera&quot;:&quot;&quot;,&quot;caption&quot;:&quot;&quot;,&quot;created_timestamp&quot;:&quot;0&quot;,&quot;copyright&quot;:&quot;&quot;,&quot;focal_length&quot;:&quot;0&quot;,&quot;iso&quot;:&quot;0&quot;,&quot;shutter_speed&quot;:&quot;0&quot;,&quot;title&quot;:&quot;&quot;,&quot;orientation&quot;:&quot;0&quot;}\" data-image-title=\"Seminar_Review_Wildbienen_2019_blogImage_04\" data-image-description=\"\" data-image-caption=\"\" data-medium-file=\"https:\/\/michaelshof-sammatz.de\/blog\/wp-content\/uploads\/2019\/08\/Seminar_Review_Wildbienen_2019_blogImage_04-200x300.jpg\" data-large-file=\"https:\/\/michaelshof-sammatz.de\/blog\/wp-content\/uploads\/2019\/08\/Seminar_Review_Wildbienen_2019_blogImage_04-683x1024.jpg\" tabindex=\"0\" role=\"button\" src=\"https:\/\/michaelshof-sammatz.de\/blog\/wp-content\/uploads\/2019\/08\/Seminar_Review_Wildbienen_2019_blogImage_04-683x1024.jpg\" alt=\"Michaelshof Sammatz Seminar Wildbienen f\u00f6rdern Review Image 04\" class=\"wp-image-24852\" srcset=\"https:\/\/michaelshof-sammatz.de\/blog\/wp-content\/uploads\/2019\/08\/Seminar_Review_Wildbienen_2019_blogImage_04-683x1024.jpg 683w, https:\/\/michaelshof-sammatz.de\/blog\/wp-content\/uploads\/2019\/08\/Seminar_Review_Wildbienen_2019_blogImage_04-100x150.jpg 100w, https:\/\/michaelshof-sammatz.de\/blog\/wp-content\/uploads\/2019\/08\/Seminar_Review_Wildbienen_2019_blogImage_04-200x300.jpg 200w, https:\/\/michaelshof-sammatz.de\/blog\/wp-content\/uploads\/2019\/08\/Seminar_Review_Wildbienen_2019_blogImage_04-768x1152.jpg 768w, https:\/\/michaelshof-sammatz.de\/blog\/wp-content\/uploads\/2019\/08\/Seminar_Review_Wildbienen_2019_blogImage_04-300x450.jpg 300w, https:\/\/michaelshof-sammatz.de\/blog\/wp-content\/uploads\/2019\/08\/Seminar_Review_Wildbienen_2019_blogImage_04-600x900.jpg 600w, https:\/\/michaelshof-sammatz.de\/blog\/wp-content\/uploads\/2019\/08\/Seminar_Review_Wildbienen_2019_blogImage_04.jpg 1066w\" sizes=\"(max-width: 683px) 100vw, 683px\" \/><\/figure>\n\n\n\n<div class=\"seminarReviewBlogImageTitle lessText lightBlue\">\n      Gesch\u00e4ftiges Messen, Anzeichnen und Zuschneiden.\n    <\/div>\n  <\/div>\n<\/div>\n\n\n\n<div class=\"row\">\n  <div class=\"col-sm-12 seminarMargin\">\n    <p>\n    Insgesamt war es ein sch\u00f6ner, abwechslungsreicher Seminartag. Das Interesse am \u201eWildbienenhaus\u201c war so gro\u00df, dass wir zuk\u00fcnftig einen Tagesworkshop anbieten wollen, der sich nur diesem Thema widmet. Helfen wir alle mit, dass es den Bienen gut geht! Mit der Gestaltung bienenfreundlicher G\u00e4rten kann jeder ganz praktisch etwas daf\u00fcr tun.<br><br>\n\nSara Gro\u00df, Haus der Natur\n\n    <\/p>\n  <\/div>\n<\/div>\n\n\n\n<div class=\"row no-gutters\">\n  <div class=\"col-sm-12 seminarReviewBlogImageBox seminarMargin\">\n\n\n\n<figure class=\"wp-block-image\"><img loading=\"lazy\" decoding=\"async\" width=\"1024\" height=\"683\" data-attachment-id=\"24885\" data-permalink=\"https:\/\/michaelshof-sammatz.de\/blog\/seminar_review_wildbienen_2019_blogimage_05\/\" data-orig-file=\"https:\/\/michaelshof-sammatz.de\/blog\/wp-content\/uploads\/2019\/08\/Seminar_Review_Wildbienen_2019_blogImage_05.jpg\" data-orig-size=\"1599,1066\" data-comments-opened=\"0\" data-image-meta=\"{&quot;aperture&quot;:&quot;0&quot;,&quot;credit&quot;:&quot;&quot;,&quot;camera&quot;:&quot;&quot;,&quot;caption&quot;:&quot;&quot;,&quot;created_timestamp&quot;:&quot;0&quot;,&quot;copyright&quot;:&quot;&quot;,&quot;focal_length&quot;:&quot;0&quot;,&quot;iso&quot;:&quot;0&quot;,&quot;shutter_speed&quot;:&quot;0&quot;,&quot;title&quot;:&quot;&quot;,&quot;orientation&quot;:&quot;0&quot;}\" data-image-title=\"Seminar_Review_Wildbienen_2019_blogImage_05\" data-image-description=\"\" data-image-caption=\"\" data-medium-file=\"https:\/\/michaelshof-sammatz.de\/blog\/wp-content\/uploads\/2019\/08\/Seminar_Review_Wildbienen_2019_blogImage_05-300x200.jpg\" data-large-file=\"https:\/\/michaelshof-sammatz.de\/blog\/wp-content\/uploads\/2019\/08\/Seminar_Review_Wildbienen_2019_blogImage_05-1024x683.jpg\" tabindex=\"0\" role=\"button\" src=\"https:\/\/michaelshof-sammatz.de\/blog\/wp-content\/uploads\/2019\/08\/Seminar_Review_Wildbienen_2019_blogImage_05-1024x683.jpg\" alt=\"Michaelshof Sammatz Seminar Wildbienen f\u00f6rdern Review Image 05\" class=\"wp-image-24885\" srcset=\"https:\/\/michaelshof-sammatz.de\/blog\/wp-content\/uploads\/2019\/08\/Seminar_Review_Wildbienen_2019_blogImage_05-1024x683.jpg 1024w, https:\/\/michaelshof-sammatz.de\/blog\/wp-content\/uploads\/2019\/08\/Seminar_Review_Wildbienen_2019_blogImage_05-150x100.jpg 150w, https:\/\/michaelshof-sammatz.de\/blog\/wp-content\/uploads\/2019\/08\/Seminar_Review_Wildbienen_2019_blogImage_05-300x200.jpg 300w, https:\/\/michaelshof-sammatz.de\/blog\/wp-content\/uploads\/2019\/08\/Seminar_Review_Wildbienen_2019_blogImage_05-768x512.jpg 768w, https:\/\/michaelshof-sammatz.de\/blog\/wp-content\/uploads\/2019\/08\/Seminar_Review_Wildbienen_2019_blogImage_05-600x400.jpg 600w, https:\/\/michaelshof-sammatz.de\/blog\/wp-content\/uploads\/2019\/08\/Seminar_Review_Wildbienen_2019_blogImage_05.jpg 1599w\" sizes=\"(max-width: 1024px) 100vw, 1024px\" \/><\/figure>\n\n\n\n<div class=\"seminarReviewBlogImageTitle lessText lightBlue\">\n      Hermann Hunfeld unterst\u00fctzt die Teilnehmer beim Bau der Nisthilfen. \n    <\/div>\n  <\/div>\n<\/div>\n\n\n\n<p style=\"text-align: right;\" \"color:=\"\" #67c8f9;\"=\"\">\n  <a href=\"https:\/\/michaelshof-sammatz.de\/blog\/events-english\/seminar-ruckblicke\/\">\n    <strong>Zur\u00fcck zur \u00dcbersicht<\/strong>\n  <\/a>\n  <br>\n  <a href=\"#headeranchor\">\n    <strong>\n      Zum Seitenanfang \u2191\n    <\/strong>\n  <\/a>\n<\/p>\n\n\n\n<!-- Closing Container -->\n<\/div>\n\n\n\n<p><\/p>\n","protected":false},"excerpt":{"rendered":"<p>Wildbienen f\u00f6rdern! Leitung: Hermann Hunfeld, B. Sc. Sara Gro\u00df R\u00fcckblick Wildbienen f\u00f6rdern! Leitung: Hermann Hunfeld, B. Sc. Sara Gro\u00df R\u00fcckblick \u00bbWildbienen f\u00f6rdern!\u00ab, 12.05.2019 im \u00bbHaus&nbsp;der&nbsp;Natur\u00ab Vortrag Tolle Fotografien unserer heimischen Wildbienen schm\u00fcckten die W\u00e4nde des Seminarraumes. Die Ausstellungstische waren mit allerlei N\u00fctzlichem rund um die Biene eingedeckt. Verschiedene Nisthilfen wechselten sich mit Insektenschauk\u00e4sten, B\u00fcchern und [&hellip;]<\/p>\n","protected":false},"author":4,"featured_media":0,"parent":0,"menu_order":0,"comment_status":"closed","ping_status":"closed","template":"","meta":{"footnotes":""},"class_list":["post-24798","page","type-page","status-publish","hentry"],"jetpack_sharing_enabled":true,"jetpack_shortlink":"https:\/\/wp.me\/PaQBcD-6rY","jetpack-related-posts":[],"_links":{"self":[{"href":"https:\/\/michaelshof-sammatz.de\/blog\/wp-json\/wp\/v2\/pages\/24798"}],"collection":[{"href":"https:\/\/michaelshof-sammatz.de\/blog\/wp-json\/wp\/v2\/pages"}],"about":[{"href":"https:\/\/michaelshof-sammatz.de\/blog\/wp-json\/wp\/v2\/types\/page"}],"author":[{"embeddable":true,"href":"https:\/\/michaelshof-sammatz.de\/blog\/wp-json\/wp\/v2\/users\/4"}],"replies":[{"embeddable":true,"href":"https:\/\/michaelshof-sammatz.de\/blog\/wp-json\/wp\/v2\/comments?post=24798"}],"version-history":[{"count":50,"href":"https:\/\/michaelshof-sammatz.de\/blog\/wp-json\/wp\/v2\/pages\/24798\/revisions"}],"predecessor-version":[{"id":25222,"href":"https:\/\/michaelshof-sammatz.de\/blog\/wp-json\/wp\/v2\/pages\/24798\/revisions\/25222"}],"wp:attachment":[{"href":"https:\/\/michaelshof-sammatz.de\/blog\/wp-json\/wp\/v2\/media?parent=24798"}],"curies":[{"name":"wp","href":"https:\/\/api.w.org\/{rel}","templated":true}]}}