

{"id":24994,"date":"2019-08-29T09:26:05","date_gmt":"2019-08-29T07:26:05","guid":{"rendered":"https:\/\/michaelshof-sammatz.de\/blog\/?page_id=24994"},"modified":"2019-10-01T12:18:25","modified_gmt":"2019-10-01T10:18:25","slug":"michaelshof-events-seminar-ruckblick-2019-05","status":"publish","type":"page","link":"https:\/\/michaelshof-sammatz.de\/blog\/michaelshof-events-seminar-ruckblick-2019-05\/","title":{"rendered":"Seminar-R\u00fcckblick | 2019\/05 | Tagfalter 1"},"content":{"rendered":"\n<div class=\"container-fluid seminarTeaserContainer\">\n  <div class=\"row no-gutters\">\n\n\n\n<!-- THIS IS THE TEASER IMAGE FOR LARGE DEVICES. -->\n<div class=\"d-none d-md-block col-md-12 seminarTeaser\">\n\n  <div class=\"seminarTeaserTextbox\">\n    <span class=\"seminarTeaserHL\">Tagfalter \u2013 verstehen und erleben<\/span><br>\n    <span class=\"seminarTeaserSL\">Teil 1<\/span><br><br>\n    <span class=\"seminarTeaserReview\">R\u00fcckblick<\/span>\n  <\/div>\n\n  <div>\n    <svg class=\"seminarTeaserShape\" version=\"1.1\" id=\"Ebene_1\" xmlns=\"http:\/\/www.w3.org\/2000\/svg\" xmlns:xlink=\"http:\/\/www.w3.org\/1999\/xlink\" x=\"0px\" y=\"0px\" viewBox=\"0 0 337.23 239.53\" style=\"enable-background:new 0 0 337.23 239.53;\" xml:space=\"preserve\">\n      <style type=\"text\/css\">\n        .st0{fill:#9ba8bf;}\n      <\/style>\n      <polygon class=\"st0\" points=\"337.23,239.53 337.23,0 182.83,0 0,239.53 \"><\/polygon>\n    <\/svg>\n  <\/div> \n\n  <div class=\"seminarTeaserImageBox\">\n    <img decoding=\"async\" class=\"seminarTeaserImage\" src=\"https:\/\/michaelshof-sammatz.de\/blog\/wp-content\/uploads\/2019\/08\/Seminar_Review_Falter1_2019_teaser_bg.jpg\" alt=\"Michaelshof Sammatz Seminar R\u00fcckblick Teaser Tagfalter verstehen und erleben Teil 1\">\n  <\/div>\n<\/div>\n\n\n\n<!-- THIS IS THE TEASER IMAGE FOR SMALL DEVICES. -->\n<div class=\"d-block d-md-none col-12 seminarTeaserSmall\">\n    <img decoding=\"async\" src=\"https:\/\/michaelshof-sammatz.de\/blog\/wp-content\/uploads\/2019\/08\/Seminar_Review_Falter1_2019_teaser_bg.jpg\" alt=\"agfalter verstehen und erleben Teil 1\">\n\n  <div class=\"seminarTeaserTextboxSmall lightPurple\">\n    <span class=\"seminarTeaserHL\">Tagfalter \u2013 verstehen und erleben<\/span><br>\n    <span class=\"seminarTeaserSL\">Teil 1<\/span><br><br>\n    <span class=\"seminarTeaserReview\">R\u00fcckblick<\/span>\n  <\/div>\n<!-- closing Teaser Image Column -->\n<\/div>\n<!-- closing Teaser Image Row -->\n<\/div>\n\n\n\n<div class=\"row seminarReviewTextHeadline\">\n  <div class=\"col-12\">\n    <h1 class=\"seminarH1 lightPurpleText\">\u00bbTagfalterseminar Teil 1\u00ab, 25.05.2019 im \u00bbHaus&nbsp;der&nbsp;Natur\u00ab<\/h1>\n  <\/div>\n<\/div>\n\n\n\n<div class=\"row no-gutters\">\n  <div class=\"col-sm-12 seminarMargin\">\n    <h4 class=\"lightPurpleText seminarReviewTextSubline\">Exkursion<\/h4>\n  <\/div>\n<\/div>\n<div class=\"row no-gutters\">\n  <div class=\"col-sm-12 col-lg-8\">\n    <div class=\"seminarTwoColText\">\n      <p>\nDie Exkursion hatte zum Ziel, die verschiedenen Lebensr\u00e4ume der Tagfalter und ihrer Raupen kennenzulernen \u2013 im Idealfall auch Tagfalter zu fangen und zu bestimmen. 15\u00b0 C, Wind und ein wechselhaft bew\u00f6lkter Himmel boten jedoch keine guten Voraussetzungen, um die zarten Sonnenv\u00f6gel aufzusp\u00fcren. Trotzdem machten wir uns auf den Weg und wurden gl\u00fccklicherweise nicht entt\u00e4uscht, denn einige Falter flogen trotz schlechten Wetters oder lie\u00dfen sich beim Gang durch Feld und Flur aufscheuchen.<br> \nZun\u00e4chst ging es \u00fcber den Acker und durch die Sammatzer G\u00e4rten. Hier wurde der Lebensraum der sogenannten Kulturfolger vorgestellt, wie ihn einige Wei\u00dflings-Arten oder auch die Brennnesselfalter bilden. Es folgte der Lebensraum lichter Wald, das Zuhause des Waldbrettspiels und die Kinderstube des Zitronenfalters, wo wir auch rasch Eier an den vielen Faulb\u00e4umen entdecken konnten. Die Wiese hielt f\u00fcr uns das Kleine Wiesenv\u00f6gelchen bereit; sie ist aber auch Heimat verschiedenster Dickkopffalter-Arten. Zwei weitere Lebensr\u00e4ume schlossen sich an: der Magerrasen, ein El Dorado f\u00fcr Falter, und die Hecke als Bindeglied zwischen verschiedenen Lebensr\u00e4umen. Zuletzt kam der luftfeuchte Wald, wo sich die wundersch\u00f6nen Schillerfalter und Eisv\u00f6gel aufhalten, die wir aber sp\u00e4ter leider nicht zu Gesicht bekamen.<br> \nIn jedem Abschnitt gab es Informationen zu den Raupen-Nahrungspflanzen, den Faltern sowie zur Bedeutung und Gef\u00e4hrdung des Lebensraumes. Insgesamt konnten wir 10 Tagfalter-Arten und zwei Nachtfalter-Arten aufsp\u00fcren; wir haben 31 Raupen-Nahrungspflanzen aufgesucht.<br> \nZuletzt waren die Teilnehmer sehr erfreut, mehr Falter entdeckt zu haben, als wir zu Beginn der Exkursion aufgrund der m\u00e4\u00dfigen Wetterlage erwarten konnten. Am Abend wurde das Thema anhand eines Vortrages weiter vertieft.\n       <\/p>\n     <\/div>\n   <\/div>\n\n\n\n<!--  Blog Image 01 for large devices  -->\n<!--  Image data is specified in CSS  -->\n  <div class=\"d-none d-lg-block col-lg-4  seminarReviewBlogImageThirdcol falter1\">\n      <div class=\"seminarReviewBlogImageTitle lightPurple\">\n        Kaisermantel\n      <\/div>\n  <\/div>\n\n  <!-- Blog Image 01 for small devices  -->\n  <div class=\"d-block d-lg-none col-sm-12 seminarReviewBlogImageThirdcol falter1\">\n    <div class=\"seminarReviewBlogImageTitle lessText lightPurple\">\n      Kaisermantel\n    <\/div>\n  <\/div>\n\n<\/div>\n\n\n\n<div class=\"row no-gutters\">\n  <div class=\"col-sm-12 seminarReviewBlogImageBox\">\n\n\n\n<figure class=\"wp-block-image\"><img fetchpriority=\"high\" decoding=\"async\" width=\"1024\" height=\"496\" data-attachment-id=\"25016\" data-permalink=\"https:\/\/michaelshof-sammatz.de\/blog\/seminar_review_falter1_2019_blogimage_02\/\" data-orig-file=\"https:\/\/michaelshof-sammatz.de\/blog\/wp-content\/uploads\/2019\/08\/Seminar_Review_Falter1_2019_blogImage_02.jpg\" data-orig-size=\"1066,516\" data-comments-opened=\"0\" data-image-meta=\"{&quot;aperture&quot;:&quot;0&quot;,&quot;credit&quot;:&quot;&quot;,&quot;camera&quot;:&quot;&quot;,&quot;caption&quot;:&quot;&quot;,&quot;created_timestamp&quot;:&quot;0&quot;,&quot;copyright&quot;:&quot;&quot;,&quot;focal_length&quot;:&quot;0&quot;,&quot;iso&quot;:&quot;0&quot;,&quot;shutter_speed&quot;:&quot;0&quot;,&quot;title&quot;:&quot;&quot;,&quot;orientation&quot;:&quot;0&quot;}\" data-image-title=\"Seminar_Review_Falter1_2019_blogImage_02\" data-image-description=\"\" data-image-caption=\"\" data-medium-file=\"https:\/\/michaelshof-sammatz.de\/blog\/wp-content\/uploads\/2019\/08\/Seminar_Review_Falter1_2019_blogImage_02-300x145.jpg\" data-large-file=\"https:\/\/michaelshof-sammatz.de\/blog\/wp-content\/uploads\/2019\/08\/Seminar_Review_Falter1_2019_blogImage_02-1024x496.jpg\" tabindex=\"0\" role=\"button\" src=\"https:\/\/michaelshof-sammatz.de\/blog\/wp-content\/uploads\/2019\/08\/Seminar_Review_Falter1_2019_blogImage_02-1024x496.jpg\" alt=\"Michaelshof Sammatz - Tagfalter Seminar Teil 1 - Sara Gro\u00df\" class=\"wp-image-25016\" srcset=\"https:\/\/michaelshof-sammatz.de\/blog\/wp-content\/uploads\/2019\/08\/Seminar_Review_Falter1_2019_blogImage_02-1024x496.jpg 1024w, https:\/\/michaelshof-sammatz.de\/blog\/wp-content\/uploads\/2019\/08\/Seminar_Review_Falter1_2019_blogImage_02-150x73.jpg 150w, https:\/\/michaelshof-sammatz.de\/blog\/wp-content\/uploads\/2019\/08\/Seminar_Review_Falter1_2019_blogImage_02-300x145.jpg 300w, https:\/\/michaelshof-sammatz.de\/blog\/wp-content\/uploads\/2019\/08\/Seminar_Review_Falter1_2019_blogImage_02-768x372.jpg 768w, https:\/\/michaelshof-sammatz.de\/blog\/wp-content\/uploads\/2019\/08\/Seminar_Review_Falter1_2019_blogImage_02-600x290.jpg 600w, https:\/\/michaelshof-sammatz.de\/blog\/wp-content\/uploads\/2019\/08\/Seminar_Review_Falter1_2019_blogImage_02.jpg 1066w\" sizes=\"(max-width: 1024px) 100vw, 1024px\" \/><\/figure>\n\n\n\n<div class=\"seminarReviewBlogImageTitle lessText lightPurple\">\n      Sara Gro\u00df und die Seminarteilnehmer im Feld\n    <\/div>\n  <\/div>\n<\/div>\n\n\n\n<div class=\"row no-gutters\">\n  <div class=\"col-sm-12 seminarMargin\">\n    <h4 class=\"seminarReviewTextSubline lightPurpleText\">\n      Falterfunde der Exkursion\n    <\/h4>\n  <\/div>\n<\/div>\n\n\n\n<div class=\"row no-gutters\">\n\n\n\n<div class=\"col-sm-12 col-md-6\">\n  <ul class=\"seminarList\">\n        <li>\n          Acker\/Garten: Aurorafalter, Kleiner Kohlwei\u00dfling, Gr\u00fcnader-Wei\u00dfling und Admiral\n        <\/li><br>\n        <li>\n          Lichter Wald: Waldbrettspiel, Zitronenfalter, Wei\u00dfspanner (Nachtfalter)\n        <\/li><br>\n        <li>\n          Wiese: Kleines Wiesenv\u00f6gelchen, Kleiner Feuerfalter, Gammaeule (Nachtfalter)\n        <\/li><br>\n        <li>\n          Magerrasen: Hauhechel-Bl\u00e4uling\n        <\/li><br>\n        <li>\n          Hecke: Gro\u00dfer Kohlwei\u00dfling\n        <\/li><br>\n        <li>\n          Luftfeuchter Wald: \u2014\n        <\/li>\n  <\/ul>\n<\/div>\n\n\n\n<div class=\"col-sm-12 col-md-6 seminarReviewBlogImageSecondCol falter1\">\n  <div class=\"seminarReviewBlogImageTitle lessText lightPurple\">\n    Gro\u00dfer Kohlwei\u00dfling. Aus der Sammatzer Sammlung.\n  <\/div>\n<\/div>\n<\/div>\n\n\n\n<div class=\"row no-gutters\">\n  <div class=\"col-sm-12 seminarMargin\">\n    <h4 class=\"seminarReviewTextSubline lightPurpleText\">\n      Kinder-Nachmittag\n    <\/h4>\n  <\/div>\n<\/div>\n\n<div class=\"row\">\n  <div class=\"col-sm-12 seminarTwoColText\">\n    <p>\n    Als kleine Sonderveranstaltung fand am Sonntag-Nachmittag eine Exkursion f\u00fcr Kinder statt. 11 Kinder zwischen 8 und 13 Jahren lauschten eine halben Stunde der Einf\u00fchrung \u00fcber Tagfalter. Spannende Geschichten begeisterten die Kleinen, bunte Falter wurden bestaunt und schnell war die Neugier f\u00fcr die anschlie\u00dfende Exkursion geweckt. Unser Weg f\u00fchrte durch alle Bereiche der Sammatzer-G\u00e4rten zu den Raupen-Wirtspflanzen, an denen Falter Eier gelegt hatten. Die findigen Kindern hatten schnell die leuchtend orangenen und gelben Eier des Aurorafalters und Zitronenfalters sowie die typischen Eier-T\u00fcrmchen des Landk\u00e4rtchens an der Unterseite eines Brennnesselblattes ausgemacht. Leider fanden wir bei dieser Exkursion weniger Falter als am Vortag, was den Enthusiasmus der Kinder aber in keiner Weise bremste. Die Falter in einem Fangglas zu betrachten machte ihnen sichtlich Spa\u00df. Das Glas dann zu \u00f6ffnen und den Falter wieder freizulassen, war eine sehr begehrte Aufgabe. Auf unserer kleinen Tour konnten wir einen m\u00e4nnlichen und einen weiblichen Zitronenfalter, ein Kleines Wiesenv\u00f6gelchen, einen Gro\u00dfen Kohlwei\u00dfling und zwei Gr\u00fcnader-Wei\u00dflinge betrachten.<br><br>\n \nAm Ende waren alle sehr zufrieden und auch etwas ersch\u00f6pft. Wir hoffen, dass es Spa\u00df gemacht hat und freuen uns auf das n\u00e4chste Mal!\n    <\/p>\n  <\/div>\n<\/div>\n\n\n\n<div style=\"height:85px\" aria-hidden=\"true\" class=\"wp-block-spacer\"><\/div>\n\n\n\n<p style=\"text-align: right;\" \"color:=\"\" #67c8f9;\"=\"\">\n  <a href=\"https:\/\/michaelshof-sammatz.de\/blog\/events-english\/seminar-ruckblicke\/\">\n    <strong>Zur\u00fcck zur \u00dcbersicht<\/strong>\n  <\/a>\n  <br>\n  <a href=\"#headeranchor\">\n    <strong>\n      Zum Seitenanfang \u2191\n    <\/strong>\n  <\/a>\n<\/p>\n\n\n\n<!-- Closing Container -->\n<\/div>\n\n\n\n<p><\/p>\n","protected":false},"excerpt":{"rendered":"<p>Tagfalter \u2013 verstehen und erleben Teil 1 R\u00fcckblick Tagfalter \u2013 verstehen und erleben Teil 1 R\u00fcckblick \u00bbTagfalterseminar Teil 1\u00ab, 25.05.2019 im \u00bbHaus&nbsp;der&nbsp;Natur\u00ab Exkursion Die Exkursion hatte zum Ziel, die verschiedenen Lebensr\u00e4ume der Tagfalter und ihrer Raupen kennenzulernen \u2013 im Idealfall auch Tagfalter zu fangen und zu bestimmen. 15\u00b0 C, Wind und ein wechselhaft bew\u00f6lkter Himmel [&hellip;]<\/p>\n","protected":false},"author":4,"featured_media":0,"parent":0,"menu_order":0,"comment_status":"closed","ping_status":"closed","template":"","meta":{"footnotes":""},"class_list":["post-24994","page","type-page","status-publish","hentry"],"jetpack_sharing_enabled":true,"jetpack_shortlink":"https:\/\/wp.me\/PaQBcD-6v8","jetpack-related-posts":[],"_links":{"self":[{"href":"https:\/\/michaelshof-sammatz.de\/blog\/wp-json\/wp\/v2\/pages\/24994"}],"collection":[{"href":"https:\/\/michaelshof-sammatz.de\/blog\/wp-json\/wp\/v2\/pages"}],"about":[{"href":"https:\/\/michaelshof-sammatz.de\/blog\/wp-json\/wp\/v2\/types\/page"}],"author":[{"embeddable":true,"href":"https:\/\/michaelshof-sammatz.de\/blog\/wp-json\/wp\/v2\/users\/4"}],"replies":[{"embeddable":true,"href":"https:\/\/michaelshof-sammatz.de\/blog\/wp-json\/wp\/v2\/comments?post=24994"}],"version-history":[{"count":46,"href":"https:\/\/michaelshof-sammatz.de\/blog\/wp-json\/wp\/v2\/pages\/24994\/revisions"}],"predecessor-version":[{"id":25223,"href":"https:\/\/michaelshof-sammatz.de\/blog\/wp-json\/wp\/v2\/pages\/24994\/revisions\/25223"}],"wp:attachment":[{"href":"https:\/\/michaelshof-sammatz.de\/blog\/wp-json\/wp\/v2\/media?parent=24994"}],"curies":[{"name":"wp","href":"https:\/\/api.w.org\/{rel}","templated":true}]}}