

{"id":25145,"date":"2019-09-19T10:09:20","date_gmt":"2019-09-19T08:09:20","guid":{"rendered":"https:\/\/michaelshof-sammatz.de\/blog\/?page_id=25145"},"modified":"2019-10-01T12:18:39","modified_gmt":"2019-10-01T10:18:39","slug":"michaelshof-events-seminar-ruckblick-2019-10","status":"publish","type":"page","link":"https:\/\/michaelshof-sammatz.de\/blog\/michaelshof-events-seminar-ruckblick-2019-10\/","title":{"rendered":"Seminar-R\u00fcckblick | 2019\/10 | B\u00e4ume und Str\u00e4ucher \u2013 Sommer"},"content":{"rendered":"\n<div class=\"container-fluid seminarTeaserContainer\">\n  <div class=\"row no-gutters\">\n\n\n\n<!-- THIS IS THE TEASER IMAGE FOR LARGE DEVICES. -->\n<div class=\"d-none d-md-block col-md-12 seminarTeaser\">\n\n  <div class=\"seminarTeaserTextbox\">\n    <span class=\"seminarTeaserHL\">Heimische B\u00e4ume und Str\u00e4ucher<\/span><br>\n    <span class=\"seminarTeaserSL\">Im Wandel der Jahreszeit \u2013 Sommer<\/span><br><br>\n    <span class=\"seminarTeaserReview\">R\u00fcckblick<\/span>\n  <\/div>\n\n  <div>\n    <svg class=\"seminarTeaserShape\" version=\"1.1\" id=\"Ebene_1\" xmlns=\"http:\/\/www.w3.org\/2000\/svg\" xmlns:xlink=\"http:\/\/www.w3.org\/1999\/xlink\" x=\"0px\" y=\"0px\" viewBox=\"0 0 337.23 239.53\" style=\"enable-background:new 0 0 337.23 239.53;\" xml:space=\"preserve\">\n      <style type=\"text\/css\">\n        .st0{fill:#07577d;}\n      <\/style>\n      <polygon class=\"st0\" points=\"337.23,239.53 337.23,0 182.83,0 0,239.53 \"><\/polygon>\n    <\/svg>\n  <\/div> \n\n  <div class=\"seminarTeaserImageBox\">\n    <img decoding=\"async\" class=\"seminarTeaserImage\" src=\"\/wp-content\/uploads\/2019\/09\/Seminar_Review_Baeume1_2019_teaser_bg.jpg\" alt=\"Michaelshof Sammatz | Seminar: Heimische B\u00e4ume und Str\u00e4ucher R\u00fcckblick Teaser\">\n  <\/div>\n<\/div>\n\n\n\n<!-- THIS IS THE TEASER IMAGE FOR SMALL DEVICES. -->\n<div class=\"d-block d-md-none col-12 seminarTeaserSmall\">\n    <img decoding=\"async\" src=\"\/wp-content\/uploads\/2019\/09\/Seminar_Review_Baeume1_2019_teaser_bg.jpg\" alt=\"Michaelshof Sammatz | Seminar: Heimische B\u00e4ume und Str\u00e4ucher R\u00fcckblick Teaser\">\n\n  <div class=\"seminarTeaserTextboxSmall darkBlue\">\n    <span class=\"seminarTeaserHL\">Heimische B\u00e4ume und Str\u00e4ucher<\/span><br>\n    <span class=\"seminarTeaserSL\">Im Wandel der Jahreszeit \u2013 Sommer<\/span><br><br>\n    <span class=\"seminarTeaserReview\">R\u00fcckblick<\/span>\n  <\/div>\n<!-- closing Teaser Image Column -->\n<\/div>\n<!-- closing Teaser Image Row -->\n<\/div>\n\n\n\n<div class=\"row seminarReviewTextHeadline\">\n  <div class=\"col-12\">\n    <h1 class=\"seminarH1 darkBlueText\">\u00bbHeimische B\u00e4ume und Str\u00e4ucher\u00ab, 13.07.2019 im \u00bbHaus&nbsp;der&nbsp;Natur\u00ab <\/h1>\n  <\/div>\n<\/div>\n\n\n\n<div class=\"row no-gutters\">\n  <div class=\"col-sm-12 col-lg-4\">\n    <div class=\"seminarOneColText\">\n      <p>\nNach einer kurzen Vorstellungsrunde begann das Seminar mit einem Kurzvortrag, in dem die verschiedenen Bestimmungsmerkmale f\u00fcr B\u00e4ume und Str\u00e4ucher besprochen wurden. Nach der \u201etrockenen Theorie\u201c wurden die Teilnehmer schnell selbst aktiv. Als Vorbereitung auf die Exkursion galt es n\u00e4mlich, an einzelnen Arbeitsstationen Aufgaben zu bearbeiten, etwa die Zuordnung verschiedener Arten von Blattr\u00e4ndern, Blattstellungen und Blattnervaturen zu den richtigen Begriffen oder die Unterscheidung verschiedener Formen von Fiederbl\u00e4ttern.\n       <\/p>\n     <\/div>\n   <\/div>\n\n\n\n<!--  Blog Image 01 for large devices  -->\n<!--  Image data is specified in CSS  -->\n  <div class=\"d-none d-lg-block col-lg-8  seminarReviewBlogImageThirdcol Baeume1\">\n      <div class=\"seminarReviewBlogImageTitle darkBlue\">\n        Teilnehmer bei der Zuordnung der Blattform.\n      <\/div>\n  <\/div>\n\n  <!-- Blog Image 01 for small devices  -->\n  <div class=\"d-block d-lg-none col-sm-12 seminarReviewBlogImageThirdcol Baeume1\">\n    <div class=\"seminarReviewBlogImageTitle lessText darkBlue\">\n      Teilnehmer bei der Zuordnung der Blattform.\n    <\/div>\n  <\/div>\n\n<\/div>\n\n\n\n<div class=\"row no-gutters\">\n  <div class=\"col-sm-12 seminarReviewBlogImageBox\">\n\n\n\n<figure class=\"wp-block-image\"><img fetchpriority=\"high\" decoding=\"async\" width=\"1024\" height=\"496\" data-attachment-id=\"25146\" data-permalink=\"https:\/\/michaelshof-sammatz.de\/blog\/seminar_review_baeume1_2019_blogimage_02\/\" data-orig-file=\"https:\/\/michaelshof-sammatz.de\/blog\/wp-content\/uploads\/2019\/09\/Seminar_Review_Baeume1_2019_blogImage_02.jpg\" data-orig-size=\"1066,516\" data-comments-opened=\"0\" data-image-meta=\"{&quot;aperture&quot;:&quot;0&quot;,&quot;credit&quot;:&quot;&quot;,&quot;camera&quot;:&quot;&quot;,&quot;caption&quot;:&quot;&quot;,&quot;created_timestamp&quot;:&quot;0&quot;,&quot;copyright&quot;:&quot;&quot;,&quot;focal_length&quot;:&quot;0&quot;,&quot;iso&quot;:&quot;0&quot;,&quot;shutter_speed&quot;:&quot;0&quot;,&quot;title&quot;:&quot;&quot;,&quot;orientation&quot;:&quot;0&quot;}\" data-image-title=\"Seminar_Review_Baeume1_2019_blogImage_02\" data-image-description=\"\" data-image-caption=\"\" data-medium-file=\"https:\/\/michaelshof-sammatz.de\/blog\/wp-content\/uploads\/2019\/09\/Seminar_Review_Baeume1_2019_blogImage_02-300x145.jpg\" data-large-file=\"https:\/\/michaelshof-sammatz.de\/blog\/wp-content\/uploads\/2019\/09\/Seminar_Review_Baeume1_2019_blogImage_02-1024x496.jpg\" tabindex=\"0\" role=\"button\" src=\"https:\/\/michaelshof-sammatz.de\/blog\/wp-content\/uploads\/2019\/09\/Seminar_Review_Baeume1_2019_blogImage_02-1024x496.jpg\" alt=\"Michaelshof Sammatz | Seminar: Heimische B\u00e4ume und Str\u00e4ucher R\u00fcckblick Pic 02\" class=\"wp-image-25146\" srcset=\"https:\/\/michaelshof-sammatz.de\/blog\/wp-content\/uploads\/2019\/09\/Seminar_Review_Baeume1_2019_blogImage_02-1024x496.jpg 1024w, https:\/\/michaelshof-sammatz.de\/blog\/wp-content\/uploads\/2019\/09\/Seminar_Review_Baeume1_2019_blogImage_02-150x73.jpg 150w, https:\/\/michaelshof-sammatz.de\/blog\/wp-content\/uploads\/2019\/09\/Seminar_Review_Baeume1_2019_blogImage_02-300x145.jpg 300w, https:\/\/michaelshof-sammatz.de\/blog\/wp-content\/uploads\/2019\/09\/Seminar_Review_Baeume1_2019_blogImage_02-768x372.jpg 768w, https:\/\/michaelshof-sammatz.de\/blog\/wp-content\/uploads\/2019\/09\/Seminar_Review_Baeume1_2019_blogImage_02-600x290.jpg 600w, https:\/\/michaelshof-sammatz.de\/blog\/wp-content\/uploads\/2019\/09\/Seminar_Review_Baeume1_2019_blogImage_02.jpg 1066w\" sizes=\"(max-width: 1024px) 100vw, 1024px\" \/><\/figure>\n\n\n\n<div class=\"seminarReviewBlogImageTitle lessText darkBlue\">\n      Theorieteil im \u2039Haus der Natur\u203a.\n    <\/div>\n  <\/div>\n<\/div>\n\n\n\n<div style=\"height:45px\" aria-hidden=\"true\" class=\"wp-block-spacer\"><\/div>\n\n\n\n<div class=\"row\">\n  <div class=\"col-sm-12 seminarThreeColText\">\n    <p>\n    Nach dem Mittagessen begann die zweist\u00fcndige Exkursion durch die Sammatzer G\u00e4rten. Es wurde viel gezeichnet, betrachtet und bestaunt. Eingesunkene Blattspitzen hier, asymmetrischer Blattgrund da, Haare auf der Blattunterseite, leicht brechende Zweige, hohler St\u00e4ngel oder braunes Mark. Zu den 50 behandelten Arten gab es viel zu notieren. Am Ende brummten die K\u00f6pfe und brauchten eine Pause, bevor es am Abend mit dem letzten Teil weiterging.<br><br>\nEin etwa 3 km langer Rundweg durch die Sammatzer Naturumgebung bildete den Abschluss des Seminares. Bei dem sch\u00f6nen Spaziergang gab es Gelegenheit, verschiedenste B\u00e4ume und Str\u00e4ucher zu erkunden. Die Besonderheit hierbei war, dass die Seminar-Teilnehmer nun selber die Pflanzen bestimmen und den anderen erkl\u00e4ren mussten, woran sie die Art erkennen. Der Weg f\u00fchrte durch einen Mischwald mit dessen typischen B\u00e4umen und vorbei an, von zahlreichen Str\u00e4uchern ges\u00e4umten, Wiesen. Der bodenfeuchte Standort an einer Reihe von Fischteichen bot dabei nochmal einen ganz anderen Eindruck als die sonst \u00fcberwiegend trockenen Standorte der Umgebung.\n    <\/p>\n  <\/div>\n<\/div>\n\n\n\n<div style=\"height:25px\" aria-hidden=\"true\" class=\"wp-block-spacer\"><\/div>\n\n\n\n<div class=\"row\">\n  <div class=\"col-xs-12 col-md-6 seminarReviewBlogImageBox\">\n\n\n\n<figure class=\"wp-block-image\"><img decoding=\"async\" width=\"683\" height=\"1024\" data-attachment-id=\"25147\" data-permalink=\"https:\/\/michaelshof-sammatz.de\/blog\/seminar_review_baeume1_2019_blogimage_03\/\" data-orig-file=\"https:\/\/michaelshof-sammatz.de\/blog\/wp-content\/uploads\/2019\/09\/Seminar_Review_Baeume1_2019_blogImage_03.jpg\" data-orig-size=\"1066,1599\" data-comments-opened=\"0\" data-image-meta=\"{&quot;aperture&quot;:&quot;0&quot;,&quot;credit&quot;:&quot;&quot;,&quot;camera&quot;:&quot;&quot;,&quot;caption&quot;:&quot;&quot;,&quot;created_timestamp&quot;:&quot;0&quot;,&quot;copyright&quot;:&quot;&quot;,&quot;focal_length&quot;:&quot;0&quot;,&quot;iso&quot;:&quot;0&quot;,&quot;shutter_speed&quot;:&quot;0&quot;,&quot;title&quot;:&quot;&quot;,&quot;orientation&quot;:&quot;0&quot;}\" data-image-title=\"Seminar_Review_Baeume1_2019_blogImage_03\" data-image-description=\"\" data-image-caption=\"\" data-medium-file=\"https:\/\/michaelshof-sammatz.de\/blog\/wp-content\/uploads\/2019\/09\/Seminar_Review_Baeume1_2019_blogImage_03-200x300.jpg\" data-large-file=\"https:\/\/michaelshof-sammatz.de\/blog\/wp-content\/uploads\/2019\/09\/Seminar_Review_Baeume1_2019_blogImage_03-683x1024.jpg\" tabindex=\"0\" role=\"button\" src=\"https:\/\/michaelshof-sammatz.de\/blog\/wp-content\/uploads\/2019\/09\/Seminar_Review_Baeume1_2019_blogImage_03-683x1024.jpg\" alt=\"Michaelshof Sammatz | Seminar: Heimische B\u00e4ume und Str\u00e4ucher R\u00fcckblick Pic 03\" class=\"wp-image-25147\" srcset=\"https:\/\/michaelshof-sammatz.de\/blog\/wp-content\/uploads\/2019\/09\/Seminar_Review_Baeume1_2019_blogImage_03-683x1024.jpg 683w, https:\/\/michaelshof-sammatz.de\/blog\/wp-content\/uploads\/2019\/09\/Seminar_Review_Baeume1_2019_blogImage_03-100x150.jpg 100w, https:\/\/michaelshof-sammatz.de\/blog\/wp-content\/uploads\/2019\/09\/Seminar_Review_Baeume1_2019_blogImage_03-200x300.jpg 200w, https:\/\/michaelshof-sammatz.de\/blog\/wp-content\/uploads\/2019\/09\/Seminar_Review_Baeume1_2019_blogImage_03-768x1152.jpg 768w, https:\/\/michaelshof-sammatz.de\/blog\/wp-content\/uploads\/2019\/09\/Seminar_Review_Baeume1_2019_blogImage_03-300x450.jpg 300w, https:\/\/michaelshof-sammatz.de\/blog\/wp-content\/uploads\/2019\/09\/Seminar_Review_Baeume1_2019_blogImage_03-600x900.jpg 600w, https:\/\/michaelshof-sammatz.de\/blog\/wp-content\/uploads\/2019\/09\/Seminar_Review_Baeume1_2019_blogImage_03.jpg 1066w\" sizes=\"(max-width: 683px) 100vw, 683px\" \/><\/figure>\n\n\n\n<div class=\"seminarReviewBlogImageTitle lessText darkBlue\">\n      Teilnehmer Bruno bei der Untersuchung eines Blattes.\n    <\/div>\n  <\/div>\n\n\n\n<div class=\"col-xs-12 col-md-6 seminarReviewBlogImageBox\">\n\n\n\n<figure class=\"wp-block-image\"><img decoding=\"async\" width=\"683\" height=\"1024\" data-attachment-id=\"25148\" data-permalink=\"https:\/\/michaelshof-sammatz.de\/blog\/seminar_review_baeume1_2019_blogimage_04\/\" data-orig-file=\"https:\/\/michaelshof-sammatz.de\/blog\/wp-content\/uploads\/2019\/09\/Seminar_Review_Baeume1_2019_blogImage_04.jpg\" data-orig-size=\"1066,1599\" data-comments-opened=\"0\" data-image-meta=\"{&quot;aperture&quot;:&quot;0&quot;,&quot;credit&quot;:&quot;&quot;,&quot;camera&quot;:&quot;&quot;,&quot;caption&quot;:&quot;&quot;,&quot;created_timestamp&quot;:&quot;0&quot;,&quot;copyright&quot;:&quot;&quot;,&quot;focal_length&quot;:&quot;0&quot;,&quot;iso&quot;:&quot;0&quot;,&quot;shutter_speed&quot;:&quot;0&quot;,&quot;title&quot;:&quot;&quot;,&quot;orientation&quot;:&quot;0&quot;}\" data-image-title=\"Seminar_Review_Baeume1_2019_blogImage_04\" data-image-description=\"\" data-image-caption=\"\" data-medium-file=\"https:\/\/michaelshof-sammatz.de\/blog\/wp-content\/uploads\/2019\/09\/Seminar_Review_Baeume1_2019_blogImage_04-200x300.jpg\" data-large-file=\"https:\/\/michaelshof-sammatz.de\/blog\/wp-content\/uploads\/2019\/09\/Seminar_Review_Baeume1_2019_blogImage_04-683x1024.jpg\" tabindex=\"0\" role=\"button\" src=\"https:\/\/michaelshof-sammatz.de\/blog\/wp-content\/uploads\/2019\/09\/Seminar_Review_Baeume1_2019_blogImage_04-683x1024.jpg\" alt=\"Michaelshof Sammatz | Seminar: Heimische B\u00e4ume und Str\u00e4ucher R\u00fcckblick Pic 04\" class=\"wp-image-25148\" srcset=\"https:\/\/michaelshof-sammatz.de\/blog\/wp-content\/uploads\/2019\/09\/Seminar_Review_Baeume1_2019_blogImage_04-683x1024.jpg 683w, https:\/\/michaelshof-sammatz.de\/blog\/wp-content\/uploads\/2019\/09\/Seminar_Review_Baeume1_2019_blogImage_04-100x150.jpg 100w, https:\/\/michaelshof-sammatz.de\/blog\/wp-content\/uploads\/2019\/09\/Seminar_Review_Baeume1_2019_blogImage_04-200x300.jpg 200w, https:\/\/michaelshof-sammatz.de\/blog\/wp-content\/uploads\/2019\/09\/Seminar_Review_Baeume1_2019_blogImage_04-768x1152.jpg 768w, https:\/\/michaelshof-sammatz.de\/blog\/wp-content\/uploads\/2019\/09\/Seminar_Review_Baeume1_2019_blogImage_04-300x450.jpg 300w, https:\/\/michaelshof-sammatz.de\/blog\/wp-content\/uploads\/2019\/09\/Seminar_Review_Baeume1_2019_blogImage_04-600x900.jpg 600w, https:\/\/michaelshof-sammatz.de\/blog\/wp-content\/uploads\/2019\/09\/Seminar_Review_Baeume1_2019_blogImage_04.jpg 1066w\" sizes=\"(max-width: 683px) 100vw, 683px\" \/><\/figure>\n\n\n\n<div class=\"seminarReviewBlogImageTitle lessText darkBlue\">\n      Sara Gro\u00df mit den Teilnehmern \u2039im Feld\u203a.\n    <\/div>\n  <\/div>\n<\/div>\n\n\n\n<div style=\"height:45px\" aria-hidden=\"true\" class=\"wp-block-spacer\"><\/div>\n\n\n\n<div class=\"row\">\n  <div class=\"col-sm-12\">\n    <p>\n      Das Seminar-Konzept mit einem Theorie- und zwei Praxisteilen sowie der aktiven Eigenbeteiligung ging auf \u2013 die Teilnehmer hatten sichtlich Spa\u00df sich auszuprobieren, zu wiederholen und das Erlernte zu festigen.\n    <\/p>\n  <\/div>\n<\/div>\n\n\n\n<div class=\"row no-gutters\">\n  <div class=\"col-sm-12 seminarReviewBlogImageBox seminarMargin\">\n\n\n\n<figure class=\"wp-block-image\"><img loading=\"lazy\" decoding=\"async\" width=\"1024\" height=\"496\" data-attachment-id=\"25149\" data-permalink=\"https:\/\/michaelshof-sammatz.de\/blog\/seminar_review_baeume1_2019_blogimage_05\/\" data-orig-file=\"https:\/\/michaelshof-sammatz.de\/blog\/wp-content\/uploads\/2019\/09\/Seminar_Review_Baeume1_2019_blogImage_05.jpg\" data-orig-size=\"1066,516\" data-comments-opened=\"0\" data-image-meta=\"{&quot;aperture&quot;:&quot;0&quot;,&quot;credit&quot;:&quot;&quot;,&quot;camera&quot;:&quot;&quot;,&quot;caption&quot;:&quot;&quot;,&quot;created_timestamp&quot;:&quot;0&quot;,&quot;copyright&quot;:&quot;&quot;,&quot;focal_length&quot;:&quot;0&quot;,&quot;iso&quot;:&quot;0&quot;,&quot;shutter_speed&quot;:&quot;0&quot;,&quot;title&quot;:&quot;&quot;,&quot;orientation&quot;:&quot;0&quot;}\" data-image-title=\"Seminar_Review_Baeume1_2019_blogImage_05\" data-image-description=\"\" data-image-caption=\"\" data-medium-file=\"https:\/\/michaelshof-sammatz.de\/blog\/wp-content\/uploads\/2019\/09\/Seminar_Review_Baeume1_2019_blogImage_05-300x145.jpg\" data-large-file=\"https:\/\/michaelshof-sammatz.de\/blog\/wp-content\/uploads\/2019\/09\/Seminar_Review_Baeume1_2019_blogImage_05-1024x496.jpg\" tabindex=\"0\" role=\"button\" src=\"https:\/\/michaelshof-sammatz.de\/blog\/wp-content\/uploads\/2019\/09\/Seminar_Review_Baeume1_2019_blogImage_05-1024x496.jpg\" alt=\"Michaelshof Sammatz | Seminar: Heimische B\u00e4ume und Str\u00e4ucher R\u00fcckblick Pic 05\" class=\"wp-image-25149\" srcset=\"https:\/\/michaelshof-sammatz.de\/blog\/wp-content\/uploads\/2019\/09\/Seminar_Review_Baeume1_2019_blogImage_05-1024x496.jpg 1024w, https:\/\/michaelshof-sammatz.de\/blog\/wp-content\/uploads\/2019\/09\/Seminar_Review_Baeume1_2019_blogImage_05-150x73.jpg 150w, https:\/\/michaelshof-sammatz.de\/blog\/wp-content\/uploads\/2019\/09\/Seminar_Review_Baeume1_2019_blogImage_05-300x145.jpg 300w, https:\/\/michaelshof-sammatz.de\/blog\/wp-content\/uploads\/2019\/09\/Seminar_Review_Baeume1_2019_blogImage_05-768x372.jpg 768w, https:\/\/michaelshof-sammatz.de\/blog\/wp-content\/uploads\/2019\/09\/Seminar_Review_Baeume1_2019_blogImage_05-600x290.jpg 600w, https:\/\/michaelshof-sammatz.de\/blog\/wp-content\/uploads\/2019\/09\/Seminar_Review_Baeume1_2019_blogImage_05.jpg 1066w\" sizes=\"(max-width: 1024px) 100vw, 1024px\" \/><\/figure>\n\n\n\n<div class=\"seminarReviewBlogImageTitle lessText darkBlue\">\n      Praxisteil mit in den Sammatzer G\u00e4rten.\n    <\/div>\n  <\/div>\n<\/div>\n\n\n\n<p style=\"text-align: right;\" \"color:=\"\" #67c8f9;\"=\"\">\n  <a href=\"https:\/\/michaelshof-sammatz.de\/blog\/events-english\/seminar-ruckblicke\/\">\n    <strong>Zur\u00fcck zur \u00dcbersicht<\/strong>\n  <\/a>\n  <br>\n  <a href=\"#headeranchor\">\n    <strong>\n      Zum Seitenanfang \u2191\n    <\/strong>\n  <\/a>\n<\/p>\n\n\n\n<!-- Closing Container -->\n<\/div>\n\n\n\n<p><\/p>\n","protected":false},"excerpt":{"rendered":"<p>Heimische B\u00e4ume und Str\u00e4ucher Im Wandel der Jahreszeit \u2013 Sommer R\u00fcckblick Heimische B\u00e4ume und Str\u00e4ucher Im Wandel der Jahreszeit \u2013 Sommer R\u00fcckblick \u00bbHeimische B\u00e4ume und Str\u00e4ucher\u00ab, 13.07.2019 im \u00bbHaus&nbsp;der&nbsp;Natur\u00ab Nach einer kurzen Vorstellungsrunde begann das Seminar mit einem Kurzvortrag, in dem die verschiedenen Bestimmungsmerkmale f\u00fcr B\u00e4ume und Str\u00e4ucher besprochen wurden. Nach der \u201etrockenen Theorie\u201c wurden [&hellip;]<\/p>\n","protected":false},"author":4,"featured_media":0,"parent":0,"menu_order":0,"comment_status":"closed","ping_status":"closed","template":"","meta":{"footnotes":""},"class_list":["post-25145","page","type-page","status-publish","hentry"],"jetpack_sharing_enabled":true,"jetpack_shortlink":"https:\/\/wp.me\/PaQBcD-6xz","jetpack-related-posts":[],"_links":{"self":[{"href":"https:\/\/michaelshof-sammatz.de\/blog\/wp-json\/wp\/v2\/pages\/25145"}],"collection":[{"href":"https:\/\/michaelshof-sammatz.de\/blog\/wp-json\/wp\/v2\/pages"}],"about":[{"href":"https:\/\/michaelshof-sammatz.de\/blog\/wp-json\/wp\/v2\/types\/page"}],"author":[{"embeddable":true,"href":"https:\/\/michaelshof-sammatz.de\/blog\/wp-json\/wp\/v2\/users\/4"}],"replies":[{"embeddable":true,"href":"https:\/\/michaelshof-sammatz.de\/blog\/wp-json\/wp\/v2\/comments?post=25145"}],"version-history":[{"count":25,"href":"https:\/\/michaelshof-sammatz.de\/blog\/wp-json\/wp\/v2\/pages\/25145\/revisions"}],"predecessor-version":[{"id":25225,"href":"https:\/\/michaelshof-sammatz.de\/blog\/wp-json\/wp\/v2\/pages\/25145\/revisions\/25225"}],"wp:attachment":[{"href":"https:\/\/michaelshof-sammatz.de\/blog\/wp-json\/wp\/v2\/media?parent=25145"}],"curies":[{"name":"wp","href":"https:\/\/api.w.org\/{rel}","templated":true}]}}