

{"id":25178,"date":"2019-09-19T10:54:06","date_gmt":"2019-09-19T08:54:06","guid":{"rendered":"https:\/\/michaelshof-sammatz.de\/blog\/?page_id=25178"},"modified":"2019-10-01T12:18:47","modified_gmt":"2019-10-01T10:18:47","slug":"michaelshof-events-seminar-ruckblick-2019-12","status":"publish","type":"page","link":"https:\/\/michaelshof-sammatz.de\/blog\/michaelshof-events-seminar-ruckblick-2019-12\/","title":{"rendered":"Seminar-R\u00fcckblick | 2019\/12 | Tagfalter 2"},"content":{"rendered":"\n<div class=\"container-fluid seminarTeaserContainer\">\n  <div class=\"row no-gutters\">\n\n\n\n<!-- THIS IS THE TEASER IMAGE FOR LARGE DEVICES. -->\n<div class=\"d-none d-md-block col-md-12 seminarTeaser\">\n\n  <div class=\"seminarTeaserTextbox\">\n    <span class=\"seminarTeaserHL\">Tagfalter \u2013 verstehen und erleben<\/span><br>\n    <span class=\"seminarTeaserSL\">Teil 2<\/span><br><br>\n    <span class=\"seminarTeaserReview\">R\u00fcckblick<\/span>\n  <\/div>\n\n  <div>\n    <svg class=\"seminarTeaserShape\" version=\"1.1\" id=\"Ebene_1\" xmlns=\"http:\/\/www.w3.org\/2000\/svg\" xmlns:xlink=\"http:\/\/www.w3.org\/1999\/xlink\" x=\"0px\" y=\"0px\" viewBox=\"0 0 337.23 239.53\" style=\"enable-background:new 0 0 337.23 239.53;\" xml:space=\"preserve\">\n      <style type=\"text\/css\">\n        .st0{fill:#6ec9ce;}\n      <\/style>\n      <polygon class=\"st0\" points=\"337.23,239.53 337.23,0 182.83,0 0,239.53 \"><\/polygon>\n    <\/svg>\n  <\/div> \n\n  <div class=\"seminarTeaserImageBox\">\n    <img decoding=\"async\" class=\"seminarTeaserImage\" src=\"\/wp-content\/uploads\/2019\/09\/Seminar_Review_Falter2_2019_teaser_bg.jpg\" alt=\"Michaelshof Sammatz | Seminar: Tagfalter Teil 2 R\u00fcckblick Teaser\">\n  <\/div>\n<\/div>\n\n\n\n<!-- THIS IS THE TEASER IMAGE FOR SMALL DEVICES. -->\n<div class=\"d-block d-md-none col-12 seminarTeaserSmall\">\n    <img decoding=\"async\" src=\"\/wp-content\/uploads\/2019\/09\/Seminar_Review_Falter2_2019_teaser_bg.jpg\" alt=\"Michaelshof Sammatz | Seminar: Tagfalter Teil 2 R\u00fcckblick Teaser\">\n\n  <div class=\"seminarTeaserTextboxSmall lightBlue\">\n    <span class=\"seminarTeaserHL\">Tagfalter \u2013 verstehen und erleben<\/span><br>\n    <span class=\"seminarTeaserSL\">Teil 2<\/span><br><br>\n    <span class=\"seminarTeaserReview\">R\u00fcckblick<\/span>\n  <\/div>\n<!-- closing Teaser Image Column -->\n<\/div>\n<!-- closing Teaser Image Row -->\n<\/div>\n\n\n\n<div class=\"row seminarReviewTextHeadline\">\n  <div class=\"col-12\">\n    <h1 class=\"seminarH1 lightBlueText\">\u00bbTagfalter \u2013 Seminar Teil 2\u00ab, 03. \u2013 04.08.2019 im \u00bbHaus&nbsp;der&nbsp;Natur\u00ab <\/h1>\n  <\/div>\n<\/div>\n\n\n\n<div class=\"row no-gutters\">\n  <div class=\"col-sm-12 col-lg-6\">\n    <div class=\"seminarOneColText\">\n      <p>\nDer Workshop-Tag zum Kennenlernen der regionalen Tagfalter begann um 10:00 Uhr in der kleinen Bibliothek des Hauses der Natur. Nach der Begr\u00fc\u00dfung gab es zun\u00e4chst eine Einf\u00fchrung in die verschiedenen Tagfalterfamilien, und woran man sie im Freiland erkennen kann. Au\u00dferdem wurden die besonderen Umgebungsanspr\u00fcche einiger Falterarten behandelt.<br>\nNach der Einf\u00fchrung konnten sich die Teilnehmer selber daran versuchen Tagfalter zu bestimmen. Zwei Aufgaben galt es dabei zu bearbeiten: Zum einen waren kleine Boxen mit jeweils f\u00fcnf Tagfaltern vorbereitet, die mit Hilfe von Postern, Schauk\u00e4sten und B\u00fcchern bestimmt werden sollten. Zum anderen mussten die artspezifischen Merkmale von m\u00e4nnlichen und weiblichen Faltern der Wei\u00dflings-Familie in eine Malvorlage \u00fcbertragen werden. Mehrere Stereomikroskope standen bereit, sodass die Teilnehmer die Formen und Strukturen der Falter, die mit blo\u00dfem Auge kaum sichtbar sind, im Detail betrachten konnten.\nVon 12:30 Uhr bis 14:00 Uhr gab es eine wohlverdiente Mittagspause mit leckerem Essen aus der Gemeinschaftsk\u00fcche.\n\n       <\/p>\n     <\/div>\n   <\/div>\n\n\n\n<!--  Blog Image 01 for large devices  -->\n<!--  Image data is specified in CSS  -->\n  <div class=\"d-none d-lg-block col-lg-6  seminarReviewBlogImageThirdcol Falter2\">\n      <div class=\"seminarReviewBlogImageTitle lightBlue\">\n        Auch die j\u00fcngeren Teilnehmer haben gro\u00dfen Spa\u00df.\n      <\/div>\n  <\/div>\n\n  <!-- Blog Image 01 for small devices  -->\n  <div class=\"d-block d-lg-none col-sm-12 seminarReviewBlogImageThirdcol Falter2\">\n    <div class=\"seminarReviewBlogImageTitle lessText lightBlue\">\n      Auch die j\u00fcngeren Teilnehmer haben gro\u00dfen Spa\u00df.\n    <\/div>\n  <\/div>\n\n<\/div>\n\n\n\n<div class=\"row no-gutters\">\n  <div class=\"col-sm-12 seminarReviewBlogImageBox\">\n\n\n\n<figure class=\"wp-block-image\"><img fetchpriority=\"high\" decoding=\"async\" width=\"1024\" height=\"496\" data-attachment-id=\"25198\" data-permalink=\"https:\/\/michaelshof-sammatz.de\/blog\/seminar_review_falter2_2019_blogimage_02\/\" data-orig-file=\"https:\/\/michaelshof-sammatz.de\/blog\/wp-content\/uploads\/2019\/09\/Seminar_Review_Falter2_2019_blogImage_02.jpg\" data-orig-size=\"1066,516\" data-comments-opened=\"0\" data-image-meta=\"{&quot;aperture&quot;:&quot;0&quot;,&quot;credit&quot;:&quot;&quot;,&quot;camera&quot;:&quot;&quot;,&quot;caption&quot;:&quot;&quot;,&quot;created_timestamp&quot;:&quot;0&quot;,&quot;copyright&quot;:&quot;&quot;,&quot;focal_length&quot;:&quot;0&quot;,&quot;iso&quot;:&quot;0&quot;,&quot;shutter_speed&quot;:&quot;0&quot;,&quot;title&quot;:&quot;&quot;,&quot;orientation&quot;:&quot;0&quot;}\" data-image-title=\"Seminar_Review_Falter2_2019_blogImage_02\" data-image-description=\"\" data-image-caption=\"\" data-medium-file=\"https:\/\/michaelshof-sammatz.de\/blog\/wp-content\/uploads\/2019\/09\/Seminar_Review_Falter2_2019_blogImage_02-300x145.jpg\" data-large-file=\"https:\/\/michaelshof-sammatz.de\/blog\/wp-content\/uploads\/2019\/09\/Seminar_Review_Falter2_2019_blogImage_02-1024x496.jpg\" tabindex=\"0\" role=\"button\" src=\"https:\/\/michaelshof-sammatz.de\/blog\/wp-content\/uploads\/2019\/09\/Seminar_Review_Falter2_2019_blogImage_02-1024x496.jpg\" alt=\"Michaelshof Sammatz | Seminar: Tagfalter Teil 2 R\u00fcckblick Pic 02\" class=\"wp-image-25198\" srcset=\"https:\/\/michaelshof-sammatz.de\/blog\/wp-content\/uploads\/2019\/09\/Seminar_Review_Falter2_2019_blogImage_02-1024x496.jpg 1024w, https:\/\/michaelshof-sammatz.de\/blog\/wp-content\/uploads\/2019\/09\/Seminar_Review_Falter2_2019_blogImage_02-150x73.jpg 150w, https:\/\/michaelshof-sammatz.de\/blog\/wp-content\/uploads\/2019\/09\/Seminar_Review_Falter2_2019_blogImage_02-300x145.jpg 300w, https:\/\/michaelshof-sammatz.de\/blog\/wp-content\/uploads\/2019\/09\/Seminar_Review_Falter2_2019_blogImage_02-768x372.jpg 768w, https:\/\/michaelshof-sammatz.de\/blog\/wp-content\/uploads\/2019\/09\/Seminar_Review_Falter2_2019_blogImage_02-600x290.jpg 600w, https:\/\/michaelshof-sammatz.de\/blog\/wp-content\/uploads\/2019\/09\/Seminar_Review_Falter2_2019_blogImage_02.jpg 1066w\" sizes=\"(max-width: 1024px) 100vw, 1024px\" \/><\/figure>\n\n\n\n<div class=\"seminarReviewBlogImageTitle lessText lightBlue\">\n      Die Seminarteilnehmer auf dem Weg zu den \u2039Falter-Jagdgr\u00fcnden\u203a.\n    <\/div>\n  <\/div>\n<\/div>\n\n\n\n<div style=\"height:45px\" aria-hidden=\"true\" class=\"wp-block-spacer\"><\/div>\n\n\n\n<div class=\"row\">\n  <div class=\"col-sm-12 seminarThreeColText\">\n    <p>\n    Die Exkursion startete auf dem sogenannten \u201ePlateau\u201c, einem Bereich der Sammatzer G\u00e4rten mit vielen Stauden, in dem erfahrungsgem\u00e4\u00df die meisten Tagfalterarten zu finden sind. Hier konnten zahlreiche Falter an den Bl\u00fcten gut beobachtet und bestimmt werden. Die Teilnehmer fingen agilere Falter und solche, die ein genaueres Hinschauen erfordern, mit dem Kescher ein, um sie dann in einem Glas in Ruhe betrachten zu k\u00f6nnen. Weiter ging es \u00fcber die Sammatzer Schaf- und Kuhweiden vorbei an Fischteichen und zur\u00fcck nach Sammatz zur\u00fcck. Insgesamt begegneten wir auf der Exkursion 15 verschiedenen Arten von Faltern. Das Highlight war zweifellos der Schwalbenschwanz, der schon durch seine Gr\u00f6\u00dfe alle Teilnehmer faszinierte.\n    <\/p>\n  <\/div>\n<\/div>\n\n\n\n<div style=\"height:25px\" aria-hidden=\"true\" class=\"wp-block-spacer\"><\/div>\n\n\n\n<div class=\"row\">\n  <div class=\"col-xs-12 col-md-6 seminarReviewBlogImageBox\">\n\n\n\n<figure class=\"wp-block-image\"><img decoding=\"async\" width=\"683\" height=\"1024\" data-attachment-id=\"25200\" data-permalink=\"https:\/\/michaelshof-sammatz.de\/blog\/seminar_review_falter2_2019_blogimage_04\/\" data-orig-file=\"https:\/\/michaelshof-sammatz.de\/blog\/wp-content\/uploads\/2019\/09\/Seminar_Review_Falter2_2019_blogImage_04.jpg\" data-orig-size=\"1066,1599\" data-comments-opened=\"0\" data-image-meta=\"{&quot;aperture&quot;:&quot;0&quot;,&quot;credit&quot;:&quot;&quot;,&quot;camera&quot;:&quot;&quot;,&quot;caption&quot;:&quot;&quot;,&quot;created_timestamp&quot;:&quot;0&quot;,&quot;copyright&quot;:&quot;&quot;,&quot;focal_length&quot;:&quot;0&quot;,&quot;iso&quot;:&quot;0&quot;,&quot;shutter_speed&quot;:&quot;0&quot;,&quot;title&quot;:&quot;&quot;,&quot;orientation&quot;:&quot;0&quot;}\" data-image-title=\"Seminar_Review_Falter2_2019_blogImage_04\" data-image-description=\"\" data-image-caption=\"\" data-medium-file=\"https:\/\/michaelshof-sammatz.de\/blog\/wp-content\/uploads\/2019\/09\/Seminar_Review_Falter2_2019_blogImage_04-200x300.jpg\" data-large-file=\"https:\/\/michaelshof-sammatz.de\/blog\/wp-content\/uploads\/2019\/09\/Seminar_Review_Falter2_2019_blogImage_04-683x1024.jpg\" tabindex=\"0\" role=\"button\" src=\"https:\/\/michaelshof-sammatz.de\/blog\/wp-content\/uploads\/2019\/09\/Seminar_Review_Falter2_2019_blogImage_04-683x1024.jpg\" alt=\"Michaelshof Sammatz | Seminar: Tagfalter Teil 2 R\u00fcckblick Pic 03\" class=\"wp-image-25200\" srcset=\"https:\/\/michaelshof-sammatz.de\/blog\/wp-content\/uploads\/2019\/09\/Seminar_Review_Falter2_2019_blogImage_04-683x1024.jpg 683w, https:\/\/michaelshof-sammatz.de\/blog\/wp-content\/uploads\/2019\/09\/Seminar_Review_Falter2_2019_blogImage_04-100x150.jpg 100w, https:\/\/michaelshof-sammatz.de\/blog\/wp-content\/uploads\/2019\/09\/Seminar_Review_Falter2_2019_blogImage_04-200x300.jpg 200w, https:\/\/michaelshof-sammatz.de\/blog\/wp-content\/uploads\/2019\/09\/Seminar_Review_Falter2_2019_blogImage_04-768x1152.jpg 768w, https:\/\/michaelshof-sammatz.de\/blog\/wp-content\/uploads\/2019\/09\/Seminar_Review_Falter2_2019_blogImage_04-300x450.jpg 300w, https:\/\/michaelshof-sammatz.de\/blog\/wp-content\/uploads\/2019\/09\/Seminar_Review_Falter2_2019_blogImage_04-600x900.jpg 600w, https:\/\/michaelshof-sammatz.de\/blog\/wp-content\/uploads\/2019\/09\/Seminar_Review_Falter2_2019_blogImage_04.jpg 1066w\" sizes=\"(max-width: 683px) 100vw, 683px\" \/><\/figure>\n\n\n\n<div class=\"seminarReviewBlogImageTitle lessText lightBlue\">\n      Teilnehmer Janosch pr\u00e4sentiert seinen Fang.\n    <\/div>\n  <\/div>\n\n\n\n<div class=\"col-xs-12 col-md-6 seminarReviewBlogImageBox\">\n\n\n\n<figure class=\"wp-block-image\"><img decoding=\"async\" width=\"683\" height=\"1024\" data-attachment-id=\"25199\" data-permalink=\"https:\/\/michaelshof-sammatz.de\/blog\/seminar_review_falter2_2019_blogimage_03\/\" data-orig-file=\"https:\/\/michaelshof-sammatz.de\/blog\/wp-content\/uploads\/2019\/09\/Seminar_Review_Falter2_2019_blogImage_03.jpg\" data-orig-size=\"1066,1599\" data-comments-opened=\"0\" data-image-meta=\"{&quot;aperture&quot;:&quot;0&quot;,&quot;credit&quot;:&quot;&quot;,&quot;camera&quot;:&quot;&quot;,&quot;caption&quot;:&quot;&quot;,&quot;created_timestamp&quot;:&quot;0&quot;,&quot;copyright&quot;:&quot;&quot;,&quot;focal_length&quot;:&quot;0&quot;,&quot;iso&quot;:&quot;0&quot;,&quot;shutter_speed&quot;:&quot;0&quot;,&quot;title&quot;:&quot;&quot;,&quot;orientation&quot;:&quot;0&quot;}\" data-image-title=\"Seminar_Review_Falter2_2019_blogImage_03\" data-image-description=\"\" data-image-caption=\"\" data-medium-file=\"https:\/\/michaelshof-sammatz.de\/blog\/wp-content\/uploads\/2019\/09\/Seminar_Review_Falter2_2019_blogImage_03-200x300.jpg\" data-large-file=\"https:\/\/michaelshof-sammatz.de\/blog\/wp-content\/uploads\/2019\/09\/Seminar_Review_Falter2_2019_blogImage_03-683x1024.jpg\" tabindex=\"0\" role=\"button\" src=\"https:\/\/michaelshof-sammatz.de\/blog\/wp-content\/uploads\/2019\/09\/Seminar_Review_Falter2_2019_blogImage_03-683x1024.jpg\" alt=\"Michaelshof Sammatz | Seminar: Tagfalter Teil 2 R\u00fcckblick Pic 04\" class=\"wp-image-25199\" srcset=\"https:\/\/michaelshof-sammatz.de\/blog\/wp-content\/uploads\/2019\/09\/Seminar_Review_Falter2_2019_blogImage_03-683x1024.jpg 683w, https:\/\/michaelshof-sammatz.de\/blog\/wp-content\/uploads\/2019\/09\/Seminar_Review_Falter2_2019_blogImage_03-100x150.jpg 100w, https:\/\/michaelshof-sammatz.de\/blog\/wp-content\/uploads\/2019\/09\/Seminar_Review_Falter2_2019_blogImage_03-200x300.jpg 200w, https:\/\/michaelshof-sammatz.de\/blog\/wp-content\/uploads\/2019\/09\/Seminar_Review_Falter2_2019_blogImage_03-768x1152.jpg 768w, https:\/\/michaelshof-sammatz.de\/blog\/wp-content\/uploads\/2019\/09\/Seminar_Review_Falter2_2019_blogImage_03-300x450.jpg 300w, https:\/\/michaelshof-sammatz.de\/blog\/wp-content\/uploads\/2019\/09\/Seminar_Review_Falter2_2019_blogImage_03-600x900.jpg 600w, https:\/\/michaelshof-sammatz.de\/blog\/wp-content\/uploads\/2019\/09\/Seminar_Review_Falter2_2019_blogImage_03.jpg 1066w\" sizes=\"(max-width: 683px) 100vw, 683px\" \/><\/figure>\n\n\n\n<div class=\"seminarReviewBlogImageTitle lessText lightBlue\">\n      Sara Gro\u00df zeigt den Teilnehmern Falter in den Sammatzer G\u00e4rten.\n    <\/div>\n  <\/div>\n<\/div>\n\n\n\n<div class=\"row no-gutters\">\n  <div class=\"col-sm-12 seminarMargin\">\n    <h4 class=\"lightBlueText seminarReviewTextSubline\">Artenliste<\/h4>\n  <\/div>\n<\/div>\n\n\n\n<div class=\"row\">\n  <!-- List SM -->\n  <div class=\"col-sm-12 d-block d-md-none\">\n    <ul class=\"seminarList\">\n      <li>\n        Tagpfauenauge\n      <\/li>\n      <li>\n        Admiral\n      <\/li>\n      <li>\n        Distelflater\n      <\/li>\n      <li>\n        Zitronenfalter\n      <\/li>\n      <li>\n        Kleiner Permutterfalter\n      <\/li>\n      <li>\n        Kleiner Kohlwei\u00dfling\n      <\/li>\n      <li>\n        Gr\u00fcnader-Wei\u00dfling\n      <\/li>\n      <li>\n        Hauhechel-Bl\u00e4uling\n      <\/li>\n      <li>\n        Faulbaum-Bl\u00e4uling\n      <\/li>\n      <li>\n        Kleiner Feuerfalter\n      <\/li>\n      <li>\n        Gro\u00dfes Ochsenauge\n      <\/li>\n      <li>\n        Kleines Wiesenv\u00f6gelchen\n      <\/li>\n      <li>\n        Goldene Acht (Art-Komplex)\n      <\/li>\n      <li>\n        Schwalbenschwanz\n      <\/li>\n      <li>\n        Dickkopffalter-Art (unbestimmt)\n      <\/li>\n    <\/ul>\n  <\/div>\n  \n  <!-- List MD -->\n  <div class=\"d-none d-md-block d-lg-none col-md-6\">\n    <ul class=\"seminarList\">\n      <li>\n        Tagpfauenauge\n      <\/li>\n      <li>\n        Admiral\n      <\/li>\n      <li>\n        Distelflater\n      <\/li>\n      <li>\n        Zitronenfalter\n      <\/li>\n      <li>\n        Kleiner Permutterfalter\n      <\/li>\n      <li>\n        Kleiner Kohlwei\u00dfling\n      <\/li>\n      <li>\n        Gr\u00fcnader-Wei\u00dfling\n      <\/li>\n      <li>\n        Hauhechel-Bl\u00e4uling\n      <\/li>\n    <\/ul>\n  <\/div>\n  <div class=\"d-none d-md-block d-lg-none col-md-6\">\n    <ul class=\"seminarList\">\n      <li>\n        Faulbaum-Bl\u00e4uling\n      <\/li>\n      <li>\n        Kleiner Feuerfalter\n      <\/li>\n      <li>\n        Gro\u00dfes Ochsenauge\n      <\/li>\n      <li>\n        Kleines Wiesenv\u00f6gelchen\n      <\/li>\n      <li>\n        Goldene Acht (Art-Komplex)\n      <\/li>\n      <li>\n        Schwalbenschwanz\n      <\/li>\n      <li>\n        Dickkopffalter-Art (unbestimmt)\n      <\/li>\n    <\/ul>\n  <\/div>\n\n  <!-- List LG -->\n  <div class=\"d-none d-lg-block col-lg-4\">\n    <ul class=\"seminarList\">\n      <li>\n        Tagpfauenauge\n      <\/li>\n      <li>\n        Admiral\n      <\/li>\n      <li>\n        Distelflater\n      <\/li>\n      <li>\n        Zitronenfalter\n      <\/li>\n      <li>\n        Kleiner Permutterfalter\n      <\/li>\n    <\/ul>\n  <\/div>\n  <div class=\"d-none d-lg-block col-lg-4\">\n    <ul class=\"seminarList\">\n      <li>\n        Kleiner Kohlwei\u00dfling\n      <\/li>\n      <li>\n        Gr\u00fcnader-Wei\u00dfling\n      <\/li>\n      <li>\n        Hauhechel-Bl\u00e4uling\n      <\/li>\n      <li>\n        Faulbaum-Bl\u00e4uling\n      <\/li>\n      <li>\n        Kleiner Feuerfalter\n      <\/li>\n    <\/ul>\n  <\/div>\n  <div class=\"d-none d-lg-block col-lg-4\">\n    <ul class=\"seminarList\">\n      <li>\n        Gro\u00dfes Ochsenauge\n      <\/li>\n      <li>\n        Kleines Wiesenv\u00f6gelchen\n      <\/li>\n      <li>\n        Goldene Acht (Art-Komplex)\n      <\/li>\n      <li>\n        Schwalbenschwanz\n      <\/li>\n      <li>\n        Dickkopffalter-Art (unbestimmt)\n      <\/li>\n    <\/ul>\n  <\/div>\n<\/div>\n\n\n\n<div class=\"row no-gutters\">\n  <div class=\"col-sm-12 seminarReviewBlogImageBox seminarMargin\">\n\n\n\n<figure class=\"wp-block-image\"><img loading=\"lazy\" decoding=\"async\" width=\"1024\" height=\"496\" data-attachment-id=\"25201\" data-permalink=\"https:\/\/michaelshof-sammatz.de\/blog\/seminar_review_falter2_2019_blogimage_05\/\" data-orig-file=\"https:\/\/michaelshof-sammatz.de\/blog\/wp-content\/uploads\/2019\/09\/Seminar_Review_Falter2_2019_blogImage_05.jpg\" data-orig-size=\"1066,516\" data-comments-opened=\"0\" data-image-meta=\"{&quot;aperture&quot;:&quot;0&quot;,&quot;credit&quot;:&quot;&quot;,&quot;camera&quot;:&quot;&quot;,&quot;caption&quot;:&quot;&quot;,&quot;created_timestamp&quot;:&quot;0&quot;,&quot;copyright&quot;:&quot;&quot;,&quot;focal_length&quot;:&quot;0&quot;,&quot;iso&quot;:&quot;0&quot;,&quot;shutter_speed&quot;:&quot;0&quot;,&quot;title&quot;:&quot;&quot;,&quot;orientation&quot;:&quot;0&quot;}\" data-image-title=\"Seminar_Review_Falter2_2019_blogImage_05\" data-image-description=\"\" data-image-caption=\"\" data-medium-file=\"https:\/\/michaelshof-sammatz.de\/blog\/wp-content\/uploads\/2019\/09\/Seminar_Review_Falter2_2019_blogImage_05-300x145.jpg\" data-large-file=\"https:\/\/michaelshof-sammatz.de\/blog\/wp-content\/uploads\/2019\/09\/Seminar_Review_Falter2_2019_blogImage_05-1024x496.jpg\" tabindex=\"0\" role=\"button\" src=\"https:\/\/michaelshof-sammatz.de\/blog\/wp-content\/uploads\/2019\/09\/Seminar_Review_Falter2_2019_blogImage_05-1024x496.jpg\" alt=\"Michaelshof Sammatz | Seminar: Tagfalter Teil 2 R\u00fcckblick Pic 05\" class=\"wp-image-25201\" srcset=\"https:\/\/michaelshof-sammatz.de\/blog\/wp-content\/uploads\/2019\/09\/Seminar_Review_Falter2_2019_blogImage_05-1024x496.jpg 1024w, https:\/\/michaelshof-sammatz.de\/blog\/wp-content\/uploads\/2019\/09\/Seminar_Review_Falter2_2019_blogImage_05-150x73.jpg 150w, https:\/\/michaelshof-sammatz.de\/blog\/wp-content\/uploads\/2019\/09\/Seminar_Review_Falter2_2019_blogImage_05-300x145.jpg 300w, https:\/\/michaelshof-sammatz.de\/blog\/wp-content\/uploads\/2019\/09\/Seminar_Review_Falter2_2019_blogImage_05-768x372.jpg 768w, https:\/\/michaelshof-sammatz.de\/blog\/wp-content\/uploads\/2019\/09\/Seminar_Review_Falter2_2019_blogImage_05-600x290.jpg 600w, https:\/\/michaelshof-sammatz.de\/blog\/wp-content\/uploads\/2019\/09\/Seminar_Review_Falter2_2019_blogImage_05.jpg 1066w\" sizes=\"(max-width: 1024px) 100vw, 1024px\" \/><\/figure>\n\n\n\n<div class=\"seminarReviewBlogImageTitle lessText lightBlue\">\n      Auch im Wald gibt es einige spannende Falter zu entdecken.\n    <\/div>\n  <\/div>\n<\/div>\n\n\n\n<div class=\"row\">\n  <div class=\"col-sm-12\">\n    <p>\n      Da einige der internationalen Volunteers, die sich am Michaelshof aufhalten, ebenfalls gro\u00dfes Interesse an dem Seminar zeigten, entschieden wir uns kurzerhand, den ganzen Kurs am Folgetag auch auf Englisch anzubieten. Wir haben uns sehr \u00fcber das Interesse und diese erfrischende Neugier gefreut.<br><br>\nSo hat das Tagfalter-Seminar f\u00fcr einen sch\u00f6nen, erlebnisreichen Forschungstag mit tollen Entdeckungen gef\u00fchrt, den wir auch 2020 wieder anbieten werden. \n    <\/p>\n  <\/div>\n<\/div>\n\n\n\n<p style=\"text-align: right;\" \"color:=\"\" #67c8f9;\"=\"\">\n  <a href=\"https:\/\/michaelshof-sammatz.de\/blog\/events-english\/seminar-ruckblicke\/\">\n    <strong>Zur\u00fcck zur \u00dcbersicht<\/strong>\n  <\/a>\n  <br>\n  <a href=\"#headeranchor\">\n    <strong>\n      Zum Seitenanfang \u2191\n    <\/strong>\n  <\/a>\n<\/p>\n\n\n\n<!-- Closing Container -->\n<\/div>\n\n\n\n<p><\/p>\n","protected":false},"excerpt":{"rendered":"<p>Tagfalter \u2013 verstehen und erleben Teil 2 R\u00fcckblick Tagfalter \u2013 verstehen und erleben Teil 2 R\u00fcckblick \u00bbTagfalter \u2013 Seminar Teil 2\u00ab, 03. \u2013 04.08.2019 im \u00bbHaus&nbsp;der&nbsp;Natur\u00ab Der Workshop-Tag zum Kennenlernen der regionalen Tagfalter begann um 10:00 Uhr in der kleinen Bibliothek des Hauses der Natur. Nach der Begr\u00fc\u00dfung gab es zun\u00e4chst eine Einf\u00fchrung in die [&hellip;]<\/p>\n","protected":false},"author":4,"featured_media":0,"parent":0,"menu_order":0,"comment_status":"closed","ping_status":"closed","template":"","meta":{"footnotes":""},"class_list":["post-25178","page","type-page","status-publish","hentry"],"jetpack_sharing_enabled":true,"jetpack_shortlink":"https:\/\/wp.me\/PaQBcD-6y6","jetpack-related-posts":[],"_links":{"self":[{"href":"https:\/\/michaelshof-sammatz.de\/blog\/wp-json\/wp\/v2\/pages\/25178"}],"collection":[{"href":"https:\/\/michaelshof-sammatz.de\/blog\/wp-json\/wp\/v2\/pages"}],"about":[{"href":"https:\/\/michaelshof-sammatz.de\/blog\/wp-json\/wp\/v2\/types\/page"}],"author":[{"embeddable":true,"href":"https:\/\/michaelshof-sammatz.de\/blog\/wp-json\/wp\/v2\/users\/4"}],"replies":[{"embeddable":true,"href":"https:\/\/michaelshof-sammatz.de\/blog\/wp-json\/wp\/v2\/comments?post=25178"}],"version-history":[{"count":23,"href":"https:\/\/michaelshof-sammatz.de\/blog\/wp-json\/wp\/v2\/pages\/25178\/revisions"}],"predecessor-version":[{"id":25220,"href":"https:\/\/michaelshof-sammatz.de\/blog\/wp-json\/wp\/v2\/pages\/25178\/revisions\/25220"}],"wp:attachment":[{"href":"https:\/\/michaelshof-sammatz.de\/blog\/wp-json\/wp\/v2\/media?parent=25178"}],"curies":[{"name":"wp","href":"https:\/\/api.w.org\/{rel}","templated":true}]}}