

{"id":25218,"date":"2019-09-19T14:02:46","date_gmt":"2019-09-19T12:02:46","guid":{"rendered":"https:\/\/michaelshof-sammatz.de\/blog\/?page_id=25218"},"modified":"2019-10-01T12:18:53","modified_gmt":"2019-10-01T10:18:53","slug":"michaelshof-events-seminar-ruckblick-2019-13-ameisen","status":"publish","type":"page","link":"https:\/\/michaelshof-sammatz.de\/blog\/michaelshof-events-seminar-ruckblick-2019-13-ameisen\/","title":{"rendered":"Seminar-R\u00fcckblick | 2019\/13 | Ameisen"},"content":{"rendered":"\n<div class=\"container-fluid seminarTeaserContainer\">\n  <div class=\"row no-gutters\">\n\n\n\n<!-- THIS IS THE TEASER IMAGE FOR LARGE DEVICES. -->\n<div class=\"d-none d-md-block col-md-12 seminarTeaser\">\n\n  <div class=\"seminarTeaserTextbox\">\n    <span class=\"seminarTeaserHL\">Ameisen<\/span><br>\n    <span class=\"seminarTeaserSL\">Bestimmungskurs<\/span><br><br>\n    <span class=\"seminarTeaserReview\">R\u00fcckblick<\/span>\n  <\/div>\n\n  <div>\n    <svg class=\"seminarTeaserShape\" version=\"1.1\" id=\"Ebene_1\" xmlns=\"http:\/\/www.w3.org\/2000\/svg\" xmlns:xlink=\"http:\/\/www.w3.org\/1999\/xlink\" x=\"0px\" y=\"0px\" viewBox=\"0 0 337.23 239.53\" style=\"enable-background:new 0 0 337.23 239.53;\" xml:space=\"preserve\">\n      <style type=\"text\/css\">\n        .st0{fill:#a74c9b;}\n      <\/style>\n      <polygon class=\"st0\" points=\"337.23,239.53 337.23,0 182.83,0 0,239.53 \"><\/polygon>\n    <\/svg>\n  <\/div> \n\n  <div class=\"seminarTeaserImageBox\">\n    <img decoding=\"async\" class=\"seminarTeaserImage\" src=\"\/wp-content\/uploads\/2019\/09\/Seminar_Review_Ameisen_2019_teaser_bg.jpg\" alt=\"Michaelshof Sammatz | Seminar: Ameisen R\u00fcckblick Teaser\">\n  <\/div>\n<\/div>\n\n\n\n<!-- THIS IS THE TEASER IMAGE FOR SMALL DEVICES. -->\n<div class=\"d-block d-md-none col-12 seminarTeaserSmall\">\n    <img decoding=\"async\" src=\"\/wp-content\/uploads\/2019\/09\/Seminar_Review_Ameisen_2019_teaser_bg.jpg\" alt=\"Michaelshof Sammatz | Seminar: Ameisen R\u00fcckblick Teaser\">\n\n  <div class=\"seminarTeaserTextboxSmall purple\">\n    <span class=\"seminarTeaserHL\">Ameisen<\/span><br>\n    <span class=\"seminarTeaserSL\">Bestimmungskurs<\/span><br><br>\n    <span class=\"seminarTeaserReview\">R\u00fcckblick<\/span>\n  <\/div>\n<!-- closing Teaser Image Column -->\n<\/div>\n<!-- closing Teaser Image Row -->\n<\/div>\n\n\n\n<div class=\"row seminarReviewTextHeadline\">\n  <div class=\"col-12\">\n    <h1 class=\"seminarH1 lightPurpleText\">\u00bbAmeisen Bestimmungskurs\u00ab, 10.08.2019 im \u00bbHaus&nbsp;der&nbsp;Natur\u00ab <\/h1>\n  <\/div>\n<\/div>\n\n\n\n<div class=\"row no-gutters\">\n  <div class=\"col-sm-12 col-lg-8\">\n    <div class=\"seminarTwoColText\">\n      <p>\nZu unserer Freude konnten wir mit J\u00f6rg Beck vom Deutschen Ameisen-Erlebnis-Zentrum (DAEZ) einen ausgewiesenen Kenner der Ameisen, ihrer Biologie und ihrer Umwelt als Dozenten f\u00fcr dieses Seminar gewinnen. Und tats\u00e4chlich versetzte seine detailreiche und spannende Einf\u00fchrung die Teilnehmer immer wieder in Kopfsch\u00fctteln und Erstaunen \u00fcber unsere kleinen Nachbarn. H\u00e4ttest du gewusst, dass eine Arbeiterin ca. 6 Jahre alt wird und die K\u00f6nigin sogar ein Alter von rund 26 Jahre erreicht? Dass es \u201eInnendienst\u201c-Berufe gibt wie W\u00e4rmetr\u00e4gerin, Weckerin und Beutezerlegerin und \u201eAu\u00dfendienst\u201c-Berufe wie Stra\u00dfenbauerin und L\u00e4usemelkerin? Auch die \u00f6kologische Bedeutung der Ameisen wurde dargestellt. So bieten sie f\u00fcr viele Tiere eine Nahrungsgrundlage wie z.B. f\u00fcr die Spechte. Die Konsequenzen im vernetzten \u00d6kosystem sind wie immer weitreichend: Mehr Ameisen \u2013 mehr Spechte; mehr Spechth\u00f6hlen \u2013 mehr Nachmieter von Spechth\u00f6hlen (40 Arten sind bekannt, darunter verschiedene Flederm\u00e4use, Siebenschl\u00e4fer und Hornissen). Somit tr\u00e4gt die Pr\u00e4senz von Ameisen in einem Wald wesentlich zu einer hohen Artenvielfalt und einem guten \u00f6kologischen Gleichgewicht bei. Aber auch direkt tun Ameisen viel f\u00fcr unsere Umwelt. Neben der bekannten \u201eAufr\u00e4umarbeit\u201c, bei der sie Tierkadaver beseitigen, sind sie zum Beispiel auch f\u00fcr die Verbreitung von Samen von rund 180 Pflanzenarten verantwortlich. \n       <\/p>\n     <\/div>\n   <\/div>\n\n\n\n<!--  Blog Image 01 for large devices  -->\n<!--  Image data is specified in CSS  -->\n  <div class=\"d-none d-lg-block col-lg-4  seminarReviewBlogImageThirdcol Ameisen\">\n      <div class=\"seminarReviewBlogImageTitle purple\">\n        Schaubild zur Vernetzung \u00f6k\u00f6logischer Prozesse und Lebewesen im Wald.\n      <\/div>\n  <\/div>\n\n  <!-- Blog Image 01 for small devices  -->\n  <div class=\"d-block d-lg-none col-sm-12 seminarReviewBlogImageThirdcol Ameisen\">\n    <div class=\"seminarReviewBlogImageTitle lessText purple\">\n      Schaubild zur Vernetzung \u00f6k\u00f6logischer Prozesse und Lebewesen im Wald.\n    <\/div>\n  <\/div>\n\n<\/div>\n\n\n\n<div class=\"row no-gutters\">\n  <div class=\"col-sm-12 seminarReviewBlogImageBox\">\n\n\n\n<figure class=\"wp-block-image\"><img fetchpriority=\"high\" decoding=\"async\" width=\"1024\" height=\"496\" data-attachment-id=\"25227\" data-permalink=\"https:\/\/michaelshof-sammatz.de\/blog\/seminar_review_ameisen_2019_blogimage_02\/\" data-orig-file=\"https:\/\/michaelshof-sammatz.de\/blog\/wp-content\/uploads\/2019\/09\/Seminar_Review_Ameisen_2019_blogImage_02.jpg\" data-orig-size=\"1066,516\" data-comments-opened=\"0\" data-image-meta=\"{&quot;aperture&quot;:&quot;0&quot;,&quot;credit&quot;:&quot;&quot;,&quot;camera&quot;:&quot;&quot;,&quot;caption&quot;:&quot;&quot;,&quot;created_timestamp&quot;:&quot;0&quot;,&quot;copyright&quot;:&quot;&quot;,&quot;focal_length&quot;:&quot;0&quot;,&quot;iso&quot;:&quot;0&quot;,&quot;shutter_speed&quot;:&quot;0&quot;,&quot;title&quot;:&quot;&quot;,&quot;orientation&quot;:&quot;0&quot;}\" data-image-title=\"Seminar_Review_Ameisen_2019_blogImage_02\" data-image-description=\"\" data-image-caption=\"\" data-medium-file=\"https:\/\/michaelshof-sammatz.de\/blog\/wp-content\/uploads\/2019\/09\/Seminar_Review_Ameisen_2019_blogImage_02-300x145.jpg\" data-large-file=\"https:\/\/michaelshof-sammatz.de\/blog\/wp-content\/uploads\/2019\/09\/Seminar_Review_Ameisen_2019_blogImage_02-1024x496.jpg\" tabindex=\"0\" role=\"button\" src=\"https:\/\/michaelshof-sammatz.de\/blog\/wp-content\/uploads\/2019\/09\/Seminar_Review_Ameisen_2019_blogImage_02-1024x496.jpg\" alt=\"Michaelshof Sammatz | Seminar: Ameisen R\u00fcckblick Pic 02\" class=\"wp-image-25227\" srcset=\"https:\/\/michaelshof-sammatz.de\/blog\/wp-content\/uploads\/2019\/09\/Seminar_Review_Ameisen_2019_blogImage_02-1024x496.jpg 1024w, https:\/\/michaelshof-sammatz.de\/blog\/wp-content\/uploads\/2019\/09\/Seminar_Review_Ameisen_2019_blogImage_02-150x73.jpg 150w, https:\/\/michaelshof-sammatz.de\/blog\/wp-content\/uploads\/2019\/09\/Seminar_Review_Ameisen_2019_blogImage_02-300x145.jpg 300w, https:\/\/michaelshof-sammatz.de\/blog\/wp-content\/uploads\/2019\/09\/Seminar_Review_Ameisen_2019_blogImage_02-768x372.jpg 768w, https:\/\/michaelshof-sammatz.de\/blog\/wp-content\/uploads\/2019\/09\/Seminar_Review_Ameisen_2019_blogImage_02-600x290.jpg 600w, https:\/\/michaelshof-sammatz.de\/blog\/wp-content\/uploads\/2019\/09\/Seminar_Review_Ameisen_2019_blogImage_02.jpg 1066w\" sizes=\"(max-width: 1024px) 100vw, 1024px\" \/><\/figure>\n\n\n\n<div class=\"seminarReviewBlogImageTitle lessText purple\">\n      Rote Waldameise (Formica rufa)\n    <\/div>\n  <\/div>\n<\/div>\n\n\n\n<div style=\"height:45px\" aria-hidden=\"true\" class=\"wp-block-spacer\"><\/div>\n\n\n\n<div class=\"row\">\n  <div class=\"col-sm-12 seminarTwoColText\">\n    <p>\n    Nach dem informativen Vortrag mit Schauk\u00e4sten, spannenden Tafeln und einem echten (ausgestopften) Ameisenl\u00f6wen setzten wir uns erst einmal zu einem guten Mittagessen, bevor wir uns am Nachmittag auf Exkursion begaben. Ziel war ein Ameisenh\u00fcgel in der Umgebung, um das Verhalten der Ameisen direkt zu beobachten. Durch die fundierten Erl\u00e4uterungen vor Ort bekamen die Teilnehmer einen echten Einblick in das Leben der Ameisen \u2013 auch wenn deutlich war, dass man \u00fcber diese faszinierende Spezies ohne weiteres noch einige Tage h\u00e4tte sprechen k\u00f6nnen.\n  <\/div>\n<\/div>\n\n\n\n<div style=\"height:25px\" aria-hidden=\"true\" class=\"wp-block-spacer\"><\/div>\n\n\n\n<div class=\"row\">\n  <div class=\"col-xs-12 col-md-6 seminarReviewBlogImageBox\">\n\n\n\n<figure class=\"wp-block-image\"><img decoding=\"async\" width=\"683\" height=\"1024\" data-attachment-id=\"25228\" data-permalink=\"https:\/\/michaelshof-sammatz.de\/blog\/seminar_review_ameisen_2019_blogimage_03\/\" data-orig-file=\"https:\/\/michaelshof-sammatz.de\/blog\/wp-content\/uploads\/2019\/09\/Seminar_Review_Ameisen_2019_blogImage_03.jpg\" data-orig-size=\"1066,1599\" data-comments-opened=\"0\" data-image-meta=\"{&quot;aperture&quot;:&quot;0&quot;,&quot;credit&quot;:&quot;&quot;,&quot;camera&quot;:&quot;&quot;,&quot;caption&quot;:&quot;&quot;,&quot;created_timestamp&quot;:&quot;0&quot;,&quot;copyright&quot;:&quot;&quot;,&quot;focal_length&quot;:&quot;0&quot;,&quot;iso&quot;:&quot;0&quot;,&quot;shutter_speed&quot;:&quot;0&quot;,&quot;title&quot;:&quot;&quot;,&quot;orientation&quot;:&quot;0&quot;}\" data-image-title=\"Seminar_Review_Ameisen_2019_blogImage_03\" data-image-description=\"\" data-image-caption=\"\" data-medium-file=\"https:\/\/michaelshof-sammatz.de\/blog\/wp-content\/uploads\/2019\/09\/Seminar_Review_Ameisen_2019_blogImage_03-200x300.jpg\" data-large-file=\"https:\/\/michaelshof-sammatz.de\/blog\/wp-content\/uploads\/2019\/09\/Seminar_Review_Ameisen_2019_blogImage_03-683x1024.jpg\" tabindex=\"0\" role=\"button\" src=\"https:\/\/michaelshof-sammatz.de\/blog\/wp-content\/uploads\/2019\/09\/Seminar_Review_Ameisen_2019_blogImage_03-683x1024.jpg\" alt=\"Michaelshof Sammatz | Seminar: Ameisen R\u00fcckblick Pic 03\" class=\"wp-image-25228\" srcset=\"https:\/\/michaelshof-sammatz.de\/blog\/wp-content\/uploads\/2019\/09\/Seminar_Review_Ameisen_2019_blogImage_03-683x1024.jpg 683w, https:\/\/michaelshof-sammatz.de\/blog\/wp-content\/uploads\/2019\/09\/Seminar_Review_Ameisen_2019_blogImage_03-100x150.jpg 100w, https:\/\/michaelshof-sammatz.de\/blog\/wp-content\/uploads\/2019\/09\/Seminar_Review_Ameisen_2019_blogImage_03-200x300.jpg 200w, https:\/\/michaelshof-sammatz.de\/blog\/wp-content\/uploads\/2019\/09\/Seminar_Review_Ameisen_2019_blogImage_03-768x1152.jpg 768w, https:\/\/michaelshof-sammatz.de\/blog\/wp-content\/uploads\/2019\/09\/Seminar_Review_Ameisen_2019_blogImage_03-300x450.jpg 300w, https:\/\/michaelshof-sammatz.de\/blog\/wp-content\/uploads\/2019\/09\/Seminar_Review_Ameisen_2019_blogImage_03-600x900.jpg 600w, https:\/\/michaelshof-sammatz.de\/blog\/wp-content\/uploads\/2019\/09\/Seminar_Review_Ameisen_2019_blogImage_03.jpg 1066w\" sizes=\"(max-width: 683px) 100vw, 683px\" \/><\/figure>\n\n\n\n<div class=\"seminarReviewBlogImageTitle lessText purple\">\n      Die Seminarteilnehmer auf dem Weg zum Ameisenh\u00fcgel.\n    <\/div>\n  <\/div>\n\n\n\n<div class=\"col-xs-12 col-md-6 seminarReviewBlogImageBox\">\n\n\n\n<figure class=\"wp-block-image\"><img decoding=\"async\" width=\"683\" height=\"1024\" data-attachment-id=\"25229\" data-permalink=\"https:\/\/michaelshof-sammatz.de\/blog\/seminar_review_ameisen_2019_blogimage_04\/\" data-orig-file=\"https:\/\/michaelshof-sammatz.de\/blog\/wp-content\/uploads\/2019\/09\/Seminar_Review_Ameisen_2019_blogImage_04.jpg\" data-orig-size=\"1066,1599\" data-comments-opened=\"0\" data-image-meta=\"{&quot;aperture&quot;:&quot;0&quot;,&quot;credit&quot;:&quot;&quot;,&quot;camera&quot;:&quot;&quot;,&quot;caption&quot;:&quot;&quot;,&quot;created_timestamp&quot;:&quot;0&quot;,&quot;copyright&quot;:&quot;&quot;,&quot;focal_length&quot;:&quot;0&quot;,&quot;iso&quot;:&quot;0&quot;,&quot;shutter_speed&quot;:&quot;0&quot;,&quot;title&quot;:&quot;&quot;,&quot;orientation&quot;:&quot;0&quot;}\" data-image-title=\"Seminar_Review_Ameisen_2019_blogImage_04\" data-image-description=\"\" data-image-caption=\"\" data-medium-file=\"https:\/\/michaelshof-sammatz.de\/blog\/wp-content\/uploads\/2019\/09\/Seminar_Review_Ameisen_2019_blogImage_04-200x300.jpg\" data-large-file=\"https:\/\/michaelshof-sammatz.de\/blog\/wp-content\/uploads\/2019\/09\/Seminar_Review_Ameisen_2019_blogImage_04-683x1024.jpg\" tabindex=\"0\" role=\"button\" src=\"https:\/\/michaelshof-sammatz.de\/blog\/wp-content\/uploads\/2019\/09\/Seminar_Review_Ameisen_2019_blogImage_04-683x1024.jpg\" alt=\"Michaelshof Sammatz | Seminar: Ameisen R\u00fcckblick Pic 04\" class=\"wp-image-25229\" srcset=\"https:\/\/michaelshof-sammatz.de\/blog\/wp-content\/uploads\/2019\/09\/Seminar_Review_Ameisen_2019_blogImage_04-683x1024.jpg 683w, https:\/\/michaelshof-sammatz.de\/blog\/wp-content\/uploads\/2019\/09\/Seminar_Review_Ameisen_2019_blogImage_04-100x150.jpg 100w, https:\/\/michaelshof-sammatz.de\/blog\/wp-content\/uploads\/2019\/09\/Seminar_Review_Ameisen_2019_blogImage_04-200x300.jpg 200w, https:\/\/michaelshof-sammatz.de\/blog\/wp-content\/uploads\/2019\/09\/Seminar_Review_Ameisen_2019_blogImage_04-768x1152.jpg 768w, https:\/\/michaelshof-sammatz.de\/blog\/wp-content\/uploads\/2019\/09\/Seminar_Review_Ameisen_2019_blogImage_04-300x450.jpg 300w, https:\/\/michaelshof-sammatz.de\/blog\/wp-content\/uploads\/2019\/09\/Seminar_Review_Ameisen_2019_blogImage_04-600x900.jpg 600w, https:\/\/michaelshof-sammatz.de\/blog\/wp-content\/uploads\/2019\/09\/Seminar_Review_Ameisen_2019_blogImage_04.jpg 1066w\" sizes=\"(max-width: 683px) 100vw, 683px\" \/><\/figure>\n\n\n\n<div class=\"seminarReviewBlogImageTitle lessText purple\">\n      Beobachtungen \u00fcber das Verhalten der Ameiesen am beeindruckenden H\u00fcgel.\n    <\/div>\n  <\/div>\n<\/div>\n\n\n\n<div style=\"height:45px\" aria-hidden=\"true\" class=\"wp-block-spacer\"><\/div>\n\n\n\n<div class=\"row\">\n  <div class=\"col-sm-12\">\n    <p>\n      Der zweite Teil des Seminars, der Bestimmungskurs, musste leider abgesagt werden, da Herr Schade (ebenfalls vom DAEZ) aus gesundheitlichen Gr\u00fcnden nicht kommen konnte.<br><br>\nInsgesamt weckte das Seminar echtes Interesse und Begeisterung f\u00fcr sein Thema \u2013 der lebendige, anschauliche Vortragsstil des Dozenten war eine gro\u00dfe Hilfe, gerade auch f\u00fcr Einsteiger. So sind wir mit dem guten Gef\u00fchl nach Hause gegangen, tats\u00e4chlich eine Menge \u00fcber die kleinen Krabbler gelernt zu haben und Ameisen ab jetzt mit anderen Augen zu sehen.\n\n    <\/p>\n  <\/div>\n<\/div>\n\n\n\n<div class=\"row no-gutters\">\n  <div class=\"col-sm-12 seminarReviewBlogImageBox seminarMargin\">\n\n\n\n<figure class=\"wp-block-image\"><img loading=\"lazy\" decoding=\"async\" width=\"1024\" height=\"496\" data-attachment-id=\"25230\" data-permalink=\"https:\/\/michaelshof-sammatz.de\/blog\/seminar_review_ameisen_2019_blogimage_05\/\" data-orig-file=\"https:\/\/michaelshof-sammatz.de\/blog\/wp-content\/uploads\/2019\/09\/Seminar_Review_Ameisen_2019_blogImage_05.jpg\" data-orig-size=\"1066,516\" data-comments-opened=\"0\" data-image-meta=\"{&quot;aperture&quot;:&quot;0&quot;,&quot;credit&quot;:&quot;&quot;,&quot;camera&quot;:&quot;&quot;,&quot;caption&quot;:&quot;&quot;,&quot;created_timestamp&quot;:&quot;0&quot;,&quot;copyright&quot;:&quot;&quot;,&quot;focal_length&quot;:&quot;0&quot;,&quot;iso&quot;:&quot;0&quot;,&quot;shutter_speed&quot;:&quot;0&quot;,&quot;title&quot;:&quot;&quot;,&quot;orientation&quot;:&quot;0&quot;}\" data-image-title=\"Seminar_Review_Ameisen_2019_blogImage_05\" data-image-description=\"\" data-image-caption=\"\" data-medium-file=\"https:\/\/michaelshof-sammatz.de\/blog\/wp-content\/uploads\/2019\/09\/Seminar_Review_Ameisen_2019_blogImage_05-300x145.jpg\" data-large-file=\"https:\/\/michaelshof-sammatz.de\/blog\/wp-content\/uploads\/2019\/09\/Seminar_Review_Ameisen_2019_blogImage_05-1024x496.jpg\" tabindex=\"0\" role=\"button\" src=\"https:\/\/michaelshof-sammatz.de\/blog\/wp-content\/uploads\/2019\/09\/Seminar_Review_Ameisen_2019_blogImage_05-1024x496.jpg\" alt=\"Michaelshof Sammatz | Seminar: Ameisen R\u00fcckblick Pic 05\" class=\"wp-image-25230\" srcset=\"https:\/\/michaelshof-sammatz.de\/blog\/wp-content\/uploads\/2019\/09\/Seminar_Review_Ameisen_2019_blogImage_05-1024x496.jpg 1024w, https:\/\/michaelshof-sammatz.de\/blog\/wp-content\/uploads\/2019\/09\/Seminar_Review_Ameisen_2019_blogImage_05-150x73.jpg 150w, https:\/\/michaelshof-sammatz.de\/blog\/wp-content\/uploads\/2019\/09\/Seminar_Review_Ameisen_2019_blogImage_05-300x145.jpg 300w, https:\/\/michaelshof-sammatz.de\/blog\/wp-content\/uploads\/2019\/09\/Seminar_Review_Ameisen_2019_blogImage_05-768x372.jpg 768w, https:\/\/michaelshof-sammatz.de\/blog\/wp-content\/uploads\/2019\/09\/Seminar_Review_Ameisen_2019_blogImage_05-600x290.jpg 600w, https:\/\/michaelshof-sammatz.de\/blog\/wp-content\/uploads\/2019\/09\/Seminar_Review_Ameisen_2019_blogImage_05.jpg 1066w\" sizes=\"(max-width: 1024px) 100vw, 1024px\" \/><\/figure>\n\n\n\n<div class=\"seminarReviewBlogImageTitle lessText purple\">\n      J\u00f6rg Beck erl\u00e4utert das Verhalten der kleinen Tiere.\n    <\/div>\n  <\/div>\n<\/div>\n\n\n\n<p style=\"text-align: right;\" \"color:=\"\" #67c8f9;\"=\"\">\n  <a href=\"https:\/\/michaelshof-sammatz.de\/blog\/events-english\/seminar-ruckblicke\/\">\n    <strong>Zur\u00fcck zur \u00dcbersicht<\/strong>\n  <\/a>\n  <br>\n  <a href=\"#headeranchor\">\n    <strong>\n      Zum Seitenanfang \u2191\n    <\/strong>\n  <\/a>\n<\/p>\n\n\n\n<!-- Closing Container -->\n<\/div>\n\n\n\n<p><\/p>\n","protected":false},"excerpt":{"rendered":"<p>Ameisen Bestimmungskurs R\u00fcckblick Ameisen Bestimmungskurs R\u00fcckblick \u00bbAmeisen Bestimmungskurs\u00ab, 10.08.2019 im \u00bbHaus&nbsp;der&nbsp;Natur\u00ab Zu unserer Freude konnten wir mit J\u00f6rg Beck vom Deutschen Ameisen-Erlebnis-Zentrum (DAEZ) einen ausgewiesenen Kenner der Ameisen, ihrer Biologie und ihrer Umwelt als Dozenten f\u00fcr dieses Seminar gewinnen. Und tats\u00e4chlich versetzte seine detailreiche und spannende Einf\u00fchrung die Teilnehmer immer wieder in Kopfsch\u00fctteln und Erstaunen [&hellip;]<\/p>\n","protected":false},"author":4,"featured_media":0,"parent":0,"menu_order":0,"comment_status":"closed","ping_status":"closed","template":"","meta":{"footnotes":""},"class_list":["post-25218","page","type-page","status-publish","hentry"],"jetpack_sharing_enabled":true,"jetpack_shortlink":"https:\/\/wp.me\/PaQBcD-6yK","jetpack-related-posts":[],"_links":{"self":[{"href":"https:\/\/michaelshof-sammatz.de\/blog\/wp-json\/wp\/v2\/pages\/25218"}],"collection":[{"href":"https:\/\/michaelshof-sammatz.de\/blog\/wp-json\/wp\/v2\/pages"}],"about":[{"href":"https:\/\/michaelshof-sammatz.de\/blog\/wp-json\/wp\/v2\/types\/page"}],"author":[{"embeddable":true,"href":"https:\/\/michaelshof-sammatz.de\/blog\/wp-json\/wp\/v2\/users\/4"}],"replies":[{"embeddable":true,"href":"https:\/\/michaelshof-sammatz.de\/blog\/wp-json\/wp\/v2\/comments?post=25218"}],"version-history":[{"count":16,"href":"https:\/\/michaelshof-sammatz.de\/blog\/wp-json\/wp\/v2\/pages\/25218\/revisions"}],"predecessor-version":[{"id":25257,"href":"https:\/\/michaelshof-sammatz.de\/blog\/wp-json\/wp\/v2\/pages\/25218\/revisions\/25257"}],"wp:attachment":[{"href":"https:\/\/michaelshof-sammatz.de\/blog\/wp-json\/wp\/v2\/media?parent=25218"}],"curies":[{"name":"wp","href":"https:\/\/api.w.org\/{rel}","templated":true}]}}