

{"id":25251,"date":"2019-09-19T15:37:02","date_gmt":"2019-09-19T13:37:02","guid":{"rendered":"https:\/\/michaelshof-sammatz.de\/blog\/?page_id=25251"},"modified":"2019-10-01T12:19:03","modified_gmt":"2019-10-01T10:19:03","slug":"michaelshof-events-seminar-ruckblick-2019-16-pflanzenfotografie","status":"publish","type":"page","link":"https:\/\/michaelshof-sammatz.de\/blog\/michaelshof-events-seminar-ruckblick-2019-16-pflanzenfotografie\/","title":{"rendered":"Seminar-R\u00fcckblick | 2019\/16 | Pflanzenfotografie"},"content":{"rendered":"\n<div class=\"container-fluid seminarTeaserContainer\">\n  <div class=\"row no-gutters\">\n\n\n\n<!-- THIS IS THE TEASER IMAGE FOR LARGE DEVICES. -->\n<div class=\"d-none d-md-block col-md-12 seminarTeaser\">\n\n  <div class=\"seminarTeaserTextbox\">\n    <span class=\"seminarTeaserHL\">Kreative Pflanzenfotografie<\/span><br>\n    <span class=\"seminarTeaserSL\">Mit Radomir Jakubowski<\/span><br><br>\n    <span class=\"seminarTeaserReview\">R\u00fcckblick<\/span>\n  <\/div>\n\n  <div>\n    <svg class=\"seminarTeaserShape\" version=\"1.1\" id=\"Ebene_1\" xmlns=\"http:\/\/www.w3.org\/2000\/svg\" xmlns:xlink=\"http:\/\/www.w3.org\/1999\/xlink\" x=\"0px\" y=\"0px\" viewBox=\"0 0 337.23 239.53\" style=\"enable-background:new 0 0 337.23 239.53;\" xml:space=\"preserve\">\n      <style type=\"text\/css\">\n        .st0{fill:#6ec9ce;}\n      <\/style>\n      <polygon class=\"st0\" points=\"337.23,239.53 337.23,0 182.83,0 0,239.53 \"><\/polygon>\n    <\/svg>\n  <\/div> \n\n  <div class=\"seminarTeaserImageBox\">\n    <img decoding=\"async\" class=\"seminarTeaserImage\" src=\"\/wp-content\/uploads\/2019\/09\/Seminar_Review_Pflanzenfotografie_2019_teaser_bg.jpg\" alt=\"Michaelshof Sammatz | Seminar: Pflanzenfotografie Teaser\">\n  <\/div>\n<\/div>\n\n\n\n<!-- THIS IS THE TEASER IMAGE FOR SMALL DEVICES. -->\n<div class=\"d-block d-md-none col-12 seminarTeaserSmall\">\n    <img decoding=\"async\" src=\"\/wp-content\/uploads\/2019\/09\/Seminar_Review_Pflanzenfotografie_2019_teaser_bg.jpg\" alt=\"Michaelshof Sammatz | Seminar: Pflanzenfotografie Teaser\">\n\n  <div class=\"seminarTeaserTextboxSmall lightBlue\">\n    <span class=\"seminarTeaserHL\">Kreative Pflanzenfotografie<\/span><br>\n    <span class=\"seminarTeaserSL\">Mit Radomir Jakubowski<\/span><br><br>\n    <span class=\"seminarTeaserReview\">R\u00fcckblick<\/span>\n  <\/div>\n<!-- closing Teaser Image Column -->\n<\/div>\n<!-- closing Teaser Image Row -->\n<\/div>\n\n\n\n<div class=\"row seminarReviewTextHeadline\">\n  <div class=\"col-12\">\n    <h1 class=\"seminarH1 lightBlueText\">\u00bbAtelier Natur \u2013 Kreative Pflanzenfotografie\u00ab, 30.08. \u2013 01.09.2019 im \u00bbHaus&nbsp;der&nbsp;Natur\u00ab <\/h1>\n  <\/div>\n<\/div>\n\n<div class=\"row no-gutters\">\n  <div class=\"col-sm-12 seminarMargin\">\n    <h4 class=\"lightBlueText seminarReviewTextSubline\">Ein Bericht von Radomir Jakubowski<\/h4>\n  <\/div>\n<\/div>\n\n\n\n<div class=\"row no-gutters\">\n  <div class=\"col-sm-12 col-lg-8\">\n    <div class=\"seminarTwoColText\">\n      <p>\n        Wenn ich mich heute an den Anruf vom Michaelshof zur\u00fcckerinnere, muss ich immer noch schmunzeln. Das Handy klingelte, ein motivierter Mitarbeiter vom Michaelshof meldete sich und fragte ob wir einen Workshop machen k\u00f6nnen. Ich war tats\u00e4chlich skeptisch, denn Blumenfotografie Ende August auf einem Bauernhof? Also meine Wiesen sind zu dem Zeitpunkt bl\u00fctenfrei, aber nachdem mir mehrfach glaubhaft versichert worden ist, dass es um die Jahreszeit sehr sch\u00f6n und Artenreich ist, habe ich mich gerne auf das Abenteuer eingelassen.<br>\nIm Juli war ich dann das erste Mal am Michaelshof in Sammatz vor Ort und mir wurde eines der sch\u00f6nsten Projekte vorgestellt die ich seit langem gesehen habe. Ein Biobauernhof, wie er im Buche steht, mitten im nirgendwo. Dazu eine top gepflegte Au\u00dfenanlage und sehr viele Menschen und Helfer, denen ich direkt angemerkt habe, dass Sie f\u00fcr die Projekte am Michaelshof brennen. Neben dem Bauernhof und dem Hofladen gibt es auch ein Kinderheim und der Hof entwickelt sich st\u00e4ndig weiter. Gleichzeitig finden hier viele freiwillige Helfer aus der ganzen Welt Platz und helfen aktiv mit. Inzwischen probiert der Michaelshof im Haus der Natur immer mehr (Kultur-)Programm auf die Beine zu stellen und das Thema Naturfotografie ist dabei eine Facette davon.\n       <\/p>\n     <\/div>\n   <\/div>\n\n\n\n<!--  Blog Image 01 for large devices  -->\n<!--  Image data is specified in CSS  -->\n  <div class=\"d-none d-lg-block col-lg-4  seminarReviewBlogImageThirdcol Pflanzenfotografie\">\n      <div class=\"seminarReviewBlogImageTitle lightBlue\">\n        Seminarleiter Radomir Jakubowski \n      <\/div>\n  <\/div>\n\n  <!-- Blog Image 01 for small devices  -->\n  <div class=\"d-block d-lg-none col-sm-12 seminarReviewBlogImageThirdcol Pflanzenfotografie\">\n    <div class=\"seminarReviewBlogImageTitle lessText lightBlue\">\n      Seminarleiter Radomir Jakubowski\n    <\/div>\n  <\/div>\n\n<\/div>\n\n\n\n<div class=\"row no-gutters\">\n  <div class=\"col-sm-12 seminarReviewBlogImageBox\">\n\n\n\n<figure class=\"wp-block-image\"><img fetchpriority=\"high\" decoding=\"async\" width=\"1024\" height=\"496\" data-attachment-id=\"25315\" data-permalink=\"https:\/\/michaelshof-sammatz.de\/blog\/seminar_review_pflanzenfotografie_2019_blogimage_02\/\" data-orig-file=\"https:\/\/michaelshof-sammatz.de\/blog\/wp-content\/uploads\/2019\/09\/Seminar_Review_Pflanzenfotografie_2019_blogImage_02.jpg\" data-orig-size=\"1066,516\" data-comments-opened=\"0\" data-image-meta=\"{&quot;aperture&quot;:&quot;0&quot;,&quot;credit&quot;:&quot;&quot;,&quot;camera&quot;:&quot;&quot;,&quot;caption&quot;:&quot;&quot;,&quot;created_timestamp&quot;:&quot;0&quot;,&quot;copyright&quot;:&quot;&quot;,&quot;focal_length&quot;:&quot;0&quot;,&quot;iso&quot;:&quot;0&quot;,&quot;shutter_speed&quot;:&quot;0&quot;,&quot;title&quot;:&quot;&quot;,&quot;orientation&quot;:&quot;0&quot;}\" data-image-title=\"Seminar_Review_Pflanzenfotografie_2019_blogImage_02\" data-image-description=\"\" data-image-caption=\"\" data-medium-file=\"https:\/\/michaelshof-sammatz.de\/blog\/wp-content\/uploads\/2019\/09\/Seminar_Review_Pflanzenfotografie_2019_blogImage_02-300x145.jpg\" data-large-file=\"https:\/\/michaelshof-sammatz.de\/blog\/wp-content\/uploads\/2019\/09\/Seminar_Review_Pflanzenfotografie_2019_blogImage_02-1024x496.jpg\" tabindex=\"0\" role=\"button\" src=\"https:\/\/michaelshof-sammatz.de\/blog\/wp-content\/uploads\/2019\/09\/Seminar_Review_Pflanzenfotografie_2019_blogImage_02-1024x496.jpg\" alt=\"Michaelshof Sammatz | Seminar: Pflanzenfotografie Pic 02\" class=\"wp-image-25315\" srcset=\"https:\/\/michaelshof-sammatz.de\/blog\/wp-content\/uploads\/2019\/09\/Seminar_Review_Pflanzenfotografie_2019_blogImage_02-1024x496.jpg 1024w, https:\/\/michaelshof-sammatz.de\/blog\/wp-content\/uploads\/2019\/09\/Seminar_Review_Pflanzenfotografie_2019_blogImage_02-150x73.jpg 150w, https:\/\/michaelshof-sammatz.de\/blog\/wp-content\/uploads\/2019\/09\/Seminar_Review_Pflanzenfotografie_2019_blogImage_02-300x145.jpg 300w, https:\/\/michaelshof-sammatz.de\/blog\/wp-content\/uploads\/2019\/09\/Seminar_Review_Pflanzenfotografie_2019_blogImage_02-768x372.jpg 768w, https:\/\/michaelshof-sammatz.de\/blog\/wp-content\/uploads\/2019\/09\/Seminar_Review_Pflanzenfotografie_2019_blogImage_02-600x290.jpg 600w, https:\/\/michaelshof-sammatz.de\/blog\/wp-content\/uploads\/2019\/09\/Seminar_Review_Pflanzenfotografie_2019_blogImage_02.jpg 1066w\" sizes=\"(max-width: 1024px) 100vw, 1024px\" \/><\/figure>\n\n\n\n<div class=\"seminarReviewBlogImageTitle lessText lightBlue\">\n      Radomir und zwei Seminarteilnehmer in den Sammatzer G\u00e4rten.\n    <\/div>\n  <\/div>\n<\/div>\n\n\n\n<div style=\"height:45px\" aria-hidden=\"true\" class=\"wp-block-spacer\"><\/div>\n\n\n\n<div class=\"row\">\n  <div class=\"col-sm-12 seminarTwoColText\">\n    <p>\n    Wir hatten einen tollen Workshop vor Ort, es ging Freitags los, mit einer kleinen Einweisung in die Pflanzen- und Makrofotografie und einem ersten Shooting. Das Wetter war durchgehend wundersch\u00f6n, wenn auch ein wenig warm. Am n\u00e4chsten Tag begannen wir zum Sonnenaufgang mit unterschiedlichen Motiven. Im Anschluss erfreuten wir uns an einem Kaffee und Fr\u00fchst\u00fcck und begannen dann mit einer ausf\u00fchrlichen Bildbesprechung. Schnell wurde klar, wie unterschiedlich und kreativ die Sichtweisen auf die Motive waren. Danach gab es erstmal Mittagessen und wir machten eine kleine Siesta, um dann wieder voll motiviert mit der Makrofotografie weiter zu machen. Auch am letzten Morgen war uns das Gl\u00fcck hold, es regnete ganz leicht und gleichzeitig hatten wir einen wundersch\u00f6nen Sonnenaufgang, der f\u00fcr einzigartige Farben sorgte. Es war ein lehrreiches Wochenende mit vielen tollen Teilnehmern und ich habe wieder viel dazu gelernt.\n  <\/div>\n<\/div>\n\n\n\n<div style=\"height:25px\" aria-hidden=\"true\" class=\"wp-block-spacer\"><\/div>\n\n\n\n<div class=\"row\">\n  <div class=\"col-xs-12 col-md-6 seminarReviewBlogImageBox\">\n\n\n\n<figure class=\"wp-block-image\"><img decoding=\"async\" width=\"683\" height=\"1024\" data-attachment-id=\"25317\" data-permalink=\"https:\/\/michaelshof-sammatz.de\/blog\/seminar_review_pflanzenfotografie_2019_blogimage_03\/\" data-orig-file=\"https:\/\/michaelshof-sammatz.de\/blog\/wp-content\/uploads\/2019\/09\/Seminar_Review_Pflanzenfotografie_2019_blogImage_03.jpg\" data-orig-size=\"1066,1599\" data-comments-opened=\"0\" data-image-meta=\"{&quot;aperture&quot;:&quot;0&quot;,&quot;credit&quot;:&quot;&quot;,&quot;camera&quot;:&quot;&quot;,&quot;caption&quot;:&quot;&quot;,&quot;created_timestamp&quot;:&quot;0&quot;,&quot;copyright&quot;:&quot;&quot;,&quot;focal_length&quot;:&quot;0&quot;,&quot;iso&quot;:&quot;0&quot;,&quot;shutter_speed&quot;:&quot;0&quot;,&quot;title&quot;:&quot;&quot;,&quot;orientation&quot;:&quot;0&quot;}\" data-image-title=\"Seminar_Review_Pflanzenfotografie_2019_blogImage_03\" data-image-description=\"\" data-image-caption=\"\" data-medium-file=\"https:\/\/michaelshof-sammatz.de\/blog\/wp-content\/uploads\/2019\/09\/Seminar_Review_Pflanzenfotografie_2019_blogImage_03-200x300.jpg\" data-large-file=\"https:\/\/michaelshof-sammatz.de\/blog\/wp-content\/uploads\/2019\/09\/Seminar_Review_Pflanzenfotografie_2019_blogImage_03-683x1024.jpg\" tabindex=\"0\" role=\"button\" src=\"https:\/\/michaelshof-sammatz.de\/blog\/wp-content\/uploads\/2019\/09\/Seminar_Review_Pflanzenfotografie_2019_blogImage_03-683x1024.jpg\" alt=\"Michaelshof Sammatz | Seminar: Pflanzenfotografie Pic 03\" class=\"wp-image-25317\" srcset=\"https:\/\/michaelshof-sammatz.de\/blog\/wp-content\/uploads\/2019\/09\/Seminar_Review_Pflanzenfotografie_2019_blogImage_03-683x1024.jpg 683w, https:\/\/michaelshof-sammatz.de\/blog\/wp-content\/uploads\/2019\/09\/Seminar_Review_Pflanzenfotografie_2019_blogImage_03-100x150.jpg 100w, https:\/\/michaelshof-sammatz.de\/blog\/wp-content\/uploads\/2019\/09\/Seminar_Review_Pflanzenfotografie_2019_blogImage_03-200x300.jpg 200w, https:\/\/michaelshof-sammatz.de\/blog\/wp-content\/uploads\/2019\/09\/Seminar_Review_Pflanzenfotografie_2019_blogImage_03-768x1152.jpg 768w, https:\/\/michaelshof-sammatz.de\/blog\/wp-content\/uploads\/2019\/09\/Seminar_Review_Pflanzenfotografie_2019_blogImage_03-300x450.jpg 300w, https:\/\/michaelshof-sammatz.de\/blog\/wp-content\/uploads\/2019\/09\/Seminar_Review_Pflanzenfotografie_2019_blogImage_03-600x900.jpg 600w, https:\/\/michaelshof-sammatz.de\/blog\/wp-content\/uploads\/2019\/09\/Seminar_Review_Pflanzenfotografie_2019_blogImage_03.jpg 1066w\" sizes=\"(max-width: 683px) 100vw, 683px\" \/><\/figure>\n\n\n\n<div class=\"seminarReviewBlogImageTitle lessText lightBlue\">\n      Dahlienfoto eines Teilnehmers zur \u2039Blauen Stunde\u203a.\n    <\/div>\n  <\/div>\n\n\n\n<div class=\"col-xs-12 col-md-6 seminarReviewBlogImageBox\">\n\n\n\n<figure class=\"wp-block-image\"><img decoding=\"async\" width=\"683\" height=\"1024\" data-attachment-id=\"25318\" data-permalink=\"https:\/\/michaelshof-sammatz.de\/blog\/seminar_review_pflanzenfotografie_2019_blogimage_04\/\" data-orig-file=\"https:\/\/michaelshof-sammatz.de\/blog\/wp-content\/uploads\/2019\/09\/Seminar_Review_Pflanzenfotografie_2019_blogImage_04.jpg\" data-orig-size=\"1066,1599\" data-comments-opened=\"0\" data-image-meta=\"{&quot;aperture&quot;:&quot;0&quot;,&quot;credit&quot;:&quot;&quot;,&quot;camera&quot;:&quot;&quot;,&quot;caption&quot;:&quot;&quot;,&quot;created_timestamp&quot;:&quot;0&quot;,&quot;copyright&quot;:&quot;&quot;,&quot;focal_length&quot;:&quot;0&quot;,&quot;iso&quot;:&quot;0&quot;,&quot;shutter_speed&quot;:&quot;0&quot;,&quot;title&quot;:&quot;&quot;,&quot;orientation&quot;:&quot;0&quot;}\" data-image-title=\"Seminar_Review_Pflanzenfotografie_2019_blogImage_04\" data-image-description=\"\" data-image-caption=\"\" data-medium-file=\"https:\/\/michaelshof-sammatz.de\/blog\/wp-content\/uploads\/2019\/09\/Seminar_Review_Pflanzenfotografie_2019_blogImage_04-200x300.jpg\" data-large-file=\"https:\/\/michaelshof-sammatz.de\/blog\/wp-content\/uploads\/2019\/09\/Seminar_Review_Pflanzenfotografie_2019_blogImage_04-683x1024.jpg\" tabindex=\"0\" role=\"button\" src=\"https:\/\/michaelshof-sammatz.de\/blog\/wp-content\/uploads\/2019\/09\/Seminar_Review_Pflanzenfotografie_2019_blogImage_04-683x1024.jpg\" alt=\"Michaelshof Sammatz | Seminar: Pflanzenfotografie Pic 04\" class=\"wp-image-25318\" srcset=\"https:\/\/michaelshof-sammatz.de\/blog\/wp-content\/uploads\/2019\/09\/Seminar_Review_Pflanzenfotografie_2019_blogImage_04-683x1024.jpg 683w, https:\/\/michaelshof-sammatz.de\/blog\/wp-content\/uploads\/2019\/09\/Seminar_Review_Pflanzenfotografie_2019_blogImage_04-100x150.jpg 100w, https:\/\/michaelshof-sammatz.de\/blog\/wp-content\/uploads\/2019\/09\/Seminar_Review_Pflanzenfotografie_2019_blogImage_04-200x300.jpg 200w, https:\/\/michaelshof-sammatz.de\/blog\/wp-content\/uploads\/2019\/09\/Seminar_Review_Pflanzenfotografie_2019_blogImage_04-768x1152.jpg 768w, https:\/\/michaelshof-sammatz.de\/blog\/wp-content\/uploads\/2019\/09\/Seminar_Review_Pflanzenfotografie_2019_blogImage_04-300x450.jpg 300w, https:\/\/michaelshof-sammatz.de\/blog\/wp-content\/uploads\/2019\/09\/Seminar_Review_Pflanzenfotografie_2019_blogImage_04-600x900.jpg 600w, https:\/\/michaelshof-sammatz.de\/blog\/wp-content\/uploads\/2019\/09\/Seminar_Review_Pflanzenfotografie_2019_blogImage_04.jpg 1066w\" sizes=\"(max-width: 683px) 100vw, 683px\" \/><\/figure>\n\n\n\n<div class=\"seminarReviewBlogImageTitle lessText lightBlue\">\n      Seminarteilnehmerin bei der Arbeit.\n    <\/div>\n  <\/div>\n<\/div>\n\n\n\n<div style=\"height:45px\" aria-hidden=\"true\" class=\"wp-block-spacer\"><\/div>\n\n\n\n<div class=\"row\">\n  <div class=\"col-sm-12\">\n    <p>\n      Tats\u00e4chlich fand ich es sch\u00f6n nochmals in einem Gebiet zu fotografieren, das komplett vom Menschen angelegt wurde mit Zuchtbl\u00fctenpflanzen. Es war etwas ganz anderes f\u00fcr mich.<br><br>\n\nIch w\u00fcrde mich sehr freuen, wenn es n\u00e4chstes Jahr erneut einen gemeinsamen Kurs zur Pflanzen- und Makrofotografie am Michaelshof in Sammatz gibt.<br><br>\n\u2013 Radomir Jakubowski\n    <\/p>\n  <\/div>\n<\/div>\n\n\n\n<div class=\"row no-gutters\">\n  <div class=\"col-sm-12 seminarReviewBlogImageBox seminarMargin\">\n\n\n\n<figure class=\"wp-block-image\"><img loading=\"lazy\" decoding=\"async\" width=\"1024\" height=\"496\" data-attachment-id=\"25320\" data-permalink=\"https:\/\/michaelshof-sammatz.de\/blog\/seminar_review_pflanzenfotografie_2019_blogimage_05\/\" data-orig-file=\"https:\/\/michaelshof-sammatz.de\/blog\/wp-content\/uploads\/2019\/09\/Seminar_Review_Pflanzenfotografie_2019_blogImage_05.jpg\" data-orig-size=\"1066,516\" data-comments-opened=\"0\" data-image-meta=\"{&quot;aperture&quot;:&quot;0&quot;,&quot;credit&quot;:&quot;&quot;,&quot;camera&quot;:&quot;&quot;,&quot;caption&quot;:&quot;&quot;,&quot;created_timestamp&quot;:&quot;0&quot;,&quot;copyright&quot;:&quot;&quot;,&quot;focal_length&quot;:&quot;0&quot;,&quot;iso&quot;:&quot;0&quot;,&quot;shutter_speed&quot;:&quot;0&quot;,&quot;title&quot;:&quot;&quot;,&quot;orientation&quot;:&quot;0&quot;}\" data-image-title=\"Seminar_Review_Pflanzenfotografie_2019_blogImage_05\" data-image-description=\"\" data-image-caption=\"\" data-medium-file=\"https:\/\/michaelshof-sammatz.de\/blog\/wp-content\/uploads\/2019\/09\/Seminar_Review_Pflanzenfotografie_2019_blogImage_05-300x145.jpg\" data-large-file=\"https:\/\/michaelshof-sammatz.de\/blog\/wp-content\/uploads\/2019\/09\/Seminar_Review_Pflanzenfotografie_2019_blogImage_05-1024x496.jpg\" tabindex=\"0\" role=\"button\" src=\"https:\/\/michaelshof-sammatz.de\/blog\/wp-content\/uploads\/2019\/09\/Seminar_Review_Pflanzenfotografie_2019_blogImage_05-1024x496.jpg\" alt=\"Michaelshof Sammatz | Seminar: Pflanzenfotografie Pic 05\" class=\"wp-image-25320\" srcset=\"https:\/\/michaelshof-sammatz.de\/blog\/wp-content\/uploads\/2019\/09\/Seminar_Review_Pflanzenfotografie_2019_blogImage_05-1024x496.jpg 1024w, https:\/\/michaelshof-sammatz.de\/blog\/wp-content\/uploads\/2019\/09\/Seminar_Review_Pflanzenfotografie_2019_blogImage_05-150x73.jpg 150w, https:\/\/michaelshof-sammatz.de\/blog\/wp-content\/uploads\/2019\/09\/Seminar_Review_Pflanzenfotografie_2019_blogImage_05-300x145.jpg 300w, https:\/\/michaelshof-sammatz.de\/blog\/wp-content\/uploads\/2019\/09\/Seminar_Review_Pflanzenfotografie_2019_blogImage_05-768x372.jpg 768w, https:\/\/michaelshof-sammatz.de\/blog\/wp-content\/uploads\/2019\/09\/Seminar_Review_Pflanzenfotografie_2019_blogImage_05-600x290.jpg 600w, https:\/\/michaelshof-sammatz.de\/blog\/wp-content\/uploads\/2019\/09\/Seminar_Review_Pflanzenfotografie_2019_blogImage_05.jpg 1066w\" sizes=\"(max-width: 1024px) 100vw, 1024px\" \/><\/figure>\n\n\n\n<div class=\"seminarReviewBlogImageTitle lessText lightBlue\">\n      Radomir Jakubowski in Aktion.\n    <\/div>\n  <\/div>\n<\/div>\n\n\n\n<div style=\"height:45px\" aria-hidden=\"true\" class=\"wp-block-spacer\"><\/div>\n\n\n\n<div style=\"height:35px\" aria-hidden=\"true\" class=\"wp-block-spacer\"><\/div>\n\n\n\n<p style=\"text-align: right;\" \"color:=\"\" #67c8f9;\"=\"\">\n  <a href=\"https:\/\/michaelshof-sammatz.de\/blog\/events-english\/seminar-ruckblicke\/\">\n    <strong>Zur\u00fcck zur \u00dcbersicht<\/strong>\n  <\/a>\n  <br>\n  <a href=\"#headeranchor\">\n    <strong>\n      Zum Seitenanfang \u2191\n    <\/strong>\n  <\/a>\n<\/p>\n\n\n\n<!-- Closing Container -->\n<\/div>\n\n\n\n<p><\/p>\n","protected":false},"excerpt":{"rendered":"<p>Kreative Pflanzenfotografie Mit Radomir Jakubowski R\u00fcckblick Kreative Pflanzenfotografie Mit Radomir Jakubowski R\u00fcckblick \u00bbAtelier Natur \u2013 Kreative Pflanzenfotografie\u00ab, 30.08. \u2013 01.09.2019 im \u00bbHaus&nbsp;der&nbsp;Natur\u00ab Ein Bericht von Radomir Jakubowski Wenn ich mich heute an den Anruf vom Michaelshof zur\u00fcckerinnere, muss ich immer noch schmunzeln. Das Handy klingelte, ein motivierter Mitarbeiter vom Michaelshof meldete sich und fragte ob [&hellip;]<\/p>\n","protected":false},"author":4,"featured_media":0,"parent":0,"menu_order":0,"comment_status":"closed","ping_status":"closed","template":"","meta":{"footnotes":""},"class_list":["post-25251","page","type-page","status-publish","hentry"],"jetpack_sharing_enabled":true,"jetpack_shortlink":"https:\/\/wp.me\/PaQBcD-6zh","jetpack-related-posts":[],"_links":{"self":[{"href":"https:\/\/michaelshof-sammatz.de\/blog\/wp-json\/wp\/v2\/pages\/25251"}],"collection":[{"href":"https:\/\/michaelshof-sammatz.de\/blog\/wp-json\/wp\/v2\/pages"}],"about":[{"href":"https:\/\/michaelshof-sammatz.de\/blog\/wp-json\/wp\/v2\/types\/page"}],"author":[{"embeddable":true,"href":"https:\/\/michaelshof-sammatz.de\/blog\/wp-json\/wp\/v2\/users\/4"}],"replies":[{"embeddable":true,"href":"https:\/\/michaelshof-sammatz.de\/blog\/wp-json\/wp\/v2\/comments?post=25251"}],"version-history":[{"count":16,"href":"https:\/\/michaelshof-sammatz.de\/blog\/wp-json\/wp\/v2\/pages\/25251\/revisions"}],"predecessor-version":[{"id":25324,"href":"https:\/\/michaelshof-sammatz.de\/blog\/wp-json\/wp\/v2\/pages\/25251\/revisions\/25324"}],"wp:attachment":[{"href":"https:\/\/michaelshof-sammatz.de\/blog\/wp-json\/wp\/v2\/media?parent=25251"}],"curies":[{"name":"wp","href":"https:\/\/api.w.org\/{rel}","templated":true}]}}