

{"id":2530,"date":"2019-02-10T10:17:40","date_gmt":"2019-02-10T09:17:40","guid":{"rendered":"http:\/\/michaelshof-campus.com\/blog\/?page_id=2530"},"modified":"2024-02-04T00:05:34","modified_gmt":"2024-02-03T23:05:34","slug":"our-childrens-paradise","status":"publish","type":"page","link":"https:\/\/michaelshof-sammatz.de\/blog\/en\/our-childrens-paradise\/","title":{"rendered":"Our children&#8217;s paradise"},"content":{"rendered":"\n<h1 class=\"wp-block-heading\">Our children&#8217;s paradise<\/h1>\n\n\n\n<figure class=\"wp-block-image\"><img fetchpriority=\"high\" decoding=\"async\" width=\"1024\" height=\"436\" data-attachment-id=\"2515\" data-permalink=\"https:\/\/michaelshof-sammatz.de\/blog\/kinderparadies-2\/\" data-orig-file=\"https:\/\/michaelshof-sammatz.de\/blog\/wp-content\/uploads\/2019\/02\/kinderparadies.jpg\" data-orig-size=\"1253,533\" data-comments-opened=\"0\" data-image-meta=\"{&quot;aperture&quot;:&quot;0&quot;,&quot;credit&quot;:&quot;&quot;,&quot;camera&quot;:&quot;&quot;,&quot;caption&quot;:&quot;&quot;,&quot;created_timestamp&quot;:&quot;0&quot;,&quot;copyright&quot;:&quot;&quot;,&quot;focal_length&quot;:&quot;0&quot;,&quot;iso&quot;:&quot;0&quot;,&quot;shutter_speed&quot;:&quot;0&quot;,&quot;title&quot;:&quot;&quot;,&quot;orientation&quot;:&quot;0&quot;}\" data-image-title=\"kinderparadies\" data-image-description=\"\" data-image-caption=\"\" data-medium-file=\"https:\/\/michaelshof-sammatz.de\/blog\/wp-content\/uploads\/2019\/02\/kinderparadies-300x128.jpg\" data-large-file=\"https:\/\/michaelshof-sammatz.de\/blog\/wp-content\/uploads\/2019\/02\/kinderparadies-1024x436.jpg\" tabindex=\"0\" role=\"button\" src=\"http:\/\/michaelshof-sammatz.de\/blog\/wp-content\/uploads\/2019\/02\/kinderparadies-1024x436.jpg\" alt=\"\" class=\"wp-image-2515\" srcset=\"https:\/\/michaelshof-sammatz.de\/blog\/wp-content\/uploads\/2019\/02\/kinderparadies-1024x436.jpg 1024w, https:\/\/michaelshof-sammatz.de\/blog\/wp-content\/uploads\/2019\/02\/kinderparadies-300x128.jpg 300w, https:\/\/michaelshof-sammatz.de\/blog\/wp-content\/uploads\/2019\/02\/kinderparadies-600x255.jpg 600w, https:\/\/michaelshof-sammatz.de\/blog\/wp-content\/uploads\/2019\/02\/kinderparadies-768x327.jpg 768w, https:\/\/michaelshof-sammatz.de\/blog\/wp-content\/uploads\/2019\/02\/kinderparadies.jpg 1253w\" sizes=\"(max-width: 1024px) 100vw, 1024px\" \/><\/figure>\n\n\n\n<div class=\"row\">\n\n<div class=\"col-sm-5\">\n\n\n\n<figure class=\"wp-block-image\"><img decoding=\"async\" width=\"491\" height=\"565\" data-attachment-id=\"22842\" data-permalink=\"https:\/\/michaelshof-sammatz.de\/blog\/en\/our-childrens-paradise\/e_0-1-2_tm_kidsparadise_02\/\" data-orig-file=\"https:\/\/michaelshof-sammatz.de\/blog\/wp-content\/uploads\/2019\/06\/e_0.1.2_TM_KidsParadise_02.jpg\" data-orig-size=\"491,565\" data-comments-opened=\"0\" data-image-meta=\"{&quot;aperture&quot;:&quot;0&quot;,&quot;credit&quot;:&quot;&quot;,&quot;camera&quot;:&quot;&quot;,&quot;caption&quot;:&quot;&quot;,&quot;created_timestamp&quot;:&quot;0&quot;,&quot;copyright&quot;:&quot;&quot;,&quot;focal_length&quot;:&quot;0&quot;,&quot;iso&quot;:&quot;0&quot;,&quot;shutter_speed&quot;:&quot;0&quot;,&quot;title&quot;:&quot;&quot;,&quot;orientation&quot;:&quot;0&quot;}\" data-image-title=\"e_0.1.2_TM_KidsParadise_02\" data-image-description=\"\" data-image-caption=\"\" data-medium-file=\"https:\/\/michaelshof-sammatz.de\/blog\/wp-content\/uploads\/2019\/06\/e_0.1.2_TM_KidsParadise_02-261x300.jpg\" data-large-file=\"https:\/\/michaelshof-sammatz.de\/blog\/wp-content\/uploads\/2019\/06\/e_0.1.2_TM_KidsParadise_02.jpg\" tabindex=\"0\" role=\"button\" src=\"https:\/\/michaelshof-sammatz.de\/blog\/wp-content\/uploads\/2019\/06\/e_0.1.2_TM_KidsParadise_02.jpg\" alt=\"\" class=\"wp-image-22842\" srcset=\"https:\/\/michaelshof-sammatz.de\/blog\/wp-content\/uploads\/2019\/06\/e_0.1.2_TM_KidsParadise_02.jpg 491w, https:\/\/michaelshof-sammatz.de\/blog\/wp-content\/uploads\/2019\/06\/e_0.1.2_TM_KidsParadise_02-130x150.jpg 130w, https:\/\/michaelshof-sammatz.de\/blog\/wp-content\/uploads\/2019\/06\/e_0.1.2_TM_KidsParadise_02-261x300.jpg 261w, https:\/\/michaelshof-sammatz.de\/blog\/wp-content\/uploads\/2019\/06\/e_0.1.2_TM_KidsParadise_02-300x345.jpg 300w\" sizes=\"(max-width: 491px) 100vw, 491px\" \/><\/figure>\n\n\n\n<\/div>\n<div class=\"col-sm-7\">\n\n\n\n<p>The heart of our children&#8217;s paradise is the <strong>\u2018Kunterbunt\u2019 playground<\/strong>. Its name is, of course, is because its radiates all colours that can make a child&#8217;s heart happy. The great play equipment shines in blue, purple and pink, in yellow and green, red and turquoise.  <\/p>\n\n\n\n<div class=\"wp-block-media-text alignwide has-media-on-the-right is-stacked-on-mobile\"><figure class=\"wp-block-media-text__media\"><img decoding=\"async\" width=\"347\" height=\"266\" data-attachment-id=\"2525\" data-permalink=\"https:\/\/michaelshof-sammatz.de\/blog\/kinderparadies3\/\" data-orig-file=\"https:\/\/michaelshof-sammatz.de\/blog\/wp-content\/uploads\/2019\/02\/kinderparadies3.jpg\" data-orig-size=\"347,266\" data-comments-opened=\"0\" data-image-meta=\"{&quot;aperture&quot;:&quot;0&quot;,&quot;credit&quot;:&quot;&quot;,&quot;camera&quot;:&quot;&quot;,&quot;caption&quot;:&quot;&quot;,&quot;created_timestamp&quot;:&quot;0&quot;,&quot;copyright&quot;:&quot;&quot;,&quot;focal_length&quot;:&quot;0&quot;,&quot;iso&quot;:&quot;0&quot;,&quot;shutter_speed&quot;:&quot;0&quot;,&quot;title&quot;:&quot;&quot;,&quot;orientation&quot;:&quot;0&quot;}\" data-image-title=\"kinderparadies3\" data-image-description=\"\" data-image-caption=\"\" data-medium-file=\"https:\/\/michaelshof-sammatz.de\/blog\/wp-content\/uploads\/2019\/02\/kinderparadies3-300x230.jpg\" data-large-file=\"https:\/\/michaelshof-sammatz.de\/blog\/wp-content\/uploads\/2019\/02\/kinderparadies3.jpg\" tabindex=\"0\" role=\"button\" src=\"http:\/\/michaelshof-sammatz.de\/blog\/wp-content\/uploads\/2019\/02\/kinderparadies3.jpg\" alt=\"\" class=\"wp-image-2525 size-full\" srcset=\"https:\/\/michaelshof-sammatz.de\/blog\/wp-content\/uploads\/2019\/02\/kinderparadies3.jpg 347w, https:\/\/michaelshof-sammatz.de\/blog\/wp-content\/uploads\/2019\/02\/kinderparadies3-300x230.jpg 300w\" sizes=\"(max-width: 347px) 100vw, 347px\" \/><\/figure><div class=\"wp-block-media-text__content\">\n<p>There is something for everyone: for the little ones, the super-long Euro-Express, our railroad offers many opportunities to play with a top that you can slide down from; plus animal and boat swings, seesaws and other slides as well as a huge sandbox for making mud balls, with which you can splash around a bit :D.  <br>The mobile<strong> kindergarten<\/strong>, or the \u2039<strong>Villa Himmelblau<\/strong>\u203a, houses a group of children who are looked after by mothers of our initiative.    <\/p>\n<\/div><\/div>\n\n\n\n<p>For\nthe slightly older children &#8211; that goes up to teenagers and adults! &#8211;\nabove all, there is a small football field and a beach volleyball\nfacility, which is also used by our volunteers. The older children\nclimb enthusiastically onto the highest point of the playground, a\ntower that can only be reached by a spider web or a rope and from\nwhich a bright yellow tube slide descends. Also popular with younger\nand older people is the round, ground-level trampoline, from which\nyou can hop far into the air. <strong>There is hardly anyone who does not\nleave the playground in a good mood!<\/strong><\/p>\n\n\n\n<\/div>\n<\/div>\n\n\n\n<div class=\"wp-block-columns has-3-columns is-layout-flex wp-container-core-columns-is-layout-1 wp-block-columns-is-layout-flex\">\n<div class=\"wp-block-column is-layout-flow wp-block-column-is-layout-flow\">\n<figure class=\"wp-block-image\"><img loading=\"lazy\" decoding=\"async\" width=\"435\" height=\"285\" data-attachment-id=\"2523\" data-permalink=\"https:\/\/michaelshof-sammatz.de\/blog\/kinderparadies4\/\" data-orig-file=\"https:\/\/michaelshof-sammatz.de\/blog\/wp-content\/uploads\/2019\/02\/kinderparadies4.jpg\" data-orig-size=\"435,285\" data-comments-opened=\"0\" data-image-meta=\"{&quot;aperture&quot;:&quot;0&quot;,&quot;credit&quot;:&quot;&quot;,&quot;camera&quot;:&quot;&quot;,&quot;caption&quot;:&quot;&quot;,&quot;created_timestamp&quot;:&quot;0&quot;,&quot;copyright&quot;:&quot;&quot;,&quot;focal_length&quot;:&quot;0&quot;,&quot;iso&quot;:&quot;0&quot;,&quot;shutter_speed&quot;:&quot;0&quot;,&quot;title&quot;:&quot;&quot;,&quot;orientation&quot;:&quot;0&quot;}\" data-image-title=\"kinderparadies4\" data-image-description=\"\" data-image-caption=\"\" data-medium-file=\"https:\/\/michaelshof-sammatz.de\/blog\/wp-content\/uploads\/2019\/02\/kinderparadies4-300x197.jpg\" data-large-file=\"https:\/\/michaelshof-sammatz.de\/blog\/wp-content\/uploads\/2019\/02\/kinderparadies4.jpg\" tabindex=\"0\" role=\"button\" src=\"http:\/\/michaelshof-sammatz.de\/blog\/wp-content\/uploads\/2019\/02\/kinderparadies4.jpg\" alt=\"\" class=\"wp-image-2523\" srcset=\"https:\/\/michaelshof-sammatz.de\/blog\/wp-content\/uploads\/2019\/02\/kinderparadies4.jpg 435w, https:\/\/michaelshof-sammatz.de\/blog\/wp-content\/uploads\/2019\/02\/kinderparadies4-300x197.jpg 300w\" sizes=\"(max-width: 435px) 100vw, 435px\" \/><\/figure>\n<\/div>\n\n\n\n<div class=\"wp-block-column is-layout-flow wp-block-column-is-layout-flow\">\n<figure class=\"wp-block-image\"><img loading=\"lazy\" decoding=\"async\" width=\"360\" height=\"286\" data-attachment-id=\"2522\" data-permalink=\"https:\/\/michaelshof-sammatz.de\/blog\/kinderparadies5\/\" data-orig-file=\"https:\/\/michaelshof-sammatz.de\/blog\/wp-content\/uploads\/2019\/02\/kinderparadies5.jpg\" data-orig-size=\"360,286\" data-comments-opened=\"0\" data-image-meta=\"{&quot;aperture&quot;:&quot;0&quot;,&quot;credit&quot;:&quot;&quot;,&quot;camera&quot;:&quot;&quot;,&quot;caption&quot;:&quot;&quot;,&quot;created_timestamp&quot;:&quot;0&quot;,&quot;copyright&quot;:&quot;&quot;,&quot;focal_length&quot;:&quot;0&quot;,&quot;iso&quot;:&quot;0&quot;,&quot;shutter_speed&quot;:&quot;0&quot;,&quot;title&quot;:&quot;&quot;,&quot;orientation&quot;:&quot;0&quot;}\" data-image-title=\"kinderparadies5\" data-image-description=\"\" data-image-caption=\"\" data-medium-file=\"https:\/\/michaelshof-sammatz.de\/blog\/wp-content\/uploads\/2019\/02\/kinderparadies5-300x238.jpg\" data-large-file=\"https:\/\/michaelshof-sammatz.de\/blog\/wp-content\/uploads\/2019\/02\/kinderparadies5.jpg\" tabindex=\"0\" role=\"button\" src=\"http:\/\/michaelshof-sammatz.de\/blog\/wp-content\/uploads\/2019\/02\/kinderparadies5.jpg\" alt=\"\" class=\"wp-image-2522\" srcset=\"https:\/\/michaelshof-sammatz.de\/blog\/wp-content\/uploads\/2019\/02\/kinderparadies5.jpg 360w, https:\/\/michaelshof-sammatz.de\/blog\/wp-content\/uploads\/2019\/02\/kinderparadies5-300x238.jpg 300w\" sizes=\"(max-width: 360px) 100vw, 360px\" \/><\/figure>\n<\/div>\n\n\n\n<div class=\"wp-block-column is-layout-flow wp-block-column-is-layout-flow\">\n<figure class=\"wp-block-image\"><img loading=\"lazy\" decoding=\"async\" width=\"449\" height=\"288\" data-attachment-id=\"2521\" data-permalink=\"https:\/\/michaelshof-sammatz.de\/blog\/kinderparadies6\/\" data-orig-file=\"https:\/\/michaelshof-sammatz.de\/blog\/wp-content\/uploads\/2019\/02\/kinderparadies6.jpg\" data-orig-size=\"449,288\" data-comments-opened=\"0\" data-image-meta=\"{&quot;aperture&quot;:&quot;0&quot;,&quot;credit&quot;:&quot;&quot;,&quot;camera&quot;:&quot;&quot;,&quot;caption&quot;:&quot;&quot;,&quot;created_timestamp&quot;:&quot;0&quot;,&quot;copyright&quot;:&quot;&quot;,&quot;focal_length&quot;:&quot;0&quot;,&quot;iso&quot;:&quot;0&quot;,&quot;shutter_speed&quot;:&quot;0&quot;,&quot;title&quot;:&quot;&quot;,&quot;orientation&quot;:&quot;0&quot;}\" data-image-title=\"kinderparadies6\" data-image-description=\"\" data-image-caption=\"\" data-medium-file=\"https:\/\/michaelshof-sammatz.de\/blog\/wp-content\/uploads\/2019\/02\/kinderparadies6-300x192.jpg\" data-large-file=\"https:\/\/michaelshof-sammatz.de\/blog\/wp-content\/uploads\/2019\/02\/kinderparadies6.jpg\" tabindex=\"0\" role=\"button\" src=\"http:\/\/michaelshof-sammatz.de\/blog\/wp-content\/uploads\/2019\/02\/kinderparadies6.jpg\" alt=\"\" class=\"wp-image-2521\" srcset=\"https:\/\/michaelshof-sammatz.de\/blog\/wp-content\/uploads\/2019\/02\/kinderparadies6.jpg 449w, https:\/\/michaelshof-sammatz.de\/blog\/wp-content\/uploads\/2019\/02\/kinderparadies6-300x192.jpg 300w\" sizes=\"(max-width: 449px) 100vw, 449px\" \/><\/figure>\n<\/div>\n<\/div>\n\n\n\n<div class=\"row\">\n\n<div class=\"col-sm-7\">\n\n\n\n<p><\/p>\n\n\n\n<\/div>\n\n\n\n<div class=\"col-sm-5\">\n\n\n\n<\/div>\n\n<\/div>\n\n\n\n<p>The children&#8217;s paradise extends from its heart, the playground with its small animal enclosure, to the entirety of Michaelshof: immediately across the street is the <strong>Arche-Hof with its many old domestic breeds<\/strong>, where pigs and goats, sheep, cows and horses, donkeys and the different types of poultry are to be admired. Especially the offspring &#8211; calves, piglets and others &#8211; delight the children&#8217;s hearts. But even the adult animals can be admired from close up and give especially the children who grew up in the city formative new impressions. Believe it or not, some only now know that cows are not purple in colour as in the Milka advertising. \ud83d\ude00 <\/p>\n\n\n\n<div class=\"row\">\n\n<div class=\"col-sm-5\">\n\n\n\n<figure class=\"wp-block-image\"><img loading=\"lazy\" decoding=\"async\" width=\"436\" height=\"578\" data-attachment-id=\"22845\" data-permalink=\"https:\/\/michaelshof-sammatz.de\/blog\/en\/our-childrens-paradise\/e_0-1-2_tm_kidsparadise_03\/\" data-orig-file=\"https:\/\/michaelshof-sammatz.de\/blog\/wp-content\/uploads\/2019\/06\/e_0.1.2_TM_KidsParadise_03.jpg\" data-orig-size=\"436,578\" data-comments-opened=\"0\" data-image-meta=\"{&quot;aperture&quot;:&quot;0&quot;,&quot;credit&quot;:&quot;&quot;,&quot;camera&quot;:&quot;&quot;,&quot;caption&quot;:&quot;&quot;,&quot;created_timestamp&quot;:&quot;0&quot;,&quot;copyright&quot;:&quot;&quot;,&quot;focal_length&quot;:&quot;0&quot;,&quot;iso&quot;:&quot;0&quot;,&quot;shutter_speed&quot;:&quot;0&quot;,&quot;title&quot;:&quot;&quot;,&quot;orientation&quot;:&quot;0&quot;}\" data-image-title=\"e_0.1.2_TM_KidsParadise_03\" data-image-description=\"\" data-image-caption=\"\" data-medium-file=\"https:\/\/michaelshof-sammatz.de\/blog\/wp-content\/uploads\/2019\/06\/e_0.1.2_TM_KidsParadise_03-226x300.jpg\" data-large-file=\"https:\/\/michaelshof-sammatz.de\/blog\/wp-content\/uploads\/2019\/06\/e_0.1.2_TM_KidsParadise_03.jpg\" tabindex=\"0\" role=\"button\" src=\"https:\/\/michaelshof-sammatz.de\/blog\/wp-content\/uploads\/2019\/06\/e_0.1.2_TM_KidsParadise_03.jpg\" alt=\"\" class=\"wp-image-22845\" srcset=\"https:\/\/michaelshof-sammatz.de\/blog\/wp-content\/uploads\/2019\/06\/e_0.1.2_TM_KidsParadise_03.jpg 436w, https:\/\/michaelshof-sammatz.de\/blog\/wp-content\/uploads\/2019\/06\/e_0.1.2_TM_KidsParadise_03-113x150.jpg 113w, https:\/\/michaelshof-sammatz.de\/blog\/wp-content\/uploads\/2019\/06\/e_0.1.2_TM_KidsParadise_03-226x300.jpg 226w, https:\/\/michaelshof-sammatz.de\/blog\/wp-content\/uploads\/2019\/06\/e_0.1.2_TM_KidsParadise_03-300x398.jpg 300w\" sizes=\"(max-width: 436px) 100vw, 436px\" \/><\/figure>\n\n\n\n<\/div>\n<div class=\"col-sm-7\">\n\n\n\n<p>If\nyou are lucky here, you can see how the animals start their grazing\nevery day in summer. Such a herd of cows can make an impressive\nimpression. If you keep your distance, nothing can happen. Also,\nthere are always employees who trot the animals across the yard.\nCarriage rides with donkeys or horses are also offered in summer.<\/p>\n\n\n\n<div class=\"wp-block-media-text alignwide has-media-on-the-right is-stacked-on-mobile\"><figure class=\"wp-block-media-text__media\"><img loading=\"lazy\" decoding=\"async\" width=\"340\" height=\"354\" data-attachment-id=\"22846\" data-permalink=\"https:\/\/michaelshof-sammatz.de\/blog\/en\/our-childrens-paradise\/e_0-1-2_tm_kidsparadise_04\/\" data-orig-file=\"https:\/\/michaelshof-sammatz.de\/blog\/wp-content\/uploads\/2019\/06\/e_0.1.2_TM_KidsParadise_04.jpg\" data-orig-size=\"340,354\" data-comments-opened=\"0\" data-image-meta=\"{&quot;aperture&quot;:&quot;0&quot;,&quot;credit&quot;:&quot;&quot;,&quot;camera&quot;:&quot;&quot;,&quot;caption&quot;:&quot;&quot;,&quot;created_timestamp&quot;:&quot;0&quot;,&quot;copyright&quot;:&quot;&quot;,&quot;focal_length&quot;:&quot;0&quot;,&quot;iso&quot;:&quot;0&quot;,&quot;shutter_speed&quot;:&quot;0&quot;,&quot;title&quot;:&quot;&quot;,&quot;orientation&quot;:&quot;0&quot;}\" data-image-title=\"e_0.1.2_TM_KidsParadise_04\" data-image-description=\"\" data-image-caption=\"\" data-medium-file=\"https:\/\/michaelshof-sammatz.de\/blog\/wp-content\/uploads\/2019\/06\/e_0.1.2_TM_KidsParadise_04-288x300.jpg\" data-large-file=\"https:\/\/michaelshof-sammatz.de\/blog\/wp-content\/uploads\/2019\/06\/e_0.1.2_TM_KidsParadise_04.jpg\" tabindex=\"0\" role=\"button\" src=\"https:\/\/michaelshof-sammatz.de\/blog\/wp-content\/uploads\/2019\/06\/e_0.1.2_TM_KidsParadise_04.jpg\" alt=\"\" class=\"wp-image-22846 size-full\" srcset=\"https:\/\/michaelshof-sammatz.de\/blog\/wp-content\/uploads\/2019\/06\/e_0.1.2_TM_KidsParadise_04.jpg 340w, https:\/\/michaelshof-sammatz.de\/blog\/wp-content\/uploads\/2019\/06\/e_0.1.2_TM_KidsParadise_04-144x150.jpg 144w, https:\/\/michaelshof-sammatz.de\/blog\/wp-content\/uploads\/2019\/06\/e_0.1.2_TM_KidsParadise_04-288x300.jpg 288w, https:\/\/michaelshof-sammatz.de\/blog\/wp-content\/uploads\/2019\/06\/e_0.1.2_TM_KidsParadise_04-300x312.jpg 300w\" sizes=\"(max-width: 340px) 100vw, 340px\" \/><\/figure><div class=\"wp-block-media-text__content\">\n<p>Another walk through our beautiful gardens leads past some fountains, two bird aviaries and impressive wooden figures. The paths usually lead to our <strong>Caf\u00e9 am Michaelshof, also a small paradise for children<\/strong> and adults. Delicious organic ice cream, yummy cakes and juices are on offer here. The garden caf\u00e9 offers plenty of space for everyone in the summer, and in the darker months you can enjoy one or two delicacies in the cozy caf\u00e9, with a small play area for the children.<\/p>\n\n\n\n<p>  <br><br><br><\/p>\n<\/div><\/div>\n\n\n\n<p>Oh yes, now we&#8217;ve forgotten the <strong>Hofladen<\/strong>, where you can have a good shop: our own products and much more are healthy, delicious, and of course organic. Also milk, bread, vegetables and cheese and everything else that is on offer, fresh and crisp over the counter. At home there will be some memories of beautiful hours spent at Michaelshof!<\/p>\n\n\n\n<\/div>\n<\/div>\n\n\n\n<div style=\"height:35px\" aria-hidden=\"true\" class=\"wp-block-spacer\"><\/div>\n\n\n\n<p class=\"has-text-color\" style=\"color:#48a7b0\"><!--<p style=\"color:#48a7b0\" class=\"has-text-color\"><strong>In the summer months, especially on the weekends and during the holiday season, we also offer child care at the playground and Arche-Hof. The children are happy, and the adults can enjoy our wonderful gardens without being disturbed by the kids.In den Sommermonaten, besonders an den Wochenenden und zur Ferienzeit, bieten wir auch Kinderbetreuung am Spielplatz und am Arche-Hof an. Die Kinder freuen sich, und auch die Erwachsenen k\u00f6nnen einmal ganz ungest\u00f6rt vom Kindertreiben unsere wunderbaren G\u00e4rten genie\u00dfen \u2026<\/strong><\/p>--><\/p>\n\n\n\n<div style=\"height:50px\" aria-hidden=\"true\" class=\"wp-block-spacer\"><\/div>\n","protected":false},"excerpt":{"rendered":"<p>Our children&#8217;s paradise The heart of our children&#8217;s paradise is the \u2018Kunterbunt\u2019 playground. Its name is, of course, is because its radiates all colours that can make a child&#8217;s heart happy. The great play equipment shines in blue, purple and pink, in yellow and green, red and turquoise. There is something for everyone: for the [&hellip;]<\/p>\n","protected":false},"author":1,"featured_media":0,"parent":0,"menu_order":0,"comment_status":"closed","ping_status":"closed","template":"","meta":{"footnotes":""},"class_list":["post-2530","page","type-page","status-publish","hentry"],"jetpack_sharing_enabled":true,"jetpack_shortlink":"https:\/\/wp.me\/PaQBcD-EO","jetpack-related-posts":[],"_links":{"self":[{"href":"https:\/\/michaelshof-sammatz.de\/blog\/wp-json\/wp\/v2\/pages\/2530"}],"collection":[{"href":"https:\/\/michaelshof-sammatz.de\/blog\/wp-json\/wp\/v2\/pages"}],"about":[{"href":"https:\/\/michaelshof-sammatz.de\/blog\/wp-json\/wp\/v2\/types\/page"}],"author":[{"embeddable":true,"href":"https:\/\/michaelshof-sammatz.de\/blog\/wp-json\/wp\/v2\/users\/1"}],"replies":[{"embeddable":true,"href":"https:\/\/michaelshof-sammatz.de\/blog\/wp-json\/wp\/v2\/comments?post=2530"}],"version-history":[{"count":14,"href":"https:\/\/michaelshof-sammatz.de\/blog\/wp-json\/wp\/v2\/pages\/2530\/revisions"}],"predecessor-version":[{"id":31567,"href":"https:\/\/michaelshof-sammatz.de\/blog\/wp-json\/wp\/v2\/pages\/2530\/revisions\/31567"}],"wp:attachment":[{"href":"https:\/\/michaelshof-sammatz.de\/blog\/wp-json\/wp\/v2\/media?parent=2530"}],"curies":[{"name":"wp","href":"https:\/\/api.w.org\/{rel}","templated":true}]}}