

{"id":25451,"date":"2019-10-11T10:22:50","date_gmt":"2019-10-11T08:22:50","guid":{"rendered":"https:\/\/michaelshof-sammatz.de\/blog\/?page_id=25451"},"modified":"2019-10-11T10:38:48","modified_gmt":"2019-10-11T08:38:48","slug":"seminar-review-2019-10-native-trees-and-shrubs","status":"publish","type":"page","link":"https:\/\/michaelshof-sammatz.de\/blog\/en\/seminar-review-2019-10-native-trees-and-shrubs\/","title":{"rendered":"Seminar-Review | 2019\/10 | Native Trees and Shrubs"},"content":{"rendered":"\n<div class=\"container-fluid seminarTeaserContainer\">\n  <div class=\"row no-gutters\">\n\n\n\n<!-- THIS IS THE TEASER IMAGE FOR LARGE DEVICES. -->\n<div class=\"d-none d-md-block col-md-12 seminarTeaser\">\n\n  <div class=\"seminarTeaserTextbox\">\n    <span class=\"seminarTeaserHL\">Native Trees and Shrubs<\/span><br>\n    <span class=\"seminarTeaserSL\">In the change of seasons \u2013 summer<\/span><br><br>\n    <span class=\"seminarTeaserReview\">Review<\/span>\n  <\/div>\n\n  <div>\n    <svg class=\"seminarTeaserShape\" version=\"1.1\" id=\"Ebene_1\" xmlns=\"http:\/\/www.w3.org\/2000\/svg\" xmlns:xlink=\"http:\/\/www.w3.org\/1999\/xlink\" x=\"0px\" y=\"0px\" viewBox=\"0 0 337.23 239.53\" style=\"enable-background:new 0 0 337.23 239.53;\" xml:space=\"preserve\">\n      <style type=\"text\/css\">\n        .st0{fill:#07577d;}\n      <\/style>\n      <polygon class=\"st0\" points=\"337.23,239.53 337.23,0 182.83,0 0,239.53 \"><\/polygon>\n    <\/svg>\n  <\/div> \n\n  <div class=\"seminarTeaserImageBox\">\n    <img decoding=\"async\" class=\"seminarTeaserImage\" src=\"\/wp-content\/uploads\/2019\/09\/Seminar_Review_Baeume1_2019_teaser_bg.jpg\" alt=\"Michaelshof Sammatz | Seminar: Heimische B\u00e4ume und Str\u00e4ucher R\u00fcckblick Teaser\">\n  <\/div>\n<\/div>\n\n\n\n<!-- THIS IS THE TEASER IMAGE FOR SMALL DEVICES. -->\n<div class=\"d-block d-md-none col-12 seminarTeaserSmall\">\n    <img decoding=\"async\" src=\"\/wp-content\/uploads\/2019\/09\/Seminar_Review_Baeume1_2019_teaser_bg.jpg\" alt=\"Michaelshof Sammatz | Seminar: Heimische B\u00e4ume und Str\u00e4ucher R\u00fcckblick Teaser\">\n\n  <div class=\"seminarTeaserTextboxSmall darkBlue\">\n    <span class=\"seminarTeaserHL\">Native Trees and Shrubs<\/span><br>\n    <span class=\"seminarTeaserSL\">In the change of seasons \u2013 summer<\/span><br><br>\n    <span class=\"seminarTeaserReview\">Review<\/span>\n  <\/div>\n<!-- closing Teaser Image Column -->\n<\/div>\n<!-- closing Teaser Image Row -->\n<\/div>\n\n\n\n<div class=\"row seminarReviewTextHeadline\">\n  <div class=\"col-12\">\n    <h1 class=\"seminarH1 darkBlueText\">\u00abNative Trees and Shrubs\u00bb, 13.07.2019 in the House&nbsp;of&nbsp;Nature <\/h1>\n  <\/div>\n<\/div>\n\n\n\n<div class=\"row no-gutters\">\n  <div class=\"col-sm-12 col-lg-4\">\n    <div class=\"seminarOneColText\">\n      <p>\nAfter a brief introductory session, the seminar began with a short presentation in which we discussed the various characteristics of trees and shrubs. After the \u2018dry theory\u2019, the participants quickly became active themselves. In order to prepare for the excursion, it was necessary to work on individual tasks, such as the assignment of different types of leaf edges, positions and venation, as well as familiarising ourselves with the correct terms for the distinction of different forms of leafs.\n       <\/p>\n     <\/div>\n   <\/div>\n\n\n\n<!--  Blog Image 01 for large devices  -->\n<!--  Image data is specified in CSS  -->\n  <div class=\"d-none d-lg-block col-lg-8  seminarReviewBlogImageThirdcol Baeume1\">\n      <div class=\"seminarReviewBlogImageTitle darkBlue\">\n        Participants in the leaf shape assignment.\n      <\/div>\n  <\/div>\n\n  <!-- Blog Image 01 for small devices  -->\n  <div class=\"d-block d-lg-none col-sm-12 seminarReviewBlogImageThirdcol Baeume1\">\n    <div class=\"seminarReviewBlogImageTitle lessText darkBlue\">\n      Participants in the leaf shape assignment.\n    <\/div>\n  <\/div>\n\n<\/div>\n\n\n\n<div class=\"row no-gutters\">\n  <div class=\"col-sm-12 seminarReviewBlogImageBox\">\n\n\n\n<figure class=\"wp-block-image\"><img fetchpriority=\"high\" decoding=\"async\" width=\"1024\" height=\"496\" data-attachment-id=\"25146\" data-permalink=\"https:\/\/michaelshof-sammatz.de\/blog\/seminar_review_baeume1_2019_blogimage_02\/\" data-orig-file=\"https:\/\/michaelshof-sammatz.de\/blog\/wp-content\/uploads\/2019\/09\/Seminar_Review_Baeume1_2019_blogImage_02.jpg\" data-orig-size=\"1066,516\" data-comments-opened=\"0\" data-image-meta=\"{&quot;aperture&quot;:&quot;0&quot;,&quot;credit&quot;:&quot;&quot;,&quot;camera&quot;:&quot;&quot;,&quot;caption&quot;:&quot;&quot;,&quot;created_timestamp&quot;:&quot;0&quot;,&quot;copyright&quot;:&quot;&quot;,&quot;focal_length&quot;:&quot;0&quot;,&quot;iso&quot;:&quot;0&quot;,&quot;shutter_speed&quot;:&quot;0&quot;,&quot;title&quot;:&quot;&quot;,&quot;orientation&quot;:&quot;0&quot;}\" data-image-title=\"Seminar_Review_Baeume1_2019_blogImage_02\" data-image-description=\"\" data-image-caption=\"\" data-medium-file=\"https:\/\/michaelshof-sammatz.de\/blog\/wp-content\/uploads\/2019\/09\/Seminar_Review_Baeume1_2019_blogImage_02-300x145.jpg\" data-large-file=\"https:\/\/michaelshof-sammatz.de\/blog\/wp-content\/uploads\/2019\/09\/Seminar_Review_Baeume1_2019_blogImage_02-1024x496.jpg\" tabindex=\"0\" role=\"button\" src=\"https:\/\/michaelshof-sammatz.de\/blog\/wp-content\/uploads\/2019\/09\/Seminar_Review_Baeume1_2019_blogImage_02-1024x496.jpg\" alt=\"Michaelshof Sammatz | Seminar: Heimische B\u00e4ume und Str\u00e4ucher R\u00fcckblick Pic 02\" class=\"wp-image-25146\" srcset=\"https:\/\/michaelshof-sammatz.de\/blog\/wp-content\/uploads\/2019\/09\/Seminar_Review_Baeume1_2019_blogImage_02-1024x496.jpg 1024w, https:\/\/michaelshof-sammatz.de\/blog\/wp-content\/uploads\/2019\/09\/Seminar_Review_Baeume1_2019_blogImage_02-150x73.jpg 150w, https:\/\/michaelshof-sammatz.de\/blog\/wp-content\/uploads\/2019\/09\/Seminar_Review_Baeume1_2019_blogImage_02-300x145.jpg 300w, https:\/\/michaelshof-sammatz.de\/blog\/wp-content\/uploads\/2019\/09\/Seminar_Review_Baeume1_2019_blogImage_02-768x372.jpg 768w, https:\/\/michaelshof-sammatz.de\/blog\/wp-content\/uploads\/2019\/09\/Seminar_Review_Baeume1_2019_blogImage_02-600x290.jpg 600w, https:\/\/michaelshof-sammatz.de\/blog\/wp-content\/uploads\/2019\/09\/Seminar_Review_Baeume1_2019_blogImage_02.jpg 1066w\" sizes=\"(max-width: 1024px) 100vw, 1024px\" \/><\/figure>\n\n\n\n<div class=\"seminarReviewBlogImageTitle lessText darkBlue\">\n      Theory part in the House of Nature\n    <\/div>\n  <\/div>\n<\/div>\n\n\n\n<div style=\"height:45px\" aria-hidden=\"true\" class=\"wp-block-spacer\"><\/div>\n\n\n\n<div class=\"row\">\n  <div class=\"col-sm-12 seminarThreeColText\">\n    <p>\n    After lunch, we began our two-hour excursion through the Sammatz Gardens. There was a lot of drawing, looking and marvelling. Sunken leaf tips here, asymmetrical leaf nodes there, hair on the underside of leaves, easily breaking branches, hollow stems and brown pulp. There was a lot to make notes on about the 50 chosen species. In the end, heads began to drop and we needed a break before we continued with the final part in the evening.<br><br>\nWe concluded the seminar with a circular walk of approximately 3 km through the Sammatz natural environment. During the beautiful walk there was the opportunity to explore a variety of trees and shrubs. The special feature here was that the seminar participants had to determine the plants themselves and explain to others how they were able to recognise the species. The path led through a mixed forest with its typical trees, surrounded by numerous shrubs and meadows. The damp soil located near fish ponds offered a completely different insight to the otherwise predominantly dry locations in the area.\n    <\/p>\n  <\/div>\n<\/div>\n\n\n\n<div style=\"height:25px\" aria-hidden=\"true\" class=\"wp-block-spacer\"><\/div>\n\n\n\n<div class=\"row\">\n  <div class=\"col-xs-12 col-md-6 seminarReviewBlogImageBox\">\n\n\n\n<figure class=\"wp-block-image\"><img decoding=\"async\" width=\"683\" height=\"1024\" data-attachment-id=\"25147\" data-permalink=\"https:\/\/michaelshof-sammatz.de\/blog\/seminar_review_baeume1_2019_blogimage_03\/\" data-orig-file=\"https:\/\/michaelshof-sammatz.de\/blog\/wp-content\/uploads\/2019\/09\/Seminar_Review_Baeume1_2019_blogImage_03.jpg\" data-orig-size=\"1066,1599\" data-comments-opened=\"0\" data-image-meta=\"{&quot;aperture&quot;:&quot;0&quot;,&quot;credit&quot;:&quot;&quot;,&quot;camera&quot;:&quot;&quot;,&quot;caption&quot;:&quot;&quot;,&quot;created_timestamp&quot;:&quot;0&quot;,&quot;copyright&quot;:&quot;&quot;,&quot;focal_length&quot;:&quot;0&quot;,&quot;iso&quot;:&quot;0&quot;,&quot;shutter_speed&quot;:&quot;0&quot;,&quot;title&quot;:&quot;&quot;,&quot;orientation&quot;:&quot;0&quot;}\" data-image-title=\"Seminar_Review_Baeume1_2019_blogImage_03\" data-image-description=\"\" data-image-caption=\"\" data-medium-file=\"https:\/\/michaelshof-sammatz.de\/blog\/wp-content\/uploads\/2019\/09\/Seminar_Review_Baeume1_2019_blogImage_03-200x300.jpg\" data-large-file=\"https:\/\/michaelshof-sammatz.de\/blog\/wp-content\/uploads\/2019\/09\/Seminar_Review_Baeume1_2019_blogImage_03-683x1024.jpg\" tabindex=\"0\" role=\"button\" src=\"https:\/\/michaelshof-sammatz.de\/blog\/wp-content\/uploads\/2019\/09\/Seminar_Review_Baeume1_2019_blogImage_03-683x1024.jpg\" alt=\"Michaelshof Sammatz | Seminar: Heimische B\u00e4ume und Str\u00e4ucher R\u00fcckblick Pic 03\" class=\"wp-image-25147\" srcset=\"https:\/\/michaelshof-sammatz.de\/blog\/wp-content\/uploads\/2019\/09\/Seminar_Review_Baeume1_2019_blogImage_03-683x1024.jpg 683w, https:\/\/michaelshof-sammatz.de\/blog\/wp-content\/uploads\/2019\/09\/Seminar_Review_Baeume1_2019_blogImage_03-100x150.jpg 100w, https:\/\/michaelshof-sammatz.de\/blog\/wp-content\/uploads\/2019\/09\/Seminar_Review_Baeume1_2019_blogImage_03-200x300.jpg 200w, https:\/\/michaelshof-sammatz.de\/blog\/wp-content\/uploads\/2019\/09\/Seminar_Review_Baeume1_2019_blogImage_03-768x1152.jpg 768w, https:\/\/michaelshof-sammatz.de\/blog\/wp-content\/uploads\/2019\/09\/Seminar_Review_Baeume1_2019_blogImage_03-300x450.jpg 300w, https:\/\/michaelshof-sammatz.de\/blog\/wp-content\/uploads\/2019\/09\/Seminar_Review_Baeume1_2019_blogImage_03-600x900.jpg 600w, https:\/\/michaelshof-sammatz.de\/blog\/wp-content\/uploads\/2019\/09\/Seminar_Review_Baeume1_2019_blogImage_03.jpg 1066w\" sizes=\"(max-width: 683px) 100vw, 683px\" \/><\/figure>\n\n\n\n<div class=\"seminarReviewBlogImageTitle lessText darkBlue\">\n      Participant Bruno examining a leaf.\n    <\/div>\n  <\/div>\n\n\n\n<div class=\"col-xs-12 col-md-6 seminarReviewBlogImageBox\">\n\n\n\n<figure class=\"wp-block-image\"><img decoding=\"async\" width=\"683\" height=\"1024\" data-attachment-id=\"25148\" data-permalink=\"https:\/\/michaelshof-sammatz.de\/blog\/seminar_review_baeume1_2019_blogimage_04\/\" data-orig-file=\"https:\/\/michaelshof-sammatz.de\/blog\/wp-content\/uploads\/2019\/09\/Seminar_Review_Baeume1_2019_blogImage_04.jpg\" data-orig-size=\"1066,1599\" data-comments-opened=\"0\" data-image-meta=\"{&quot;aperture&quot;:&quot;0&quot;,&quot;credit&quot;:&quot;&quot;,&quot;camera&quot;:&quot;&quot;,&quot;caption&quot;:&quot;&quot;,&quot;created_timestamp&quot;:&quot;0&quot;,&quot;copyright&quot;:&quot;&quot;,&quot;focal_length&quot;:&quot;0&quot;,&quot;iso&quot;:&quot;0&quot;,&quot;shutter_speed&quot;:&quot;0&quot;,&quot;title&quot;:&quot;&quot;,&quot;orientation&quot;:&quot;0&quot;}\" data-image-title=\"Seminar_Review_Baeume1_2019_blogImage_04\" data-image-description=\"\" data-image-caption=\"\" data-medium-file=\"https:\/\/michaelshof-sammatz.de\/blog\/wp-content\/uploads\/2019\/09\/Seminar_Review_Baeume1_2019_blogImage_04-200x300.jpg\" data-large-file=\"https:\/\/michaelshof-sammatz.de\/blog\/wp-content\/uploads\/2019\/09\/Seminar_Review_Baeume1_2019_blogImage_04-683x1024.jpg\" tabindex=\"0\" role=\"button\" src=\"https:\/\/michaelshof-sammatz.de\/blog\/wp-content\/uploads\/2019\/09\/Seminar_Review_Baeume1_2019_blogImage_04-683x1024.jpg\" alt=\"Michaelshof Sammatz | Seminar: Heimische B\u00e4ume und Str\u00e4ucher R\u00fcckblick Pic 04\" class=\"wp-image-25148\" srcset=\"https:\/\/michaelshof-sammatz.de\/blog\/wp-content\/uploads\/2019\/09\/Seminar_Review_Baeume1_2019_blogImage_04-683x1024.jpg 683w, https:\/\/michaelshof-sammatz.de\/blog\/wp-content\/uploads\/2019\/09\/Seminar_Review_Baeume1_2019_blogImage_04-100x150.jpg 100w, https:\/\/michaelshof-sammatz.de\/blog\/wp-content\/uploads\/2019\/09\/Seminar_Review_Baeume1_2019_blogImage_04-200x300.jpg 200w, https:\/\/michaelshof-sammatz.de\/blog\/wp-content\/uploads\/2019\/09\/Seminar_Review_Baeume1_2019_blogImage_04-768x1152.jpg 768w, https:\/\/michaelshof-sammatz.de\/blog\/wp-content\/uploads\/2019\/09\/Seminar_Review_Baeume1_2019_blogImage_04-300x450.jpg 300w, https:\/\/michaelshof-sammatz.de\/blog\/wp-content\/uploads\/2019\/09\/Seminar_Review_Baeume1_2019_blogImage_04-600x900.jpg 600w, https:\/\/michaelshof-sammatz.de\/blog\/wp-content\/uploads\/2019\/09\/Seminar_Review_Baeume1_2019_blogImage_04.jpg 1066w\" sizes=\"(max-width: 683px) 100vw, 683px\" \/><\/figure>\n\n\n\n<div class=\"seminarReviewBlogImageTitle lessText darkBlue\">\n      Sara Gro\u00df with the participants in the field.\n    <\/div>\n  <\/div>\n<\/div>\n\n\n\n<div style=\"height:45px\" aria-hidden=\"true\" class=\"wp-block-spacer\"><\/div>\n\n\n\n<div class=\"row\">\n  <div class=\"col-sm-12\">\n    <p>\n      The concept of the seminar with one theory and two practice parts as well as the active self-participation worked out &#8211; the participants obviously enjoyed trying out and repeating in order to consolidate everything that they learned.\n    <\/p>\n  <\/div>\n<\/div>\n\n\n\n<div class=\"row no-gutters\">\n  <div class=\"col-sm-12 seminarReviewBlogImageBox seminarMargin\">\n\n\n\n<figure class=\"wp-block-image\"><img loading=\"lazy\" decoding=\"async\" width=\"1024\" height=\"496\" data-attachment-id=\"25149\" data-permalink=\"https:\/\/michaelshof-sammatz.de\/blog\/seminar_review_baeume1_2019_blogimage_05\/\" data-orig-file=\"https:\/\/michaelshof-sammatz.de\/blog\/wp-content\/uploads\/2019\/09\/Seminar_Review_Baeume1_2019_blogImage_05.jpg\" data-orig-size=\"1066,516\" data-comments-opened=\"0\" data-image-meta=\"{&quot;aperture&quot;:&quot;0&quot;,&quot;credit&quot;:&quot;&quot;,&quot;camera&quot;:&quot;&quot;,&quot;caption&quot;:&quot;&quot;,&quot;created_timestamp&quot;:&quot;0&quot;,&quot;copyright&quot;:&quot;&quot;,&quot;focal_length&quot;:&quot;0&quot;,&quot;iso&quot;:&quot;0&quot;,&quot;shutter_speed&quot;:&quot;0&quot;,&quot;title&quot;:&quot;&quot;,&quot;orientation&quot;:&quot;0&quot;}\" data-image-title=\"Seminar_Review_Baeume1_2019_blogImage_05\" data-image-description=\"\" data-image-caption=\"\" data-medium-file=\"https:\/\/michaelshof-sammatz.de\/blog\/wp-content\/uploads\/2019\/09\/Seminar_Review_Baeume1_2019_blogImage_05-300x145.jpg\" data-large-file=\"https:\/\/michaelshof-sammatz.de\/blog\/wp-content\/uploads\/2019\/09\/Seminar_Review_Baeume1_2019_blogImage_05-1024x496.jpg\" tabindex=\"0\" role=\"button\" src=\"https:\/\/michaelshof-sammatz.de\/blog\/wp-content\/uploads\/2019\/09\/Seminar_Review_Baeume1_2019_blogImage_05-1024x496.jpg\" alt=\"Michaelshof Sammatz | Seminar: Heimische B\u00e4ume und Str\u00e4ucher R\u00fcckblick Pic 05\" class=\"wp-image-25149\" srcset=\"https:\/\/michaelshof-sammatz.de\/blog\/wp-content\/uploads\/2019\/09\/Seminar_Review_Baeume1_2019_blogImage_05-1024x496.jpg 1024w, https:\/\/michaelshof-sammatz.de\/blog\/wp-content\/uploads\/2019\/09\/Seminar_Review_Baeume1_2019_blogImage_05-150x73.jpg 150w, https:\/\/michaelshof-sammatz.de\/blog\/wp-content\/uploads\/2019\/09\/Seminar_Review_Baeume1_2019_blogImage_05-300x145.jpg 300w, https:\/\/michaelshof-sammatz.de\/blog\/wp-content\/uploads\/2019\/09\/Seminar_Review_Baeume1_2019_blogImage_05-768x372.jpg 768w, https:\/\/michaelshof-sammatz.de\/blog\/wp-content\/uploads\/2019\/09\/Seminar_Review_Baeume1_2019_blogImage_05-600x290.jpg 600w, https:\/\/michaelshof-sammatz.de\/blog\/wp-content\/uploads\/2019\/09\/Seminar_Review_Baeume1_2019_blogImage_05.jpg 1066w\" sizes=\"(max-width: 1024px) 100vw, 1024px\" \/><\/figure>\n\n\n\n<div class=\"seminarReviewBlogImageTitle lessText darkBlue\">\n      Practical part in the Sammatz Gardens.\n    <\/div>\n  <\/div>\n<\/div>\n\n\n\n<p style=\"text-align: right;\" \"color:=\"\" #67c8f9;\"=\"\">\n  <a href=\"https:\/\/michaelshof-sammatz.de\/blog\/en\/events-english\/events-seminar-reviews\/\">\n    <strong>Back to overview<\/strong>\n  <\/a>\n  <br>\n  <a href=\"#headeranchor\">\n    <strong>\n      Back to top \u2191\n    <\/strong>\n  <\/a>\n<\/p>\n\n\n\n<!-- Closing Container -->\n<\/div>\n\n\n\n<p><\/p>\n","protected":false},"excerpt":{"rendered":"<p>Native Trees and Shrubs In the change of seasons \u2013 summer Review Native Trees and Shrubs In the change of seasons \u2013 summer Review \u00abNative Trees and Shrubs\u00bb, 13.07.2019 in the House&nbsp;of&nbsp;Nature After a brief introductory session, the seminar began with a short presentation in which we discussed the various characteristics of trees and shrubs. [&hellip;]<\/p>\n","protected":false},"author":4,"featured_media":0,"parent":0,"menu_order":0,"comment_status":"closed","ping_status":"closed","template":"","meta":{"footnotes":""},"class_list":["post-25451","page","type-page","status-publish","hentry"],"jetpack_sharing_enabled":true,"jetpack_shortlink":"https:\/\/wp.me\/PaQBcD-6Cv","jetpack-related-posts":[],"_links":{"self":[{"href":"https:\/\/michaelshof-sammatz.de\/blog\/wp-json\/wp\/v2\/pages\/25451"}],"collection":[{"href":"https:\/\/michaelshof-sammatz.de\/blog\/wp-json\/wp\/v2\/pages"}],"about":[{"href":"https:\/\/michaelshof-sammatz.de\/blog\/wp-json\/wp\/v2\/types\/page"}],"author":[{"embeddable":true,"href":"https:\/\/michaelshof-sammatz.de\/blog\/wp-json\/wp\/v2\/users\/4"}],"replies":[{"embeddable":true,"href":"https:\/\/michaelshof-sammatz.de\/blog\/wp-json\/wp\/v2\/comments?post=25451"}],"version-history":[{"count":4,"href":"https:\/\/michaelshof-sammatz.de\/blog\/wp-json\/wp\/v2\/pages\/25451\/revisions"}],"predecessor-version":[{"id":25456,"href":"https:\/\/michaelshof-sammatz.de\/blog\/wp-json\/wp\/v2\/pages\/25451\/revisions\/25456"}],"wp:attachment":[{"href":"https:\/\/michaelshof-sammatz.de\/blog\/wp-json\/wp\/v2\/media?parent=25451"}],"curies":[{"name":"wp","href":"https:\/\/api.w.org\/{rel}","templated":true}]}}