

{"id":26663,"date":"2020-04-27T09:30:44","date_gmt":"2020-04-27T07:30:44","guid":{"rendered":"https:\/\/michaelshof-sammatz.de\/blog\/?page_id=26663"},"modified":"2023-01-28T22:26:51","modified_gmt":"2023-01-28T21:26:51","slug":"lieferservice","status":"publish","type":"page","link":"https:\/\/michaelshof-sammatz.de\/blog\/lieferservice\/","title":{"rendered":"Lieferservice"},"content":{"rendered":"\n<div class=\"container-fluid\">\n    <div class=\"row\">\n        <div class=\"col-sm-12 col-md-10 col-lg-8 offset-sm-0 offset-md-1 offset-lg-2\" style=\"margin-bottom: 50px;\">\n\n\n\n<h2 class=\"wp-block-heading\">Hofladen Lieferservice \u2013<br>so funktioniert&#8217;s: <\/h2>\n\n\n\n<\/div>\n        <div class=\"col-12\" style=\"margin-bottom: 50px;\">\n\n\n\n<div class=\"wp-block-image\"><figure class=\"aligncenter size-large\"><img fetchpriority=\"high\" decoding=\"async\" width=\"800\" height=\"491\" data-attachment-id=\"26668\" data-permalink=\"https:\/\/michaelshof-sammatz.de\/blog\/cw3i3439s\/\" data-orig-file=\"https:\/\/michaelshof-sammatz.de\/blog\/wp-content\/uploads\/2020\/04\/CW3I3439S.jpg\" data-orig-size=\"800,491\" data-comments-opened=\"0\" data-image-meta=\"{&quot;aperture&quot;:&quot;0&quot;,&quot;credit&quot;:&quot;&quot;,&quot;camera&quot;:&quot;&quot;,&quot;caption&quot;:&quot;&quot;,&quot;created_timestamp&quot;:&quot;0&quot;,&quot;copyright&quot;:&quot;&quot;,&quot;focal_length&quot;:&quot;0&quot;,&quot;iso&quot;:&quot;0&quot;,&quot;shutter_speed&quot;:&quot;0&quot;,&quot;title&quot;:&quot;&quot;,&quot;orientation&quot;:&quot;0&quot;}\" data-image-title=\"CW3I3439S\" data-image-description=\"\" data-image-caption=\"\" data-medium-file=\"https:\/\/michaelshof-sammatz.de\/blog\/wp-content\/uploads\/2020\/04\/CW3I3439S.jpg\" data-large-file=\"https:\/\/michaelshof-sammatz.de\/blog\/wp-content\/uploads\/2020\/04\/CW3I3439S.jpg\" tabindex=\"0\" role=\"button\" src=\"https:\/\/michaelshof-sammatz.de\/blog\/wp-content\/uploads\/2020\/04\/CW3I3439S.jpg\" alt=\"\" class=\"wp-image-26668\"\/><\/figure><\/div>\n\n\n\n<\/div>\n        <div class=\"col-sm-12 col-md-10 col-lg-8 offset-sm-0 offset-md-1 offset-lg-2\" style=\"margin-bottom: 80px;\">\n\n\n\n<ul class=\"wp-block-list\"><li><strong>Liefertage: jeden Montag, Mittwoch und Freitag<\/strong><\/li><li><strong>Liefertermin: Nachmittags zwischen 15:00 und 19:00 Uhr<\/strong><\/li><li><strong>Bestellannahme: f\u00fcr Mittwoch &amp; Freitag bis zum Vortag, 19:00 Uhr; Annahmeschluss f\u00fcr Montag ist der Samstag bis 19:00 Uhr<\/strong><\/li><li><strong>Mindestbestellwert: 25 \u20ac<\/strong><\/li><li><strong>Liefergebiet: Wir beliefern euch in einem Umkreis von ca. 15 km \u2013 von Dahlenburg bis Dannenberg!<\/strong><\/li><li><strong>Bestellung per E-Mail an: info@sammatz.de<\/strong><br><strong>oder telefonisch unter: 0177 54 999 11 (Fabian Drossel)<\/strong><\/li><\/ul>\n\n\n\n<p>Ihr k\u00f6nnt alle Produkte bestellen, die ihr auch sonst im Laden einkauft. Bitte beachtet, dass es aufgrund der aktuellen Lage zu Lieferverz\u00f6gerungen einzelner Artikel kommen kann. <br>Ihr erhaltet zusammen mit der Lieferung eine Rechnung, die ihr bar bei <a href=\"https:\/\/www.thenexthint.com\/call-tracking-software-best-solutions-for-marketing-and-sales\/21552\/\">Auslieferung<\/a>, per Bank- und PayPal-\u00dcberweisung begleichen k\u00f6nnt.<\/p>\n\n\n\n<p><strong>Gek\u00fchlte und tiefgek\u00fchlte Produkte<\/strong>: Wenn ihr Frischware wie Joghurt, K\u00e4se und Milch oder Tiefk\u00fchlkost bestellt, achtet bitte darauf, dass ihr bei der Anlieferung zu Hause seid. Wenn der Einkauf zu lange <a href=\"https:\/\/textually.org\/how-to-manage-affiliate-programs-and-track-conversions\/\">vor der T\u00fcr<\/a> steht, k\u00f6nnte die Qualit\u00e4t eurer K\u00fchl- oder Tiefk\u00fchlprodukte leiden.<\/p>\n\n\n\n<p><strong>Bitte gebt bei der Bestellung f\u00fcr R\u00fcckfragen eure Telefonnummer an!<\/strong><\/p>\n\n\n\n<h3 class=\"wp-block-heading\">Meine Bestellung<\/h3>\n\n\n\n<div class=\"wpcf7 no-js\" id=\"wpcf7-f26666-o1\" lang=\"en-US\" dir=\"ltr\">\n<div class=\"screen-reader-response\"><p role=\"status\" aria-live=\"polite\" aria-atomic=\"true\"><\/p> <ul><\/ul><\/div>\n<form action=\"\/blog\/wp-json\/wp\/v2\/pages\/26663#wpcf7-f26666-o1\" method=\"post\" class=\"wpcf7-form init\" aria-label=\"Contact form\" novalidate=\"novalidate\" data-status=\"init\">\n<div style=\"display: none;\">\n<input type=\"hidden\" name=\"_wpcf7\" value=\"26666\" \/>\n<input type=\"hidden\" name=\"_wpcf7_version\" value=\"5.9.8\" \/>\n<input type=\"hidden\" name=\"_wpcf7_locale\" value=\"en_US\" \/>\n<input type=\"hidden\" name=\"_wpcf7_unit_tag\" value=\"wpcf7-f26666-o1\" \/>\n<input type=\"hidden\" name=\"_wpcf7_container_post\" value=\"0\" \/>\n<input type=\"hidden\" name=\"_wpcf7_posted_data_hash\" value=\"\" \/>\n<input type=\"hidden\" name=\"_wpcf7cf_hidden_group_fields\" value=\"[]\" \/>\n<input type=\"hidden\" name=\"_wpcf7cf_hidden_groups\" value=\"[]\" \/>\n<input type=\"hidden\" name=\"_wpcf7cf_visible_groups\" value=\"[]\" \/>\n<input type=\"hidden\" name=\"_wpcf7cf_repeaters\" value=\"[]\" \/>\n<input type=\"hidden\" name=\"_wpcf7cf_steps\" value=\"{}\" \/>\n<input type=\"hidden\" name=\"_wpcf7cf_options\" value=\"{&quot;form_id&quot;:26666,&quot;conditions&quot;:[],&quot;settings&quot;:{&quot;animation&quot;:&quot;yes&quot;,&quot;animation_intime&quot;:&quot;200&quot;,&quot;animation_outtime&quot;:&quot;200&quot;,&quot;conditions_ui&quot;:&quot;normal&quot;,&quot;notice_dismissed&quot;:&quot;&quot;,&quot;notice_dismissed_update-cf7-5.6.1&quot;:true}}\" \/>\n<input type=\"hidden\" name=\"_wpcf7dtx_version\" value=\"4.5.1\" \/>\n<input type=\"hidden\" name=\"_wpcf7_recaptcha_response\" value=\"\" \/>\n<\/div>\n<p><label class=\"contactFormContactpageLabel\"><br \/>\n<span class=\"wpcf7-form-control-wrap\" data-name=\"your-name\"><input size=\"40\" maxlength=\"400\" class=\"wpcf7-form-control wpcf7-text wpcf7-validates-as-required\" aria-required=\"true\" aria-invalid=\"false\" placeholder=\"Name\" value=\"\" type=\"text\" name=\"your-name\" \/><\/span><br \/>\n<\/label>\n<\/p>\n<p><label class=\"contactFormContactpageLabel\"><br \/>\n<span class=\"wpcf7-form-control-wrap\" data-name=\"your-email\"><input size=\"40\" maxlength=\"400\" class=\"wpcf7-form-control wpcf7-email wpcf7-validates-as-required wpcf7-text wpcf7-validates-as-email\" aria-required=\"true\" aria-invalid=\"false\" placeholder=\"E-Mail-Adresse\" value=\"\" type=\"email\" name=\"your-email\" \/><\/span><br \/>\n<\/label>\n<\/p>\n<p><label class=\"contactFormContactpageLabel\"><br \/>\n<span class=\"wpcf7-form-control-wrap\" data-name=\"your-phonenumber\"><input size=\"40\" maxlength=\"400\" class=\"wpcf7-form-control wpcf7-text wpcf7-validates-as-required\" aria-required=\"true\" aria-invalid=\"false\" placeholder=\"Telefonnummer\" value=\"\" type=\"text\" name=\"your-phonenumber\" \/><\/span><br \/>\n<\/label>\n<\/p>\n<p><label class=\"contactFormContactpageLabel\"><br \/>\n<span class=\"wpcf7-form-control-wrap\" data-name=\"your-address\"><textarea cols=\"40\" rows=\"10\" maxlength=\"2000\" class=\"wpcf7-form-control wpcf7-textarea wpcf7-validates-as-required\" aria-required=\"true\" aria-invalid=\"false\" placeholder=\"Anschrift\" name=\"your-address\"><\/textarea><\/span><br \/>\n<\/label>\n<\/p>\n<p><label class=\"contactFormContactpageLabel\"><br \/>\n<span class=\"wpcf7-form-control-wrap\" data-name=\"your-message\"><textarea cols=\"40\" rows=\"10\" maxlength=\"2000\" class=\"wpcf7-form-control wpcf7-textarea wpcf7-validates-as-required\" aria-required=\"true\" aria-invalid=\"false\" placeholder=\"Deine Bestellung\" name=\"your-message\"><\/textarea><\/span><br \/>\n<\/label>\n<\/p>\n<p>Ich bezahle:<br \/>\n\t<radiogroup>\n\t<\/radiogroup>\n<\/p>\n<div style=\"white-space:nowrap;\">\n\t<p><label for=\"one\">bar bei Anlieferung<\/label><br \/>\n<input type=\"radio\" id=\"one\" name=\"payment\" value=\"Barzahlung\"\n <\/div \/>\n\t<\/p>\n\t<div style=\"white-space:nowrap;\">\n\t\t<p><label for=\"two\">per Bank\u00fcberweisung<\/label><br \/>\n<input type=\"radio\" id=\"two\" name=\"payment\" value=\"Bank\u00fcberweisung\"\n<\/div \/>\n\t\t<\/p>\n\t\t<div style=\"white-space:nowrap;\">\n\t\t\t<p><label for=\"three\">mit PayPal<\/label><br \/>\n<input type=\"radio\" id=\"three\" name=\"payment\" value=\"PayPal\"\n<\/div \/>\n\t\t\t<\/p>\n\t\t\t<p><span class=\"wpcf7-form-control-wrap\" data-name=\"acceptPrivacyPolicy\"><span class=\"wpcf7-form-control wpcf7-acceptance\"><span class=\"wpcf7-list-item\"><label><input type=\"checkbox\" name=\"acceptPrivacyPolicy\" value=\"1\" class=\"contactFormContactpageAccept\" aria-invalid=\"false\" \/><span class=\"wpcf7-list-item-label\">Ich habe die <a href=\"https:\/\/michaelshof-sammatz.de\/develop\/datenschutzerklarung\/\" target=\"_blank\"> Datenschutzerkl\u00e4rung<\/a> gelesen und akzeptiert.<\/span><\/label><\/span><\/span><\/span>\n\t\t\t<\/p>\n\t\t\t<p><input class=\"wpcf7-form-control wpcf7-submit has-spinner\" type=\"submit\" value=\"Senden\" \/>\n\t\t\t<\/p>\n\t\t<\/div>\n\t<\/div>\n<\/div><input type='hidden' class='wpcf7-pum' value='{\"closepopup\":false,\"closedelay\":0,\"openpopup\":false,\"openpopup_id\":0}' \/><div class=\"wpcf7-response-output\" aria-hidden=\"true\"><\/div>\n<\/form>\n<\/div>\n\n\n\n\n<p>Beste Gr\u00fc\u00dfe und hoffentlich bis bald \u2013 passt gut auf euch auf!<br>Euer Hofladen-Team<\/p>\n\n\n\n<p class=\"has-background\" style=\"background-color:#f8c945\">Wenn ihr dem Michaelshof in dieser schwierigen Zeit finanziell helfen wollt:<br> <a rel=\"noreferrer noopener\" href=\"https:\/\/spenden.twingle.de\/peronnik-e-v\/sal-treuhandstiftung\/tw5d0a0b70229be\/widget\" target=\"_blank\">HIER<\/a> geht es zu unserem<a rel=\"noreferrer noopener\" href=\"https:\/\/spenden.twingle.de\/peronnik-e-v\/sal-treuhandstiftung\/tw5d0a0b70229be\/widget\" target=\"_blank\"> Spendenportal.<\/a><\/p>\n\n\n\n<\/div>\n    <\/div>\n<\/div>\n","protected":false},"excerpt":{"rendered":"<p>Hofladen Lieferservice \u2013so funktioniert&#8217;s: Liefertage: jeden Montag, Mittwoch und Freitag Liefertermin: Nachmittags zwischen 15:00 und 19:00 Uhr Bestellannahme: f\u00fcr Mittwoch &amp; Freitag bis zum Vortag, 19:00 Uhr; Annahmeschluss f\u00fcr Montag ist der Samstag bis 19:00 Uhr Mindestbestellwert: 25 \u20ac Liefergebiet: Wir beliefern euch in einem Umkreis von ca. 15 km \u2013 von Dahlenburg bis Dannenberg! [&hellip;]<\/p>\n","protected":false},"author":1,"featured_media":0,"parent":0,"menu_order":0,"comment_status":"closed","ping_status":"closed","template":"","meta":{"footnotes":""},"class_list":["post-26663","page","type-page","status-publish","hentry"],"jetpack_sharing_enabled":true,"jetpack_shortlink":"https:\/\/wp.me\/PaQBcD-6W3","jetpack-related-posts":[],"_links":{"self":[{"href":"https:\/\/michaelshof-sammatz.de\/blog\/wp-json\/wp\/v2\/pages\/26663"}],"collection":[{"href":"https:\/\/michaelshof-sammatz.de\/blog\/wp-json\/wp\/v2\/pages"}],"about":[{"href":"https:\/\/michaelshof-sammatz.de\/blog\/wp-json\/wp\/v2\/types\/page"}],"author":[{"embeddable":true,"href":"https:\/\/michaelshof-sammatz.de\/blog\/wp-json\/wp\/v2\/users\/1"}],"replies":[{"embeddable":true,"href":"https:\/\/michaelshof-sammatz.de\/blog\/wp-json\/wp\/v2\/comments?post=26663"}],"version-history":[{"count":4,"href":"https:\/\/michaelshof-sammatz.de\/blog\/wp-json\/wp\/v2\/pages\/26663\/revisions"}],"predecessor-version":[{"id":30291,"href":"https:\/\/michaelshof-sammatz.de\/blog\/wp-json\/wp\/v2\/pages\/26663\/revisions\/30291"}],"wp:attachment":[{"href":"https:\/\/michaelshof-sammatz.de\/blog\/wp-json\/wp\/v2\/media?parent=26663"}],"curies":[{"name":"wp","href":"https:\/\/api.w.org\/{rel}","templated":true}]}}