

{"id":2670,"date":"2019-02-12T05:37:53","date_gmt":"2019-02-12T04:37:53","guid":{"rendered":"http:\/\/michaelshof-campus.com\/blog\/?page_id=2670"},"modified":"2020-02-21T17:11:32","modified_gmt":"2020-02-21T16:11:32","slug":"volunteers-de","status":"publish","type":"page","link":"https:\/\/michaelshof-sammatz.de\/blog\/projects\/volunteers-de\/","title":{"rendered":"Projekte | Volunteers"},"content":{"rendered":"\n<h1 class=\"wp-block-heading\">Volunteers<\/h1>\n\n\n\n<div style=\"height:85px\" aria-hidden=\"true\" class=\"wp-block-spacer\"><\/div>\n\n\n\n<figure class=\"wp-block-image pageTeaserImage\"><img fetchpriority=\"high\" decoding=\"async\" width=\"748\" height=\"331\" data-attachment-id=\"2676\" data-permalink=\"https:\/\/michaelshof-sammatz.de\/blog\/projects\/volunteers-de\/volunteers0\/\" data-orig-file=\"https:\/\/michaelshof-sammatz.de\/blog\/wp-content\/uploads\/2019\/02\/volunteers0.jpg\" data-orig-size=\"748,331\" data-comments-opened=\"0\" data-image-meta=\"{&quot;aperture&quot;:&quot;0&quot;,&quot;credit&quot;:&quot;&quot;,&quot;camera&quot;:&quot;&quot;,&quot;caption&quot;:&quot;&quot;,&quot;created_timestamp&quot;:&quot;0&quot;,&quot;copyright&quot;:&quot;&quot;,&quot;focal_length&quot;:&quot;0&quot;,&quot;iso&quot;:&quot;0&quot;,&quot;shutter_speed&quot;:&quot;0&quot;,&quot;title&quot;:&quot;&quot;,&quot;orientation&quot;:&quot;0&quot;}\" data-image-title=\"volunteers0\" data-image-description=\"\" data-image-caption=\"\" data-medium-file=\"https:\/\/michaelshof-sammatz.de\/blog\/wp-content\/uploads\/2019\/02\/volunteers0-300x133.jpg\" data-large-file=\"https:\/\/michaelshof-sammatz.de\/blog\/wp-content\/uploads\/2019\/02\/volunteers0.jpg\" tabindex=\"0\" role=\"button\" src=\"http:\/\/michaelshof-sammatz.de\/blog\/wp-content\/uploads\/2019\/02\/volunteers0.jpg\" alt=\"\" class=\"wp-image-2676\" srcset=\"https:\/\/michaelshof-sammatz.de\/blog\/wp-content\/uploads\/2019\/02\/volunteers0.jpg 748w, https:\/\/michaelshof-sammatz.de\/blog\/wp-content\/uploads\/2019\/02\/volunteers0-300x133.jpg 300w, https:\/\/michaelshof-sammatz.de\/blog\/wp-content\/uploads\/2019\/02\/volunteers0-600x266.jpg 600w\" sizes=\"(max-width: 748px) 100vw, 748px\" \/><\/figure>\n\n\n\n<div style=\"height:35px\" aria-hidden=\"true\" class=\"wp-block-spacer\"><\/div>\n\n\n\n\n\n\n\n<div style=\"height:50px\" aria-hidden=\"true\" class=\"wp-block-spacer\"><\/div>\n\n\n\n<p>Aus den unterschiedlichsten Arbeitsbereichen des Ortes \u2013 Meierei, B\u00e4ckerei, K\u00fcche, der Tierpflege und allem anderen \u2013 sind unsere Volunteers schon lange nicht mehr wegzudenken.<\/p>\n\n\n\n<div class=\"wp-block-media-text alignwide has-media-on-the-right\"><figure class=\"wp-block-media-text__media\"><img decoding=\"async\" width=\"372\" height=\"413\" data-attachment-id=\"2677\" data-permalink=\"https:\/\/michaelshof-sammatz.de\/blog\/projects\/volunteers-de\/volunteers1\/\" data-orig-file=\"https:\/\/michaelshof-sammatz.de\/blog\/wp-content\/uploads\/2019\/02\/volunteers1.jpg\" data-orig-size=\"372,413\" data-comments-opened=\"0\" data-image-meta=\"{&quot;aperture&quot;:&quot;0&quot;,&quot;credit&quot;:&quot;&quot;,&quot;camera&quot;:&quot;&quot;,&quot;caption&quot;:&quot;&quot;,&quot;created_timestamp&quot;:&quot;0&quot;,&quot;copyright&quot;:&quot;&quot;,&quot;focal_length&quot;:&quot;0&quot;,&quot;iso&quot;:&quot;0&quot;,&quot;shutter_speed&quot;:&quot;0&quot;,&quot;title&quot;:&quot;&quot;,&quot;orientation&quot;:&quot;0&quot;}\" data-image-title=\"volunteers1\" data-image-description=\"\" data-image-caption=\"\" data-medium-file=\"https:\/\/michaelshof-sammatz.de\/blog\/wp-content\/uploads\/2019\/02\/volunteers1-270x300.jpg\" data-large-file=\"https:\/\/michaelshof-sammatz.de\/blog\/wp-content\/uploads\/2019\/02\/volunteers1.jpg\" tabindex=\"0\" role=\"button\" src=\"http:\/\/michaelshof-sammatz.de\/blog\/wp-content\/uploads\/2019\/02\/volunteers1.jpg\" alt=\"\" class=\"wp-image-2677\" srcset=\"https:\/\/michaelshof-sammatz.de\/blog\/wp-content\/uploads\/2019\/02\/volunteers1.jpg 372w, https:\/\/michaelshof-sammatz.de\/blog\/wp-content\/uploads\/2019\/02\/volunteers1-300x333.jpg 300w, https:\/\/michaelshof-sammatz.de\/blog\/wp-content\/uploads\/2019\/02\/volunteers1-270x300.jpg 270w\" sizes=\"(max-width: 372px) 100vw, 372px\" \/><\/figure><div class=\"wp-block-media-text__content\">\n<p>Aber auch alle gr\u00f6\u00dferen Aufgaben der letzten Jahre h\u00e4tten wir niemals ohne so viel freiwillige Hilfe meistern k\u00f6nnen. Die Anlage des Waldsees sowie der Bau der beiden neuen H\u00e4user \u2013 Haus der Natur und Youth-Hostel \u2013 sind hier nat\u00fcrlich zuerst zu nennen, denen jedoch viele mittelgro\u00dfe und kleinere Projekte folgten.<\/p>\n\n\n\n<p style=\"font-size:18px\"><strong>Wegebau in den G\u00e4rten \u2013 zweite Runde<\/strong><\/p>\n\n\n\n<p>Als wir um 2011 mit der Anlage unserer G\u00e4rten begannen, dachte noch keiner an die doch recht hohe Anzahl von G\u00e4sten, die bereits einige Jahre sp\u00e4ter durch unsere G\u00e4rten schlendern w\u00fcrden. <br>\nEine sehr positive \u00dcberraschung \u2013 doch hei\u00dft viel Besuch auch viel Benutzung, und irgendwann werden Renovierungsarbeiten n\u00f6tig. Auch fiel uns auf, dass die sch\u00f6nen Kieswege leider eine f\u00fcr viele G\u00e4ste unzumutbare Breite hatten \u2013 sprich: zu schmal waren, was das Spazieren durch die G\u00e4rten nicht selten erschwerte. Ver\u00e4nderung musste her. <\/p>\n<\/div><\/div>\n\n\n\n<figure class=\"wp-block-image\"><img decoding=\"async\" width=\"848\" height=\"393\" data-attachment-id=\"2678\" data-permalink=\"https:\/\/michaelshof-sammatz.de\/blog\/projects\/volunteers-de\/volunteers2\/\" data-orig-file=\"https:\/\/michaelshof-sammatz.de\/blog\/wp-content\/uploads\/2019\/02\/volunteers2.jpg\" data-orig-size=\"848,393\" data-comments-opened=\"0\" data-image-meta=\"{&quot;aperture&quot;:&quot;0&quot;,&quot;credit&quot;:&quot;&quot;,&quot;camera&quot;:&quot;&quot;,&quot;caption&quot;:&quot;&quot;,&quot;created_timestamp&quot;:&quot;0&quot;,&quot;copyright&quot;:&quot;&quot;,&quot;focal_length&quot;:&quot;0&quot;,&quot;iso&quot;:&quot;0&quot;,&quot;shutter_speed&quot;:&quot;0&quot;,&quot;title&quot;:&quot;&quot;,&quot;orientation&quot;:&quot;0&quot;}\" data-image-title=\"volunteers2\" data-image-description=\"\" data-image-caption=\"\" data-medium-file=\"https:\/\/michaelshof-sammatz.de\/blog\/wp-content\/uploads\/2019\/02\/volunteers2-300x139.jpg\" data-large-file=\"https:\/\/michaelshof-sammatz.de\/blog\/wp-content\/uploads\/2019\/02\/volunteers2.jpg\" tabindex=\"0\" role=\"button\" src=\"http:\/\/michaelshof-sammatz.de\/blog\/wp-content\/uploads\/2019\/02\/volunteers2.jpg\" alt=\"\" class=\"wp-image-2678\" srcset=\"https:\/\/michaelshof-sammatz.de\/blog\/wp-content\/uploads\/2019\/02\/volunteers2.jpg 848w, https:\/\/michaelshof-sammatz.de\/blog\/wp-content\/uploads\/2019\/02\/volunteers2-300x139.jpg 300w, https:\/\/michaelshof-sammatz.de\/blog\/wp-content\/uploads\/2019\/02\/volunteers2-600x278.jpg 600w, https:\/\/michaelshof-sammatz.de\/blog\/wp-content\/uploads\/2019\/02\/volunteers2-768x356.jpg 768w\" sizes=\"(max-width: 848px) 100vw, 848px\" \/><\/figure>\n\n\n\n<div class=\"row\">\n<div class=\"col-md-3\">\n<\/div>\n<div class=\"col-md-9\">\n\n\n\n<p>Wir er\u00f6ffneten die Saison des \u2039Wegebauens\u203a erneut und sorgten f\u00fcr eine befriedigende Verbreiterung der Gartenpfade. Die Helfer, die uns hier unterst\u00fctzten, mussten zun\u00e4chst einmal so kr\u00e4ftig sein, die vorhandenen Randsteine aus dem Beton herauszubrechen und aus dem Weg zu schaffen, sowie neuen Beton in Schubkarren heranzuholen, um die Steine wieder einzusetzen. Nat\u00fcrlich alle nur auf ihrem vorgesehenen Platz genau unter der Schnur, die die Au\u00dfenseite des Weges markiert. <br>\nEin Projekt das noch ein wenig dauern wird, da wir im Wegebau \u00fcber die Jahre doch sehr flei\u00dfig waren. Ein St\u00fcck-f\u00fcr-St\u00fcck-Vorankommen erwies sich als die richtige Methode, auch um Strecken nicht l\u00e4ngerfristig f\u00fcr Besucher lahmzulegen. Ihr kennt das von der Autobahn! <\/p>\n\n\n\n<figure class=\"wp-block-image\"><img loading=\"lazy\" decoding=\"async\" width=\"738\" height=\"363\" data-attachment-id=\"2679\" data-permalink=\"https:\/\/michaelshof-sammatz.de\/blog\/projects\/volunteers-de\/volunteers3\/\" data-orig-file=\"https:\/\/michaelshof-sammatz.de\/blog\/wp-content\/uploads\/2019\/02\/volunteers3.jpg\" data-orig-size=\"738,363\" data-comments-opened=\"0\" data-image-meta=\"{&quot;aperture&quot;:&quot;0&quot;,&quot;credit&quot;:&quot;&quot;,&quot;camera&quot;:&quot;&quot;,&quot;caption&quot;:&quot;&quot;,&quot;created_timestamp&quot;:&quot;0&quot;,&quot;copyright&quot;:&quot;&quot;,&quot;focal_length&quot;:&quot;0&quot;,&quot;iso&quot;:&quot;0&quot;,&quot;shutter_speed&quot;:&quot;0&quot;,&quot;title&quot;:&quot;&quot;,&quot;orientation&quot;:&quot;0&quot;}\" data-image-title=\"volunteers3\" data-image-description=\"\" data-image-caption=\"\" data-medium-file=\"https:\/\/michaelshof-sammatz.de\/blog\/wp-content\/uploads\/2019\/02\/volunteers3-300x148.jpg\" data-large-file=\"https:\/\/michaelshof-sammatz.de\/blog\/wp-content\/uploads\/2019\/02\/volunteers3.jpg\" tabindex=\"0\" role=\"button\" src=\"http:\/\/michaelshof-sammatz.de\/blog\/wp-content\/uploads\/2019\/02\/volunteers3.jpg\" alt=\"\" class=\"wp-image-2679\" srcset=\"https:\/\/michaelshof-sammatz.de\/blog\/wp-content\/uploads\/2019\/02\/volunteers3.jpg 738w, https:\/\/michaelshof-sammatz.de\/blog\/wp-content\/uploads\/2019\/02\/volunteers3-300x148.jpg 300w, https:\/\/michaelshof-sammatz.de\/blog\/wp-content\/uploads\/2019\/02\/volunteers3-600x295.jpg 600w\" sizes=\"(max-width: 738px) 100vw, 738px\" \/><\/figure>\n\n\n\n<\/div>\n<\/div>\n\n\n\n<p style=\"font-size:18px\"><strong>Mauern f\u00fcr ein besonderes St\u00fcck Landschaft<\/strong><\/p>\n\n\n\n<p>Beim Bau des Waldsees bildeten die Rodungen eines Teils der Anlage den Anfang (dort, wo auch der Bauschutt und tiefer in der Erde die alte M\u00fclldeponie war). Im Herbst 2015 fielen hier die ersten B\u00e4ume. Danach r\u00fcckten die Bagger an; nun waren auf dem Gebiet zun\u00e4chst einmal nur die Maschinen zugange. <br> Als die Formen des Sees \u2013 zwei riesige, ineinandergreifende Schalen \u2013 angelegt waren, traten auch unsere Volunteers wieder auf den Plan. Die echte Hauptaufgabe lag im Steine-Setzen f\u00fcr die Terrassen. <\/p>\n\n\n\n<div class=\"wp-block-media-text alignwide\"><figure class=\"wp-block-media-text__media\"><img loading=\"lazy\" decoding=\"async\" width=\"455\" height=\"323\" data-attachment-id=\"2680\" data-permalink=\"https:\/\/michaelshof-sammatz.de\/blog\/projects\/volunteers-de\/volunteers4\/\" data-orig-file=\"https:\/\/michaelshof-sammatz.de\/blog\/wp-content\/uploads\/2019\/02\/volunteers4.jpg\" data-orig-size=\"455,323\" data-comments-opened=\"0\" data-image-meta=\"{&quot;aperture&quot;:&quot;0&quot;,&quot;credit&quot;:&quot;&quot;,&quot;camera&quot;:&quot;&quot;,&quot;caption&quot;:&quot;&quot;,&quot;created_timestamp&quot;:&quot;0&quot;,&quot;copyright&quot;:&quot;&quot;,&quot;focal_length&quot;:&quot;0&quot;,&quot;iso&quot;:&quot;0&quot;,&quot;shutter_speed&quot;:&quot;0&quot;,&quot;title&quot;:&quot;&quot;,&quot;orientation&quot;:&quot;0&quot;}\" data-image-title=\"volunteers4\" data-image-description=\"\" data-image-caption=\"\" data-medium-file=\"https:\/\/michaelshof-sammatz.de\/blog\/wp-content\/uploads\/2019\/02\/volunteers4-300x213.jpg\" data-large-file=\"https:\/\/michaelshof-sammatz.de\/blog\/wp-content\/uploads\/2019\/02\/volunteers4.jpg\" tabindex=\"0\" role=\"button\" src=\"http:\/\/michaelshof-sammatz.de\/blog\/wp-content\/uploads\/2019\/02\/volunteers4.jpg\" alt=\"\" class=\"wp-image-2680\" srcset=\"https:\/\/michaelshof-sammatz.de\/blog\/wp-content\/uploads\/2019\/02\/volunteers4.jpg 455w, https:\/\/michaelshof-sammatz.de\/blog\/wp-content\/uploads\/2019\/02\/volunteers4-300x213.jpg 300w\" sizes=\"(max-width: 455px) 100vw, 455px\" \/><\/figure><div class=\"wp-block-media-text__content\">\n<p>\u2039Mauerbau!\u203a, war die Devise, und das f\u00fcr mehrere Monate. Auch \u00fcber den Winter wurde Stein auf Stein gesetzt, eine echte Herausforderung f\u00fcr unsere Helfer, die auch hier wieder Ausdauer und unverw\u00fcstlichen Humor bewiesen. Das Ergebnis ist beeindruckend; ca. 1,5 km Mauern in romantischer Terrassenform aus Natursteinen gebaut! <\/p>\n\n\n\n<p>Als dann die Rosen sowie die n\u00f6tige Beipflanzungen eintrafen, waren nat\u00fcrlich auch wieder unsere Helfer zur Stelle, die mit unserem Gartenteam alle Stauden verteilten und auch im Herbst die noch fehlende Fr\u00fchbl\u00fcher- Bepflanzung vornahmen. <br><\/p>\n<\/div><\/div>\n\n\n\n<p>Nun ist dieser Platz unser kleines \u2039Prestige-Objekt\u203a geworden, das \u2013 dank der vielen flei\u00dfigen H\u00e4nde \u2013 innerhalb von nur einem Jahr fertiggestellt werden konnte. <\/p>\n\n\n\n<p style=\"font-size:18px\"><strong>Neue F\u00e4higkeiten praktisch nutzen<\/strong><\/p>\n\n\n\n<p>Beim Bau der neuen H\u00e4user hatten wir zu Beginn, im Fr\u00fchjahr 2017, noch ein relativ kleines Team von Helfern, das \u00fcber die Monate an Gr\u00f6\u00dfe jedoch stetig zunahm. Jeder wuchs hier mit seinen Aufgaben. Viele Menschen haben vor dieser Baustelle noch nie einen Akkuschrauber in der Hand gehalten. Kaum zu glauben, dass mit so vielen scheinbar unqualifizierten Menschen der Aufbau zweier so gro\u00dfer H\u00e4user m\u00f6glich ist. Ein sch\u00f6nes Erlebnis war es, zu sehen, was in jedem Einzelnen f\u00fcr F\u00e4higkeiten schlummern! So gibt es auch Beispiele von Menschen, die nach ihrer Hilfe auf dem Bau auch ihre berufliche Laufbahn in diese Richtung einschlugen. F\u00fcr uns ein tolles Resultat! <\/p>\n\n\n\n<div class=\"wp-block-media-text alignwide has-media-on-the-right\" style=\"grid-template-columns:auto 67%\"><figure class=\"wp-block-media-text__media\"><img loading=\"lazy\" decoding=\"async\" width=\"548\" height=\"245\" data-attachment-id=\"2681\" data-permalink=\"https:\/\/michaelshof-sammatz.de\/blog\/projects\/volunteers-de\/volunteers5\/\" data-orig-file=\"https:\/\/michaelshof-sammatz.de\/blog\/wp-content\/uploads\/2019\/02\/volunteers5.jpg\" data-orig-size=\"548,245\" data-comments-opened=\"0\" data-image-meta=\"{&quot;aperture&quot;:&quot;0&quot;,&quot;credit&quot;:&quot;&quot;,&quot;camera&quot;:&quot;&quot;,&quot;caption&quot;:&quot;&quot;,&quot;created_timestamp&quot;:&quot;0&quot;,&quot;copyright&quot;:&quot;&quot;,&quot;focal_length&quot;:&quot;0&quot;,&quot;iso&quot;:&quot;0&quot;,&quot;shutter_speed&quot;:&quot;0&quot;,&quot;title&quot;:&quot;&quot;,&quot;orientation&quot;:&quot;0&quot;}\" data-image-title=\"volunteers5\" data-image-description=\"\" data-image-caption=\"\" data-medium-file=\"https:\/\/michaelshof-sammatz.de\/blog\/wp-content\/uploads\/2019\/02\/volunteers5-300x134.jpg\" data-large-file=\"https:\/\/michaelshof-sammatz.de\/blog\/wp-content\/uploads\/2019\/02\/volunteers5.jpg\" tabindex=\"0\" role=\"button\" src=\"http:\/\/michaelshof-sammatz.de\/blog\/wp-content\/uploads\/2019\/02\/volunteers5.jpg\" alt=\"\" class=\"wp-image-2681\" srcset=\"https:\/\/michaelshof-sammatz.de\/blog\/wp-content\/uploads\/2019\/02\/volunteers5.jpg 548w, https:\/\/michaelshof-sammatz.de\/blog\/wp-content\/uploads\/2019\/02\/volunteers5-300x134.jpg 300w\" sizes=\"(max-width: 548px) 100vw, 548px\" \/><\/figure><div class=\"wp-block-media-text__content\">\n<p>Vom Betonieren ging es \u00fcber die groben Holzarbeiten, die D\u00e4mmung weiter zum Trockenbau. Richtige Spezialisten sind einige im Verputzen, Schleifen und Streichen geworden: Arbeiten, die \u00fcber Monate gingen. <br> Die H\u00e4user sind fertig und offiziell er\u00f6ffnet \u2013 ins \u2039Blaue Haus\u203a sind die Volunteers eingezogen, im \u2039Gelben Haus\u203a, dem Haus der Natur, finden viele verschiedene Veranstaltungen, Seminaren und Workshops statt.<\/p>\n<\/div><\/div>\n\n\n\n<div class=\"wp-block-media-text alignwide\"><figure class=\"wp-block-media-text__media\"><img loading=\"lazy\" decoding=\"async\" width=\"457\" height=\"438\" data-attachment-id=\"2675\" data-permalink=\"https:\/\/michaelshof-sammatz.de\/blog\/projects\/volunteers-de\/volunteers6\/\" data-orig-file=\"https:\/\/michaelshof-sammatz.de\/blog\/wp-content\/uploads\/2019\/02\/volunteers6.jpg\" data-orig-size=\"457,438\" data-comments-opened=\"0\" data-image-meta=\"{&quot;aperture&quot;:&quot;0&quot;,&quot;credit&quot;:&quot;&quot;,&quot;camera&quot;:&quot;&quot;,&quot;caption&quot;:&quot;&quot;,&quot;created_timestamp&quot;:&quot;0&quot;,&quot;copyright&quot;:&quot;&quot;,&quot;focal_length&quot;:&quot;0&quot;,&quot;iso&quot;:&quot;0&quot;,&quot;shutter_speed&quot;:&quot;0&quot;,&quot;title&quot;:&quot;&quot;,&quot;orientation&quot;:&quot;0&quot;}\" data-image-title=\"volunteers6\" data-image-description=\"\" data-image-caption=\"\" data-medium-file=\"https:\/\/michaelshof-sammatz.de\/blog\/wp-content\/uploads\/2019\/02\/volunteers6-300x288.jpg\" data-large-file=\"https:\/\/michaelshof-sammatz.de\/blog\/wp-content\/uploads\/2019\/02\/volunteers6.jpg\" tabindex=\"0\" role=\"button\" src=\"http:\/\/michaelshof-sammatz.de\/blog\/wp-content\/uploads\/2019\/02\/volunteers6.jpg\" alt=\"\" class=\"wp-image-2675\" srcset=\"https:\/\/michaelshof-sammatz.de\/blog\/wp-content\/uploads\/2019\/02\/volunteers6.jpg 457w, https:\/\/michaelshof-sammatz.de\/blog\/wp-content\/uploads\/2019\/02\/volunteers6-300x288.jpg 300w\" sizes=\"(max-width: 457px) 100vw, 457px\" \/><\/figure><div class=\"wp-block-media-text__content\">\n<p>Geblieben sind die F\u00e4higkeiten im Bauen, Verputzen, Schleifen und Streichen \u2013 lauter Dinge, in denen wir ziemlich gut geworden sind. Mitarbeiter und Volunteers, die l\u00e4nger bei uns bleiben, bauen im kleineren Team schon wieder an neuen H\u00e4usern. Ein gr\u00f6\u00dferes zog weiter ins sogenannte \u2039Haupthaus\u203a, das die Volunteers drei Jahre dicht bev\u00f6lkert hatten. Jetzt stand Renovieren an \u2013 und wirklich bekamen wir das mit dem erworbenen Know How in einer guten Zeit ganz ordentlich hin. <\/p>\n\n\n\n<p style=\"font-size:18px\"><strong>Bretter streichen \u2013 ein guter Winterjob<\/strong><\/p>\n\n\n\n<p>Gerade Streichen macht viel Spa\u00df, wenn man nicht allein ist \u2013 au\u00dferdem ein guter Job f\u00fcr die kalte Jahreszeit, weil auch drinnen gearbeitet werden kann. Daher wurde ein Teil des  Bauteams zum Streichteam, und 10 bis 15 (meistens) gut gelaunte Volunteers zogen weiter zum Anpinseln der Fassadenbretter der n\u00e4chsten H\u00e4user. Ein Job, f\u00fcr den wir im Sommer, wenn die dann ben\u00f6tigten Bretter schon montagefertig sind, bestimmt sehr dankbar sein werden!<\/p>\n<\/div><\/div>\n\n\n\n<p>Es gibt vieles, das man noch aufz\u00e4hlen k\u00f6nnte. Aber eins ist schon deutlich: Ohne unsere Helfer w\u00e4re der Gro\u00dfteil unserer Projekte nicht realisierbar gewesen. So hoffen wir, dass uns auch weiterhin der kulturelle Austausch gelingt, sodass immer mehr Menschen aus aller Welt das Leben in unserer Community kennenlernen und viele Dinge lernen k\u00f6nnen. F\u00fcr uns in jeder Hinsicht eine \u00fcberaus bereichernde Erfahrung, die wir in Zukunft gern noch weiter ausbauen m\u00f6chten!<\/p>\n\n\n\n<div style=\"height:20px\" aria-hidden=\"true\" class=\"wp-block-spacer\"><\/div>\n\n\n\n<p style=\"text-align: right;\"><a style=\"color:#67c8f9\" href=\"#headeranchor\" data-wplink-edit=\"true\"><strong>Zum Seitenanfang \u2191<\/strong><\/a><\/p>\n\n\n\n<div style=\"height:50px\" aria-hidden=\"true\" class=\"wp-block-spacer\"><\/div>\n","protected":false},"excerpt":{"rendered":"<p>Volunteers Aus den unterschiedlichsten Arbeitsbereichen des Ortes \u2013 Meierei, B\u00e4ckerei, K\u00fcche, der Tierpflege und allem anderen \u2013 sind unsere Volunteers schon lange nicht mehr wegzudenken. Aber auch alle gr\u00f6\u00dferen Aufgaben der letzten Jahre h\u00e4tten wir niemals ohne so viel freiwillige Hilfe meistern k\u00f6nnen. Die Anlage des Waldsees sowie der Bau der beiden neuen H\u00e4user \u2013 [&hellip;]<\/p>\n","protected":false},"author":1,"featured_media":0,"parent":2384,"menu_order":0,"comment_status":"closed","ping_status":"closed","template":"","meta":{"footnotes":""},"class_list":["post-2670","page","type-page","status-publish","hentry"],"jetpack_sharing_enabled":true,"jetpack_shortlink":"https:\/\/wp.me\/PaQBcD-H4","jetpack-related-posts":[],"_links":{"self":[{"href":"https:\/\/michaelshof-sammatz.de\/blog\/wp-json\/wp\/v2\/pages\/2670"}],"collection":[{"href":"https:\/\/michaelshof-sammatz.de\/blog\/wp-json\/wp\/v2\/pages"}],"about":[{"href":"https:\/\/michaelshof-sammatz.de\/blog\/wp-json\/wp\/v2\/types\/page"}],"author":[{"embeddable":true,"href":"https:\/\/michaelshof-sammatz.de\/blog\/wp-json\/wp\/v2\/users\/1"}],"replies":[{"embeddable":true,"href":"https:\/\/michaelshof-sammatz.de\/blog\/wp-json\/wp\/v2\/comments?post=2670"}],"version-history":[{"count":18,"href":"https:\/\/michaelshof-sammatz.de\/blog\/wp-json\/wp\/v2\/pages\/2670\/revisions"}],"predecessor-version":[{"id":26153,"href":"https:\/\/michaelshof-sammatz.de\/blog\/wp-json\/wp\/v2\/pages\/2670\/revisions\/26153"}],"up":[{"embeddable":true,"href":"https:\/\/michaelshof-sammatz.de\/blog\/wp-json\/wp\/v2\/pages\/2384"}],"wp:attachment":[{"href":"https:\/\/michaelshof-sammatz.de\/blog\/wp-json\/wp\/v2\/media?parent=2670"}],"curies":[{"name":"wp","href":"https:\/\/api.w.org\/{rel}","templated":true}]}}