

{"id":2698,"date":"2019-02-12T06:31:55","date_gmt":"2019-02-12T05:31:55","guid":{"rendered":"http:\/\/michaelshof-campus.com\/blog\/?page_id=2698"},"modified":"2019-05-24T10:14:16","modified_gmt":"2019-05-24T08:14:16","slug":"ein-interview","status":"publish","type":"page","link":"https:\/\/michaelshof-sammatz.de\/blog\/peronnik\/ein-interview\/","title":{"rendered":"Peronnik | Ein Interview"},"content":{"rendered":"\n<h1 class=\"wp-block-heading\"><strong>Interview<\/strong><\/h1>\n\n\n\n<div style=\"height:85px\" aria-hidden=\"true\" class=\"wp-block-spacer\"><\/div>\n\n\n\n<figure class=\"wp-block-image pageTeaserImage\"><img fetchpriority=\"high\" decoding=\"async\" width=\"557\" height=\"312\" data-attachment-id=\"2709\" data-permalink=\"https:\/\/michaelshof-sammatz.de\/blog\/peronnik\/ein-interview\/interview0\/\" data-orig-file=\"https:\/\/michaelshof-sammatz.de\/blog\/wp-content\/uploads\/2019\/02\/interview0.jpg\" data-orig-size=\"557,312\" data-comments-opened=\"0\" data-image-meta=\"{&quot;aperture&quot;:&quot;0&quot;,&quot;credit&quot;:&quot;&quot;,&quot;camera&quot;:&quot;&quot;,&quot;caption&quot;:&quot;&quot;,&quot;created_timestamp&quot;:&quot;0&quot;,&quot;copyright&quot;:&quot;&quot;,&quot;focal_length&quot;:&quot;0&quot;,&quot;iso&quot;:&quot;0&quot;,&quot;shutter_speed&quot;:&quot;0&quot;,&quot;title&quot;:&quot;&quot;,&quot;orientation&quot;:&quot;0&quot;}\" data-image-title=\"interview0\" data-image-description=\"\" data-image-caption=\"\" data-medium-file=\"https:\/\/michaelshof-sammatz.de\/blog\/wp-content\/uploads\/2019\/02\/interview0-300x168.jpg\" data-large-file=\"https:\/\/michaelshof-sammatz.de\/blog\/wp-content\/uploads\/2019\/02\/interview0.jpg\" tabindex=\"0\" role=\"button\" src=\"http:\/\/michaelshof-sammatz.de\/blog\/wp-content\/uploads\/2019\/02\/interview0.jpg\" alt=\"\" class=\"wp-image-2709\" srcset=\"https:\/\/michaelshof-sammatz.de\/blog\/wp-content\/uploads\/2019\/02\/interview0.jpg 557w, https:\/\/michaelshof-sammatz.de\/blog\/wp-content\/uploads\/2019\/02\/interview0-300x168.jpg 300w\" sizes=\"(max-width: 557px) 100vw, 557px\" \/><\/figure>\n\n\n\n<div style=\"height:35px\" aria-hidden=\"true\" class=\"wp-block-spacer\"><\/div>\n\n\n\n\n\n\n\n<div style=\"height:50px\" aria-hidden=\"true\" class=\"wp-block-spacer\"><\/div>\n\n\n\n<div class=\"row squeeze\">\n\n<div class=\"col-md-12\">\n\n\n\n<p>Niko hat f\u00fcr diese Website eine Reihe von Volunteers interviewt. Er wollte aber auch einmal mit einer Jugendlichen von Peronnik sprechen. Niko kannte Johanna vom t\u00e4glichen Leben in Sammatz, auch von der Urlaubsfahrt nach D\u00e4nemark.<\/p>\n\n\n\n<\/div>\n\n\n\n<div style=\"height:40px\" aria-hidden=\"true\" class=\"wp-block-spacer\"><\/div>\n\n\n\n<div class=\"row squeeze\">\n<div class=\"col-md-6\">\n\n\n\n<p class=\"question\">Nikolas- Hallo! Wir sind hier bei Johanna, und Johanna ist \u2026 \u2013 wie alt bist du?<\/p>\n\n\n\n<p class=\"answer\">Johanna- F\u00fcnfzehn.<\/p>\n\n\n\n<p class=\"question\">N- Johanna ist f\u00fcnfzehn. Sie wohnt hier bei Peronnik, bei P5, ja? Willst du uns etwas \u00fcber dich sagen?<\/p>\n\n\n\n<p class=\"answer\">J- Ich bin Johanna, ich bin 15 Jahre alt, wohne in Sammatz.<\/p>\n\n\n\n<p class=\"question\">N- Woher kommst du?<\/p>\n\n\n\n<p class=\"answer\">J-Ich komme aus L\u00fcneburg. <\/p>\n\n\n\n<p class=\"question\">N- Und wie lange bist du schon hier?<\/p>\n\n\n\n<p class=\"answer\">J- Viereinhalb Jahre.<\/p>\n\n\n\n<p class=\"question\">N- Lang! Und was machst du?<\/p>\n\n\n\n<p class=\"answer\">J- Zur Schule gehen. Lesen, baden \u2026<\/p>\n\n\n\n<p class=\"question\">N- Was macht dir am meisten Spa\u00df?<\/p>\n\n\n\n<p class=\"answer\">J- Lesen.<\/p>\n\n\n\n<p class=\"question\">N- Was?<\/p>\n\n\n\n<p class=\"answer\">J- Sophienlust. Romane \u2026 (zeigt ein Romanheftchen)<\/p>\n\n\n\n<p class=\"question\">N- OK \u2026 die habe ich schon bei REWE gesehen. Warum interessiert dich das?<\/p>\n\n\n\n<p class=\"answer\">J- Weil ich es spannend finde, interessant.<\/p>\n\n\n\n<p class=\"question\">N- Warum?<\/p>\n\n\n\n<p class=\"answer\">J- Man kann etwas davon lernen. Man kann die Schicksale der anderen Leute lesen, und wie sie damit klarkommen.<\/p>\n\n\n\n<p class=\"question\">N- Was willst du mal machen, wenn du \u00e4lter bist?<\/p>\n\n\n\n<p class=\"answer\">J- Irgendwas mit Kindern, am Liebsten mit behinderten Kindern.<\/p>\n\n\n\n<p class=\"question\">N- Also eigentlich so etwas wie Peronnik?<\/p>\n\n\n\n<p class=\"answer\">J- Nein, mit schwerbehinderten Kindern.<\/p>\n\n\n\n<p class=\"question\">N- Ah, so etwas wie Pflege. Das ist toll, edel.<\/p>\n\n\n\n<p class=\"answer\">J- Aber ich wei\u00df nicht, ob ich es schaffe.<\/p>\n\n\n\n<p class=\"question\">N- Ach, einfach lernen!<\/p>\n\n\n\n<p class=\"answer\">J- Naja. Also auf jeden Fall etwas mit Kindern.<\/p>\n\n\n\n<p class=\"question\">N- Also musst du viel lernen.<\/p>\n\n\n\n<p class=\"answer\">J- Das wei\u00df ich.<\/p>\n\n\n\n<p class=\"question\">N- Aber das wird schon klappen, denn du bist ja jetzt schon eifrig dabei zu lernen, wenn du diese ganzen Hefte liest.<\/p>\n\n\n\n<p class=\"answer\">J- Ich kuck mir ja auch Erste Hilfe-Kurse im Internet an. <\/p>\n\n\n\n<figure class=\"wp-block-image\"><img decoding=\"async\" width=\"375\" height=\"238\" data-attachment-id=\"2710\" data-permalink=\"https:\/\/michaelshof-sammatz.de\/blog\/peronnik\/ein-interview\/interview1\/\" data-orig-file=\"https:\/\/michaelshof-sammatz.de\/blog\/wp-content\/uploads\/2019\/02\/interview1.jpg\" data-orig-size=\"375,238\" data-comments-opened=\"0\" data-image-meta=\"{&quot;aperture&quot;:&quot;0&quot;,&quot;credit&quot;:&quot;&quot;,&quot;camera&quot;:&quot;&quot;,&quot;caption&quot;:&quot;&quot;,&quot;created_timestamp&quot;:&quot;0&quot;,&quot;copyright&quot;:&quot;&quot;,&quot;focal_length&quot;:&quot;0&quot;,&quot;iso&quot;:&quot;0&quot;,&quot;shutter_speed&quot;:&quot;0&quot;,&quot;title&quot;:&quot;&quot;,&quot;orientation&quot;:&quot;0&quot;}\" data-image-title=\"interview1\" data-image-description=\"\" data-image-caption=\"\" data-medium-file=\"https:\/\/michaelshof-sammatz.de\/blog\/wp-content\/uploads\/2019\/02\/interview1-300x190.jpg\" data-large-file=\"https:\/\/michaelshof-sammatz.de\/blog\/wp-content\/uploads\/2019\/02\/interview1.jpg\" tabindex=\"0\" role=\"button\" src=\"http:\/\/michaelshof-sammatz.de\/blog\/wp-content\/uploads\/2019\/02\/interview1.jpg\" alt=\"\" class=\"wp-image-2710\" srcset=\"https:\/\/michaelshof-sammatz.de\/blog\/wp-content\/uploads\/2019\/02\/interview1.jpg 375w, https:\/\/michaelshof-sammatz.de\/blog\/wp-content\/uploads\/2019\/02\/interview1-300x190.jpg 300w\" sizes=\"(max-width: 375px) 100vw, 375px\" \/><\/figure>\n\n\n\n<p class=\"question\">N- Ich bin ausgebildet in Erster Hilfe, also wenn du etwas lernen willst \u2026<br>\nWenn du mal gro\u00df bist und mit Kindern arbeiten willst, darfst du mit denen aber nicht rumschreien \u2013  da musst du geduldig sein und nett!<\/p>\n\n\n\n<p class=\"answer\">J- Das wei\u00df ich. (Lacht)<\/p>\n\n\n\n<p class=\"question\">N- Aha, dann wirst du also nur jetzt schnell w\u00fctend.<\/p>\n\n\n\n<p class=\"answer\">J- (Kichert) Naja, je nach Laune. Aber eigentlich bin ich mit Kleineren immer geduldiger als mit Erwachsenen, die mich gerade stressen.<\/p>\n\n\n\n<p class=\"question\">N- Ah, wahrscheinlich, weil man die Kinder leichter bei\u00dfen kann!<\/p>\n\n\n\n<p class=\"answer\">J- Neiiin! \u2014 Eigentlich bin ich auch immer nett zu kleineren Kindern.<\/p>\n\n\n\n<p class=\"question\">N- Du bist eigentlich zu allen Menschen ziemlich nett. Das sehe ich. Also meistens, au\u00dfer wenn du versuchst sie zu bei\u00dfen. (Lacht)<\/p>\n\n\n\n<\/div>\n<div class=\"col-md-6\">\n\n\n\n<p class=\"question\">Also ich finde dich jedenfalls sehr nett. Du setzt dich f\u00fcr das Gute ein. Man sieht das schon, du bist flei\u00dfig, klug und meistens auch freundlich. Und ich finde, das ist viel wert, denn in deinem Alter ist das bei Jugendlichen oft gar nicht so leicht zu sehen.<br>\nUnd wenn du zu Menschen freundlich bist, ist das wirklich eine liebevolle Geste, nicht nur was \u00c4u\u00dferliches, weil man nett sein soll.<\/p>\n\n\n\n<p class=\"answer\">J- So, wie\u2019s grade kommt.<\/p>\n\n\n\n<p class=\"question\">N- OK, keine Komplimente mehr, mehr vertr\u00e4gst du nicht. (Lacht) <br>\nEben ein Teenager.<\/p>\n\n\n\n<p class=\"answer\">J- Das war auch schon vorher so.<\/p>\n\n\n\n<p class=\"question\">N- Ah. Wei\u00dft du, 90% der Menschen haben dieses Problem. Niemand kann mit Komplimenten umgehen.<\/p>\n\n\n\n<figure class=\"wp-block-image\"><img decoding=\"async\" width=\"360\" height=\"614\" data-attachment-id=\"2708\" data-permalink=\"https:\/\/michaelshof-sammatz.de\/blog\/peronnik\/ein-interview\/interview2\/\" data-orig-file=\"https:\/\/michaelshof-sammatz.de\/blog\/wp-content\/uploads\/2019\/02\/interview2.jpg\" data-orig-size=\"360,614\" data-comments-opened=\"0\" data-image-meta=\"{&quot;aperture&quot;:&quot;0&quot;,&quot;credit&quot;:&quot;&quot;,&quot;camera&quot;:&quot;&quot;,&quot;caption&quot;:&quot;&quot;,&quot;created_timestamp&quot;:&quot;0&quot;,&quot;copyright&quot;:&quot;&quot;,&quot;focal_length&quot;:&quot;0&quot;,&quot;iso&quot;:&quot;0&quot;,&quot;shutter_speed&quot;:&quot;0&quot;,&quot;title&quot;:&quot;&quot;,&quot;orientation&quot;:&quot;0&quot;}\" data-image-title=\"interview2\" data-image-description=\"\" data-image-caption=\"\" data-medium-file=\"https:\/\/michaelshof-sammatz.de\/blog\/wp-content\/uploads\/2019\/02\/interview2-176x300.jpg\" data-large-file=\"https:\/\/michaelshof-sammatz.de\/blog\/wp-content\/uploads\/2019\/02\/interview2.jpg\" tabindex=\"0\" role=\"button\" src=\"http:\/\/michaelshof-sammatz.de\/blog\/wp-content\/uploads\/2019\/02\/interview2.jpg\" alt=\"\" class=\"wp-image-2708\" srcset=\"https:\/\/michaelshof-sammatz.de\/blog\/wp-content\/uploads\/2019\/02\/interview2.jpg 360w, https:\/\/michaelshof-sammatz.de\/blog\/wp-content\/uploads\/2019\/02\/interview2-300x512.jpg 300w, https:\/\/michaelshof-sammatz.de\/blog\/wp-content\/uploads\/2019\/02\/interview2-176x300.jpg 176w\" sizes=\"(max-width: 360px) 100vw, 360px\" \/><\/figure>\n\n\n\n<p class=\"answer\">J- Das stimmt.<\/p>\n\n\n\n<p class=\"question\">N- Ach das wei\u00dft du auch schon? \u2014 Wof\u00fcr interessierst du dich am Meisten, wenn du die Menschen so studierst, so Erwachsene?<\/p>\n\n\n\n<p class=\"answer\">J- F\u00fcr das Weinen. F\u00fcr die Schw\u00e4chen der Menschen.<\/p>\n\n\n\n<p class=\"question\">N- Oh, gef\u00e4hrlich. Was w\u00fcrdest du denn sagen, was meine Schw\u00e4che ist? Dann sag ich dir, was meiner Meinung nach deine ist.<\/p>\n\n\n\n<p class=\"answer\">(\u00dcberlegt \u2013 Pause)<\/p>\n\n\n\n<p class=\"question\">Oder was ist Hans-Michels Schw\u00e4che? Vielleicht Kontrolle, Organisation?<\/p>\n\n\n\n<p class=\"answer\">J- Wenn er sich nicht akzeptiert f\u00fchlt.<\/p>\n\n\n\n<p class=\"question\">N- Oh! (Applaudiert, alle lachen)<\/p>\n\n\n\n<p class=\"question\">OK, und Niko?<\/p>\n\n\n\n<p class=\"answer\">J- Wei\u00df ich nicht.<\/p>\n\n\n\n<p class=\"question\">N- Und willst du wissen, was ich denke, was deine Schw\u00e4che ist?<\/p>\n\n\n\n<p class=\"answer\">(Nickt)<\/p>\n\n\n\n<p class=\"question\">Das wird jetzt sehr philosophisch und langweilig und \u00f6de klingen, aber wenn du richtig sauer bist, dann fehlt dir was \u2026 hilf mir mal. Ich wei\u00df nicht weiter \u2026 Ich wei\u00df eigentlich auch nicht, was deine Schw\u00e4che ist.<\/p>\n\n\n\n<p class=\"answer\">J- Wer Schw\u00e4che zeigt, ist stark.<\/p>\n\n\n\n<p class=\"question\">N- Wow. Ich bin richtig beeindruckt, wir kommen jetzt doch an einen spannenden Punkt, ich wei\u00df schon gar nicht mehr, was ich noch fragen soll. \u2014 Vielleicht ist da ja auch schon ein guter Schlusssatz f\u00fcr das Interview?<br>\nDu wirst auf jeden Fall eine tolle Zukunft haben. Und geh\u2019 nicht in Knast, das tut nicht gut!<\/p>\n\n\n\n<p class=\"question\">Kannst du noch eine Sache sagen, die dir an Sammatz oder an Peronnik gef\u00e4llt, wegen der du gern hier bist?<\/p>\n\n\n\n<p class=\"answer\">J- Die Gemeinschaft. Alle sind so ein bisschen zusammen. Nicht jeder wohnt allein, so in seiner Familie und der Rest geh\u00f6rt nicht dazu. Es leben alle miteinander und nicht nebeneinander.<\/p>\n\n\n\n<p class=\"question\">N- Wow. Also ich glaube, das ist das beste Interview, das ich bisher gemacht habe.<\/p>\n\n\n\n<p class=\"answer\">(Alle lachen)<\/p>\n\n\n\n<\/div>\n<\/div>\n","protected":false},"excerpt":{"rendered":"<p>Interview Niko hat f\u00fcr diese Website eine Reihe von Volunteers interviewt. Er wollte aber auch einmal mit einer Jugendlichen von Peronnik sprechen. Niko kannte Johanna vom t\u00e4glichen Leben in Sammatz, auch von der Urlaubsfahrt nach D\u00e4nemark. Nikolas- Hallo! Wir sind hier bei Johanna, und Johanna ist \u2026 \u2013 wie alt bist du? Johanna- F\u00fcnfzehn. N- [&hellip;]<\/p>\n","protected":false},"author":1,"featured_media":0,"parent":115,"menu_order":0,"comment_status":"closed","ping_status":"closed","template":"","meta":{"footnotes":""},"class_list":["post-2698","page","type-page","status-publish","hentry"],"jetpack_sharing_enabled":true,"jetpack_shortlink":"https:\/\/wp.me\/PaQBcD-Hw","jetpack-related-posts":[],"_links":{"self":[{"href":"https:\/\/michaelshof-sammatz.de\/blog\/wp-json\/wp\/v2\/pages\/2698"}],"collection":[{"href":"https:\/\/michaelshof-sammatz.de\/blog\/wp-json\/wp\/v2\/pages"}],"about":[{"href":"https:\/\/michaelshof-sammatz.de\/blog\/wp-json\/wp\/v2\/types\/page"}],"author":[{"embeddable":true,"href":"https:\/\/michaelshof-sammatz.de\/blog\/wp-json\/wp\/v2\/users\/1"}],"replies":[{"embeddable":true,"href":"https:\/\/michaelshof-sammatz.de\/blog\/wp-json\/wp\/v2\/comments?post=2698"}],"version-history":[{"count":18,"href":"https:\/\/michaelshof-sammatz.de\/blog\/wp-json\/wp\/v2\/pages\/2698\/revisions"}],"predecessor-version":[{"id":20739,"href":"https:\/\/michaelshof-sammatz.de\/blog\/wp-json\/wp\/v2\/pages\/2698\/revisions\/20739"}],"up":[{"embeddable":true,"href":"https:\/\/michaelshof-sammatz.de\/blog\/wp-json\/wp\/v2\/pages\/115"}],"wp:attachment":[{"href":"https:\/\/michaelshof-sammatz.de\/blog\/wp-json\/wp\/v2\/media?parent=2698"}],"curies":[{"name":"wp","href":"https:\/\/api.w.org\/{rel}","templated":true}]}}