

{"id":28996,"date":"2021-04-13T02:04:59","date_gmt":"2021-04-13T00:04:59","guid":{"rendered":"https:\/\/michaelshof-sammatz.de\/blog\/?page_id=28996"},"modified":"2021-04-20T10:35:51","modified_gmt":"2021-04-20T08:35:51","slug":"postkarte-aus-der-ukraine","status":"publish","type":"page","link":"https:\/\/michaelshof-sammatz.de\/blog\/postkarte-aus-der-ukraine\/","title":{"rendered":"Postkarte aus&#8230;der Ukraine"},"content":{"rendered":"\n<h2 class=\"wp-block-heading\"><strong>Postkarte aus \u2026 Lviv<\/strong><\/h2>\n\n\n\n<p>Vor drei Jahren ist etwas Sch\u00f6nes in meinem Leben passiert. Ich habe die Michaelshof Community gefunden. Und das hat mein Leben komplett ver\u00e4ndert. Dort habe ich gelernt, mit verschiedensten Menschen an einem Ort zusammenzuleben, und habe erkannt, wie gl\u00fccklich mich diese Art des Lebens macht. Das gemeinsame Arbeiten und die unz\u00e4hligen Gespr\u00e4che haben sich mir besonders eingepr\u00e4gt. Ich entwickle die Gemeinschaft, die Gemeinschaft entwickelt mich. Ich habe diese Art des Austauschs sehr genossen, das Geben und Nehmen. Eine Win-Win-Situation. Das ist super sch\u00f6n.<\/p>\n\n\n\n<p>Ich konnte viel Handwerkliches lernen und, eines der wichtigsten Dinge, meine Soft Skills verbesssern. Ich habe gelernt, wie man mit Menschen kommuniziert. In Sammatz habe ich Englisch gelernt. Jetzt kann ich Volunteers in meinem eigenen Projekt aufnehmen. Und ich kann Menschen in meinem eigenen Land Englisch und Deutsch beibringen.<\/p>\n\n\n\n<figure class=\"wp-block-image size-large is-style-default\"><img fetchpriority=\"high\" decoding=\"async\" width=\"1024\" height=\"576\" data-attachment-id=\"29031\" data-permalink=\"https:\/\/michaelshof-sammatz.de\/blog\/postkarte-aus-der-ukraine\/markukrainefluss\/\" data-orig-file=\"https:\/\/michaelshof-sammatz.de\/blog\/wp-content\/uploads\/2021\/04\/MarkUkraineFluss.jpg\" data-orig-size=\"1024,576\" data-comments-opened=\"0\" data-image-meta=\"{&quot;aperture&quot;:&quot;0&quot;,&quot;credit&quot;:&quot;&quot;,&quot;camera&quot;:&quot;&quot;,&quot;caption&quot;:&quot;&quot;,&quot;created_timestamp&quot;:&quot;0&quot;,&quot;copyright&quot;:&quot;&quot;,&quot;focal_length&quot;:&quot;0&quot;,&quot;iso&quot;:&quot;0&quot;,&quot;shutter_speed&quot;:&quot;0&quot;,&quot;title&quot;:&quot;&quot;,&quot;orientation&quot;:&quot;0&quot;}\" data-image-title=\"MarkUkraineFluss\" data-image-description=\"\" data-image-caption=\"\" data-medium-file=\"https:\/\/michaelshof-sammatz.de\/blog\/wp-content\/uploads\/2021\/04\/MarkUkraineFluss-300x169.jpg\" data-large-file=\"https:\/\/michaelshof-sammatz.de\/blog\/wp-content\/uploads\/2021\/04\/MarkUkraineFluss.jpg\" tabindex=\"0\" role=\"button\" src=\"https:\/\/michaelshof-sammatz.de\/blog\/wp-content\/uploads\/2021\/04\/MarkUkraineFluss.jpg\" alt=\"\" class=\"wp-image-29031\" srcset=\"https:\/\/michaelshof-sammatz.de\/blog\/wp-content\/uploads\/2021\/04\/MarkUkraineFluss.jpg 1024w, https:\/\/michaelshof-sammatz.de\/blog\/wp-content\/uploads\/2021\/04\/MarkUkraineFluss-300x169.jpg 300w, https:\/\/michaelshof-sammatz.de\/blog\/wp-content\/uploads\/2021\/04\/MarkUkraineFluss-150x84.jpg 150w, https:\/\/michaelshof-sammatz.de\/blog\/wp-content\/uploads\/2021\/04\/MarkUkraineFluss-768x432.jpg 768w\" sizes=\"(max-width: 1024px) 100vw, 1024px\" \/><\/figure>\n\n\n\n<p>W\u00e4hrend meiner Zeit in Sammatz (insgesamt 6 Monate), habe ich verstanden, dass wirklich alles m\u00f6glich ist. Das war eine gro\u00dfe Inspiration f\u00fcr mich, meine eigene Reise zu beginnen. Seit kurzem wandle ich mein privates Leben in ein \u00f6ffentliches Projekt um. Ich baue mein Haus mit nat\u00fcrlichen Materialien und schaffe einen exotischen Garten inmitten der Karpaten in der Ukraine. Ich m\u00f6chte mein Wissen, meine F\u00e4higkeiten und meine Leidenschaft mit interessierten Menschen teilen. Ich will sie einladen, meinen alternativen Lifestyle mitzuleben, und dadurch meine Umgebung inspirieren. Die gr\u00f6\u00dfte Motivation f\u00fcr mich ist es, das Bewusstsein f\u00fcr die Abholzung und Wasserverschmutzung zu sch\u00e4rfen, die in meiner Gegend stattfinden. In Zukunft w\u00fcrde ich gerne mit der Regierung zusammenarbeiten, um die atemberaubende Natur vor meiner Haust\u00fcre zu sch\u00fctzen.<\/p>\n\n\n\n<figure class=\"wp-block-image size-large\"><img decoding=\"async\" width=\"907\" height=\"604\" data-attachment-id=\"29009\" data-permalink=\"https:\/\/michaelshof-sammatz.de\/blog\/postkarte-aus-der-ukraine\/neu4\/\" data-orig-file=\"https:\/\/michaelshof-sammatz.de\/blog\/wp-content\/uploads\/2021\/04\/neu4.jpg\" data-orig-size=\"907,604\" data-comments-opened=\"0\" data-image-meta=\"{&quot;aperture&quot;:&quot;0&quot;,&quot;credit&quot;:&quot;&quot;,&quot;camera&quot;:&quot;&quot;,&quot;caption&quot;:&quot;&quot;,&quot;created_timestamp&quot;:&quot;0&quot;,&quot;copyright&quot;:&quot;&quot;,&quot;focal_length&quot;:&quot;0&quot;,&quot;iso&quot;:&quot;0&quot;,&quot;shutter_speed&quot;:&quot;0&quot;,&quot;title&quot;:&quot;&quot;,&quot;orientation&quot;:&quot;1&quot;}\" data-image-title=\"neu4\" data-image-description=\"\" data-image-caption=\"\" data-medium-file=\"https:\/\/michaelshof-sammatz.de\/blog\/wp-content\/uploads\/2021\/04\/neu4-300x200.jpg\" data-large-file=\"https:\/\/michaelshof-sammatz.de\/blog\/wp-content\/uploads\/2021\/04\/neu4.jpg\" tabindex=\"0\" role=\"button\" src=\"https:\/\/michaelshof-sammatz.de\/blog\/wp-content\/uploads\/2021\/04\/neu4.jpg\" alt=\"\" class=\"wp-image-29009\" srcset=\"https:\/\/michaelshof-sammatz.de\/blog\/wp-content\/uploads\/2021\/04\/neu4.jpg 907w, https:\/\/michaelshof-sammatz.de\/blog\/wp-content\/uploads\/2021\/04\/neu4-300x200.jpg 300w, https:\/\/michaelshof-sammatz.de\/blog\/wp-content\/uploads\/2021\/04\/neu4-150x100.jpg 150w, https:\/\/michaelshof-sammatz.de\/blog\/wp-content\/uploads\/2021\/04\/neu4-768x511.jpg 768w, https:\/\/michaelshof-sammatz.de\/blog\/wp-content\/uploads\/2021\/04\/neu4-391x260.jpg 391w\" sizes=\"(max-width: 907px) 100vw, 907px\" \/><\/figure>\n\n\n\n<p>Als ich einmal in Sammatz war, habe ich an einem Seminar \u00fcber Schmetterlinge teilgenommen. Wir gingen in einem Tal spazieren, um sie in natura zu sehen. Mir ist aufgefallen, dass einige Schmetterlingsarten in diesem Teil Deutschlands nicht mehr existieren. Aber es gibt sie noch in meiner Heimat. Wir lernten, dass die Hauptbedingung, die diese Schmetterlinge brauchen w\u00fcrden, ein wilder Urwald mit seinen Insekten und N\u00e4hrstoffen w\u00e4re. Dieser Wald wurde leider in diesem Teil Deutschlands vor vielen Jahren zerst\u00f6rt. Aber bei mir zu Hause haben wir noch nat\u00fcrliche W\u00e4lder. Und gerade jetzt ist die Ukraine an einem entscheidenden Punkt, dem Punkt an dem Deutschland vor Jahrhunderten war: Viele Menschen und Organisationen wollen den Wald abholzen und seine Ressourcen ausbeuten. Es interessiert sie in dem Moment nicht, einen Raum f\u00fcr echte Wildnis zu hinterlassen. Keine Chance mehr f\u00fcr unsere Kinder, einen sch\u00f6nen Spaziergang durch tausend Jahre alte Buchenw\u00e4lder zu machen.<\/p>\n\n\n\n<p>Aber ich bin damit nicht einverstanden. Deshalb habe ich mein kleines Lehmhaus mit einem Strohdach gebaut und einen exotischen Garten in der N\u00e4he dieser W\u00e4lder gepflanzt, um sie zu sch\u00fctzen. Um mehr Aufmerksamkeit zu erregen und mehr Studien dar\u00fcber zu machen. Ich m\u00f6chte mehr \u00fcber die nat\u00fcrlichen Sch\u00e4tze der Natur lernen, um schlie\u00dflich den Wald zu retten. Das ist mein Ziel.<\/p>\n\n\n\n<p>Eine der entscheidenden St\u00e4rken der Menschheit ist die F\u00e4higkeit zu entscheiden, wie wir unsere Macht nutzen. Wir k\u00f6nnen die Natur zerst\u00f6ren, aber wir k\u00f6nnen auch in Synergie und Harmonie mit ihr leben, um gemeinsam etwas zu schaffen.<\/p>\n\n\n\n<p>Mein Leben ist der Aufgabe gewidmet, eine L\u00f6sung f\u00fcr diese Frage zu finden (Nachhaltigkeit f\u00fcr die Menschheit und die Natur), mit der fast alle Menschen einverstanden sind und die sie genie\u00dfen k\u00f6nnen.<\/p>\n\n\n\n<p>Hier kommt die Kommunikation ins Spiel. Auch Rudolf Steiner sagt ja: Wir k\u00f6nnen die Natur au\u00dferhalb von uns nur finden, wenn wir sie zuerst in uns kennen gelernt haben.<\/p>\n\n\n\n<figure class=\"wp-block-image size-large\"><img decoding=\"async\" width=\"907\" height=\"680\" data-attachment-id=\"29008\" data-permalink=\"https:\/\/michaelshof-sammatz.de\/blog\/postkarte-aus-der-ukraine\/neu3\/\" data-orig-file=\"https:\/\/michaelshof-sammatz.de\/blog\/wp-content\/uploads\/2021\/04\/neu3.jpg\" data-orig-size=\"907,680\" data-comments-opened=\"0\" data-image-meta=\"{&quot;aperture&quot;:&quot;0&quot;,&quot;credit&quot;:&quot;&quot;,&quot;camera&quot;:&quot;&quot;,&quot;caption&quot;:&quot;&quot;,&quot;created_timestamp&quot;:&quot;0&quot;,&quot;copyright&quot;:&quot;&quot;,&quot;focal_length&quot;:&quot;0&quot;,&quot;iso&quot;:&quot;0&quot;,&quot;shutter_speed&quot;:&quot;0&quot;,&quot;title&quot;:&quot;&quot;,&quot;orientation&quot;:&quot;1&quot;}\" data-image-title=\"neu3\" data-image-description=\"\" data-image-caption=\"\" data-medium-file=\"https:\/\/michaelshof-sammatz.de\/blog\/wp-content\/uploads\/2021\/04\/neu3-300x225.jpg\" data-large-file=\"https:\/\/michaelshof-sammatz.de\/blog\/wp-content\/uploads\/2021\/04\/neu3.jpg\" tabindex=\"0\" role=\"button\" src=\"https:\/\/michaelshof-sammatz.de\/blog\/wp-content\/uploads\/2021\/04\/neu3.jpg\" alt=\"\" class=\"wp-image-29008\" srcset=\"https:\/\/michaelshof-sammatz.de\/blog\/wp-content\/uploads\/2021\/04\/neu3.jpg 907w, https:\/\/michaelshof-sammatz.de\/blog\/wp-content\/uploads\/2021\/04\/neu3-300x225.jpg 300w, https:\/\/michaelshof-sammatz.de\/blog\/wp-content\/uploads\/2021\/04\/neu3-150x112.jpg 150w, https:\/\/michaelshof-sammatz.de\/blog\/wp-content\/uploads\/2021\/04\/neu3-768x576.jpg 768w\" sizes=\"(max-width: 907px) 100vw, 907px\" \/><\/figure>\n\n\n\n<p>Sammatz ist ein Ort, den ich mein ganzes Leben lang besuchen werde. Er gibt mir eine Vision davon, wie man eine Gemeinschaft organisiert, in meinem Fall zuerst auf YouTube, sp\u00e4ter im realen Leben. So glaube ich, dass die Menschen, die mit mir in Sammatz gelebt haben oder es in Zukunft besuchen werden, sich um die Natur und die Wildnis um ihre H\u00e4user herum k\u00fcmmern und auf ethisch und moralisch korrekte Weise mit ihr leben werden.<\/p>\n\n\n\n<p>Es ist immer so. Zuerst hilft man, eine Gemeinschaft zu schaffen und lernt aus diesem Prozess, danach beginnt man selbst zu schaffen. In meinem Ort in der Ukraine arbeite ich jetzt mit Freiwilligen, lade Einheimische ein und schaffe weiterhin eine gute Wirkung.<\/p>\n\n\n\n<figure class=\"wp-block-image size-large\"><img loading=\"lazy\" decoding=\"async\" width=\"907\" height=\"680\" data-attachment-id=\"29010\" data-permalink=\"https:\/\/michaelshof-sammatz.de\/blog\/postkarte-aus-der-ukraine\/neu5\/\" data-orig-file=\"https:\/\/michaelshof-sammatz.de\/blog\/wp-content\/uploads\/2021\/04\/neu5.jpg\" data-orig-size=\"907,680\" data-comments-opened=\"0\" data-image-meta=\"{&quot;aperture&quot;:&quot;0&quot;,&quot;credit&quot;:&quot;&quot;,&quot;camera&quot;:&quot;&quot;,&quot;caption&quot;:&quot;&quot;,&quot;created_timestamp&quot;:&quot;0&quot;,&quot;copyright&quot;:&quot;&quot;,&quot;focal_length&quot;:&quot;0&quot;,&quot;iso&quot;:&quot;0&quot;,&quot;shutter_speed&quot;:&quot;0&quot;,&quot;title&quot;:&quot;&quot;,&quot;orientation&quot;:&quot;1&quot;}\" data-image-title=\"neu5\" data-image-description=\"\" data-image-caption=\"\" data-medium-file=\"https:\/\/michaelshof-sammatz.de\/blog\/wp-content\/uploads\/2021\/04\/neu5-300x225.jpg\" data-large-file=\"https:\/\/michaelshof-sammatz.de\/blog\/wp-content\/uploads\/2021\/04\/neu5.jpg\" tabindex=\"0\" role=\"button\" src=\"https:\/\/michaelshof-sammatz.de\/blog\/wp-content\/uploads\/2021\/04\/neu5.jpg\" alt=\"\" class=\"wp-image-29010\" srcset=\"https:\/\/michaelshof-sammatz.de\/blog\/wp-content\/uploads\/2021\/04\/neu5.jpg 907w, https:\/\/michaelshof-sammatz.de\/blog\/wp-content\/uploads\/2021\/04\/neu5-300x225.jpg 300w, https:\/\/michaelshof-sammatz.de\/blog\/wp-content\/uploads\/2021\/04\/neu5-150x112.jpg 150w, https:\/\/michaelshof-sammatz.de\/blog\/wp-content\/uploads\/2021\/04\/neu5-768x576.jpg 768w\" sizes=\"(max-width: 907px) 100vw, 907px\" \/><\/figure>\n\n\n\n<p>Das mit Sammatz ist etwas Besonderes, es ist wie ein Buch, das noch in Arbeit ist. Man will immer wieder hinfahren und etwas Neues lernen. Denn es gibt immer viel Neues, Gutes und Interessantes zu sehen, egal wann man hingeht. Dinge, die mir die Motivation geben, lokale L\u00f6sungen f\u00fcr globale Probleme zu finden. Das ist es, was mich wirklich gl\u00fccklich macht.<\/p>\n\n\n\n<p>Mark, Waldkarpaten\/Lviv, Ukraine<\/p>\n","protected":false},"excerpt":{"rendered":"<p>Postkarte aus \u2026 Lviv Vor drei Jahren ist etwas Sch\u00f6nes in meinem Leben passiert. Ich habe die Michaelshof Community gefunden. Und das hat mein Leben komplett ver\u00e4ndert. Dort habe ich gelernt, mit verschiedensten Menschen an einem Ort zusammenzuleben, und habe erkannt, wie gl\u00fccklich mich diese Art des Lebens macht. Das gemeinsame Arbeiten und die unz\u00e4hligen [&hellip;]<\/p>\n","protected":false},"author":1,"featured_media":0,"parent":0,"menu_order":0,"comment_status":"closed","ping_status":"closed","template":"","meta":{"footnotes":""},"class_list":["post-28996","page","type-page","status-publish","hentry"],"jetpack_sharing_enabled":true,"jetpack_shortlink":"https:\/\/wp.me\/PaQBcD-7xG","jetpack-related-posts":[],"_links":{"self":[{"href":"https:\/\/michaelshof-sammatz.de\/blog\/wp-json\/wp\/v2\/pages\/28996"}],"collection":[{"href":"https:\/\/michaelshof-sammatz.de\/blog\/wp-json\/wp\/v2\/pages"}],"about":[{"href":"https:\/\/michaelshof-sammatz.de\/blog\/wp-json\/wp\/v2\/types\/page"}],"author":[{"embeddable":true,"href":"https:\/\/michaelshof-sammatz.de\/blog\/wp-json\/wp\/v2\/users\/1"}],"replies":[{"embeddable":true,"href":"https:\/\/michaelshof-sammatz.de\/blog\/wp-json\/wp\/v2\/comments?post=28996"}],"version-history":[{"count":17,"href":"https:\/\/michaelshof-sammatz.de\/blog\/wp-json\/wp\/v2\/pages\/28996\/revisions"}],"predecessor-version":[{"id":29040,"href":"https:\/\/michaelshof-sammatz.de\/blog\/wp-json\/wp\/v2\/pages\/28996\/revisions\/29040"}],"wp:attachment":[{"href":"https:\/\/michaelshof-sammatz.de\/blog\/wp-json\/wp\/v2\/media?parent=28996"}],"curies":[{"name":"wp","href":"https:\/\/api.w.org\/{rel}","templated":true}]}}