

{"id":29670,"date":"2021-06-25T10:46:36","date_gmt":"2021-06-25T08:46:36","guid":{"rendered":"https:\/\/michaelshof-sammatz.de\/blog\/?page_id=29670"},"modified":"2021-06-25T10:52:19","modified_gmt":"2021-06-25T08:52:19","slug":"postkarte-aus-rumanien","status":"publish","type":"page","link":"https:\/\/michaelshof-sammatz.de\/blog\/postkarte-aus-rumanien\/","title":{"rendered":"Postkarte aus \u2026 Rum\u00e4nien"},"content":{"rendered":"\n<p><strong>Postkarte aus \u2026 Rum\u00e4nien<\/strong><\/p>\n\n\n\n<p>Hallo, Freunde! Florin hier.<\/p>\n\n\n\n<p>Es ist mir ein Vergn\u00fcgen, euch mit einigen Geschichten und Updates mit in meine Welt zu nehmen. Nun&#8230;in 3 Jahren Sammatz pur haben sich mein Leben und meine Werte ganz sch\u00f6n umgekrempelt. Vor allem habe ich angefangen, anders zu denken und gro\u00dfe Tr\u00e4ume gefasst, ihr wisst ja wie das Leben in Sammatz ist &#8211; super aktiv, ges\u00e4umt von interessanten und verr\u00fcckten Menschen und voller Geschichten. Man verliebt sich und ger\u00e4t in Schwierigkeiten. So ist das!<\/p>\n\n\n\n<p>Seit ich Ende Januar zur\u00fcck nach Rum\u00e4nien gekommen bin, hat sich viel ver\u00e4ndert.<\/p>\n\n\n\n<p>Ich hatte vor, nach Auroville in Indien zu gehen, aber das hat mitten in der Pandemie nicht geklappt. Ich habe die Schule beendet und bin seit kurzem Teil einer nationalen NGO mit einem tollen Team namens T\u0103\u015fuleasa Social. Neben Baumpflanzaktionen, der F\u00f6rderung von Kindern und Jugendlichen und dem Zusammenbringen von Menschen, bauen wir einen 1400 km langen Wanderweg, der das ganze Land von Nordosten nach S\u00fcdwesten durchquert. Der Weg f\u00fchrt durch einige der sch\u00f6nsten Teile Rum\u00e4niens. Via Transilvanica ist im wahrsten Sinne des Wortes ein Kunstwerk; an jedem einzelnen Kilometer findet man einen von jungen K\u00fcnstler*innen gemei\u00dfelten Stein. Wenn ihr also im Sommer eine Reise nach Santiago de Compostela plant, solltet ihr in Erw\u00e4gung ziehen, stattdessen nach Rum\u00e4nien zu kommen und euch in den herrlichen Landschaften der Via Transilvanica zu verlieren. W\u00e4hrend unserer Aktionen habe ich mich auch kurz einer anderen Organisation angeschlossen, die vom Verfall bedrohte Baudenkm\u00e4ler restauriert, und hatte viel Spa\u00df dabei!<\/p>\n\n\n\n<div class=\"wp-block-columns is-layout-flex wp-container-core-columns-is-layout-1 wp-block-columns-is-layout-flex\">\n<div class=\"wp-block-column is-layout-flow wp-block-column-is-layout-flow\">\n<figure class=\"wp-block-image size-large is-resized\"><img fetchpriority=\"high\" decoding=\"async\" data-attachment-id=\"29671\" data-permalink=\"https:\/\/michaelshof-sammatz.de\/blog\/postkarte-aus-rumanien\/whatsapp-image-2021-06-06-at-23-17-20\/\" data-orig-file=\"https:\/\/michaelshof-sammatz.de\/blog\/wp-content\/uploads\/2021\/06\/WhatsApp-Image-2021-06-06-at-23.17.20.jpeg\" data-orig-size=\"1200,1600\" data-comments-opened=\"0\" data-image-meta=\"{&quot;aperture&quot;:&quot;0&quot;,&quot;credit&quot;:&quot;&quot;,&quot;camera&quot;:&quot;&quot;,&quot;caption&quot;:&quot;&quot;,&quot;created_timestamp&quot;:&quot;0&quot;,&quot;copyright&quot;:&quot;&quot;,&quot;focal_length&quot;:&quot;0&quot;,&quot;iso&quot;:&quot;0&quot;,&quot;shutter_speed&quot;:&quot;0&quot;,&quot;title&quot;:&quot;&quot;,&quot;orientation&quot;:&quot;0&quot;}\" data-image-title=\"WhatsApp-Image-2021-06-06-at-23.17.20\" data-image-description=\"\" data-image-caption=\"\" data-medium-file=\"https:\/\/michaelshof-sammatz.de\/blog\/wp-content\/uploads\/2021\/06\/WhatsApp-Image-2021-06-06-at-23.17.20-225x300.jpeg\" data-large-file=\"https:\/\/michaelshof-sammatz.de\/blog\/wp-content\/uploads\/2021\/06\/WhatsApp-Image-2021-06-06-at-23.17.20-768x1024.jpeg\" tabindex=\"0\" role=\"button\" src=\"https:\/\/michaelshof-sammatz.de\/blog\/wp-content\/uploads\/2021\/06\/WhatsApp-Image-2021-06-06-at-23.17.20-768x1024.jpeg\" alt=\"\" class=\"wp-image-29671\" width=\"394\" height=\"525\" srcset=\"https:\/\/michaelshof-sammatz.de\/blog\/wp-content\/uploads\/2021\/06\/WhatsApp-Image-2021-06-06-at-23.17.20-768x1024.jpeg 768w, https:\/\/michaelshof-sammatz.de\/blog\/wp-content\/uploads\/2021\/06\/WhatsApp-Image-2021-06-06-at-23.17.20-225x300.jpeg 225w, https:\/\/michaelshof-sammatz.de\/blog\/wp-content\/uploads\/2021\/06\/WhatsApp-Image-2021-06-06-at-23.17.20-113x150.jpeg 113w, https:\/\/michaelshof-sammatz.de\/blog\/wp-content\/uploads\/2021\/06\/WhatsApp-Image-2021-06-06-at-23.17.20-300x400.jpeg 300w, https:\/\/michaelshof-sammatz.de\/blog\/wp-content\/uploads\/2021\/06\/WhatsApp-Image-2021-06-06-at-23.17.20-1152x1536.jpeg 1152w, https:\/\/michaelshof-sammatz.de\/blog\/wp-content\/uploads\/2021\/06\/WhatsApp-Image-2021-06-06-at-23.17.20.jpeg 1200w\" sizes=\"(max-width: 394px) 100vw, 394px\" \/><\/figure>\n<\/div>\n\n\n\n<div class=\"wp-block-column is-layout-flow wp-block-column-is-layout-flow\">\n<figure class=\"wp-block-image size-large is-resized\"><img decoding=\"async\" data-attachment-id=\"29679\" data-permalink=\"https:\/\/michaelshof-sammatz.de\/blog\/postkarte-aus-rumanien\/whatsapp-image-2021-06-06-at-23-17-47-1\/\" data-orig-file=\"https:\/\/michaelshof-sammatz.de\/blog\/wp-content\/uploads\/2021\/06\/WhatsApp-Image-2021-06-06-at-23.17.47-1.jpeg\" data-orig-size=\"1200,1600\" data-comments-opened=\"0\" data-image-meta=\"{&quot;aperture&quot;:&quot;0&quot;,&quot;credit&quot;:&quot;&quot;,&quot;camera&quot;:&quot;&quot;,&quot;caption&quot;:&quot;&quot;,&quot;created_timestamp&quot;:&quot;0&quot;,&quot;copyright&quot;:&quot;&quot;,&quot;focal_length&quot;:&quot;0&quot;,&quot;iso&quot;:&quot;0&quot;,&quot;shutter_speed&quot;:&quot;0&quot;,&quot;title&quot;:&quot;&quot;,&quot;orientation&quot;:&quot;0&quot;}\" data-image-title=\"WhatsApp-Image-2021-06-06-at-23.17.47-1\" data-image-description=\"\" data-image-caption=\"\" data-medium-file=\"https:\/\/michaelshof-sammatz.de\/blog\/wp-content\/uploads\/2021\/06\/WhatsApp-Image-2021-06-06-at-23.17.47-1-225x300.jpeg\" data-large-file=\"https:\/\/michaelshof-sammatz.de\/blog\/wp-content\/uploads\/2021\/06\/WhatsApp-Image-2021-06-06-at-23.17.47-1-768x1024.jpeg\" tabindex=\"0\" role=\"button\" src=\"https:\/\/michaelshof-sammatz.de\/blog\/wp-content\/uploads\/2021\/06\/WhatsApp-Image-2021-06-06-at-23.17.47-1-768x1024.jpeg\" alt=\"\" class=\"wp-image-29679\" width=\"394\" height=\"525\" srcset=\"https:\/\/michaelshof-sammatz.de\/blog\/wp-content\/uploads\/2021\/06\/WhatsApp-Image-2021-06-06-at-23.17.47-1-768x1024.jpeg 768w, https:\/\/michaelshof-sammatz.de\/blog\/wp-content\/uploads\/2021\/06\/WhatsApp-Image-2021-06-06-at-23.17.47-1-225x300.jpeg 225w, https:\/\/michaelshof-sammatz.de\/blog\/wp-content\/uploads\/2021\/06\/WhatsApp-Image-2021-06-06-at-23.17.47-1-113x150.jpeg 113w, https:\/\/michaelshof-sammatz.de\/blog\/wp-content\/uploads\/2021\/06\/WhatsApp-Image-2021-06-06-at-23.17.47-1-300x400.jpeg 300w, https:\/\/michaelshof-sammatz.de\/blog\/wp-content\/uploads\/2021\/06\/WhatsApp-Image-2021-06-06-at-23.17.47-1-1152x1536.jpeg 1152w, https:\/\/michaelshof-sammatz.de\/blog\/wp-content\/uploads\/2021\/06\/WhatsApp-Image-2021-06-06-at-23.17.47-1.jpeg 1200w\" sizes=\"(max-width: 394px) 100vw, 394px\" \/><\/figure>\n<\/div>\n<\/div>\n\n\n\n<div class=\"wp-block-image\"><figure class=\"alignright size-large is-resized\"><img decoding=\"async\" data-attachment-id=\"29675\" data-permalink=\"https:\/\/michaelshof-sammatz.de\/blog\/postkarte-aus-rumanien\/whatsapp-image-2021-06-10-at-22-14-17-1\/\" data-orig-file=\"https:\/\/michaelshof-sammatz.de\/blog\/wp-content\/uploads\/2021\/06\/WhatsApp-Image-2021-06-10-at-22.14.17-1.jpeg\" data-orig-size=\"720,1600\" data-comments-opened=\"0\" data-image-meta=\"{&quot;aperture&quot;:&quot;0&quot;,&quot;credit&quot;:&quot;&quot;,&quot;camera&quot;:&quot;&quot;,&quot;caption&quot;:&quot;&quot;,&quot;created_timestamp&quot;:&quot;0&quot;,&quot;copyright&quot;:&quot;&quot;,&quot;focal_length&quot;:&quot;0&quot;,&quot;iso&quot;:&quot;0&quot;,&quot;shutter_speed&quot;:&quot;0&quot;,&quot;title&quot;:&quot;&quot;,&quot;orientation&quot;:&quot;0&quot;}\" data-image-title=\"WhatsApp-Image-2021-06-10-at-22.14.17-1\" data-image-description=\"\" data-image-caption=\"\" data-medium-file=\"https:\/\/michaelshof-sammatz.de\/blog\/wp-content\/uploads\/2021\/06\/WhatsApp-Image-2021-06-10-at-22.14.17-1-135x300.jpeg\" data-large-file=\"https:\/\/michaelshof-sammatz.de\/blog\/wp-content\/uploads\/2021\/06\/WhatsApp-Image-2021-06-10-at-22.14.17-1-461x1024.jpeg\" tabindex=\"0\" role=\"button\" src=\"https:\/\/michaelshof-sammatz.de\/blog\/wp-content\/uploads\/2021\/06\/WhatsApp-Image-2021-06-10-at-22.14.17-1-461x1024.jpeg\" alt=\"\" class=\"wp-image-29675\" width=\"307\" height=\"681\" srcset=\"https:\/\/michaelshof-sammatz.de\/blog\/wp-content\/uploads\/2021\/06\/WhatsApp-Image-2021-06-10-at-22.14.17-1-461x1024.jpeg 461w, https:\/\/michaelshof-sammatz.de\/blog\/wp-content\/uploads\/2021\/06\/WhatsApp-Image-2021-06-10-at-22.14.17-1-135x300.jpeg 135w, https:\/\/michaelshof-sammatz.de\/blog\/wp-content\/uploads\/2021\/06\/WhatsApp-Image-2021-06-10-at-22.14.17-1-68x150.jpeg 68w, https:\/\/michaelshof-sammatz.de\/blog\/wp-content\/uploads\/2021\/06\/WhatsApp-Image-2021-06-10-at-22.14.17-1-691x1536.jpeg 691w, https:\/\/michaelshof-sammatz.de\/blog\/wp-content\/uploads\/2021\/06\/WhatsApp-Image-2021-06-10-at-22.14.17-1.jpeg 720w\" sizes=\"(max-width: 307px) 100vw, 307px\" \/><\/figure><\/div>\n\n\n\n<p>In meinem Heimatdorf bin ich immer noch viel mit der Gruppe von Kindern unterwegs, mit der ich mich vor l\u00e4ngerer Zeit angefreundet habe. Sie ist ein bisschen gr\u00f6\u00dfer geworden \ud83d\ude42 Wir spielen Fu\u00dfball, verbringen Zeit am See oder s\u00e4en zusammen Gem\u00fcse. F\u00fcr die Kleinen ist das eine Gruppe, innerhalb derer sie sich buchst\u00e4blich trauen k\u00f6nnen zu sprechen; die \u00c4lteren sind jetzt in der Pubert\u00e4t und haben viele Fragen. Was mir am meisten auff\u00e4llt, ist dass sich die Kinder in meiner N\u00e4he sicher f\u00fchlen.<\/p>\n\n\n\n<p>Wenn wir von einer gesunden Gesellschaft tr\u00e4umen, m\u00fcssen wir alle unseren Teil dazu beitragen!<\/p>\n\n\n\n<p>W\u00e4hrend meiner Zeit in Sammatz habe ich viel f\u00fcrs Leben gelernt und erkannt, was wirklich wichtig f\u00fcr mich ist. In Rum\u00e4nien habe ich jetzt Schritt f\u00fcr Schritt Leute und Projekte gefunden, die \u00e4hnliche Tr\u00e4ume und Vorstellungen f\u00fcr eine bessere Zukunft haben. Ich entdecke, was f\u00fcr ein wundersch\u00f6nes Land Rum\u00e4nien ist, und ich treffe Menschen, die hier etwas bewirken.<\/p>\n\n\n\n<p>Ich wei\u00df nicht, was die Zukunft bringen wird, aber ich bin zuversichtlich.<\/p>\n\n\n\n<p>Ich muss zugeben, dass ich es vermisse, in Sammatz zu sein. Mit allem, was dazugeh\u00f6rt. Eines Tages werde ich zur\u00fcckkommen, ich wei\u00df nur noch nicht genau wann.<\/p>\n\n\n\n<p><\/p>\n\n\n\n<div class=\"wp-block-image\"><figure class=\"alignright size-large is-resized\"><img loading=\"lazy\" decoding=\"async\" data-attachment-id=\"29678\" data-permalink=\"https:\/\/michaelshof-sammatz.de\/blog\/postkarte-aus-rumanien\/whatsapp-image-2021-05-21-at-21-07-52-1\/\" data-orig-file=\"https:\/\/michaelshof-sammatz.de\/blog\/wp-content\/uploads\/2021\/06\/WhatsApp-Image-2021-05-21-at-21.07.52-1.jpeg\" data-orig-size=\"1600,1200\" data-comments-opened=\"0\" data-image-meta=\"{&quot;aperture&quot;:&quot;0&quot;,&quot;credit&quot;:&quot;&quot;,&quot;camera&quot;:&quot;&quot;,&quot;caption&quot;:&quot;&quot;,&quot;created_timestamp&quot;:&quot;0&quot;,&quot;copyright&quot;:&quot;&quot;,&quot;focal_length&quot;:&quot;0&quot;,&quot;iso&quot;:&quot;0&quot;,&quot;shutter_speed&quot;:&quot;0&quot;,&quot;title&quot;:&quot;&quot;,&quot;orientation&quot;:&quot;0&quot;}\" data-image-title=\"WhatsApp-Image-2021-05-21-at-21.07.52-1\" data-image-description=\"\" data-image-caption=\"\" data-medium-file=\"https:\/\/michaelshof-sammatz.de\/blog\/wp-content\/uploads\/2021\/06\/WhatsApp-Image-2021-05-21-at-21.07.52-1-300x225.jpeg\" data-large-file=\"https:\/\/michaelshof-sammatz.de\/blog\/wp-content\/uploads\/2021\/06\/WhatsApp-Image-2021-05-21-at-21.07.52-1-1024x768.jpeg\" tabindex=\"0\" role=\"button\" src=\"https:\/\/michaelshof-sammatz.de\/blog\/wp-content\/uploads\/2021\/06\/WhatsApp-Image-2021-05-21-at-21.07.52-1-1024x768.jpeg\" alt=\"\" class=\"wp-image-29678\" width=\"438\" height=\"328\" srcset=\"https:\/\/michaelshof-sammatz.de\/blog\/wp-content\/uploads\/2021\/06\/WhatsApp-Image-2021-05-21-at-21.07.52-1-1024x768.jpeg 1024w, https:\/\/michaelshof-sammatz.de\/blog\/wp-content\/uploads\/2021\/06\/WhatsApp-Image-2021-05-21-at-21.07.52-1-300x225.jpeg 300w, https:\/\/michaelshof-sammatz.de\/blog\/wp-content\/uploads\/2021\/06\/WhatsApp-Image-2021-05-21-at-21.07.52-1-150x113.jpeg 150w, https:\/\/michaelshof-sammatz.de\/blog\/wp-content\/uploads\/2021\/06\/WhatsApp-Image-2021-05-21-at-21.07.52-1-768x576.jpeg 768w, https:\/\/michaelshof-sammatz.de\/blog\/wp-content\/uploads\/2021\/06\/WhatsApp-Image-2021-05-21-at-21.07.52-1-1536x1152.jpeg 1536w, https:\/\/michaelshof-sammatz.de\/blog\/wp-content\/uploads\/2021\/06\/WhatsApp-Image-2021-05-21-at-21.07.52-1.jpeg 1600w\" sizes=\"(max-width: 438px) 100vw, 438px\" \/><\/figure><\/div>\n\n\n\n<p><\/p>\n\n\n\n<p><\/p>\n\n\n\n<p>Es geht mir gut, das Leben ist interessant!<\/p>\n\n\n\n<p>Cu drag<\/p>\n\n\n\n<p>Florin Anghelescu, Jirl\u0103u, Rom\u00e2nia<\/p>\n\n\n\n<figure class=\"wp-block-embed is-type-video is-provider-youtube wp-block-embed-youtube wp-embed-aspect-16-9 wp-has-aspect-ratio\"><div class=\"wp-block-embed__wrapper\">\n<iframe title=\"Making of Via Transilvanica 2020\" width=\"500\" height=\"281\" src=\"https:\/\/www.youtube.com\/embed\/eK9XrrcqOoc?feature=oembed\" frameborder=\"0\" allow=\"accelerometer; autoplay; clipboard-write; encrypted-media; gyroscope; picture-in-picture; web-share\" referrerpolicy=\"strict-origin-when-cross-origin\" allowfullscreen><\/iframe>\n<\/div><\/figure>\n","protected":false},"excerpt":{"rendered":"<p>Postkarte aus \u2026 Rum\u00e4nien Hallo, Freunde! Florin hier. Es ist mir ein Vergn\u00fcgen, euch mit einigen Geschichten und Updates mit in meine Welt zu nehmen. Nun&#8230;in 3 Jahren Sammatz pur haben sich mein Leben und meine Werte ganz sch\u00f6n umgekrempelt. Vor allem habe ich angefangen, anders zu denken und gro\u00dfe Tr\u00e4ume gefasst, ihr wisst ja [&hellip;]<\/p>\n","protected":false},"author":1,"featured_media":0,"parent":0,"menu_order":0,"comment_status":"closed","ping_status":"closed","template":"","meta":{"footnotes":""},"class_list":["post-29670","page","type-page","status-publish","hentry"],"jetpack_sharing_enabled":true,"jetpack_shortlink":"https:\/\/wp.me\/PaQBcD-7Iy","jetpack-related-posts":[],"_links":{"self":[{"href":"https:\/\/michaelshof-sammatz.de\/blog\/wp-json\/wp\/v2\/pages\/29670"}],"collection":[{"href":"https:\/\/michaelshof-sammatz.de\/blog\/wp-json\/wp\/v2\/pages"}],"about":[{"href":"https:\/\/michaelshof-sammatz.de\/blog\/wp-json\/wp\/v2\/types\/page"}],"author":[{"embeddable":true,"href":"https:\/\/michaelshof-sammatz.de\/blog\/wp-json\/wp\/v2\/users\/1"}],"replies":[{"embeddable":true,"href":"https:\/\/michaelshof-sammatz.de\/blog\/wp-json\/wp\/v2\/comments?post=29670"}],"version-history":[{"count":6,"href":"https:\/\/michaelshof-sammatz.de\/blog\/wp-json\/wp\/v2\/pages\/29670\/revisions"}],"predecessor-version":[{"id":29684,"href":"https:\/\/michaelshof-sammatz.de\/blog\/wp-json\/wp\/v2\/pages\/29670\/revisions\/29684"}],"wp:attachment":[{"href":"https:\/\/michaelshof-sammatz.de\/blog\/wp-json\/wp\/v2\/media?parent=29670"}],"curies":[{"name":"wp","href":"https:\/\/api.w.org\/{rel}","templated":true}]}}