

{"id":30112,"date":"2021-09-30T02:00:04","date_gmt":"2021-09-30T00:00:04","guid":{"rendered":"https:\/\/michaelshof-sammatz.de\/blog\/?page_id=30112"},"modified":"2021-09-30T02:15:34","modified_gmt":"2021-09-30T00:15:34","slug":"bayern","status":"publish","type":"page","link":"https:\/\/michaelshof-sammatz.de\/blog\/bayern\/","title":{"rendered":"Bayern"},"content":{"rendered":"\n<p class=\"has-text-align-center\"><strong>21 Nordlichter entdecken den&nbsp;bayerischen Wald<\/strong><\/p>\n\n\n\n<h1 class=\"has-text-align-center wp-block-heading\"><strong>Peronnik auf Ferienfahrt&nbsp;&nbsp;<\/strong><\/h1>\n\n\n\n<p><br>Bemooste Felsvorspr\u00fcnge, sattgr\u00fcne Bergwiesen mit wilden Orchideen, ein Bad im eiskalten Wildbach vor dem Haus, das Gipfelkreuz des kleinen<em> Arber<\/em> nach mehrst\u00fcndigem Aufstieg: unvergessliche Eindr\u00fccke, die die 21 Peronnik-Kinder und -Jugendlichen diesen Sommer von ihrer Urlaubsreise in den bayerischen Wald mit nach Hause nehmen. Die meisten der Kinder und Jugendlichen mit sozial-emotionalen Entwicklungsst\u00f6rungen haben noch nie zuvor Berge gesehen. Als nach gut 8-st\u00fcndiger Fahrt mit dem Reisebus vdie ersten Berge auftauchen und kurz vor dem Ziel, einer Bergh\u00fctte im Zellertal, die Stra\u00dfen enger werden, ist das Staunen gro\u00df.<\/p>\n\n\n\n<figure class=\"wp-block-image size-large\"><img fetchpriority=\"high\" decoding=\"async\" width=\"1024\" height=\"461\" data-attachment-id=\"30118\" data-permalink=\"https:\/\/michaelshof-sammatz.de\/blog\/bayern\/bayern3s\/\" data-orig-file=\"https:\/\/michaelshof-sammatz.de\/blog\/wp-content\/uploads\/2021\/09\/bayern3s.jpg\" data-orig-size=\"1200,540\" data-comments-opened=\"0\" data-image-meta=\"{&quot;aperture&quot;:&quot;0&quot;,&quot;credit&quot;:&quot;&quot;,&quot;camera&quot;:&quot;&quot;,&quot;caption&quot;:&quot;&quot;,&quot;created_timestamp&quot;:&quot;0&quot;,&quot;copyright&quot;:&quot;&quot;,&quot;focal_length&quot;:&quot;0&quot;,&quot;iso&quot;:&quot;0&quot;,&quot;shutter_speed&quot;:&quot;0&quot;,&quot;title&quot;:&quot;&quot;,&quot;orientation&quot;:&quot;0&quot;}\" data-image-title=\"bayern3s\" data-image-description=\"\" data-image-caption=\"\" data-medium-file=\"https:\/\/michaelshof-sammatz.de\/blog\/wp-content\/uploads\/2021\/09\/bayern3s-300x135.jpg\" data-large-file=\"https:\/\/michaelshof-sammatz.de\/blog\/wp-content\/uploads\/2021\/09\/bayern3s-1024x461.jpg\" tabindex=\"0\" role=\"button\" src=\"https:\/\/michaelshof-sammatz.de\/blog\/wp-content\/uploads\/2021\/09\/bayern3s-1024x461.jpg\" alt=\"\" class=\"wp-image-30118\" srcset=\"https:\/\/michaelshof-sammatz.de\/blog\/wp-content\/uploads\/2021\/09\/bayern3s-1024x461.jpg 1024w, https:\/\/michaelshof-sammatz.de\/blog\/wp-content\/uploads\/2021\/09\/bayern3s-300x135.jpg 300w, https:\/\/michaelshof-sammatz.de\/blog\/wp-content\/uploads\/2021\/09\/bayern3s-150x68.jpg 150w, https:\/\/michaelshof-sammatz.de\/blog\/wp-content\/uploads\/2021\/09\/bayern3s-768x346.jpg 768w, https:\/\/michaelshof-sammatz.de\/blog\/wp-content\/uploads\/2021\/09\/bayern3s.jpg 1200w\" sizes=\"(max-width: 1024px) 100vw, 1024px\" \/><\/figure>\n\n\n\n<p>\u201cF\u00fcr unsere Kinder und Jugendlichen ist die gemeinsame Urlaubsfahrt in den Sommerferien der H\u00f6hepunkt des Jahres. Meist fiebern sie schon wochenlang vorher darauf hin.\u201d Pauline leitet eine der sechs Wohngruppen der Kinder- und Jugendhilfe-Einrichtung Peronnik und hat die Ferienreise organisiert. Dieses Jahr seien die Kinder besonders aufgeregt gewesen \u2013 die Expedition ins ferne Bayern war schon sehr viel exotischer als das gut bekannte Meer im benachbarten D\u00e4nemark.&nbsp;<\/p>\n\n\n\n<div class=\"wp-block-columns is-layout-flex wp-container-core-columns-is-layout-1 wp-block-columns-is-layout-flex\">\n<div class=\"wp-block-column is-layout-flow wp-block-column-is-layout-flow\">\n<figure class=\"wp-block-image size-full\"><img decoding=\"async\" width=\"600\" height=\"900\" data-attachment-id=\"30120\" data-permalink=\"https:\/\/michaelshof-sammatz.de\/blog\/bayern\/bayern5-1\/\" data-orig-file=\"https:\/\/michaelshof-sammatz.de\/blog\/wp-content\/uploads\/2021\/09\/bayern5-1.jpg\" data-orig-size=\"600,900\" data-comments-opened=\"0\" data-image-meta=\"{&quot;aperture&quot;:&quot;0&quot;,&quot;credit&quot;:&quot;&quot;,&quot;camera&quot;:&quot;&quot;,&quot;caption&quot;:&quot;&quot;,&quot;created_timestamp&quot;:&quot;0&quot;,&quot;copyright&quot;:&quot;&quot;,&quot;focal_length&quot;:&quot;0&quot;,&quot;iso&quot;:&quot;0&quot;,&quot;shutter_speed&quot;:&quot;0&quot;,&quot;title&quot;:&quot;&quot;,&quot;orientation&quot;:&quot;0&quot;}\" data-image-title=\"bayern5-1\" data-image-description=\"\" data-image-caption=\"\" data-medium-file=\"https:\/\/michaelshof-sammatz.de\/blog\/wp-content\/uploads\/2021\/09\/bayern5-1-200x300.jpg\" data-large-file=\"https:\/\/michaelshof-sammatz.de\/blog\/wp-content\/uploads\/2021\/09\/bayern5-1.jpg\" tabindex=\"0\" role=\"button\" src=\"https:\/\/michaelshof-sammatz.de\/blog\/wp-content\/uploads\/2021\/09\/bayern5-1.jpg\" alt=\"\" class=\"wp-image-30120\" srcset=\"https:\/\/michaelshof-sammatz.de\/blog\/wp-content\/uploads\/2021\/09\/bayern5-1.jpg 600w, https:\/\/michaelshof-sammatz.de\/blog\/wp-content\/uploads\/2021\/09\/bayern5-1-200x300.jpg 200w, https:\/\/michaelshof-sammatz.de\/blog\/wp-content\/uploads\/2021\/09\/bayern5-1-100x150.jpg 100w\" sizes=\"(max-width: 600px) 100vw, 600px\" \/><\/figure>\n<\/div>\n\n\n\n<div class=\"wp-block-column is-layout-flow wp-block-column-is-layout-flow\" style=\"flex-basis:10px\"><\/div>\n\n\n\n<div class=\"wp-block-column is-layout-flow wp-block-column-is-layout-flow\">\n<figure class=\"wp-block-image size-full\"><img decoding=\"async\" width=\"600\" height=\"900\" data-attachment-id=\"30119\" data-permalink=\"https:\/\/michaelshof-sammatz.de\/blog\/bayern\/bayern4s\/\" data-orig-file=\"https:\/\/michaelshof-sammatz.de\/blog\/wp-content\/uploads\/2021\/09\/bayern4s.jpg\" data-orig-size=\"600,900\" data-comments-opened=\"0\" data-image-meta=\"{&quot;aperture&quot;:&quot;0&quot;,&quot;credit&quot;:&quot;&quot;,&quot;camera&quot;:&quot;&quot;,&quot;caption&quot;:&quot;&quot;,&quot;created_timestamp&quot;:&quot;0&quot;,&quot;copyright&quot;:&quot;&quot;,&quot;focal_length&quot;:&quot;0&quot;,&quot;iso&quot;:&quot;0&quot;,&quot;shutter_speed&quot;:&quot;0&quot;,&quot;title&quot;:&quot;&quot;,&quot;orientation&quot;:&quot;0&quot;}\" data-image-title=\"bayern4s\" data-image-description=\"\" data-image-caption=\"\" data-medium-file=\"https:\/\/michaelshof-sammatz.de\/blog\/wp-content\/uploads\/2021\/09\/bayern4s-200x300.jpg\" data-large-file=\"https:\/\/michaelshof-sammatz.de\/blog\/wp-content\/uploads\/2021\/09\/bayern4s.jpg\" tabindex=\"0\" role=\"button\" src=\"https:\/\/michaelshof-sammatz.de\/blog\/wp-content\/uploads\/2021\/09\/bayern4s.jpg\" alt=\"\" class=\"wp-image-30119\" srcset=\"https:\/\/michaelshof-sammatz.de\/blog\/wp-content\/uploads\/2021\/09\/bayern4s.jpg 600w, https:\/\/michaelshof-sammatz.de\/blog\/wp-content\/uploads\/2021\/09\/bayern4s-200x300.jpg 200w, https:\/\/michaelshof-sammatz.de\/blog\/wp-content\/uploads\/2021\/09\/bayern4s-100x150.jpg 100w\" sizes=\"(max-width: 600px) 100vw, 600px\" \/><\/figure>\n<\/div>\n<\/div>\n\n\n\n<p>Fremde Gegend, unbekanntes Ferienhaus und die gro\u00dfe Gruppe \u2013 das sind f\u00fcr viele Peronnik-Kinder schon existentielle Herausforderungen. Diesmal sind auch viele J\u00fcngere dabei. Der 10j\u00e4hrige N. ist seit Anfang des Jahres bei uns. Er m\u00f6chte unbedingt mit in den bayerischen Wald, denn das ist f\u00fcr ihn auch eine Gelegenheit, die Kinder der anderen Wohngruppen n\u00e4her kennenzulernen, ein Natur- und Sportfan ist er obendrein. F\u00fcr seine Betreuer*innen ist nicht selbstverst\u00e4ndlich, dass er die zwei Wochen \u2039durchhalten\u203a wird. Aber es klappt, und am Ende der Reise hat er viel zu erz\u00e4hlen. Was sein sch\u00f6nstes Erlebnis gewesen sei? Dass er mit einem anderen Jungen Freundschaft geschlossen habe, und das allabendliche Lagerfeuer.<\/p>\n\n\n\n<figure class=\"wp-block-image size-full\"><img loading=\"lazy\" decoding=\"async\" width=\"938\" height=\"667\" data-attachment-id=\"30113\" data-permalink=\"https:\/\/michaelshof-sammatz.de\/blog\/bayern1\/\" data-orig-file=\"https:\/\/michaelshof-sammatz.de\/blog\/wp-content\/uploads\/2021\/09\/bayern1.jpg\" data-orig-size=\"938,667\" data-comments-opened=\"0\" data-image-meta=\"{&quot;aperture&quot;:&quot;0&quot;,&quot;credit&quot;:&quot;&quot;,&quot;camera&quot;:&quot;&quot;,&quot;caption&quot;:&quot;&quot;,&quot;created_timestamp&quot;:&quot;0&quot;,&quot;copyright&quot;:&quot;&quot;,&quot;focal_length&quot;:&quot;0&quot;,&quot;iso&quot;:&quot;0&quot;,&quot;shutter_speed&quot;:&quot;0&quot;,&quot;title&quot;:&quot;&quot;,&quot;orientation&quot;:&quot;1&quot;}\" data-image-title=\"bayern1\" data-image-description=\"\" data-image-caption=\"\" data-medium-file=\"https:\/\/michaelshof-sammatz.de\/blog\/wp-content\/uploads\/2021\/09\/bayern1-300x213.jpg\" data-large-file=\"https:\/\/michaelshof-sammatz.de\/blog\/wp-content\/uploads\/2021\/09\/bayern1.jpg\" tabindex=\"0\" role=\"button\" src=\"https:\/\/michaelshof-sammatz.de\/blog\/wp-content\/uploads\/2021\/09\/bayern1.jpg\" alt=\"\" class=\"wp-image-30113\" srcset=\"https:\/\/michaelshof-sammatz.de\/blog\/wp-content\/uploads\/2021\/09\/bayern1.jpg 938w, https:\/\/michaelshof-sammatz.de\/blog\/wp-content\/uploads\/2021\/09\/bayern1-300x213.jpg 300w, https:\/\/michaelshof-sammatz.de\/blog\/wp-content\/uploads\/2021\/09\/bayern1-150x107.jpg 150w, https:\/\/michaelshof-sammatz.de\/blog\/wp-content\/uploads\/2021\/09\/bayern1-768x546.jpg 768w\" sizes=\"(max-width: 938px) 100vw, 938px\" \/><\/figure>\n\n\n\n<p>Auch die anderen Kinder und Jugendlichen sind ganz erf\u00fcllt von den vielen neuen Erlebnissen. Bergsteigen und Wildbach haben wir schon erw\u00e4hnt, dazu gab&#8217;s eine Kanutour auf dem Schwarzen Regen (mit echten Stromschnellen!) sowie Besuche in einem Silberbergwerk und einer Glasbl\u00e4serei. Auch der Bogenparcours in Bodenmais stand hoch im Kurs. Eine besondere \u00dcberraschung war es, oberhalb der Bergh\u00fctte, in der wir die zwei Wochen verbracht haben, den Ostsee-Adria-Fernwanderweg E6 wiederzuentdecken, der auch zuhause durch Sammatz f\u00fchrt! Zur\u00fcckwandern statt Reisebus war aber doch keine Option &#8230;<br>Nach zwei Wochen Action freuen sich die Kinder wieder auf Sammatz, aufs eigene Bett, die famili\u00e4re Wohngruppe und nicht zuletzt auch auf die Hoftiere. Denn die lieben die Peronnik-Kinder besonders. Ob es wohl schon neue K\u00e4lbchen gibt?<\/p>\n","protected":false},"excerpt":{"rendered":"<p>21 Nordlichter entdecken den&nbsp;bayerischen Wald Peronnik auf Ferienfahrt&nbsp;&nbsp; Bemooste Felsvorspr\u00fcnge, sattgr\u00fcne Bergwiesen mit wilden Orchideen, ein Bad im eiskalten Wildbach vor dem Haus, das Gipfelkreuz des kleinen Arber nach mehrst\u00fcndigem Aufstieg: unvergessliche Eindr\u00fccke, die die 21 Peronnik-Kinder und -Jugendlichen diesen Sommer von ihrer Urlaubsreise in den bayerischen Wald mit nach Hause nehmen. Die meisten der [&hellip;]<\/p>\n","protected":false},"author":1,"featured_media":0,"parent":0,"menu_order":0,"comment_status":"closed","ping_status":"closed","template":"","meta":{"footnotes":""},"class_list":["post-30112","page","type-page","status-publish","hentry"],"jetpack_sharing_enabled":true,"jetpack_shortlink":"https:\/\/wp.me\/PaQBcD-7PG","jetpack-related-posts":[],"_links":{"self":[{"href":"https:\/\/michaelshof-sammatz.de\/blog\/wp-json\/wp\/v2\/pages\/30112"}],"collection":[{"href":"https:\/\/michaelshof-sammatz.de\/blog\/wp-json\/wp\/v2\/pages"}],"about":[{"href":"https:\/\/michaelshof-sammatz.de\/blog\/wp-json\/wp\/v2\/types\/page"}],"author":[{"embeddable":true,"href":"https:\/\/michaelshof-sammatz.de\/blog\/wp-json\/wp\/v2\/users\/1"}],"replies":[{"embeddable":true,"href":"https:\/\/michaelshof-sammatz.de\/blog\/wp-json\/wp\/v2\/comments?post=30112"}],"version-history":[{"count":3,"href":"https:\/\/michaelshof-sammatz.de\/blog\/wp-json\/wp\/v2\/pages\/30112\/revisions"}],"predecessor-version":[{"id":30124,"href":"https:\/\/michaelshof-sammatz.de\/blog\/wp-json\/wp\/v2\/pages\/30112\/revisions\/30124"}],"wp:attachment":[{"href":"https:\/\/michaelshof-sammatz.de\/blog\/wp-json\/wp\/v2\/media?parent=30112"}],"curies":[{"name":"wp","href":"https:\/\/api.w.org\/{rel}","templated":true}]}}