

{"id":30448,"date":"2022-01-16T14:58:44","date_gmt":"2022-01-16T13:58:44","guid":{"rendered":"https:\/\/michaelshof-sammatz.de\/blog\/?page_id=30448"},"modified":"2022-01-31T12:53:23","modified_gmt":"2022-01-31T11:53:23","slug":"nl-sterne","status":"publish","type":"page","link":"https:\/\/michaelshof-sammatz.de\/blog\/nl-sterne\/","title":{"rendered":"NL Sterne"},"content":{"rendered":"\n<h2 class=\"wp-block-heading\">Fortsetzung Wintersechseck&#8230;<\/h2>\n\n\n\n<div style=\"height:23px\" aria-hidden=\"true\" class=\"wp-block-spacer\"><\/div>\n\n\n\n<div class=\"wp-block-media-text alignwide is-stacked-on-mobile\" style=\"grid-template-columns:40% auto\"><figure class=\"wp-block-media-text__media\"><img fetchpriority=\"high\" decoding=\"async\" width=\"683\" height=\"1024\" data-attachment-id=\"30459\" data-permalink=\"https:\/\/michaelshof-sammatz.de\/blog\/nl-sterne\/015_mg_3361-1\/\" data-orig-file=\"https:\/\/michaelshof-sammatz.de\/blog\/wp-content\/uploads\/2022\/01\/015_MG_3361-1.jpg\" data-orig-size=\"800,1200\" data-comments-opened=\"0\" data-image-meta=\"{&quot;aperture&quot;:&quot;0&quot;,&quot;credit&quot;:&quot;&quot;,&quot;camera&quot;:&quot;&quot;,&quot;caption&quot;:&quot;&quot;,&quot;created_timestamp&quot;:&quot;0&quot;,&quot;copyright&quot;:&quot;&quot;,&quot;focal_length&quot;:&quot;0&quot;,&quot;iso&quot;:&quot;0&quot;,&quot;shutter_speed&quot;:&quot;0&quot;,&quot;title&quot;:&quot;&quot;,&quot;orientation&quot;:&quot;1&quot;}\" data-image-title=\"015_MG_3361-1\" data-image-description=\"\" data-image-caption=\"\" data-medium-file=\"https:\/\/michaelshof-sammatz.de\/blog\/wp-content\/uploads\/2022\/01\/015_MG_3361-1-200x300.jpg\" data-large-file=\"https:\/\/michaelshof-sammatz.de\/blog\/wp-content\/uploads\/2022\/01\/015_MG_3361-1-683x1024.jpg\" tabindex=\"0\" role=\"button\" src=\"https:\/\/michaelshof-sammatz.de\/blog\/wp-content\/uploads\/2022\/01\/015_MG_3361-1-683x1024.jpg\" alt=\"\" class=\"wp-image-30459 size-full\" srcset=\"https:\/\/michaelshof-sammatz.de\/blog\/wp-content\/uploads\/2022\/01\/015_MG_3361-1-683x1024.jpg 683w, https:\/\/michaelshof-sammatz.de\/blog\/wp-content\/uploads\/2022\/01\/015_MG_3361-1-200x300.jpg 200w, https:\/\/michaelshof-sammatz.de\/blog\/wp-content\/uploads\/2022\/01\/015_MG_3361-1-100x150.jpg 100w, https:\/\/michaelshof-sammatz.de\/blog\/wp-content\/uploads\/2022\/01\/015_MG_3361-1-768x1152.jpg 768w, https:\/\/michaelshof-sammatz.de\/blog\/wp-content\/uploads\/2022\/01\/015_MG_3361-1.jpg 800w\" sizes=\"(max-width: 683px) 100vw, 683px\" \/><\/figure><div class=\"wp-block-media-text__content\">\n<p><\/p>\n\n\n\n<p><\/p>\n\n\n\n<p class=\"has-large-font-size\">Ein ordentlicher J\u00e4ger f\u00fchrt auch Hunde mit sich: Schr\u00e4g unterhalb des Orion in \u00f6stlicher Richtung leuchtet uns der <em>Gro\u00dfe Hund <\/em>entgegen mit Sirius, dem hellsten Fixstern an unserem Firmament \u00fcberhaupt. Er funkelt in allen Farben: Wei\u00df, Gelb, Rot, Blau und Gr\u00fcn. Sirius, den die alten \u00c4gypter mit ihrer G\u00f6ttin Isis in Verbindung brachten, bildet die Spitze, auf der das Wintersechseck steht. Vom <em>Gro\u00dfen Hund<\/em> in nord\u00f6stlicher Richtung gelangen wir zum f\u00fcnften Stern des Wintersechsecks, dem hell leuchtenden Prokyon im <em>Kleinen Hund<\/em>, einem Sternbild, das nur aus zwei Sternen besteht. In gerader Linie \u00fcber dem Prokyon finden wir die beiden Hauptsterne des Tierkreisbildes <em>Zwillinge<\/em>: Kastor und Pollux. Sie weisen hin auf die zwei unzertrennlichen, in gro\u00dfer Liebe verbundenen Zwillingsbr\u00fcder Kastor und Polydeukes, von dem die griechische Mythologie erz\u00e4hlt. Polydeukes, den die R\u00f6mer Pollux nannten, steht als Stern unterhalb von Kastor und leuchtet etwas heller. Damit bildet er den sechsten Stern des Wintersechsecks.<br>Das eindrucksvollste der sechs Sternbilder des Wintersechsecks ist sicherlich das des Orion, mit dem viele alte Sagen und Mythen verkn\u00fcpft sind. Verehrten die alten \u00c4gypter in ihm ihren gro\u00dfen Gott Osiris, war er f\u00fcr die Griechen der tapferste und st\u00e4rkste Riese und J\u00e4ger der Erde und zugleich auch der sch\u00f6nste. Das f\u00fchrte ihn zu manchen Liebesabenteuern, von denen eines ihm zum Verh\u00e4ngnis wurde: Einst jagte er auf der Insel Chios, begleitet von Artemis, der jungfr\u00e4ulichen G\u00f6ttin der Jagd. Als er zudringlich wurde, lie\u00df Artemis einen Skorpion aus der Erde hervorkommen, der Orion in die rechte Ferse stach. Von diesem Gift musste er sterben. Beide wurden an den n\u00e4chtlichen Himmel versetzt. Dort kann der Skorpion Orion nichts mehr anhaben: geht er im Osten auf, so verschwindet der Himmelsj\u00e4ger im Westen unter dem Horizont\u2026<br>Haben wir das Wintersechseck mit seinen sechs majest\u00e4tischen Sternen erfasst, so kann es uns zum Bild eines wunderbaren Himmelskristalles werden, der uns in der Winterzeit hoch oben vom n\u00e4chtlichen Sternenhimmel aus entgegen gl\u00e4nzt.<\/p>\n<\/div><\/div>\n\n\n\n<div style=\"height:19px\" aria-hidden=\"true\" class=\"wp-block-spacer\"><\/div>\n\n\n\n<figure class=\"wp-block-image size-large\"><img decoding=\"async\" width=\"1024\" height=\"683\" data-attachment-id=\"30453\" data-permalink=\"https:\/\/michaelshof-sammatz.de\/blog\/nl-sterne\/7d6b0372\/\" data-orig-file=\"https:\/\/michaelshof-sammatz.de\/blog\/wp-content\/uploads\/2022\/01\/7D6B0372.jpg\" data-orig-size=\"1200,800\" data-comments-opened=\"0\" data-image-meta=\"{&quot;aperture&quot;:&quot;11&quot;,&quot;credit&quot;:&quot;&quot;,&quot;camera&quot;:&quot;Canon EOS 5D Mark III&quot;,&quot;caption&quot;:&quot;&quot;,&quot;created_timestamp&quot;:&quot;1617069371&quot;,&quot;copyright&quot;:&quot;&quot;,&quot;focal_length&quot;:&quot;35&quot;,&quot;iso&quot;:&quot;3200&quot;,&quot;shutter_speed&quot;:&quot;30&quot;,&quot;title&quot;:&quot;&quot;,&quot;orientation&quot;:&quot;1&quot;}\" data-image-title=\"7D6B0372\" data-image-description=\"\" data-image-caption=\"\" data-medium-file=\"https:\/\/michaelshof-sammatz.de\/blog\/wp-content\/uploads\/2022\/01\/7D6B0372-300x200.jpg\" data-large-file=\"https:\/\/michaelshof-sammatz.de\/blog\/wp-content\/uploads\/2022\/01\/7D6B0372-1024x683.jpg\" tabindex=\"0\" role=\"button\" src=\"https:\/\/michaelshof-sammatz.de\/blog\/wp-content\/uploads\/2022\/01\/7D6B0372-1024x683.jpg\" alt=\"\" class=\"wp-image-30453\" srcset=\"https:\/\/michaelshof-sammatz.de\/blog\/wp-content\/uploads\/2022\/01\/7D6B0372-1024x683.jpg 1024w, https:\/\/michaelshof-sammatz.de\/blog\/wp-content\/uploads\/2022\/01\/7D6B0372-300x200.jpg 300w, https:\/\/michaelshof-sammatz.de\/blog\/wp-content\/uploads\/2022\/01\/7D6B0372-150x100.jpg 150w, https:\/\/michaelshof-sammatz.de\/blog\/wp-content\/uploads\/2022\/01\/7D6B0372-768x512.jpg 768w, https:\/\/michaelshof-sammatz.de\/blog\/wp-content\/uploads\/2022\/01\/7D6B0372-391x260.jpg 391w, https:\/\/michaelshof-sammatz.de\/blog\/wp-content\/uploads\/2022\/01\/7D6B0372.jpg 1200w\" sizes=\"(max-width: 1024px) 100vw, 1024px\" \/><\/figure>\n\n\n\n<p><\/p>\n\n\n\n<p><\/p>\n","protected":false},"excerpt":{"rendered":"<p>Fortsetzung Wintersechseck&#8230; Ein ordentlicher J\u00e4ger f\u00fchrt auch Hunde mit sich: Schr\u00e4g unterhalb des Orion in \u00f6stlicher Richtung leuchtet uns der Gro\u00dfe Hund entgegen mit Sirius, dem hellsten Fixstern an unserem Firmament \u00fcberhaupt. Er funkelt in allen Farben: Wei\u00df, Gelb, Rot, Blau und Gr\u00fcn. Sirius, den die alten \u00c4gypter mit ihrer G\u00f6ttin Isis in Verbindung brachten, [&hellip;]<\/p>\n","protected":false},"author":1,"featured_media":0,"parent":0,"menu_order":0,"comment_status":"closed","ping_status":"closed","template":"","meta":{"footnotes":""},"class_list":["post-30448","page","type-page","status-publish","hentry"],"jetpack_sharing_enabled":true,"jetpack_shortlink":"https:\/\/wp.me\/PaQBcD-7V6","jetpack-related-posts":[],"_links":{"self":[{"href":"https:\/\/michaelshof-sammatz.de\/blog\/wp-json\/wp\/v2\/pages\/30448"}],"collection":[{"href":"https:\/\/michaelshof-sammatz.de\/blog\/wp-json\/wp\/v2\/pages"}],"about":[{"href":"https:\/\/michaelshof-sammatz.de\/blog\/wp-json\/wp\/v2\/types\/page"}],"author":[{"embeddable":true,"href":"https:\/\/michaelshof-sammatz.de\/blog\/wp-json\/wp\/v2\/users\/1"}],"replies":[{"embeddable":true,"href":"https:\/\/michaelshof-sammatz.de\/blog\/wp-json\/wp\/v2\/comments?post=30448"}],"version-history":[{"count":8,"href":"https:\/\/michaelshof-sammatz.de\/blog\/wp-json\/wp\/v2\/pages\/30448\/revisions"}],"predecessor-version":[{"id":30477,"href":"https:\/\/michaelshof-sammatz.de\/blog\/wp-json\/wp\/v2\/pages\/30448\/revisions\/30477"}],"wp:attachment":[{"href":"https:\/\/michaelshof-sammatz.de\/blog\/wp-json\/wp\/v2\/media?parent=30448"}],"curies":[{"name":"wp","href":"https:\/\/api.w.org\/{rel}","templated":true}]}}