

{"id":3349,"date":"2019-02-16T07:40:51","date_gmt":"2019-02-16T06:40:51","guid":{"rendered":"http:\/\/michaelshof-campus.com\/blog\/?page_id=3349"},"modified":"2020-02-21T16:44:45","modified_gmt":"2020-02-21T15:44:45","slug":"volunteer-sum","status":"publish","type":"page","link":"https:\/\/michaelshof-sammatz.de\/blog\/helfer\/volunteer-sum\/","title":{"rendered":"Volunteers"},"content":{"rendered":"\n<h1 class=\"wp-block-heading\">Volunteers international<\/h1>\n\n\n\n<div style=\"height:80px\" aria-hidden=\"true\" class=\"wp-block-spacer\"><\/div>\n\n\n\n<div class=\"row\">\n<div class=\"col-md-6 nopadright\">\n<div class=\"shortpadding archeshort1\">\n\n\n\n<p style=\"color:#ffffff;font-size:27px\" class=\"has-text-color\"><strong>Schnackel\u00addi, schnackel\u00addu, schnackel\u00adwei wei wei \u2013 Sammatz ist ein Ort f\u00fcr Menschen aus aller Welt\u2026<\/strong><\/p>\n\n\n\n<p style=\"color:#ffffff\" class=\"has-text-color\">Zum Beispiel f\u00fcr die Volunteers. G\u00e4ste in einer Community, die sie gerne aufnimmt, in der sie eine Zeit lang mitleben und -arbeiten.<\/p>\n\n\n\n<p style=\"color:#ffffff; font-size:22px; text-align: center;\" class=\"has-text-color has-text-color has-background has-vivid-red-background-color\"><strong><a href=\"https:\/\/michaelshof-sammatz.de\/blog\/helfer\/helfer-info\/\" target=\"_blank\" rel=\"noopener noreferrer\">Hier kannst du dich bewerben<\/a><\/strong><\/p>\n\n\n\n<\/div>\n\n\n\n<\/div>\n<div class=\"col-md-6 nopadleft\">\n\n\n\n<figure class=\"wp-block-image shortimg\"><img fetchpriority=\"high\" decoding=\"async\" width=\"389\" height=\"417\" data-attachment-id=\"3230\" data-permalink=\"https:\/\/michaelshof-sammatz.de\/blog\/projekte\/projekte-sum\/volunteers-short2\/\" data-orig-file=\"https:\/\/michaelshof-sammatz.de\/blog\/wp-content\/uploads\/2019\/02\/volunteers-short2.jpg\" data-orig-size=\"389,417\" data-comments-opened=\"0\" data-image-meta=\"{&quot;aperture&quot;:&quot;0&quot;,&quot;credit&quot;:&quot;&quot;,&quot;camera&quot;:&quot;&quot;,&quot;caption&quot;:&quot;&quot;,&quot;created_timestamp&quot;:&quot;0&quot;,&quot;copyright&quot;:&quot;&quot;,&quot;focal_length&quot;:&quot;0&quot;,&quot;iso&quot;:&quot;0&quot;,&quot;shutter_speed&quot;:&quot;0&quot;,&quot;title&quot;:&quot;&quot;,&quot;orientation&quot;:&quot;0&quot;}\" data-image-title=\"volunteers-short2\" data-image-description=\"\" data-image-caption=\"\" data-medium-file=\"https:\/\/michaelshof-sammatz.de\/blog\/wp-content\/uploads\/2019\/02\/volunteers-short2-280x300.jpg\" data-large-file=\"https:\/\/michaelshof-sammatz.de\/blog\/wp-content\/uploads\/2019\/02\/volunteers-short2.jpg\" tabindex=\"0\" role=\"button\" src=\"http:\/\/michaelshof-sammatz.de\/blog\/wp-content\/uploads\/2019\/02\/volunteers-short2.jpg\" alt=\"\" class=\"wp-image-3230\" srcset=\"https:\/\/michaelshof-sammatz.de\/blog\/wp-content\/uploads\/2019\/02\/volunteers-short2.jpg 389w, https:\/\/michaelshof-sammatz.de\/blog\/wp-content\/uploads\/2019\/02\/volunteers-short2-300x322.jpg 300w, https:\/\/michaelshof-sammatz.de\/blog\/wp-content\/uploads\/2019\/02\/volunteers-short2-280x300.jpg 280w\" sizes=\"(max-width: 389px) 100vw, 389px\" \/><\/figure>\n\n\n\n<\/div><\/div>\n<div class=\"row\">\n<div class=\"col-md-6 nopadright\">\n\n\n\n<figure class=\"wp-block-image shortimg\"><img decoding=\"async\" width=\"444\" height=\"1024\" data-attachment-id=\"3229\" data-permalink=\"https:\/\/michaelshof-sammatz.de\/blog\/projekte\/projekte-sum\/volunteer-short1\/\" data-orig-file=\"https:\/\/michaelshof-sammatz.de\/blog\/wp-content\/uploads\/2019\/02\/volunteer-short1.jpg\" data-orig-size=\"457,1054\" data-comments-opened=\"0\" data-image-meta=\"{&quot;aperture&quot;:&quot;0&quot;,&quot;credit&quot;:&quot;&quot;,&quot;camera&quot;:&quot;&quot;,&quot;caption&quot;:&quot;&quot;,&quot;created_timestamp&quot;:&quot;0&quot;,&quot;copyright&quot;:&quot;&quot;,&quot;focal_length&quot;:&quot;0&quot;,&quot;iso&quot;:&quot;0&quot;,&quot;shutter_speed&quot;:&quot;0&quot;,&quot;title&quot;:&quot;&quot;,&quot;orientation&quot;:&quot;0&quot;}\" data-image-title=\"volunteer-short1\" data-image-description=\"\" data-image-caption=\"\" data-medium-file=\"https:\/\/michaelshof-sammatz.de\/blog\/wp-content\/uploads\/2019\/02\/volunteer-short1-130x300.jpg\" data-large-file=\"https:\/\/michaelshof-sammatz.de\/blog\/wp-content\/uploads\/2019\/02\/volunteer-short1-444x1024.jpg\" tabindex=\"0\" role=\"button\" src=\"http:\/\/michaelshof-sammatz.de\/blog\/wp-content\/uploads\/2019\/02\/volunteer-short1-444x1024.jpg\" alt=\"\" class=\"wp-image-3229\" srcset=\"https:\/\/michaelshof-sammatz.de\/blog\/wp-content\/uploads\/2019\/02\/volunteer-short1-444x1024.jpg 444w, https:\/\/michaelshof-sammatz.de\/blog\/wp-content\/uploads\/2019\/02\/volunteer-short1-300x692.jpg 300w, https:\/\/michaelshof-sammatz.de\/blog\/wp-content\/uploads\/2019\/02\/volunteer-short1-130x300.jpg 130w, https:\/\/michaelshof-sammatz.de\/blog\/wp-content\/uploads\/2019\/02\/volunteer-short1.jpg 457w\" sizes=\"(max-width: 444px) 100vw, 444px\" \/><\/figure>\n\n\n\n<\/div>\n<div class=\"col-md-6 nopadleft\">\n<div class=\"shortpadding archeshort2\">\n\n\n\n<div style=\"height:20px\" aria-hidden=\"true\" class=\"wp-block-spacer\"><\/div>\n\n\n\n<p style=\"color:#ffffff\" class=\"has-text-color\">Wir sind eine mittelgro\u00dfe Gemeinschaft, im Durchschnitt etwa 180 \u2013 230 Menschen, darunter die festen Mitarbeiter mit ihren Kindern, eine ganze Anzahl Kinder von Peronnik, die bei uns f\u00fcr l\u00e4ngere Zeit eine neue Heimat gefunden haben, sowie jederzeit zwischen 80 und 120 freiwillige Helfer aus aller Welt. Dazu die Tagesg\u00e4ste, die unseren Ort zu allen Jahreszeiten, am meisten nat\u00fcrlich im Sommer bev\u00f6lkern. <\/p>\n\n\n\n<p style=\"color:#ffffff\" class=\"has-text-color has-medium-font-size\"><strong>Wir haben viel Arbeit in verschiedenen Areas<\/strong><\/p>\n\n\n\n<p style=\"color:#ffffff\" class=\"has-text-color\">in Bau und Garten, Landwirtschaft und K\u00fcche, Kinderbetreuung, B\u00e4ckerei, Meierei, Caf\u00e9 etc.: Du bekommst ein Dach \u00fcber den Kopf, volle Verpflegung und eine gro\u00dfartige Truppe von Menschen, mit denen du zusammen lebst und arbeitest. Wenn du ein guter Helfer bist und gerne l\u00e4nger bleiben willst, bekommst du auch ein kleines Gehalt.<\/p>\n\n\n\n<p style=\"color:#ffffff\" class=\"has-text-color has-medium-font-size\"><strong>Passt das zu dir? Dann nimm mit uns Kontakt auf! <\/strong><\/p>\n\n\n\n<p style=\"color:#ffffff\" class=\"has-text-color\">Wir m\u00f6chten gerne mehr \u00fcber dich erfahren! Geh direkt auf die <a href=\"https:\/\/michaelshof-sammatz.de\/blog\/helfer\/helfer-info\/\">Info-Seite<\/a>,  erz\u00e4hl uns etwas \u00fcber dich und bewirb dich! Wir antworten prompt.<\/p>\n\n\n\n<p style=\"color:#ffffff\" class=\"has-text-color\">Du kannst uns auch \u00fcber HelpStay, Worldpackers und andere Volunteering-Plattformen kontaktieren, suche uns dort einfach unter dem Stichwort \u2039Sammatz\u203a.  Wenn du unten auf VOLUNTEERS klickst, findest du noch Feedbacks, Interviews und eine Menge weiterer Informationen. See you soon!<\/p>\n\n\n\n<p style=\"color:#ffffff;font-size:18px\" class=\"has-text-color has-text-align-center\">Willst du <g class=\"gr_ gr_7 gr-alert gr_spell gr_inline_cards gr_run_anim ContextualSpelling ins-del multiReplace\" id=\"7\" data-gr-id=\"7\">mehr<\/g> <g class=\"gr_ gr_8 gr-alert gr_spell gr_inline_cards gr_run_anim ContextualSpelling\" id=\"8\" data-gr-id=\"8\">erfahren<\/g>?<br> Hier <g class=\"gr_ gr_5 gr-alert gr_spell gr_inline_cards gr_run_anim ContextualSpelling\" id=\"5\" data-gr-id=\"5\">geht\u2019s<\/g> <g class=\"gr_ gr_17 gr-alert gr_spell gr_inline_cards gr_run_anim ContextualSpelling ins-del multiReplace\" id=\"17\" data-gr-id=\"17\">weiter<\/g> zur Welt der<\/p>\n\n\n\n<div style=\"height:35px\" aria-hidden=\"true\" class=\"wp-block-spacer\"><\/div>\n\n\n\n<a href=\"https:\/\/michaelshof-sammatz.de\/blog\/helfer\/\">\n  <p class=\"summary-link\">\n    VOLUNTEERS\n  <\/p>\n<\/a>\n\n\n\n<\/div>\n<\/div><\/div>\n\n\n\n<!-- INSTAFEED -->\n<div class=\"row justify-content-center instafeedHLBoxSmall purple\">\n  <span class=\"instafeedHL\">\n    Michaelshof Volunteers auf Instagram\n  <\/span>\n<\/div>\n\n<div id=\"instafeedVolunteers\" class=\"row justify-content-center\"><\/div>\n\n<div style=\"height: 30px;\"><\/div>\n\n\n\n<p><p style=\"text-align: right;\"><a style=\"color:#67c8f9\" href=\"#headeranchor\" data-wplink-edit=\"true\"><strong>Zum Seitenanfang \u2191<\/strong><\/a><\/p><\/p>\n\n\n\n<div style=\"height:100px\" aria-hidden=\"true\" class=\"wp-block-spacer\"><\/div>\n","protected":false},"excerpt":{"rendered":"<p>Volunteers international Schnackel\u00addi, schnackel\u00addu, schnackel\u00adwei wei wei \u2013 Sammatz ist ein Ort f\u00fcr Menschen aus aller Welt\u2026 Zum Beispiel f\u00fcr die Volunteers. G\u00e4ste in einer Community, die sie gerne aufnimmt, in der sie eine Zeit lang mitleben und -arbeiten. Hier kannst du dich bewerben Wir sind eine mittelgro\u00dfe Gemeinschaft, im Durchschnitt etwa 180 \u2013 230 [&hellip;]<\/p>\n","protected":false},"author":1,"featured_media":0,"parent":121,"menu_order":0,"comment_status":"closed","ping_status":"closed","template":"","meta":{"footnotes":""},"class_list":["post-3349","page","type-page","status-publish","hentry"],"jetpack_sharing_enabled":true,"jetpack_shortlink":"https:\/\/wp.me\/PaQBcD-S1","jetpack-related-posts":[],"_links":{"self":[{"href":"https:\/\/michaelshof-sammatz.de\/blog\/wp-json\/wp\/v2\/pages\/3349"}],"collection":[{"href":"https:\/\/michaelshof-sammatz.de\/blog\/wp-json\/wp\/v2\/pages"}],"about":[{"href":"https:\/\/michaelshof-sammatz.de\/blog\/wp-json\/wp\/v2\/types\/page"}],"author":[{"embeddable":true,"href":"https:\/\/michaelshof-sammatz.de\/blog\/wp-json\/wp\/v2\/users\/1"}],"replies":[{"embeddable":true,"href":"https:\/\/michaelshof-sammatz.de\/blog\/wp-json\/wp\/v2\/comments?post=3349"}],"version-history":[{"count":46,"href":"https:\/\/michaelshof-sammatz.de\/blog\/wp-json\/wp\/v2\/pages\/3349\/revisions"}],"predecessor-version":[{"id":27908,"href":"https:\/\/michaelshof-sammatz.de\/blog\/wp-json\/wp\/v2\/pages\/3349\/revisions\/27908"}],"up":[{"embeddable":true,"href":"https:\/\/michaelshof-sammatz.de\/blog\/wp-json\/wp\/v2\/pages\/121"}],"wp:attachment":[{"href":"https:\/\/michaelshof-sammatz.de\/blog\/wp-json\/wp\/v2\/media?parent=3349"}],"curies":[{"name":"wp","href":"https:\/\/api.w.org\/{rel}","templated":true}]}}