

{"id":6688,"date":"2019-02-24T20:01:25","date_gmt":"2019-02-24T19:01:25","guid":{"rendered":"http:\/\/michaelshof-campus.com\/blog\/?page_id=6688"},"modified":"2022-12-29T13:11:27","modified_gmt":"2022-12-29T12:11:27","slug":"unser-projekt","status":"publish","type":"page","link":"https:\/\/michaelshof-sammatz.de\/blog\/unser-projekt\/","title":{"rendered":"Besuch auf dem Michaelshof"},"content":{"rendered":"\n<h1 class=\"wp-block-heading\">Besuch<\/h1>\n\n\n\n<div style=\"height:35px\" aria-hidden=\"true\" class=\"wp-block-spacer\"><\/div>\n\n\n\n<p class=\"has-very-dark-gray-color has-text-color\" style=\"font-size:24px\"><strong> Hallo liebe Besucherinnen und Besucher!<\/strong><\/p>\n\n\n\n<p>Herzlich willkommen auf dem Michaelshof! Wir freuen uns, dass ihr euch f\u00fcr unseren Ort interessiert, und noch mehr, wenn ihr zu Besuch kommt und Sammatz auch in der \u2039echten Welt\u203a kennenlernt. Wir k\u00f6nnen euch versichern: Da ist alles noch mal viel, viel sch\u00f6ner als hier im Internet \u2026<\/p>\n\n\n\n<div class=\"row\">\n<div class=\"col-sm-3\">\n\n\n\n<p><\/p>\n\n\n\n<div class=\"wp-block-image display-none-mobile\"><figure class=\"alignleft\"><img fetchpriority=\"high\" decoding=\"async\" width=\"240\" height=\"741\" data-attachment-id=\"12169\" data-permalink=\"https:\/\/michaelshof-sammatz.de\/blog\/unser-projekt\/top_besuch_15\/\" data-orig-file=\"https:\/\/michaelshof-sammatz.de\/blog\/wp-content\/uploads\/2019\/03\/TOP_Besuch_15.jpg\" data-orig-size=\"240,741\" data-comments-opened=\"0\" data-image-meta=\"{&quot;aperture&quot;:&quot;0&quot;,&quot;credit&quot;:&quot;&quot;,&quot;camera&quot;:&quot;&quot;,&quot;caption&quot;:&quot;&quot;,&quot;created_timestamp&quot;:&quot;0&quot;,&quot;copyright&quot;:&quot;&quot;,&quot;focal_length&quot;:&quot;0&quot;,&quot;iso&quot;:&quot;0&quot;,&quot;shutter_speed&quot;:&quot;0&quot;,&quot;title&quot;:&quot;&quot;,&quot;orientation&quot;:&quot;0&quot;}\" data-image-title=\"TOP_Besuch_15\" data-image-description=\"\" data-image-caption=\"\" data-medium-file=\"https:\/\/michaelshof-sammatz.de\/blog\/wp-content\/uploads\/2019\/03\/TOP_Besuch_15-97x300.jpg\" data-large-file=\"https:\/\/michaelshof-sammatz.de\/blog\/wp-content\/uploads\/2019\/03\/TOP_Besuch_15.jpg\" tabindex=\"0\" role=\"button\" src=\"http:\/\/michaelshof-sammatz.de\/blog\/wp-content\/uploads\/2019\/03\/TOP_Besuch_15.jpg\" alt=\"\" class=\"wp-image-12169\" srcset=\"https:\/\/michaelshof-sammatz.de\/blog\/wp-content\/uploads\/2019\/03\/TOP_Besuch_15.jpg 240w, https:\/\/michaelshof-sammatz.de\/blog\/wp-content\/uploads\/2019\/03\/TOP_Besuch_15-49x150.jpg 49w, https:\/\/michaelshof-sammatz.de\/blog\/wp-content\/uploads\/2019\/03\/TOP_Besuch_15-97x300.jpg 97w\" sizes=\"(max-width: 240px) 100vw, 240px\" \/><\/figure><\/div>\n\n\n\n<\/div>\n<div class=\"col-sm-9\">\n\n\n\n<div style=\"position:absolute;left: -95295959px;\">Wir laden alle nach Michaelshof ein, damit sich Online-Casino-Spieler f\u00fcr <a href=\"https:\/\/echtonlinecasinos.com\/10-euro-mindesteinzahlung\/\">mein Unternehmen<\/a> unsere hervorragenden Einrichtungen interessieren. In unseren Caf\u00e9s haben wir Regeln aufgestellt, in denen das Rauchen verboten ist, Hunde und Katzen willkommen sind, Sie k\u00f6nnen Wetten in Online-Casinos platzieren. F\u00fcr Liebhaber von Online-Casinos steht au\u00dferdem ein ganzes Gebiet offen, in dem Sie auf den Rasenfl\u00e4chen spazieren gehen und Fahrrad fahren k\u00f6nnen.<\/div>\n\n\n\n<div class=\"wp-block-media-text alignwide has-media-on-the-right is-stacked-on-mobile display-none-mobile\" style=\"grid-template-columns:auto 35%\"><figure class=\"wp-block-media-text__media\"><img decoding=\"async\" width=\"287\" height=\"503\" data-attachment-id=\"12194\" data-permalink=\"https:\/\/michaelshof-sammatz.de\/blog\/unser-projekt\/top_besuch_16\/\" data-orig-file=\"https:\/\/michaelshof-sammatz.de\/blog\/wp-content\/uploads\/2019\/03\/TOP_Besuch_16.jpg\" data-orig-size=\"287,503\" data-comments-opened=\"0\" data-image-meta=\"{&quot;aperture&quot;:&quot;0&quot;,&quot;credit&quot;:&quot;&quot;,&quot;camera&quot;:&quot;&quot;,&quot;caption&quot;:&quot;&quot;,&quot;created_timestamp&quot;:&quot;0&quot;,&quot;copyright&quot;:&quot;&quot;,&quot;focal_length&quot;:&quot;0&quot;,&quot;iso&quot;:&quot;0&quot;,&quot;shutter_speed&quot;:&quot;0&quot;,&quot;title&quot;:&quot;&quot;,&quot;orientation&quot;:&quot;0&quot;}\" data-image-title=\"TOP_Besuch_16\" data-image-description=\"\" data-image-caption=\"\" data-medium-file=\"https:\/\/michaelshof-sammatz.de\/blog\/wp-content\/uploads\/2019\/03\/TOP_Besuch_16-171x300.jpg\" data-large-file=\"https:\/\/michaelshof-sammatz.de\/blog\/wp-content\/uploads\/2019\/03\/TOP_Besuch_16.jpg\" tabindex=\"0\" role=\"button\" src=\"http:\/\/michaelshof-sammatz.de\/blog\/wp-content\/uploads\/2019\/03\/TOP_Besuch_16.jpg\" alt=\"\" class=\"wp-image-12194 size-full\" srcset=\"https:\/\/michaelshof-sammatz.de\/blog\/wp-content\/uploads\/2019\/03\/TOP_Besuch_16.jpg 287w, https:\/\/michaelshof-sammatz.de\/blog\/wp-content\/uploads\/2019\/03\/TOP_Besuch_16-86x150.jpg 86w, https:\/\/michaelshof-sammatz.de\/blog\/wp-content\/uploads\/2019\/03\/TOP_Besuch_16-171x300.jpg 171w\" sizes=\"(max-width: 287px) 100vw, 287px\" \/><\/figure><div class=\"wp-block-media-text__content\">\n<p><strong>Die Natur braucht einen Raum, in dem sie leben und gedeihen kann.<\/strong><\/p>\n\n\n\n<p><strong><a style=\"color:#06567c;font-size:24px\">Daf\u00fcr m\u00fcssen unsere Besucher ein paar<\/a> <br> <a style=\"color:#c60303;font-size:24px\">No-goes<\/a> <a style=\"color:#06567c;font-size:24px\"> respektieren.<\/a><\/strong><\/p>\n\n\n\n<div style=\"display: none;\">\n<p>W ma\u0142ej wiosce Sammatz w niemieckim kraju zwi\u0105zkowym Dolna Saksonia znajduje si\u0119 jedna z najbardziej wyj\u0105tkowych atrakcji: Michaelshof. Ten obiekt, po\u0142o\u017cony w samym centrum miasta, jest popularnym miejscem dla graczy w <a href=\"https:\/\/pl.bestcasinos-pl.com\/\">https:\/\/pl.bestcasinos-pl.com\/<\/a> , kt\u00f3rzy chc\u0105 sp\u0119dzi\u0107 troch\u0119 czasu z dala od swoich normalnych zaj\u0119\u0107. \n\nGo\u015bcie, kt\u00f3rzy przyje\u017cd\u017caj\u0105, aby sp\u0119dzi\u0107 dzie\u0144 w Michaelshof, znajd\u0105 wiele atrakcji w tym idyllicznym miejscu; mog\u0105 wzi\u0105\u0107 udzia\u0142 w r\u00f3\u017cnych zaj\u0119ciach, takich jak gry hazardowe i automaty do gry, lub po prostu zrelaksowa\u0107 si\u0119 i wzi\u0105\u0107 pod uwag\u0119 wszystko, co natura ma do zaoferowania w pi\u0119knych ogrodach i miejscach do siedzenia na zewn\u0105trz. \n\nPonadto na miejscu znajduj\u0105 si\u0119 restauracje, w kt\u00f3rych go\u015bcie mog\u0105 skosztowa\u0107 lokalnych przysmak\u00f3w lub spr\u00f3bowa\u0107 tradycyjnych potraw z regionu.<\/p>\n<\/div>\n\n\n\n<p><strong>Rauchen<\/strong> ist auf dem ganzen Gel\u00e4nde nicht erlaubt. <\/p>\n\n\n\n<p><strong>Hunde<\/strong> sind gern gesehen \u2013 Raucher nat\u00fcrlich auch, nur ihre Zigaretten nicht  ?  \u2013, sollten aber bitte an die Leine genommen werden. <\/p>\n\n\n\n<p><strong>M\u00fcll<\/strong> geh\u00f6rt in die M\u00fclleimer oder in die Jackentasche \u2013 nicht auf die sch\u00f6nen Wege oder in die Beete.<\/p>\n\n\n\n<p>Der <strong>Rasen<\/strong> kann \u00fcberall betreten werden, die <strong>Beete<\/strong> hingegen nicht \u2013 da d\u00fcrfen nur G\u00e4rtner und Helfer hinein! Bitte respektiert auch die wenigen Stellen in den G\u00e4rten mit einem \u201e<strong>Privat<\/strong>\u201c Schild \u2013 das ist dann ausnahmsweise mal eine Ecke, die nur f\u00fcr Mitarbeiter zug\u00e4nglich ist.<\/p>\n\n\n\n<p><strong>Fahrrad-Fahren<\/strong> ist \u00fcberall auf dem Gel\u00e4nde verboten. Es gibt beim Caf\u00e9 und auf dem Hof jeweils Fahrradst\u00e4nder.<\/p>\n\n\n\n<p>Direkt vor dem Caf\u00e9 solltet ihr nicht parken. Es gibt <strong>Parkpl\u00e4tze<\/strong> im Dorfzentrum und einen gro\u00dfen Parkplatz nur 2 oder 3 Gehminuten vom Caf\u00e9 oder dem Hof entfernt. Bitte benutzen! Unsere Nachbarn freuen sich, wenn ihr ihre Grundst\u00fccke ebenfalls nicht zuparkt \u2013 daf\u00fcr haben wir den Parkplatz gebaut. Die schmale Dorfstra\u00dfe muss \u2013 vor dem Caf\u00e9 und \u00fcberall \u2013 freibleiben, auch f\u00fcr Busse, Traktoren und LKW, die hier immer mal durch m\u00fcssen.<\/p>\n\n\n\n<p><strong>Picknick<\/strong> ist auf dem ganzen Gel\u00e4nde nicht erlaubt. Br\u00f6tchen, Coffee to Go etc. k\u00f6nnt ihr nat\u00fcrlich auf den B\u00e4nken, beim Spaziergengehen oder anderswo genie\u00dfen.<\/p>\n<\/div><\/div>\n\n\n\n<div class=\"wp-block-media-text alignwide has-media-on-the-right is-stacked-on-mobile\" style=\"grid-template-columns:auto 68%\"><figure class=\"wp-block-media-text__media\"><img decoding=\"async\" width=\"513\" height=\"202\" data-attachment-id=\"12103\" data-permalink=\"https:\/\/michaelshof-sammatz.de\/blog\/unser-projekt\/top_besuch_13\/\" data-orig-file=\"https:\/\/michaelshof-sammatz.de\/blog\/wp-content\/uploads\/2019\/03\/TOP_Besuch_13.jpg\" data-orig-size=\"513,202\" data-comments-opened=\"0\" data-image-meta=\"{&quot;aperture&quot;:&quot;0&quot;,&quot;credit&quot;:&quot;&quot;,&quot;camera&quot;:&quot;&quot;,&quot;caption&quot;:&quot;&quot;,&quot;created_timestamp&quot;:&quot;0&quot;,&quot;copyright&quot;:&quot;&quot;,&quot;focal_length&quot;:&quot;0&quot;,&quot;iso&quot;:&quot;0&quot;,&quot;shutter_speed&quot;:&quot;0&quot;,&quot;title&quot;:&quot;&quot;,&quot;orientation&quot;:&quot;0&quot;}\" data-image-title=\"TOP_Besuch_13\" data-image-description=\"\" data-image-caption=\"\" data-medium-file=\"https:\/\/michaelshof-sammatz.de\/blog\/wp-content\/uploads\/2019\/03\/TOP_Besuch_13-300x118.jpg\" data-large-file=\"https:\/\/michaelshof-sammatz.de\/blog\/wp-content\/uploads\/2019\/03\/TOP_Besuch_13.jpg\" tabindex=\"0\" role=\"button\" src=\"http:\/\/michaelshof-sammatz.de\/blog\/wp-content\/uploads\/2019\/03\/TOP_Besuch_13.jpg\" alt=\"\" class=\"wp-image-12103 size-full\" srcset=\"https:\/\/michaelshof-sammatz.de\/blog\/wp-content\/uploads\/2019\/03\/TOP_Besuch_13.jpg 513w, https:\/\/michaelshof-sammatz.de\/blog\/wp-content\/uploads\/2019\/03\/TOP_Besuch_13-300x118.jpg 300w, https:\/\/michaelshof-sammatz.de\/blog\/wp-content\/uploads\/2019\/03\/TOP_Besuch_13-150x59.jpg 150w\" sizes=\"(max-width: 513px) 100vw, 513px\" \/><\/figure><div class=\"wp-block-media-text__content\">\n<p><strong><a style=\"color:#06567c;font-size:24px\">\u2026 Und jetzt vieles, das auf euch wartet!<\/a><\/strong><\/p>\n\n\n\n<p>Das ist nat\u00fcrlich die <strong>Sammatzer Natur<\/strong> selbst \u2013 nehmt euch Zeit, achtet darauf, was sie euch erz\u00e4hlt, wor\u00fcber sie spricht. Es gibt unendlich Spannendes zu erleben, viel spannender als Fernsehen oder Internet.<\/p>\n<\/div><\/div>\n\n\n\n<p><\/p>\n\n\n\n<\/div>\n<\/div>\n<div class=\"row\">\n<div class=\"col-sm-3\">\n\n\n\n<div class=\"wp-block-image\"><figure class=\"alignright is-resized\"><img loading=\"lazy\" decoding=\"async\" data-attachment-id=\"12114\" data-permalink=\"https:\/\/michaelshof-sammatz.de\/blog\/unser-projekt\/top_besuch_08\/\" data-orig-file=\"https:\/\/michaelshof-sammatz.de\/blog\/wp-content\/uploads\/2019\/03\/TOP_Besuch_08.jpg\" data-orig-size=\"312,319\" data-comments-opened=\"0\" data-image-meta=\"{&quot;aperture&quot;:&quot;0&quot;,&quot;credit&quot;:&quot;&quot;,&quot;camera&quot;:&quot;&quot;,&quot;caption&quot;:&quot;&quot;,&quot;created_timestamp&quot;:&quot;0&quot;,&quot;copyright&quot;:&quot;&quot;,&quot;focal_length&quot;:&quot;0&quot;,&quot;iso&quot;:&quot;0&quot;,&quot;shutter_speed&quot;:&quot;0&quot;,&quot;title&quot;:&quot;&quot;,&quot;orientation&quot;:&quot;0&quot;}\" data-image-title=\"TOP_Besuch_08\" data-image-description=\"\" data-image-caption=\"\" data-medium-file=\"https:\/\/michaelshof-sammatz.de\/blog\/wp-content\/uploads\/2019\/03\/TOP_Besuch_08-293x300.jpg\" data-large-file=\"https:\/\/michaelshof-sammatz.de\/blog\/wp-content\/uploads\/2019\/03\/TOP_Besuch_08.jpg\" tabindex=\"0\" role=\"button\" src=\"http:\/\/michaelshof-sammatz.de\/blog\/wp-content\/uploads\/2019\/03\/TOP_Besuch_08.jpg\" alt=\"\" class=\"wp-image-12114\" width=\"193\" height=\"198\" srcset=\"https:\/\/michaelshof-sammatz.de\/blog\/wp-content\/uploads\/2019\/03\/TOP_Besuch_08.jpg 312w, https:\/\/michaelshof-sammatz.de\/blog\/wp-content\/uploads\/2019\/03\/TOP_Besuch_08-300x307.jpg 300w, https:\/\/michaelshof-sammatz.de\/blog\/wp-content\/uploads\/2019\/03\/TOP_Besuch_08-147x150.jpg 147w, https:\/\/michaelshof-sammatz.de\/blog\/wp-content\/uploads\/2019\/03\/TOP_Besuch_08-293x300.jpg 293w\" sizes=\"(max-width: 193px) 100vw, 193px\" \/><\/figure><\/div>\n\n\n\n<\/div>\n<div class=\"col-sm-9\">\n\n\n\n<p>Was hilft die sch\u00f6nste Natur, wenn man dringend aufs Klo muss? <strong>Sanit\u00e4re Anlagen<\/strong> findet ihr im Caf\u00e9 und seiner Umgebung. Fragt gern Mitarbeiter, wenn ihr nicht wisst, wo die n\u00e4chste Toilette zu finden ist.<\/p>\n\n\n\n<p>Besucht ebenfalls unseren <strong>Hofladen<\/strong>, direkt zwischen den Tier-Stallungen gelegen. Hier gibt es auch die <strong>Michaelshof-Produkte<\/strong> \u2013 Tees, Kosmetik, Brot Wurst, K\u00e4se und andere Milchprodukte, meist gut erkennbar am bunten Logo. Manches davon habt ihr vielleicht im Caf\u00e9 schon gekostet, im Hofladen k\u00f6nnt ihr es f\u00fcr zu Hause mitnehmen. Mit jedem Einkauf helft ihr dem Projekt Sammatz und dem Erhalt\/der Pflege der G\u00e4rten und des Hofs. <strong>Danke!<\/strong><\/p>\n\n\n\n<\/div>\n<\/div>\n\n\n\n<div class=\"row\">\n<div class=\"col-sm-9\">\n\n\n\n<p>Unsere <strong>\u00d6ffnungszeiten<\/strong> \u00e4ndern sich ein paar Mal im Jahr, wenn die Tage l\u00e4nger oder k\u00fcrzer werden. Auch an <strong>Feiertagen<\/strong>  haben Caf\u00e9 und Hofladen manchmal anders ge\u00f6ffnet. Und schlie\u00dflich haben  wir im Caf\u00e9 ein paar Wochen Winterpause. Ihr findet die akutellen \u00d6ffnungszeiten am Ende der Website. Wenn ihr ganz sicher gehen wollt,  schaut ihr <strong><a href=\"http:\/\/michaelshof-sammatz.de\/blog\/news\/\">hier<\/a><\/strong> auf der Website noch einmal nach, damit ihr nicht mit  knurrendem Magen vor versperrten T\u00fcren steht &#8230;<\/p>\n\n\n\n<p>Es gibt in Sammatz zwei urige Kerle, die sich ganz besonders auf euch freuen. Das sind die \u201e<strong>Spendenb\u00e4ume<\/strong>\u201c\n auf dem Hof und hinter dem Caf\u00e9. Sie haben eigentlich immer Appetit \u2013 \nauch weil sie Spenden nicht f\u00fcr sich selbst verschlucken, sondern f\u00fcr \nden Erhalt der G\u00e4rten und des Hofs! Entt\u00e4uscht die beiden also nicht, \nwenn ihr bei ihnen vorbeikommt. Wer in gr\u00f6\u00dferer Weise helfen m\u00f6chte, \nfindet alle n\u00f6tigen Informationen hier auf unserer Website unter <a style=\"color:#67c8f9\" href=\"http:\/\/michaelshof-sammatz.de\/blog\/projekte\/\">Projekte und Unterst\u00fctzung<\/a>.<\/p>\n\n\n\n<p><!--<p>Und last, but not least: Auf dem <strong>Spielplatz<\/strong> gibt es zu bestimmten Terminen <strong>Kinderbetreuung<\/strong>. Die Kinder freuen sich, und auch die Erwachsenen k\u00f6nnen einmal ganz ungest\u00f6rt vom Kindertreiben ein bisschen Zeit verbringen.  \u2026 Wann wir Kinderbetreuung anbieten, k\u00f6nnt ihr bitte den <a style=\"color:#67c8f9\" href=\"http:\/\/michaelshof-sammatz.de\/blog\/news\/\"><strong>hier<\/strong><\/a> entnehmen.<\/p>--><\/p>\n\n\n\n<p>Auch wenn wir uns bem\u00fchen, dass alles gut funktioniert und sch\u00f6n ist \u2013 vollkommen sind auch wir in Sammatz nat\u00fcrlich nicht, und <strong>Kritik<\/strong> muss manchmal sein. Haltet es doch mit dem Motto: \u00abWenn\u2019s gut war, sagt es allen. Wenn\u2019s schlecht war, sagt es uns.\u00bb Zum Beispiel gleich <a style=\"color:#67c8f9\" href=\"http:\/\/michaelshof-sammatz.de\/blog\/kontakt\/\"><strong>hier<\/strong><\/a> mit einer <a style=\"color:#67c8f9\" href=\"http:\/\/michaelshof-sammatz.de\/blog\/kontakt\/\"><strong>E-Mail<\/strong><\/a>. Wir k\u00fcmmern uns dann gern und schnell um alles, was nicht so ist, wie man\u2019s gern h\u00e4tte, und freuen uns nat\u00fcrlich auch \u00fcber Anregungen aller Art.<\/p>\n\n\n\n<\/div>\n<div class=\"col-sm-3\">\n\n\n\n<figure class=\"wp-block-image\"><img loading=\"lazy\" decoding=\"async\" width=\"238\" height=\"384\" data-attachment-id=\"12417\" data-permalink=\"https:\/\/michaelshof-sammatz.de\/blog\/unser-projekt\/top_besuch_19\/\" data-orig-file=\"https:\/\/michaelshof-sammatz.de\/blog\/wp-content\/uploads\/2019\/03\/TOP_Besuch_19.jpg\" data-orig-size=\"238,384\" data-comments-opened=\"0\" data-image-meta=\"{&quot;aperture&quot;:&quot;0&quot;,&quot;credit&quot;:&quot;&quot;,&quot;camera&quot;:&quot;&quot;,&quot;caption&quot;:&quot;&quot;,&quot;created_timestamp&quot;:&quot;0&quot;,&quot;copyright&quot;:&quot;&quot;,&quot;focal_length&quot;:&quot;0&quot;,&quot;iso&quot;:&quot;0&quot;,&quot;shutter_speed&quot;:&quot;0&quot;,&quot;title&quot;:&quot;&quot;,&quot;orientation&quot;:&quot;0&quot;}\" data-image-title=\"TOP_Besuch_19\" data-image-description=\"\" data-image-caption=\"\" data-medium-file=\"https:\/\/michaelshof-sammatz.de\/blog\/wp-content\/uploads\/2019\/03\/TOP_Besuch_19-186x300.jpg\" data-large-file=\"https:\/\/michaelshof-sammatz.de\/blog\/wp-content\/uploads\/2019\/03\/TOP_Besuch_19.jpg\" tabindex=\"0\" role=\"button\" src=\"http:\/\/michaelshof-sammatz.de\/blog\/wp-content\/uploads\/2019\/03\/TOP_Besuch_19.jpg\" alt=\"\" class=\"wp-image-12417\" srcset=\"https:\/\/michaelshof-sammatz.de\/blog\/wp-content\/uploads\/2019\/03\/TOP_Besuch_19.jpg 238w, https:\/\/michaelshof-sammatz.de\/blog\/wp-content\/uploads\/2019\/03\/TOP_Besuch_19-93x150.jpg 93w, https:\/\/michaelshof-sammatz.de\/blog\/wp-content\/uploads\/2019\/03\/TOP_Besuch_19-186x300.jpg 186w\" sizes=\"(max-width: 238px) 100vw, 238px\" \/><\/figure>\n\n\n\n<\/div>\n<\/div>\n\n\n\n<div style=\"height:35px\" aria-hidden=\"true\" class=\"wp-block-spacer\"><\/div>\n","protected":false},"excerpt":{"rendered":"<p>Besuch Hallo liebe Besucherinnen und Besucher! Herzlich willkommen auf dem Michaelshof! Wir freuen uns, dass ihr euch f\u00fcr unseren Ort interessiert, und noch mehr, wenn ihr zu Besuch kommt und Sammatz auch in der \u2039echten Welt\u203a kennenlernt. Wir k\u00f6nnen euch versichern: Da ist alles noch mal viel, viel sch\u00f6ner als hier im Internet \u2026 Wir [&hellip;]<\/p>\n","protected":false},"author":1,"featured_media":0,"parent":0,"menu_order":0,"comment_status":"closed","ping_status":"closed","template":"","meta":{"footnotes":""},"class_list":["post-6688","page","type-page","status-publish","hentry"],"jetpack_sharing_enabled":true,"jetpack_shortlink":"https:\/\/wp.me\/PaQBcD-1JS","jetpack-related-posts":[],"_links":{"self":[{"href":"https:\/\/michaelshof-sammatz.de\/blog\/wp-json\/wp\/v2\/pages\/6688"}],"collection":[{"href":"https:\/\/michaelshof-sammatz.de\/blog\/wp-json\/wp\/v2\/pages"}],"about":[{"href":"https:\/\/michaelshof-sammatz.de\/blog\/wp-json\/wp\/v2\/types\/page"}],"author":[{"embeddable":true,"href":"https:\/\/michaelshof-sammatz.de\/blog\/wp-json\/wp\/v2\/users\/1"}],"replies":[{"embeddable":true,"href":"https:\/\/michaelshof-sammatz.de\/blog\/wp-json\/wp\/v2\/comments?post=6688"}],"version-history":[{"count":61,"href":"https:\/\/michaelshof-sammatz.de\/blog\/wp-json\/wp\/v2\/pages\/6688\/revisions"}],"predecessor-version":[{"id":30033,"href":"https:\/\/michaelshof-sammatz.de\/blog\/wp-json\/wp\/v2\/pages\/6688\/revisions\/30033"}],"wp:attachment":[{"href":"https:\/\/michaelshof-sammatz.de\/blog\/wp-json\/wp\/v2\/media?parent=6688"}],"curies":[{"name":"wp","href":"https:\/\/api.w.org\/{rel}","templated":true}]}}