

{"id":740,"date":"2019-01-04T23:24:51","date_gmt":"2019-01-04T22:24:51","guid":{"rendered":"http:\/\/michaelshof-campus.com\/blog\/?page_id=740"},"modified":"2020-02-21T16:50:04","modified_gmt":"2020-02-21T15:50:04","slug":"helfer-team","status":"publish","type":"page","link":"https:\/\/michaelshof-sammatz.de\/blog\/helfer\/helfer-team\/","title":{"rendered":"Volunteers | Team"},"content":{"rendered":"\n<h2 class=\"wp-block-heading\"><strong>Team Volunteers<\/strong><\/h2>\n\n\n\n<div style=\"height:100px\" aria-hidden=\"true\" class=\"wp-block-spacer\"><\/div>\n\n\n\n<figure class=\"wp-block-image pageTeaserImage\"><img fetchpriority=\"high\" decoding=\"async\" width=\"900\" height=\"316\" data-attachment-id=\"14506\" data-permalink=\"https:\/\/michaelshof-sammatz.de\/blog\/helfer\/helfer-team\/vol_team_7d6b5078-2\/\" data-orig-file=\"https:\/\/michaelshof-sammatz.de\/blog\/wp-content\/uploads\/2019\/03\/VOL_Team_7D6B5078-1.png\" data-orig-size=\"900,316\" data-comments-opened=\"0\" data-image-meta=\"{&quot;aperture&quot;:&quot;0&quot;,&quot;credit&quot;:&quot;&quot;,&quot;camera&quot;:&quot;&quot;,&quot;caption&quot;:&quot;&quot;,&quot;created_timestamp&quot;:&quot;0&quot;,&quot;copyright&quot;:&quot;&quot;,&quot;focal_length&quot;:&quot;0&quot;,&quot;iso&quot;:&quot;0&quot;,&quot;shutter_speed&quot;:&quot;0&quot;,&quot;title&quot;:&quot;&quot;,&quot;orientation&quot;:&quot;0&quot;}\" data-image-title=\"VOL_Team_7D6B5078\" data-image-description=\"\" data-image-caption=\"\" data-medium-file=\"https:\/\/michaelshof-sammatz.de\/blog\/wp-content\/uploads\/2019\/03\/VOL_Team_7D6B5078-1-300x105.png\" data-large-file=\"https:\/\/michaelshof-sammatz.de\/blog\/wp-content\/uploads\/2019\/03\/VOL_Team_7D6B5078-1.png\" tabindex=\"0\" role=\"button\" src=\"http:\/\/michaelshof-sammatz.de\/blog\/wp-content\/uploads\/2019\/03\/VOL_Team_7D6B5078-1.png\" alt=\"\" class=\"wp-image-14506\" srcset=\"https:\/\/michaelshof-sammatz.de\/blog\/wp-content\/uploads\/2019\/03\/VOL_Team_7D6B5078-1.png 900w, https:\/\/michaelshof-sammatz.de\/blog\/wp-content\/uploads\/2019\/03\/VOL_Team_7D6B5078-1-300x105.png 300w, https:\/\/michaelshof-sammatz.de\/blog\/wp-content\/uploads\/2019\/03\/VOL_Team_7D6B5078-1-600x211.png 600w, https:\/\/michaelshof-sammatz.de\/blog\/wp-content\/uploads\/2019\/03\/VOL_Team_7D6B5078-1-150x53.png 150w, https:\/\/michaelshof-sammatz.de\/blog\/wp-content\/uploads\/2019\/03\/VOL_Team_7D6B5078-1-768x270.png 768w\" sizes=\"(max-width: 900px) 100vw, 900px\" \/><\/figure>\n\n\n\n<div style=\"height:20px\" aria-hidden=\"true\" class=\"wp-block-spacer\"><\/div>\n\n\n\n<p>Hinter dem bunten Leben, das wir mit den Volunteers teilen, steckt auch ein gutes St\u00fcck Organisation. Ohne genaue Planung und die richtige Anleitung, w\u00fcrde das Arbeiten mit so vielen, meist unerfahrenen Menschen \u00f6fter im Chaos enden (und in diese Richtung ging&#8217;s bei uns anfangs auch manchmal). Dazu kommen An- und Abreisen, Unterbringung, Krankheiten, Fahrten \u2026 \u2013 es ist immer etwas los, und so gef\u00e4llt es uns auch: Viva la vida!<\/p>\n\n\n\n<p>Inzwischen gelten wir als recht gut organisiert \u2013 \u00abDeutsche eben\u00bb, wie unsere Freunde finden. Darum, dass trotzdem alles in einigerma\u00dfen geordneten Bahnen verl\u00e4uft,  k\u00fcmmern sich unter anderem Hannah J\u00fclich, Claudia Brady und Antonia Berndt, die auch Ansprechpartner im Team der Volunteer-Betreuer sind.<\/p>\n\n\n<p><!--EndFragment--><\/p>","protected":false},"excerpt":{"rendered":"<p>Team Volunteers Hinter dem bunten Leben, das wir mit den Volunteers teilen, steckt auch ein gutes St\u00fcck Organisation. Ohne genaue Planung und die richtige Anleitung, w\u00fcrde das Arbeiten mit so vielen, meist unerfahrenen Menschen \u00f6fter im Chaos enden (und in diese Richtung ging&#8217;s bei uns anfangs auch manchmal). Dazu kommen An- und Abreisen, Unterbringung, Krankheiten, [&hellip;]<\/p>\n","protected":false},"author":1,"featured_media":0,"parent":121,"menu_order":0,"comment_status":"closed","ping_status":"closed","template":"","meta":{"footnotes":""},"class_list":["post-740","page","type-page","status-publish","hentry"],"jetpack_sharing_enabled":true,"jetpack_shortlink":"https:\/\/wp.me\/PaQBcD-bW","jetpack-related-posts":[],"_links":{"self":[{"href":"https:\/\/michaelshof-sammatz.de\/blog\/wp-json\/wp\/v2\/pages\/740"}],"collection":[{"href":"https:\/\/michaelshof-sammatz.de\/blog\/wp-json\/wp\/v2\/pages"}],"about":[{"href":"https:\/\/michaelshof-sammatz.de\/blog\/wp-json\/wp\/v2\/types\/page"}],"author":[{"embeddable":true,"href":"https:\/\/michaelshof-sammatz.de\/blog\/wp-json\/wp\/v2\/users\/1"}],"replies":[{"embeddable":true,"href":"https:\/\/michaelshof-sammatz.de\/blog\/wp-json\/wp\/v2\/comments?post=740"}],"version-history":[{"count":37,"href":"https:\/\/michaelshof-sammatz.de\/blog\/wp-json\/wp\/v2\/pages\/740\/revisions"}],"predecessor-version":[{"id":26144,"href":"https:\/\/michaelshof-sammatz.de\/blog\/wp-json\/wp\/v2\/pages\/740\/revisions\/26144"}],"up":[{"embeddable":true,"href":"https:\/\/michaelshof-sammatz.de\/blog\/wp-json\/wp\/v2\/pages\/121"}],"wp:attachment":[{"href":"https:\/\/michaelshof-sammatz.de\/blog\/wp-json\/wp\/v2\/media?parent=740"}],"curies":[{"name":"wp","href":"https:\/\/api.w.org\/{rel}","templated":true}]}}