

{"id":835,"date":"2019-01-06T19:03:03","date_gmt":"2019-01-06T18:03:03","guid":{"rendered":"http:\/\/michaelshof-campus.com\/blog\/?page_id=835"},"modified":"2021-01-21T16:39:17","modified_gmt":"2021-01-21T15:39:17","slug":"mein-archehof","status":"publish","type":"page","link":"https:\/\/michaelshof-sammatz.de\/blog\/archehof\/mein-archehof\/","title":{"rendered":"Arche-Hof | Mein Arche-Hof"},"content":{"rendered":"\n<h1 class=\"wp-block-heading\">Mein Arche-Hof<\/h1>\n\n\n\n<div style=\"height:85px\" aria-hidden=\"true\" class=\"wp-block-spacer\"><\/div>\n\n\n\n<figure class=\"wp-block-image pageTeaserImage\"><img fetchpriority=\"high\" decoding=\"async\" width=\"847\" height=\"422\" data-attachment-id=\"1775\" data-permalink=\"https:\/\/michaelshof-sammatz.de\/blog\/archehof\/mein-archehof\/meinarche-1\/\" data-orig-file=\"https:\/\/michaelshof-sammatz.de\/blog\/wp-content\/uploads\/2019\/01\/meinarche-1.jpg\" data-orig-size=\"847,422\" data-comments-opened=\"0\" data-image-meta=\"{&quot;aperture&quot;:&quot;0&quot;,&quot;credit&quot;:&quot;&quot;,&quot;camera&quot;:&quot;&quot;,&quot;caption&quot;:&quot;&quot;,&quot;created_timestamp&quot;:&quot;0&quot;,&quot;copyright&quot;:&quot;&quot;,&quot;focal_length&quot;:&quot;0&quot;,&quot;iso&quot;:&quot;0&quot;,&quot;shutter_speed&quot;:&quot;0&quot;,&quot;title&quot;:&quot;&quot;,&quot;orientation&quot;:&quot;0&quot;}\" data-image-title=\"Arche-Hof Jung mit H\u00fchnern\" data-image-description=\"\" data-image-caption=\"\" data-medium-file=\"https:\/\/michaelshof-sammatz.de\/blog\/wp-content\/uploads\/2019\/01\/meinarche-1-300x149.jpg\" data-large-file=\"https:\/\/michaelshof-sammatz.de\/blog\/wp-content\/uploads\/2019\/01\/meinarche-1.jpg\" tabindex=\"0\" role=\"button\" src=\"http:\/\/michaelshof-sammatz.de\/blog\/wp-content\/uploads\/2019\/01\/meinarche-1.jpg\" alt=\"\" class=\"wp-image-1775\" srcset=\"https:\/\/michaelshof-sammatz.de\/blog\/wp-content\/uploads\/2019\/01\/meinarche-1.jpg 847w, https:\/\/michaelshof-sammatz.de\/blog\/wp-content\/uploads\/2019\/01\/meinarche-1-300x149.jpg 300w, https:\/\/michaelshof-sammatz.de\/blog\/wp-content\/uploads\/2019\/01\/meinarche-1-600x299.jpg 600w, https:\/\/michaelshof-sammatz.de\/blog\/wp-content\/uploads\/2019\/01\/meinarche-1-768x383.jpg 768w\" sizes=\"(max-width: 847px) 100vw, 847px\" \/><\/figure>\n\n\n\n<div style=\"height:35px\" aria-hidden=\"true\" class=\"wp-block-spacer\"><\/div>\n\n\n\n\n\n\n\n<div style=\"height:50px\" aria-hidden=\"true\" class=\"wp-block-spacer\"><\/div>\n\n\n\n<p>Der Arche-Hof lebt von euch: den Besuchern, die mit Interesse und Freude die Stallungen mit ihren Tieren besuchen; den Kunden, die gern die Sammatzer Produkte kaufen und verzehren, ob zu Hause, in unserem Caf\u00e9 oder anderswo; den Menschen, die so interessiert an unserer Arbeit sind, dass sie als Praktikant, Lehrling oder Mitarbeiter auf unserer Farm mithelfen m\u00f6chten; und allen Interessenten, die an unseren Kursen im Haus der Natur, unseren Hof- oder Meierei-F\u00fchrungen teilnehmen. <\/p>\n\n\n\n<div class=\"row\">\n<div class=\"col-md-6\">\n\n\n\n<p class=\"has-text-align-right nomargin has-text-color\" style=\"font-size:30px;color:#e88b05\"><strong>Wir freuen uns<\/strong><em> <\/em> <\/p>\n\n\n\n<p class=\"has-text-align-right has-text-color\" style=\"font-size:22px;color:#e88b05\"><strong>jeden Tag neu, unsere Arbeit<br>  tun zu d\u00fcrfen \u2026<\/strong><\/p>\n\n\n\n<p>Wir freuen uns jeden Tag neu, unsere Arbeit tun zu d\u00fcrfen, n\u00e4mlich t\u00e4glich die Tiere zu pflegen und zu f\u00fcttern, auf die Weide zu treiben etc., die Stallungen zu s\u00e4ubern und den ganzen Hof so zu halten, dass sich die Tiere wohlf\u00fchlen und jeder Mensch ihn gern besucht. Vom Fr\u00fchjahr bis in den Sp\u00e4therbst geh\u00f6rt dazu nat\u00fcrlich auch der Ackerbau, wo das frische Gras f\u00fcr den Sommer w\u00e4chst, das leckere Heu f\u00fcr den Winter. Die Hauptbesch\u00e4ftigung der Tiere, insbesondere der K\u00fche, ist ja das ganzt\u00e4gige Fressen! <\/p>\n\n\n\n<p>Wie gesagt, unser Team arbeitet aus Begeisterung an der Pflege und Erhaltung unserer alten Tierrassen und an der biologisch-dynamischen Bewirtschaftung unserer Fl\u00e4chen. Doch ohne unser Umfeld, ohne euch, kann ein solches Projekt wie der Arche-Hof nicht funktionieren. Deshalb freuen wir uns, wenn viele Menschen sagen k\u00f6nnen: \u2039Mein Arche-Hof\u203a \u2013 ein Ausdruck des Verbindens mit unserem Projekt, das uns und den tollen Hoftieren in jeder Weise hilft.  <\/p>\n\n\n\n<p class=\"has-text-align-right has-text-color\" style=\"font-size:24px;color:#e88b05\"> <strong> Ohne euch kann ein Projekt<br> wie der Arche-Hof nicht funktionieren \u2026<\/strong><\/p>\n\n\n\n<\/div>\n<div class=\"col-md-6\">\n\n\n<p><!--StartFragment--><\/p>\n\n\n<figure class=\"wp-block-image\"><img decoding=\"async\" width=\"444\" height=\"244\" data-attachment-id=\"3729\" data-permalink=\"https:\/\/michaelshof-sammatz.de\/blog\/archehof\/mein-archehof\/mein2\/\" data-orig-file=\"https:\/\/michaelshof-sammatz.de\/blog\/wp-content\/uploads\/2019\/02\/mein2.jpg\" data-orig-size=\"444,244\" data-comments-opened=\"0\" data-image-meta=\"{&quot;aperture&quot;:&quot;0&quot;,&quot;credit&quot;:&quot;&quot;,&quot;camera&quot;:&quot;&quot;,&quot;caption&quot;:&quot;&quot;,&quot;created_timestamp&quot;:&quot;0&quot;,&quot;copyright&quot;:&quot;&quot;,&quot;focal_length&quot;:&quot;0&quot;,&quot;iso&quot;:&quot;0&quot;,&quot;shutter_speed&quot;:&quot;0&quot;,&quot;title&quot;:&quot;&quot;,&quot;orientation&quot;:&quot;0&quot;}\" data-image-title=\"mein2\" data-image-description=\"\" data-image-caption=\"\" data-medium-file=\"https:\/\/michaelshof-sammatz.de\/blog\/wp-content\/uploads\/2019\/02\/mein2-300x165.jpg\" data-large-file=\"https:\/\/michaelshof-sammatz.de\/blog\/wp-content\/uploads\/2019\/02\/mein2.jpg\" tabindex=\"0\" role=\"button\" src=\"http:\/\/michaelshof-sammatz.de\/blog\/wp-content\/uploads\/2019\/02\/mein2.jpg\" alt=\"\" class=\"wp-image-3729\" srcset=\"https:\/\/michaelshof-sammatz.de\/blog\/wp-content\/uploads\/2019\/02\/mein2.jpg 444w, https:\/\/michaelshof-sammatz.de\/blog\/wp-content\/uploads\/2019\/02\/mein2-300x165.jpg 300w\" sizes=\"(max-width: 444px) 100vw, 444px\" \/><\/figure>\n\n\n\n<p class=\"nomargin has-text-color\" style=\"font-size:22px;color:#e88b05\"><strong>Die Hauptbesch\u00e4ftigung <\/strong><br><strong>der Tiere, vor allem der K\u00fche, <\/strong><br><strong>ist ja das <\/strong><\/p>\n\n\n\n<p class=\"has-text-color\" style=\"font-size:30px;color:#e88b05\"><strong>ganzt\u00e4gige Fressen \u2026<\/strong><\/p>\n\n\n\n<figure class=\"wp-block-image\"><img decoding=\"async\" width=\"447\" height=\"300\" data-attachment-id=\"3728\" data-permalink=\"https:\/\/michaelshof-sammatz.de\/blog\/archehof\/mein-archehof\/mein1\/\" data-orig-file=\"https:\/\/michaelshof-sammatz.de\/blog\/wp-content\/uploads\/2019\/02\/mein1.jpg\" data-orig-size=\"447,300\" data-comments-opened=\"0\" data-image-meta=\"{&quot;aperture&quot;:&quot;0&quot;,&quot;credit&quot;:&quot;&quot;,&quot;camera&quot;:&quot;&quot;,&quot;caption&quot;:&quot;&quot;,&quot;created_timestamp&quot;:&quot;0&quot;,&quot;copyright&quot;:&quot;&quot;,&quot;focal_length&quot;:&quot;0&quot;,&quot;iso&quot;:&quot;0&quot;,&quot;shutter_speed&quot;:&quot;0&quot;,&quot;title&quot;:&quot;&quot;,&quot;orientation&quot;:&quot;0&quot;}\" data-image-title=\"mein1\" data-image-description=\"\" data-image-caption=\"\" data-medium-file=\"https:\/\/michaelshof-sammatz.de\/blog\/wp-content\/uploads\/2019\/02\/mein1-300x201.jpg\" data-large-file=\"https:\/\/michaelshof-sammatz.de\/blog\/wp-content\/uploads\/2019\/02\/mein1.jpg\" tabindex=\"0\" role=\"button\" src=\"http:\/\/michaelshof-sammatz.de\/blog\/wp-content\/uploads\/2019\/02\/mein1.jpg\" alt=\"\" class=\"wp-image-3728\" srcset=\"https:\/\/michaelshof-sammatz.de\/blog\/wp-content\/uploads\/2019\/02\/mein1.jpg 447w, https:\/\/michaelshof-sammatz.de\/blog\/wp-content\/uploads\/2019\/02\/mein1-300x201.jpg 300w\" sizes=\"(max-width: 447px) 100vw, 447px\" \/><\/figure>\n\n\n\n<\/div><\/div>\n\n\n\n<p>Neben der freundlichen Begleitung unserer Arbeit ist es toll, wenn m\u00f6glichst viele Menschen beispielsweise den leckeren Joghurt, die Frischmilch, Produkte unseres stetig wachsenden K\u00e4sesortiments, das auch jeden Feinschmecker durch seinen franz\u00f6sischen Einschlag \u00fcberzeugt, gerne kauft und verzehrt. Aber auch ohne die fleischessenden Zeitgenossen, ohne deren Freude an unseren gesunden Wurst- und Fleischprodukten von \u2013  wie man so sagt \u2013 gl\u00fccklichen K\u00fchen, aber auch manchmal von Schafen und Ziegen, k\u00f6nnten wir nicht an der Erhaltung der alten, so wundersch\u00f6nen Tierrassen mitwirken. <\/p>\n\n\n\n<div class=\"wp-block-media-text alignwide is-stacked-on-mobile\"><figure class=\"wp-block-media-text__media\"><img loading=\"lazy\" decoding=\"async\" width=\"553\" height=\"319\" data-attachment-id=\"1779\" data-permalink=\"https:\/\/michaelshof-sammatz.de\/blog\/archehof\/mein-archehof\/meinarche-3\/\" data-orig-file=\"https:\/\/michaelshof-sammatz.de\/blog\/wp-content\/uploads\/2019\/01\/meinarche-3.jpg\" data-orig-size=\"553,319\" data-comments-opened=\"0\" data-image-meta=\"{&quot;aperture&quot;:&quot;0&quot;,&quot;credit&quot;:&quot;&quot;,&quot;camera&quot;:&quot;&quot;,&quot;caption&quot;:&quot;&quot;,&quot;created_timestamp&quot;:&quot;0&quot;,&quot;copyright&quot;:&quot;&quot;,&quot;focal_length&quot;:&quot;0&quot;,&quot;iso&quot;:&quot;0&quot;,&quot;shutter_speed&quot;:&quot;0&quot;,&quot;title&quot;:&quot;&quot;,&quot;orientation&quot;:&quot;0&quot;}\" data-image-title=\"meinarche-3\" data-image-description=\"\" data-image-caption=\"\" data-medium-file=\"https:\/\/michaelshof-sammatz.de\/blog\/wp-content\/uploads\/2019\/01\/meinarche-3-300x173.jpg\" data-large-file=\"https:\/\/michaelshof-sammatz.de\/blog\/wp-content\/uploads\/2019\/01\/meinarche-3.jpg\" tabindex=\"0\" role=\"button\" src=\"http:\/\/michaelshof-sammatz.de\/blog\/wp-content\/uploads\/2019\/01\/meinarche-3.jpg\" alt=\"\" class=\"wp-image-1779\" srcset=\"https:\/\/michaelshof-sammatz.de\/blog\/wp-content\/uploads\/2019\/01\/meinarche-3.jpg 553w, https:\/\/michaelshof-sammatz.de\/blog\/wp-content\/uploads\/2019\/01\/meinarche-3-300x173.jpg 300w\" sizes=\"(max-width: 553px) 100vw, 553px\" \/><\/figure><div class=\"wp-block-media-text__content\">\n<p>Wir arbeiten intensiv an einer Erweiterung der Vermarktung unserer Produkte, die bisher haupts\u00e4chlich \u00fcber unseren Hofladen und einige Gesch\u00e4fte in der Umgebung l\u00e4uft. Ein Onlineshop, der auch Frischprodukte liefert ist in Planung. Dadurch gelangen unsere Produkte auch zu den Menschen, denen ein Besuch unseres Hofladens vielleicht nicht m\u00f6glich ist. Auch eure Vorbestellung beispielsweise von Fleischprodukten hilft uns sehr. F\u00fcr n\u00e4here Informationen fragt doch einfach im Hofladen nach oder schreibt an unseren verantwortlichen Mitarbeiter.<\/p>\n<\/div><\/div>\n\n\n\n<div class=\"wp-block-columns has-2-columns is-layout-flex wp-container-core-columns-is-layout-1 wp-block-columns-is-layout-flex\">\n<div class=\"wp-block-column is-layout-flow wp-block-column-is-layout-flow\">\n<p class=\"has-text-align-left\">Auf diesem Wege k\u00f6nnt ihr auch Anregungen, Fragen und alles andere an uns richten. Wir h\u00f6ren nat\u00fcrlich gerne Lob (wie alle Menschen), aber auch das Gespr\u00e4ch \u00fcber unsere Unzul\u00e4nglichkeiten ist jederzeit willkommen :D! <\/p>\n\n\n\n<p class=\"has-text-align-left\">Und bei den ganzen, mehr materiellen Geschichten (die wir nat\u00fcrlich auch sehr lieben) hilft uns nat\u00fcrlich bereits eines, n\u00e4mlich euer liebevolles und freundliches Begleiten unserer Arbeit. Wir freuen uns, wenn ihr gerne bei uns zu Gast seid!<\/p>\n<\/div>\n\n\n\n<div class=\"wp-block-column is-layout-flow wp-block-column-is-layout-flow\"><\/div>\n<\/div>\n\n\n\n<div style=\"height:50px\" aria-hidden=\"true\" class=\"wp-block-spacer\"><\/div>\n\n\n<p><!--EndFragment--><\/p>","protected":false},"excerpt":{"rendered":"<p>Mein Arche-Hof Der Arche-Hof lebt von euch: den Besuchern, die mit Interesse und Freude die Stallungen mit ihren Tieren besuchen; den Kunden, die gern die Sammatzer Produkte kaufen und verzehren, ob zu Hause, in unserem Caf\u00e9 oder anderswo; den Menschen, die so interessiert an unserer Arbeit sind, dass sie als Praktikant, Lehrling oder Mitarbeiter auf [&hellip;]<\/p>\n","protected":false},"author":1,"featured_media":0,"parent":109,"menu_order":0,"comment_status":"closed","ping_status":"closed","template":"","meta":{"footnotes":""},"class_list":["post-835","page","type-page","status-publish","hentry"],"jetpack_sharing_enabled":true,"jetpack_shortlink":"https:\/\/wp.me\/PaQBcD-dt","jetpack-related-posts":[],"_links":{"self":[{"href":"https:\/\/michaelshof-sammatz.de\/blog\/wp-json\/wp\/v2\/pages\/835"}],"collection":[{"href":"https:\/\/michaelshof-sammatz.de\/blog\/wp-json\/wp\/v2\/pages"}],"about":[{"href":"https:\/\/michaelshof-sammatz.de\/blog\/wp-json\/wp\/v2\/types\/page"}],"author":[{"embeddable":true,"href":"https:\/\/michaelshof-sammatz.de\/blog\/wp-json\/wp\/v2\/users\/1"}],"replies":[{"embeddable":true,"href":"https:\/\/michaelshof-sammatz.de\/blog\/wp-json\/wp\/v2\/comments?post=835"}],"version-history":[{"count":36,"href":"https:\/\/michaelshof-sammatz.de\/blog\/wp-json\/wp\/v2\/pages\/835\/revisions"}],"predecessor-version":[{"id":27929,"href":"https:\/\/michaelshof-sammatz.de\/blog\/wp-json\/wp\/v2\/pages\/835\/revisions\/27929"}],"up":[{"embeddable":true,"href":"https:\/\/michaelshof-sammatz.de\/blog\/wp-json\/wp\/v2\/pages\/109"}],"wp:attachment":[{"href":"https:\/\/michaelshof-sammatz.de\/blog\/wp-json\/wp\/v2\/media?parent=835"}],"curies":[{"name":"wp","href":"https:\/\/api.w.org\/{rel}","templated":true}]}}