

{"id":837,"date":"2019-01-06T19:03:38","date_gmt":"2019-01-06T18:03:38","guid":{"rendered":"http:\/\/michaelshof-campus.com\/blog\/?page_id=837"},"modified":"2019-05-24T16:21:21","modified_gmt":"2019-05-24T14:21:21","slug":"biologisch-dynamische-landwirtschaft","status":"publish","type":"page","link":"https:\/\/michaelshof-sammatz.de\/blog\/archehof\/biologisch-dynamische-landwirtschaft\/","title":{"rendered":"Arche-Hof | Biologisch-dynamische Landwirtschaft"},"content":{"rendered":"\n<h1 class=\"wp-block-heading\">Biologisch-dynamische Landwirtschaft<\/h1>\n\n\n\n<div style=\"height:85px\" aria-hidden=\"true\" class=\"wp-block-spacer\"><\/div>\n\n\n\n<figure class=\"wp-block-image pageTeaserImage\"><img fetchpriority=\"high\" decoding=\"async\" width=\"753\" height=\"297\" data-attachment-id=\"1782\" data-permalink=\"https:\/\/michaelshof-sammatz.de\/blog\/archehof\/biologisch-dynamische-landwirtschaft\/bio-1\/\" data-orig-file=\"https:\/\/michaelshof-sammatz.de\/blog\/wp-content\/uploads\/2019\/01\/bio-1.jpg\" data-orig-size=\"753,297\" data-comments-opened=\"0\" data-image-meta=\"{&quot;aperture&quot;:&quot;0&quot;,&quot;credit&quot;:&quot;&quot;,&quot;camera&quot;:&quot;&quot;,&quot;caption&quot;:&quot;&quot;,&quot;created_timestamp&quot;:&quot;0&quot;,&quot;copyright&quot;:&quot;&quot;,&quot;focal_length&quot;:&quot;0&quot;,&quot;iso&quot;:&quot;0&quot;,&quot;shutter_speed&quot;:&quot;0&quot;,&quot;title&quot;:&quot;&quot;,&quot;orientation&quot;:&quot;0&quot;}\" data-image-title=\"Arche-Hof Landschaft\" data-image-description=\"\" data-image-caption=\"\" data-medium-file=\"https:\/\/michaelshof-sammatz.de\/blog\/wp-content\/uploads\/2019\/01\/bio-1-300x118.jpg\" data-large-file=\"https:\/\/michaelshof-sammatz.de\/blog\/wp-content\/uploads\/2019\/01\/bio-1.jpg\" tabindex=\"0\" role=\"button\" src=\"https:\/\/michaelshof-sammatz.de\/blog\/wp-content\/uploads\/2019\/01\/bio-1.jpg\" alt=\"Landscape\" class=\"wp-image-1782\" srcset=\"https:\/\/michaelshof-sammatz.de\/blog\/wp-content\/uploads\/2019\/01\/bio-1.jpg 753w, https:\/\/michaelshof-sammatz.de\/blog\/wp-content\/uploads\/2019\/01\/bio-1-300x118.jpg 300w, https:\/\/michaelshof-sammatz.de\/blog\/wp-content\/uploads\/2019\/01\/bio-1-600x237.jpg 600w\" sizes=\"(max-width: 753px) 100vw, 753px\" \/><\/figure>\n\n\n\n<div style=\"height:35px\" aria-hidden=\"true\" class=\"wp-block-spacer\"><\/div>\n\n\n\n\n\n\n\n<div style=\"height:50px\" aria-hidden=\"true\" class=\"wp-block-spacer\"><\/div>\n\n\n\n<p>In Sammatz nutzen wir die biologisch-dynamische Wirtschaftsweise als landwirtschaftliche Methode. <br> Ganz allgemein gesagt geht es bei dieser Form der Landwirtschaft darum, die Natur durch eine Kombination aus traditionellen und neuen Arbeitsweisen zu heilen und den Schaden zu vermeiden oder wieder gutzumachen, den die industrielle Landwirtschaft anrichtet.<\/p>\n\n\n\n<div class=\"wp-block-media-text alignwide has-media-on-the-right is-stacked-on-mobile\"><figure class=\"wp-block-media-text__media\"><img decoding=\"async\" width=\"348\" height=\"450\" data-attachment-id=\"1783\" data-permalink=\"https:\/\/michaelshof-sammatz.de\/blog\/archehof\/biologisch-dynamische-landwirtschaft\/bio-2\/\" data-orig-file=\"https:\/\/michaelshof-sammatz.de\/blog\/wp-content\/uploads\/2019\/01\/bio-2.jpg\" data-orig-size=\"348,450\" data-comments-opened=\"0\" data-image-meta=\"{&quot;aperture&quot;:&quot;0&quot;,&quot;credit&quot;:&quot;&quot;,&quot;camera&quot;:&quot;&quot;,&quot;caption&quot;:&quot;&quot;,&quot;created_timestamp&quot;:&quot;0&quot;,&quot;copyright&quot;:&quot;&quot;,&quot;focal_length&quot;:&quot;0&quot;,&quot;iso&quot;:&quot;0&quot;,&quot;shutter_speed&quot;:&quot;0&quot;,&quot;title&quot;:&quot;&quot;,&quot;orientation&quot;:&quot;0&quot;}\" data-image-title=\"bio-2\" data-image-description=\"\" data-image-caption=\"\" data-medium-file=\"https:\/\/michaelshof-sammatz.de\/blog\/wp-content\/uploads\/2019\/01\/bio-2-232x300.jpg\" data-large-file=\"https:\/\/michaelshof-sammatz.de\/blog\/wp-content\/uploads\/2019\/01\/bio-2.jpg\" tabindex=\"0\" role=\"button\" src=\"http:\/\/michaelshof-sammatz.de\/blog\/wp-content\/uploads\/2019\/01\/bio-2.jpg\" alt=\"\" class=\"wp-image-1783\" srcset=\"https:\/\/michaelshof-sammatz.de\/blog\/wp-content\/uploads\/2019\/01\/bio-2.jpg 348w, https:\/\/michaelshof-sammatz.de\/blog\/wp-content\/uploads\/2019\/01\/bio-2-300x388.jpg 300w, https:\/\/michaelshof-sammatz.de\/blog\/wp-content\/uploads\/2019\/01\/bio-2-232x300.jpg 232w\" sizes=\"(max-width: 348px) 100vw, 348px\" \/><\/figure><div class=\"wp-block-media-text__content\">\n<p style=\"font-size:18px\"><strong>Bodenqualit\u00e4t verbessern<\/strong><\/p>\n\n\n\n<p>In der t\u00e4glichen Arbeit hei\u00dft das, dem Boden N\u00e4hrstoffe zuzuf\u00fchren und seine Lebenskr\u00e4fte zu st\u00e4rken, damit er im Lauf der Zeit nicht erodiert, wie es heute in der Landwirtschaft sonst unweigerlich passiert. Die Gesundheit der Pflanzen und Tiere, die Qualit\u00e4t der Ernte wird verbessert. Was dem Boden entnommen wird, muss ihm auch wieder zur\u00fcckgegeben werden. Wir setzen keine Industriechemie wie Unkrautvernichtungsmittel ein. Mit Hilfe unserer freiwilligen Helfer wird die gesamte Gartenpflege wie Unkraut j\u00e4ten, d\u00fcngen, pflanzen und ernten auf nat\u00fcrliche Weise durchgef\u00fchrt. Wir nutzen sowohl traditionelle Landbaumethoden wie den Einsatz von Tieren bei der Feldbestellung (im Fr\u00fchling k\u00f6nnt ihr manchmal den Pferden beim Pfl\u00fcgen zusehen) als auch moderne \u2039Helfer\u203a (Traktor &amp; Co.), da die Arbeit sonst nicht zu bew\u00e4ltigen ist.<\/p>\n\n\n\n<p>Unsere Nahrungsmittel sind gesund und nicht mit sch\u00e4dlichen unorganischen Substanzen belastet. Alles was in den Boden kommt, ist nat\u00fcrlich und folglich auch alles, was wieder herauskommt. Bei Sammatzer Obst, Gem\u00fcse oder Molkereiprodukten k\u00f6nnt ihr immer sicher sein, dass sie keine unerwarteten Zus\u00e4tze enthalten.<\/p>\n<\/div><\/div>\n\n\n\n<p style=\"font-size:18px\"><strong>Biologisch-dynamische Landwirtschaft, weltweit und seit fast hundert Jahren<\/strong><\/p>\n\n\n\n<p>Die biologische-dynamische Wirtschaftsweise geht auf Rudolf Steiner und den von ihm 1924 in Koberwitz gehaltenen \u2039Landwirtschaftlichen Kurs\u203a zur\u00fcck, der ein Verst\u00e4ndnis der Landwirtschaft vom geisteswissenschaftlichen Standpunkt der Anthroposophie aus anregen wollte. <\/p>\n\n\n\n<div class=\"wp-block-media-text alignwide is-stacked-on-mobile text-media-left\"><figure class=\"wp-block-media-text__media\"><img decoding=\"async\" width=\"559\" height=\"361\" data-attachment-id=\"1784\" data-permalink=\"https:\/\/michaelshof-sammatz.de\/blog\/archehof\/biologisch-dynamische-landwirtschaft\/bio-3\/\" data-orig-file=\"https:\/\/michaelshof-sammatz.de\/blog\/wp-content\/uploads\/2019\/01\/bio-3.jpg\" data-orig-size=\"559,361\" data-comments-opened=\"0\" data-image-meta=\"{&quot;aperture&quot;:&quot;0&quot;,&quot;credit&quot;:&quot;&quot;,&quot;camera&quot;:&quot;&quot;,&quot;caption&quot;:&quot;&quot;,&quot;created_timestamp&quot;:&quot;0&quot;,&quot;copyright&quot;:&quot;&quot;,&quot;focal_length&quot;:&quot;0&quot;,&quot;iso&quot;:&quot;0&quot;,&quot;shutter_speed&quot;:&quot;0&quot;,&quot;title&quot;:&quot;&quot;,&quot;orientation&quot;:&quot;0&quot;}\" data-image-title=\"bio-3\" data-image-description=\"\" data-image-caption=\"\" data-medium-file=\"https:\/\/michaelshof-sammatz.de\/blog\/wp-content\/uploads\/2019\/01\/bio-3-300x194.jpg\" data-large-file=\"https:\/\/michaelshof-sammatz.de\/blog\/wp-content\/uploads\/2019\/01\/bio-3.jpg\" tabindex=\"0\" role=\"button\" src=\"http:\/\/michaelshof-sammatz.de\/blog\/wp-content\/uploads\/2019\/01\/bio-3.jpg\" alt=\"\" class=\"wp-image-1784\" srcset=\"https:\/\/michaelshof-sammatz.de\/blog\/wp-content\/uploads\/2019\/01\/bio-3.jpg 559w, https:\/\/michaelshof-sammatz.de\/blog\/wp-content\/uploads\/2019\/01\/bio-3-300x194.jpg 300w\" sizes=\"(max-width: 559px) 100vw, 559px\" \/><\/figure><div class=\"wp-block-media-text__content\">\n<p>Seitdem hat sich die biologisch-dynamische Landwirtschaft zu einer einflussreichen Bewegung entwickelt \u2013 heute gibt es weltweit mehr als 3.500 biologisch-dynamisch arbeitende H\u00f6fe mit insgesamt 670.000 ha Anbaufl\u00e4che und eine Vielzahl unter diesem G\u00fctesiegel hergestellter Produkte (Demeter).<\/p>\n\n\n\n<p>Immer wenn es um Qualit\u00e4t geht, wird Demeter gesch\u00e4tzt \u2013 sei es in der Spitzengastronomie oder seit l\u00e4ngerem auch im Weinbau. Sammatz ist stolz, Teil dieser Bewegung zu sein und seit mehr als drei\u00dfig Jahren seinen Beitrag zu Erkenntnis und Erfahrung im biologisch-dynamischen Landbau zu leisten.<\/p>\n<\/div><\/div>\n\n\n\n<p>Auf den \u00c4ckern und in den G\u00e4rten werden spezielle Methoden angewandt, um das Pflanzen- und Gem\u00fcsewachstum zu f\u00f6rdern, beispielsweise durch das Ausbringen von Kompost, der mit unterschiedlichen Mistarten angereichert ist. Auch werden dem Kompost nat\u00fcrlich hergestellte Pr\u00e4parate hinzugef\u00fcgt, um seine Qualit\u00e4t zu verbessern. Ebenso ber\u00fccksichtigen wir den kosmischen Einfluss, beispielsweise der Mondzyklen, auf das Pflanzenwachstum. Um die Verbreitung von Unkraut und Sch\u00e4dlingen zu verhindern, arbeiten wir mit der Methode der Veraschung, dem Verbrennen der Samen und Ausstreuen der Asche unliebsamer Pflanzen auf den betroffenen Anbaufl\u00e4chen. <\/p>\n\n\n\n<div class=\"wp-block-media-text alignwide has-media-on-the-right is-stacked-on-mobile\"><figure class=\"wp-block-media-text__media\"><img loading=\"lazy\" decoding=\"async\" width=\"449\" height=\"308\" data-attachment-id=\"1785\" data-permalink=\"https:\/\/michaelshof-sammatz.de\/blog\/archehof\/biologisch-dynamische-landwirtschaft\/bio-4\/\" data-orig-file=\"https:\/\/michaelshof-sammatz.de\/blog\/wp-content\/uploads\/2019\/01\/bio-4.jpg\" data-orig-size=\"449,308\" data-comments-opened=\"0\" data-image-meta=\"{&quot;aperture&quot;:&quot;0&quot;,&quot;credit&quot;:&quot;&quot;,&quot;camera&quot;:&quot;&quot;,&quot;caption&quot;:&quot;&quot;,&quot;created_timestamp&quot;:&quot;0&quot;,&quot;copyright&quot;:&quot;&quot;,&quot;focal_length&quot;:&quot;0&quot;,&quot;iso&quot;:&quot;0&quot;,&quot;shutter_speed&quot;:&quot;0&quot;,&quot;title&quot;:&quot;&quot;,&quot;orientation&quot;:&quot;0&quot;}\" data-image-title=\"bio-4\" data-image-description=\"\" data-image-caption=\"\" data-medium-file=\"https:\/\/michaelshof-sammatz.de\/blog\/wp-content\/uploads\/2019\/01\/bio-4-300x206.jpg\" data-large-file=\"https:\/\/michaelshof-sammatz.de\/blog\/wp-content\/uploads\/2019\/01\/bio-4.jpg\" tabindex=\"0\" role=\"button\" src=\"http:\/\/michaelshof-sammatz.de\/blog\/wp-content\/uploads\/2019\/01\/bio-4.jpg\" alt=\"\" class=\"wp-image-1785\" srcset=\"https:\/\/michaelshof-sammatz.de\/blog\/wp-content\/uploads\/2019\/01\/bio-4.jpg 449w, https:\/\/michaelshof-sammatz.de\/blog\/wp-content\/uploads\/2019\/01\/bio-4-300x206.jpg 300w\" sizes=\"(max-width: 449px) 100vw, 449px\" \/><\/figure><div class=\"wp-block-media-text__content\">\n<p style=\"font-size:18px\"><strong>Nat\u00fcrliches Futter \u2013 gesunde Lebensmittel<\/strong><\/p>\n\n\n\n<p>Die biologisch-dynamische Methode setzt voraus, dass es auch in der Natur \u2013 ebenso wie beim Menschen \u2013 etwas Geistiges gibt, mit dem der Landwirt arbeiten kann. Von manchen als Esoterik bel\u00e4chelt, \u00fcberzeugt diese Art des Anbaues seit bald 100 Jahren durch die erzielte Verbesserung der B\u00f6den wie auch durch Charakteristik und Qualit\u00e4t der Lebensmittel.<\/p>\n\n\n\n<p>Ob du die biologisch dynamische Landwirtschaft schon kennst oder nicht, der Michaelshof l\u00e4dt zum Besuch seines nat\u00fcrlich bewirtschafteten Hofes wie auch zum Kauf seiner authentischen Bio-Produkte herzlich ein.<\/p>\n<\/div><\/div>\n\n\n\n<div style=\"height:50px\" aria-hidden=\"true\" class=\"wp-block-spacer\"><\/div>\n","protected":false},"excerpt":{"rendered":"<p>Biologisch-dynamische Landwirtschaft In Sammatz nutzen wir die biologisch-dynamische Wirtschaftsweise als landwirtschaftliche Methode. Ganz allgemein gesagt geht es bei dieser Form der Landwirtschaft darum, die Natur durch eine Kombination aus traditionellen und neuen Arbeitsweisen zu heilen und den Schaden zu vermeiden oder wieder gutzumachen, den die industrielle Landwirtschaft anrichtet. Bodenqualit\u00e4t verbessern In der t\u00e4glichen Arbeit hei\u00dft [&hellip;]<\/p>\n","protected":false},"author":1,"featured_media":0,"parent":109,"menu_order":0,"comment_status":"closed","ping_status":"closed","template":"","meta":{"footnotes":""},"class_list":["post-837","page","type-page","status-publish","hentry"],"jetpack_sharing_enabled":true,"jetpack_shortlink":"https:\/\/wp.me\/PaQBcD-dv","jetpack-related-posts":[],"_links":{"self":[{"href":"https:\/\/michaelshof-sammatz.de\/blog\/wp-json\/wp\/v2\/pages\/837"}],"collection":[{"href":"https:\/\/michaelshof-sammatz.de\/blog\/wp-json\/wp\/v2\/pages"}],"about":[{"href":"https:\/\/michaelshof-sammatz.de\/blog\/wp-json\/wp\/v2\/types\/page"}],"author":[{"embeddable":true,"href":"https:\/\/michaelshof-sammatz.de\/blog\/wp-json\/wp\/v2\/users\/1"}],"replies":[{"embeddable":true,"href":"https:\/\/michaelshof-sammatz.de\/blog\/wp-json\/wp\/v2\/comments?post=837"}],"version-history":[{"count":22,"href":"https:\/\/michaelshof-sammatz.de\/blog\/wp-json\/wp\/v2\/pages\/837\/revisions"}],"predecessor-version":[{"id":20820,"href":"https:\/\/michaelshof-sammatz.de\/blog\/wp-json\/wp\/v2\/pages\/837\/revisions\/20820"}],"up":[{"embeddable":true,"href":"https:\/\/michaelshof-sammatz.de\/blog\/wp-json\/wp\/v2\/pages\/109"}],"wp:attachment":[{"href":"https:\/\/michaelshof-sammatz.de\/blog\/wp-json\/wp\/v2\/media?parent=837"}],"curies":[{"name":"wp","href":"https:\/\/api.w.org\/{rel}","templated":true}]}}