

{"id":867,"date":"2019-01-06T19:16:54","date_gmt":"2019-01-06T18:16:54","guid":{"rendered":"http:\/\/michaelshof-campus.com\/blog\/?page_id=867"},"modified":"2020-08-28T13:17:52","modified_gmt":"2020-08-28T11:17:52","slug":"backerei","status":"publish","type":"page","link":"https:\/\/michaelshof-sammatz.de\/blog\/essen-trinken\/backerei\/","title":{"rendered":"Essen &#038; Trinken | B\u00e4ckerei"},"content":{"rendered":"\n<h1 class=\"wp-block-heading\"><strong>B\u00e4ckerei<\/strong><\/h1>\n\n\n\n<div style=\"height:85px\" aria-hidden=\"true\" class=\"wp-block-spacer\"><\/div>\n\n\n\n<figure class=\"wp-block-image pageTeaserImage\"><img fetchpriority=\"high\" decoding=\"async\" width=\"751\" height=\"486\" data-attachment-id=\"1897\" data-permalink=\"https:\/\/michaelshof-sammatz.de\/blog\/essen-trinken\/food-backerei-1\/\" data-orig-file=\"https:\/\/michaelshof-sammatz.de\/blog\/wp-content\/uploads\/2019\/01\/food-backerei-1.jpg\" data-orig-size=\"751,486\" data-comments-opened=\"0\" data-image-meta=\"{&quot;aperture&quot;:&quot;0&quot;,&quot;credit&quot;:&quot;&quot;,&quot;camera&quot;:&quot;&quot;,&quot;caption&quot;:&quot;&quot;,&quot;created_timestamp&quot;:&quot;0&quot;,&quot;copyright&quot;:&quot;&quot;,&quot;focal_length&quot;:&quot;0&quot;,&quot;iso&quot;:&quot;0&quot;,&quot;shutter_speed&quot;:&quot;0&quot;,&quot;title&quot;:&quot;&quot;,&quot;orientation&quot;:&quot;0&quot;}\" data-image-title=\"B\u00e4ckerei\" data-image-description=\"\" data-image-caption=\"\" data-medium-file=\"https:\/\/michaelshof-sammatz.de\/blog\/wp-content\/uploads\/2019\/01\/food-backerei-1-300x194.jpg\" data-large-file=\"https:\/\/michaelshof-sammatz.de\/blog\/wp-content\/uploads\/2019\/01\/food-backerei-1.jpg\" tabindex=\"0\" role=\"button\" src=\"https:\/\/michaelshof-sammatz.de\/blog\/wp-content\/uploads\/2019\/01\/food-backerei-1.jpg\" alt=\"B\u00e4ckerei am Michaelshof Sammatz\" class=\"wp-image-1897\" srcset=\"https:\/\/michaelshof-sammatz.de\/blog\/wp-content\/uploads\/2019\/01\/food-backerei-1.jpg 751w, https:\/\/michaelshof-sammatz.de\/blog\/wp-content\/uploads\/2019\/01\/food-backerei-1-300x194.jpg 300w, https:\/\/michaelshof-sammatz.de\/blog\/wp-content\/uploads\/2019\/01\/food-backerei-1-600x388.jpg 600w\" sizes=\"(max-width: 751px) 100vw, 751px\" \/><\/figure>\n\n\n\n<div style=\"height:35px\" aria-hidden=\"true\" class=\"wp-block-spacer\"><\/div>\n\n\n\n\n\n\n\n<div style=\"height:50px\" aria-hidden=\"true\" class=\"wp-block-spacer\"><\/div>\n\n\n\n<p>Wer am fr\u00fchen Morgen an der B\u00e4ckerei vorbeil\u00e4uft, dem zieht ein wunderbarer Duft von Frischgebackenem in die Nase. Da f\u00e4llt es schwer, nicht sofort in das kleine Geb\u00e4ude mit dem runden Holzofen hineinzulaufen und nach einem frischen Br\u00f6tchen oder s\u00fc\u00dfen Teilchen zu fragen.  <\/p>\n\n\n\n<div class=\"wp-block-media-text alignwide has-media-on-the-right\" style=\"grid-template-columns:auto 45%\"><figure class=\"wp-block-media-text__media\"><img decoding=\"async\" width=\"797\" height=\"1024\" data-attachment-id=\"27137\" data-permalink=\"https:\/\/michaelshof-sammatz.de\/blog\/essen-trinken\/backerei\/bildschirmfoto-2018-01-30-um-01-32-31\/\" data-orig-file=\"https:\/\/michaelshof-sammatz.de\/blog\/wp-content\/uploads\/2020\/08\/Bildschirmfoto-2018-01-30-um-01.32.31.jpg\" data-orig-size=\"1417,1820\" data-comments-opened=\"0\" data-image-meta=\"{&quot;aperture&quot;:&quot;0&quot;,&quot;credit&quot;:&quot;&quot;,&quot;camera&quot;:&quot;&quot;,&quot;caption&quot;:&quot;&quot;,&quot;created_timestamp&quot;:&quot;0&quot;,&quot;copyright&quot;:&quot;&quot;,&quot;focal_length&quot;:&quot;0&quot;,&quot;iso&quot;:&quot;0&quot;,&quot;shutter_speed&quot;:&quot;0&quot;,&quot;title&quot;:&quot;&quot;,&quot;orientation&quot;:&quot;1&quot;}\" data-image-title=\"Bildschirmfoto-2018-01-30-um-01.32.31\" data-image-description=\"\" data-image-caption=\"\" data-medium-file=\"https:\/\/michaelshof-sammatz.de\/blog\/wp-content\/uploads\/2020\/08\/Bildschirmfoto-2018-01-30-um-01.32.31-234x300.jpg\" data-large-file=\"https:\/\/michaelshof-sammatz.de\/blog\/wp-content\/uploads\/2020\/08\/Bildschirmfoto-2018-01-30-um-01.32.31-797x1024.jpg\" tabindex=\"0\" role=\"button\" src=\"https:\/\/michaelshof-sammatz.de\/blog\/wp-content\/uploads\/2020\/08\/Bildschirmfoto-2018-01-30-um-01.32.31-797x1024.jpg\" alt=\"\" class=\"wp-image-27137\" srcset=\"https:\/\/michaelshof-sammatz.de\/blog\/wp-content\/uploads\/2020\/08\/Bildschirmfoto-2018-01-30-um-01.32.31-797x1024.jpg 797w, https:\/\/michaelshof-sammatz.de\/blog\/wp-content\/uploads\/2020\/08\/Bildschirmfoto-2018-01-30-um-01.32.31-234x300.jpg 234w, https:\/\/michaelshof-sammatz.de\/blog\/wp-content\/uploads\/2020\/08\/Bildschirmfoto-2018-01-30-um-01.32.31-117x150.jpg 117w, https:\/\/michaelshof-sammatz.de\/blog\/wp-content\/uploads\/2020\/08\/Bildschirmfoto-2018-01-30-um-01.32.31-768x986.jpg 768w, https:\/\/michaelshof-sammatz.de\/blog\/wp-content\/uploads\/2020\/08\/Bildschirmfoto-2018-01-30-um-01.32.31-1196x1536.jpg 1196w, https:\/\/michaelshof-sammatz.de\/blog\/wp-content\/uploads\/2020\/08\/Bildschirmfoto-2018-01-30-um-01.32.31-300x385.jpg 300w, https:\/\/michaelshof-sammatz.de\/blog\/wp-content\/uploads\/2020\/08\/Bildschirmfoto-2018-01-30-um-01.32.31-600x771.jpg 600w, https:\/\/michaelshof-sammatz.de\/blog\/wp-content\/uploads\/2020\/08\/Bildschirmfoto-2018-01-30-um-01.32.31.jpg 1417w\" sizes=\"(max-width: 797px) 100vw, 797px\" \/><\/figure><div class=\"wp-block-media-text__content\">\n<p>Eingeheizt wird hier mit trockenem Buchen-, Birken- und ein wenig Kiefernholz, das besonders gut f\u00fcr das Backen geeignet ist. Bereits am sp\u00e4ten Abend wird angefeuert, sodass es dem  Schamott-Stein m\u00f6glich gemacht wird, sehr langsam die W\u00e4rme zu speichern. Nur dann kann er morgens die f\u00fcr den Backprozess n\u00f6tige W\u00e4rme langsam genug wieder abgeben. Bevor das Backen in der Fr\u00fch dann losgehen kann, werden noch r\u00fcckst\u00e4ndige Glut und Asche aus dem Ofen gekehrt, durch die auch der typische, leicht rauchige \u2039Steinofen-Geschmack\u203a der Produkte entsteht.<br> Das auf dem Dachboden gelagerte Demeter-Korn gelangt durch unsere \u2039Osttiroler Steinm\u00fchle\u203a, von oben in die Backstube hinein. Hier wird es dann als Vollkornmehl f\u00fcr die meisten unserer Brote verwendet. F\u00fcr die feineren Teige wird eine Sieb-Maschine ben\u00f6tigt, die das Vollkornmehl noch einmal in Kleie und Feinmehl trennt. <\/p>\n\n\n\n<h3 class=\"has-text-align-left wp-block-heading\"><strong>Der typische, leicht rauchige<\/strong><\/h3>\n\n\n\n<h4 class=\"has-text-align-left wp-block-heading\"><strong>\u2039Steinofen-Geschmack\u203a der Brote \u2026<\/strong><\/h4>\n\n\n\n<p><\/p>\n<\/div><\/div>\n\n\n\n<p><br>Alle Sauerteige wurden bereits am vergangenen Nachmittag vorbereitet, sie brauchen diese Zeit, um ihre G\u00e4rprozesse in Gang zu bringen; Hefeteigprodukte hingegen werden direkt vor dem Backen hergestellt.<\/p>\n\n\n\n<p>Die meisten Teige werden von Hand geknetet, nur bei gr\u00f6\u00dferen Mengen wird die Knetmaschine angeschaltet. Die Teige werden dann gut vermengt in ihre gew\u00fcnschte Form gebracht. Das geschieht entweder durch G\u00e4rk\u00f6rbe (aus Rattanpalmen gefertigte Backsch\u00fcsseln, die das Brot wunderbar gleichf\u00f6rmig werden lassen), durch die bekannten Kastenformen (beide genannten Beh\u00e4ltnisse kommen mit in den Ofen hinein) oder auch \u201afrei g\u00e4rend\u2018 (hier sind die B\u00e4cker dann ein bisschen in ihrem K\u00f6nnen gefragt).<\/p>\n\n\n\n<div class=\"wp-block-media-text alignwide text-media-left\"><figure class=\"wp-block-media-text__media\"><img decoding=\"async\" width=\"556\" height=\"301\" data-attachment-id=\"1899\" data-permalink=\"https:\/\/michaelshof-sammatz.de\/blog\/essen-trinken\/food-backerei-3\/\" data-orig-file=\"https:\/\/michaelshof-sammatz.de\/blog\/wp-content\/uploads\/2019\/01\/food-backerei-3.jpg\" data-orig-size=\"556,301\" data-comments-opened=\"0\" data-image-meta=\"{&quot;aperture&quot;:&quot;0&quot;,&quot;credit&quot;:&quot;&quot;,&quot;camera&quot;:&quot;&quot;,&quot;caption&quot;:&quot;&quot;,&quot;created_timestamp&quot;:&quot;0&quot;,&quot;copyright&quot;:&quot;&quot;,&quot;focal_length&quot;:&quot;0&quot;,&quot;iso&quot;:&quot;0&quot;,&quot;shutter_speed&quot;:&quot;0&quot;,&quot;title&quot;:&quot;&quot;,&quot;orientation&quot;:&quot;0&quot;}\" data-image-title=\"food-backerei-3\" data-image-description=\"\" data-image-caption=\"\" data-medium-file=\"https:\/\/michaelshof-sammatz.de\/blog\/wp-content\/uploads\/2019\/01\/food-backerei-3-300x162.jpg\" data-large-file=\"https:\/\/michaelshof-sammatz.de\/blog\/wp-content\/uploads\/2019\/01\/food-backerei-3.jpg\" tabindex=\"0\" role=\"button\" src=\"http:\/\/michaelshof-sammatz.de\/blog\/wp-content\/uploads\/2019\/01\/food-backerei-3.jpg\" alt=\"\" class=\"wp-image-1899\" srcset=\"https:\/\/michaelshof-sammatz.de\/blog\/wp-content\/uploads\/2019\/01\/food-backerei-3.jpg 556w, https:\/\/michaelshof-sammatz.de\/blog\/wp-content\/uploads\/2019\/01\/food-backerei-3-300x162.jpg 300w\" sizes=\"(max-width: 556px) 100vw, 556px\" \/><\/figure><div class=\"wp-block-media-text__content\">\n<p>Nachdem noch gew\u00fcnschte Verzier-Schnitte vorgenommen wurden, werden die Laiber mit Hilfe des Holz-Schiebers durch die \u00d6ffnung des Ofens bewegt. Jede Brot-Art hat seine ganz individuelle G\u00e4r- und Backzeit; hinzu kommt, dass man beim Holzbackofen immer wieder kontrollieren muss, wie sich die W\u00e4rme verh\u00e4lt, um entscheiden zu k\u00f6nnen, wann das Brot letztendlich fertig ist. Ein sensibler Prozess, der von wachsamen Augen begleitet werden muss, um gleichbleibende Qualit\u00e4t zu gew\u00e4hrleisten. <br> Denn \u2013 nicht jeder Tag ist gleich in der Backstube \u2013 weht der Wind beispielsweise mal zu stark am Schornstein vorbei, kann auch die W\u00e4rme des Ofens schneller vergehen als gedacht und der B\u00e4cker muss umdisponieren. <\/p>\n<\/div><\/div>\n\n\n\n<div class=\"wp-block-columns has-2-columns is-layout-flex wp-container-core-columns-is-layout-1 wp-block-columns-is-layout-flex\">\n<div class=\"wp-block-column is-layout-flow wp-block-column-is-layout-flow\">\n<p class=\"has-text-align-left\">Wenn die Brote dann alle duftend auf dem Tisch der B\u00e4ckerei liegen, haben sie nur noch einen kurzen Weg ins vorl\u00e4ufige Ziel. <br>Etwas abgek\u00fchlt nehmen sie ihren Gang in den Hofladen, um in ihren Regalen die Aufmerksamkeit der Kunden zu gewinnen. <\/p>\n\n\n\n<p class=\"has-text-align-left\">\u201eT-Shirt-Brot\u201c nennen die Sammatzer Kinder das Holzofenbrot wegen des charakteristischen Querschnitts \u2013 frisch wird es schneller verputzt als Kuchen. Roggenvollkorn, M\u00f6hre, Sonnendinkel \u2013 f\u00fcr das Brot allein w\u00fcrde sich der Besuch am Michaelshof schon lohnen.<\/p>\n<\/div>\n\n\n\n<div class=\"wp-block-column is-layout-flow wp-block-column-is-layout-flow\">\n<div style=\"height:25px\" aria-hidden=\"true\" class=\"wp-block-spacer\"><\/div>\n\n\n\n<h3 class=\"has-text-align-left padding-left wp-block-heading\"><strong>Ein sensibler Prozess,<\/strong><\/h3>\n\n\n\n<h4 class=\"has-text-align-left padding-left wp-block-heading\"><strong>der von wachsamen Augen <br>begleitet werden muss \u2026<\/strong><\/h4>\n<\/div>\n<\/div>\n\n\n\n<p>Verlockend ist auch die Br\u00f6tchenvielfalt von s\u00fc\u00df bis herzhaft sowie feines Geb\u00e4ck wie Mohnschnecken, Nussecken und Franzbr\u00f6tchen. Und nicht nur Kinder lieben die weichen Schokobr\u00f6tchen der B\u00e4ckerei am Michaelshof! <\/p>\n\n\n\n<div style=\"height:50px\" aria-hidden=\"true\" class=\"wp-block-spacer\"><\/div>\n","protected":false},"excerpt":{"rendered":"<p>B\u00e4ckerei Wer am fr\u00fchen Morgen an der B\u00e4ckerei vorbeil\u00e4uft, dem zieht ein wunderbarer Duft von Frischgebackenem in die Nase. Da f\u00e4llt es schwer, nicht sofort in das kleine Geb\u00e4ude mit dem runden Holzofen hineinzulaufen und nach einem frischen Br\u00f6tchen oder s\u00fc\u00dfen Teilchen zu fragen. Eingeheizt wird hier mit trockenem Buchen-, Birken- und ein wenig Kiefernholz, [&hellip;]<\/p>\n","protected":false},"author":1,"featured_media":0,"parent":113,"menu_order":0,"comment_status":"closed","ping_status":"closed","template":"","meta":{"footnotes":""},"class_list":["post-867","page","type-page","status-publish","hentry"],"jetpack_sharing_enabled":true,"jetpack_shortlink":"https:\/\/wp.me\/PaQBcD-dZ","jetpack-related-posts":[],"_links":{"self":[{"href":"https:\/\/michaelshof-sammatz.de\/blog\/wp-json\/wp\/v2\/pages\/867"}],"collection":[{"href":"https:\/\/michaelshof-sammatz.de\/blog\/wp-json\/wp\/v2\/pages"}],"about":[{"href":"https:\/\/michaelshof-sammatz.de\/blog\/wp-json\/wp\/v2\/types\/page"}],"author":[{"embeddable":true,"href":"https:\/\/michaelshof-sammatz.de\/blog\/wp-json\/wp\/v2\/users\/1"}],"replies":[{"embeddable":true,"href":"https:\/\/michaelshof-sammatz.de\/blog\/wp-json\/wp\/v2\/comments?post=867"}],"version-history":[{"count":24,"href":"https:\/\/michaelshof-sammatz.de\/blog\/wp-json\/wp\/v2\/pages\/867\/revisions"}],"predecessor-version":[{"id":27139,"href":"https:\/\/michaelshof-sammatz.de\/blog\/wp-json\/wp\/v2\/pages\/867\/revisions\/27139"}],"up":[{"embeddable":true,"href":"https:\/\/michaelshof-sammatz.de\/blog\/wp-json\/wp\/v2\/pages\/113"}],"wp:attachment":[{"href":"https:\/\/michaelshof-sammatz.de\/blog\/wp-json\/wp\/v2\/media?parent=867"}],"curies":[{"name":"wp","href":"https:\/\/api.w.org\/{rel}","templated":true}]}}