

{"id":879,"date":"2019-01-06T19:20:14","date_gmt":"2019-01-06T18:20:14","guid":{"rendered":"http:\/\/michaelshof-campus.com\/blog\/?page_id=879"},"modified":"2020-02-21T16:15:52","modified_gmt":"2020-02-21T15:15:52","slug":"heilpflanzen","status":"publish","type":"page","link":"https:\/\/michaelshof-sammatz.de\/blog\/garten-park\/heilpflanzen\/","title":{"rendered":"G\u00e4rten &#038; Park | Heilpflanzen"},"content":{"rendered":"\n<h1 class=\"wp-block-heading\"><strong>Heilpflanzen<\/strong><\/h1>\n\n\n\n<div style=\"height:85px\" aria-hidden=\"true\" class=\"wp-block-spacer\"><\/div>\n\n\n\n<figure class=\"wp-block-image pageTeaserImage\"><img fetchpriority=\"high\" decoding=\"async\" width=\"847\" height=\"277\" data-attachment-id=\"1168\" data-permalink=\"https:\/\/michaelshof-sammatz.de\/blog\/garten-park\/heilpflanzen\/heilpflanzen-1\/\" data-orig-file=\"https:\/\/michaelshof-sammatz.de\/blog\/wp-content\/uploads\/2019\/01\/heilpflanzen-1.jpg\" data-orig-size=\"847,277\" data-comments-opened=\"0\" data-image-meta=\"{&quot;aperture&quot;:&quot;0&quot;,&quot;credit&quot;:&quot;&quot;,&quot;camera&quot;:&quot;&quot;,&quot;caption&quot;:&quot;&quot;,&quot;created_timestamp&quot;:&quot;0&quot;,&quot;copyright&quot;:&quot;&quot;,&quot;focal_length&quot;:&quot;0&quot;,&quot;iso&quot;:&quot;0&quot;,&quot;shutter_speed&quot;:&quot;0&quot;,&quot;title&quot;:&quot;&quot;,&quot;orientation&quot;:&quot;0&quot;}\" data-image-title=\"Heilpflanzen\" data-image-description=\"\" data-image-caption=\"\" data-medium-file=\"https:\/\/michaelshof-sammatz.de\/blog\/wp-content\/uploads\/2019\/01\/heilpflanzen-1-300x98.jpg\" data-large-file=\"https:\/\/michaelshof-sammatz.de\/blog\/wp-content\/uploads\/2019\/01\/heilpflanzen-1.jpg\" tabindex=\"0\" role=\"button\" src=\"https:\/\/michaelshof-sammatz.de\/blog\/wp-content\/uploads\/2019\/01\/heilpflanzen-1.jpg\" alt=\"Heilpflanzen | Michaelshof Sammatz\" class=\"wp-image-1168\" srcset=\"https:\/\/michaelshof-sammatz.de\/blog\/wp-content\/uploads\/2019\/01\/heilpflanzen-1.jpg 847w, https:\/\/michaelshof-sammatz.de\/blog\/wp-content\/uploads\/2019\/01\/heilpflanzen-1-300x98.jpg 300w, https:\/\/michaelshof-sammatz.de\/blog\/wp-content\/uploads\/2019\/01\/heilpflanzen-1-600x196.jpg 600w, https:\/\/michaelshof-sammatz.de\/blog\/wp-content\/uploads\/2019\/01\/heilpflanzen-1-150x49.jpg 150w, https:\/\/michaelshof-sammatz.de\/blog\/wp-content\/uploads\/2019\/01\/heilpflanzen-1-768x251.jpg 768w\" sizes=\"(max-width: 847px) 100vw, 847px\" \/><\/figure>\n\n\n\n<div style=\"height:50px\" aria-hidden=\"true\" class=\"wp-block-spacer\"><\/div>\n\n\n\n\n\n\n\n<div style=\"height:35px\" aria-hidden=\"true\" class=\"wp-block-spacer\"><\/div>\n\n\n\n<p>Heilpflanzen finden wir \u00fcberall in den G\u00e4rten des Michaelshof sowie auf dem Acker, wo sie in vielen Beeten f\u00fcr die Teeproduktion kultiviert werden. <br>\nSo begegnen wir auf unseren G\u00e4ngen durch die verschiedenen G\u00e4rten bekannten Heilkr\u00e4utern wie der Kamille und dem Lavendel, aber auch einigen unbekannteren wie dem Heilziest, der Blutwurz und vielen weiteren. Sie zeichnen sich oft durch wundervolle D\u00fcfte aus und stehen in ihrer Sch\u00f6nheit den Zierpflanzen in nichts nach.<\/p>\n\n\n\n<div class=\"wp-block-media-text alignwide has-media-on-the-right is-stacked-on-mobile text-media-right\"><figure class=\"wp-block-media-text__media\"><img decoding=\"async\" width=\"445\" height=\"456\" data-attachment-id=\"1169\" data-permalink=\"https:\/\/michaelshof-sammatz.de\/blog\/garten-park\/heilpflanzen\/heilpflanzen-2\/\" data-orig-file=\"https:\/\/michaelshof-sammatz.de\/blog\/wp-content\/uploads\/2019\/01\/heilpflanzen-2.jpg\" data-orig-size=\"445,456\" data-comments-opened=\"0\" data-image-meta=\"{&quot;aperture&quot;:&quot;0&quot;,&quot;credit&quot;:&quot;&quot;,&quot;camera&quot;:&quot;&quot;,&quot;caption&quot;:&quot;&quot;,&quot;created_timestamp&quot;:&quot;0&quot;,&quot;copyright&quot;:&quot;&quot;,&quot;focal_length&quot;:&quot;0&quot;,&quot;iso&quot;:&quot;0&quot;,&quot;shutter_speed&quot;:&quot;0&quot;,&quot;title&quot;:&quot;&quot;,&quot;orientation&quot;:&quot;0&quot;}\" data-image-title=\"heilpflanzen-2\" data-image-description=\"\" data-image-caption=\"\" data-medium-file=\"https:\/\/michaelshof-sammatz.de\/blog\/wp-content\/uploads\/2019\/01\/heilpflanzen-2-293x300.jpg\" data-large-file=\"https:\/\/michaelshof-sammatz.de\/blog\/wp-content\/uploads\/2019\/01\/heilpflanzen-2.jpg\" tabindex=\"0\" role=\"button\" src=\"http:\/\/michaelshof-sammatz.de\/blog\/wp-content\/uploads\/2019\/01\/heilpflanzen-2.jpg\" alt=\"\" class=\"wp-image-1169\" srcset=\"https:\/\/michaelshof-sammatz.de\/blog\/wp-content\/uploads\/2019\/01\/heilpflanzen-2.jpg 445w, https:\/\/michaelshof-sammatz.de\/blog\/wp-content\/uploads\/2019\/01\/heilpflanzen-2-300x307.jpg 300w, https:\/\/michaelshof-sammatz.de\/blog\/wp-content\/uploads\/2019\/01\/heilpflanzen-2-293x300.jpg 293w\" sizes=\"(max-width: 445px) 100vw, 445px\" \/><\/figure><div class=\"wp-block-media-text__content\">\n<p>Dabei f\u00e4llt unser Blick beispielsweise auf den Fingerhut, der in seinen unterschiedlichen Varianten ein herrlicher Rosenbegleiter ist, allerdings in gro\u00dfer Anzahl auf dem linken Staudenplateau unten zu finden ist. Er ist giftig und nur die Spezies \u201aDigitalis purpurea\u2019 ist als hom\u00f6opatisches Mittel au\u00dferordentlich wirksam. Auch der Salbei begleitet uns in seiner heilkr\u00e4ftigen Form mit den herrlich duftenden Bl\u00e4ttern durch die G\u00e4rten; er hat viele Br\u00fcder und Schwestern im Areal der Zierpflanzen, die wundersch\u00f6n anzusehen sind.<\/p>\n\n\n\n<p>Am Wegesrand ist auch das wild wachsende Sch\u00f6llkraut zu sehen, das jede Warze in die Flucht zu schlagen vermag. Nebenan bl\u00fcht schon im April der bodennahe Gundermann, der mit seinen kleinen violetten Bl\u00fctchen bet\u00f6rt und als ganze Pflanze im Kr\u00e4utertee verwendet wird. <br> Ganz wichtig ist auch der bekannte Spitzwegerich mit seinem dicken Bruder, dem Breitwegerich, den wir weitaus weniger finden. Und nicht zu vergessen: die Brennnessel! Sie w\u00e4chst fast \u00fcberall und jeder vermeint sie zu kennen, doch die wenigsten wissen, wie heilsam sie f\u00fcr Erde und Mensch ist.<\/p>\n<\/div><\/div>\n\n\n\n<p>Die Rose zeigt sich uns ja in gro\u00dfer Zahl in unseren Zierg\u00e4rten, doch ist ihre heilkr\u00e4ftige Form, die Damaszener-Rose, vor allem auf dem Heilpflanzen-Acker beheimatet. <\/p>\n\n\n\n<div class=\"wp-block-media-text alignwide is-stacked-on-mobile text-media-left\" style=\"grid-template-columns:45% auto\"><figure class=\"wp-block-media-text__media\"><img decoding=\"async\" width=\"390\" height=\"907\" data-attachment-id=\"13996\" data-permalink=\"https:\/\/michaelshof-sammatz.de\/blog\/garten-park\/heilpflanzen\/d_3-4_gp_heilpflanzen-01\/\" data-orig-file=\"https:\/\/michaelshof-sammatz.de\/blog\/wp-content\/uploads\/2019\/03\/d_3.4_GP_Heilpflanzen-01.jpg\" data-orig-size=\"390,907\" data-comments-opened=\"0\" data-image-meta=\"{&quot;aperture&quot;:&quot;0&quot;,&quot;credit&quot;:&quot;&quot;,&quot;camera&quot;:&quot;&quot;,&quot;caption&quot;:&quot;&quot;,&quot;created_timestamp&quot;:&quot;0&quot;,&quot;copyright&quot;:&quot;&quot;,&quot;focal_length&quot;:&quot;0&quot;,&quot;iso&quot;:&quot;0&quot;,&quot;shutter_speed&quot;:&quot;0&quot;,&quot;title&quot;:&quot;&quot;,&quot;orientation&quot;:&quot;0&quot;}\" data-image-title=\"d_3.4_G&#038;P_Heilpflanzen-01\" data-image-description=\"\" data-image-caption=\"\" data-medium-file=\"https:\/\/michaelshof-sammatz.de\/blog\/wp-content\/uploads\/2019\/03\/d_3.4_GP_Heilpflanzen-01-129x300.jpg\" data-large-file=\"https:\/\/michaelshof-sammatz.de\/blog\/wp-content\/uploads\/2019\/03\/d_3.4_GP_Heilpflanzen-01.jpg\" tabindex=\"0\" role=\"button\" src=\"http:\/\/michaelshof-sammatz.de\/blog\/wp-content\/uploads\/2019\/03\/d_3.4_GP_Heilpflanzen-01.jpg\" alt=\"\" class=\"wp-image-13996\" srcset=\"https:\/\/michaelshof-sammatz.de\/blog\/wp-content\/uploads\/2019\/03\/d_3.4_GP_Heilpflanzen-01.jpg 390w, https:\/\/michaelshof-sammatz.de\/blog\/wp-content\/uploads\/2019\/03\/d_3.4_GP_Heilpflanzen-01-300x698.jpg 300w, https:\/\/michaelshof-sammatz.de\/blog\/wp-content\/uploads\/2019\/03\/d_3.4_GP_Heilpflanzen-01-64x150.jpg 64w, https:\/\/michaelshof-sammatz.de\/blog\/wp-content\/uploads\/2019\/03\/d_3.4_GP_Heilpflanzen-01-129x300.jpg 129w\" sizes=\"(max-width: 390px) 100vw, 390px\" \/><\/figure><div class=\"wp-block-media-text__content\">\n<p style=\"font-size:18px\"><strong>Str\u00e4ucher  und B\u00e4ume<\/strong><\/p>\n\n\n\n<p>Bei den heilkr\u00e4ftigen Str\u00e4uchern steht die Schlehe ganz vorn, die als erste im M\u00e4rz in ihren Bl\u00fcten beerntet wird. Sie l\u00e4sst sich jedoch lange Zeit und bildet erst im November ihre Fr\u00fcchte zur vollen Reife aus, die als Saft verarbeitet insbesondere als kr\u00e4ftigender Trunk in der kalten Jahreszeit genutzt wird. Auch in vielen weiteren Heilmitteln ist die Schlehenbeere wichtiger Bestandteil. <\/p>\n\n\n\n<p>Sehr verbreitet in unseren Anlagen ist der Holunder, den wir ob seines kr\u00e4ftigen Wuchses wie auch seiner leckeren Bl\u00fcten und Fr\u00fcchte sehr sch\u00e4tzen.<br> Einen weiteren originellen Strauch, der bis zu vier Meter hoch wird, finden wir noch in der Arena, den Sanddorn, dessen knallig-orangene Beeren einen sehr kr\u00e4ftigenden Saft ergeben. DIe Pflanze ist einer der hervorragendsten Vitamin-C-Spender.<\/p>\n\n\n\n<p>Wenn wir den Blick noch weiter nach oben richten, schauen wir auf die B\u00e4ume, unter denen wir auch einige au\u00dferordentlich heilkr\u00e4ftige Vertreter finden. So beispielsweise die Linde mit ihrem s\u00fc\u00dflich-milden Geschmack; sie k\u00f6nnen wir gut getrocknet das ganze Jahr als Tee genie\u00dfen und damit etwaigen Erk\u00e4ltungskrankheiten vorbeugen. Aber auch die Fichtennadeln sind ja recht bekannt wegen ihrer kr\u00e4ftigenden Wirkung als Badezusatz.<\/p>\n\n\n\n<h4 class=\"wp-block-heading\"><strong>Vieles, was dem Menschen hilft, <br>hilft auch der Erde \u2026 <\/strong><br><br><\/h4>\n\n\n\n<p>Ebenso m\u00fcssen wir gen Himmel blicken, um die Mistel in den Baumkronen zu entdecken, die dort als Schmarotzer lebt. Sie ist jedoch auch heilkr\u00e4ftig und wird in feiner Dosierung insbesondere gegen die Krebskrankheit eingesetzt. Wir nutzen dieselbe nur f\u00fcr unsere Qualit\u00e4tsuntersuchungen. In Sammatz sind allerdings keine Misteln zu finden, aber in einiger Entfernung gibt\u2019s ein gutes Angebot.<\/p>\n\n\n\n<p>Wenn wir schon von B\u00e4umen sprechen: in der Area unserer Website unter \u2039Forschen &amp; Heilen\u203a findet ihr auch weitere Informationen zur Herstellung und Anwendung biologisch-dynamischer Pr\u00e4parate, wie sie Rudolf Steiner 1924 f\u00fcr die Fruchtbarkeit der Erde in seinem \u2039Landwirtschaftlichen Kurs\u203a gegeben hat. <\/p>\n<\/div><\/div>\n\n\n\n<p>Auch hier sind wieder die Heilpflanzen wie Brennnessel, Baldrian, L\u00f6wenzahn, Kamille und Schafgarbe und ebenso in ihrer kosmischen Qualit\u00e4t gefragt wie die Eichenrinde zusammen f\u00fcr die Fruchtbarkeit der B\u00f6den sorgen. Vieles, was dem Menschen hilft, hilft auch der Erde \u2026<\/p>\n\n\n\n<div class=\"wp-block-media-text alignwide has-media-on-the-right is-stacked-on-mobile text-media-right\"><figure class=\"wp-block-media-text__media\"><img loading=\"lazy\" decoding=\"async\" width=\"345\" height=\"595\" data-attachment-id=\"1183\" data-permalink=\"https:\/\/michaelshof-sammatz.de\/blog\/garten-park\/heilpflanzen\/heilpflanzen-5\/\" data-orig-file=\"https:\/\/michaelshof-sammatz.de\/blog\/wp-content\/uploads\/2019\/01\/heilpflanzen-5.jpg\" data-orig-size=\"345,595\" data-comments-opened=\"0\" data-image-meta=\"{&quot;aperture&quot;:&quot;0&quot;,&quot;credit&quot;:&quot;&quot;,&quot;camera&quot;:&quot;&quot;,&quot;caption&quot;:&quot;&quot;,&quot;created_timestamp&quot;:&quot;0&quot;,&quot;copyright&quot;:&quot;&quot;,&quot;focal_length&quot;:&quot;0&quot;,&quot;iso&quot;:&quot;0&quot;,&quot;shutter_speed&quot;:&quot;0&quot;,&quot;title&quot;:&quot;&quot;,&quot;orientation&quot;:&quot;0&quot;}\" data-image-title=\"heilpflanzen-5\" data-image-description=\"\" data-image-caption=\"\" data-medium-file=\"https:\/\/michaelshof-sammatz.de\/blog\/wp-content\/uploads\/2019\/01\/heilpflanzen-5-174x300.jpg\" data-large-file=\"https:\/\/michaelshof-sammatz.de\/blog\/wp-content\/uploads\/2019\/01\/heilpflanzen-5.jpg\" tabindex=\"0\" role=\"button\" src=\"http:\/\/michaelshof-sammatz.de\/blog\/wp-content\/uploads\/2019\/01\/heilpflanzen-5.jpg\" alt=\"\" class=\"wp-image-1183\" srcset=\"https:\/\/michaelshof-sammatz.de\/blog\/wp-content\/uploads\/2019\/01\/heilpflanzen-5.jpg 345w, https:\/\/michaelshof-sammatz.de\/blog\/wp-content\/uploads\/2019\/01\/heilpflanzen-5-300x517.jpg 300w, https:\/\/michaelshof-sammatz.de\/blog\/wp-content\/uploads\/2019\/01\/heilpflanzen-5-174x300.jpg 174w\" sizes=\"(max-width: 345px) 100vw, 345px\" \/><\/figure><div class=\"wp-block-media-text__content\">\n<p style=\"font-size:18px\"><strong>Auf dem Heilpflanzen-Acker<\/strong><\/p>\n\n\n\n<p>Kommen wir dann zu dem Acker und dem speziellen Anbau der Heilpflanzen, so zeigt sich uns eine gro\u00dfe Zahl an Beeten, auf denen im Fr\u00fchling, Sommer und Herbst das meiste w\u00e4chst, was wir in unseren Tees und anderen Produkten wiederfinden. Kamille, Lavendel, Salbei, Malven, Indianernessel und vieles mehr .. <\/p>\n\n\n\n<p>Wir sind stolz, dass wir nach einigen Jahren des Probierens in unserer nordischen Tiefebene auch die Arnika anbauen konnten. Es ist sch\u00f6n, diese wunderbare Heilpflanze bei uns zu haben, wenngleich sie in ihrer eigentlichen Heimat, den H\u00f6hen der herrlichen Alpenwiesen, ihre Inhaltsstoffe noch st\u00e4rker zu entwickeln vermag. Einige Mitarbeiter von uns fahren deshalb zur Ernte dorthin. Eine sehr begehrte Aufgabe!<\/p>\n\n\n\n<p>Ein wunderbarer Bl\u00fctenduft str\u00f6mt an warmen Tagen durch die Luft des Heilpflanzen-Ackers.. So finden wir hinter dem Gest\u00e4nge, das dem Hopfen seinen Halt gibt \u2013 der nicht nur im Bier schmackhaft ist, sondern auch als kr\u00e4ftigender Bestandteil unserer Tees \u2013 den in s\u00fcdlichen Gegenden beheimateten Thymian, der einer der Urheber der ans Mittelmeer erinnernden D\u00fcfte ist. Ein wenig weiter schwebt der leicht bet\u00e4ubend riechende Baldrian \u2013 manche finden, er stinkt \u2013 mit seinen Bl\u00fctenk\u00f6pfen hoch \u00fcber den anderen Pflanzen. Selbst die Engelwurz mit ihren dicken Dolden und ihrem kr\u00e4ftigen Stiel bleibt noch ein wenig kleiner, wobei sie jedoch durch ihre breite Gestalt \u00fcberzeugt. <\/p>\n<\/div><\/div>\n\n\n\n<div class=\"row\">\n<div class=\"col-md-6\">\n\n\n\n<p style=\"color:#06567c;font-size:30px\" class=\"has-text-color\"><strong>Wir sind stolz,<\/strong><\/p>\n\n\n\n<p style=\"color:#06567c;font-size:22px\" class=\"has-text-color\"><strong>dass wir in unserer norddeutschen<br>Tiefebene auch die Arnika<br>anbauen k\u00f6nnen &#8230;<\/strong><\/p>\n\n\n\n<\/div>\n<div class=\"col-md-6\">\n\n\n\n<p>Wie auch unsere Zierg\u00e4rten und der Gem\u00fcse-Acker werden auch unsere Heilpflanzen biologisch-dynamisch angebaut, d.h. mit unseren Pr\u00e4paraten ged\u00fcngt, wodurch sie eine besondere Qualit\u00e4t erlangen.<br>\nBei J\u00e4te- und Erntearbeiten helfen unserem kleinen Team der G\u00e4rtner viele Freiwillige aus aller Welt, aber auch Sch\u00fcler, die ihr Landwirtschaftspraktikum bei uns verbringen. Ein sehr beeindruckender Arbeitsbereich, wo man sich besonders gut mit dem jeweiligen Wesen der Pflanzen verbinden kann!<\/p>\n\n\n\n<\/div><\/div>\n\n\n\n<div class=\"wp-block-media-text alignwide is-stacked-on-mobile text-media-left\" style=\"grid-template-columns:59% auto\"><figure class=\"wp-block-media-text__media\"><img loading=\"lazy\" decoding=\"async\" width=\"653\" height=\"262\" data-attachment-id=\"1182\" data-permalink=\"https:\/\/michaelshof-sammatz.de\/blog\/garten-park\/heilpflanzen\/heilpflanzen-6\/\" data-orig-file=\"https:\/\/michaelshof-sammatz.de\/blog\/wp-content\/uploads\/2019\/01\/heilpflanzen-6.jpg\" data-orig-size=\"653,262\" data-comments-opened=\"0\" data-image-meta=\"{&quot;aperture&quot;:&quot;0&quot;,&quot;credit&quot;:&quot;&quot;,&quot;camera&quot;:&quot;&quot;,&quot;caption&quot;:&quot;&quot;,&quot;created_timestamp&quot;:&quot;0&quot;,&quot;copyright&quot;:&quot;&quot;,&quot;focal_length&quot;:&quot;0&quot;,&quot;iso&quot;:&quot;0&quot;,&quot;shutter_speed&quot;:&quot;0&quot;,&quot;title&quot;:&quot;&quot;,&quot;orientation&quot;:&quot;0&quot;}\" data-image-title=\"heilpflanzen-6\" data-image-description=\"\" data-image-caption=\"\" data-medium-file=\"https:\/\/michaelshof-sammatz.de\/blog\/wp-content\/uploads\/2019\/01\/heilpflanzen-6-300x120.jpg\" data-large-file=\"https:\/\/michaelshof-sammatz.de\/blog\/wp-content\/uploads\/2019\/01\/heilpflanzen-6.jpg\" tabindex=\"0\" role=\"button\" src=\"http:\/\/michaelshof-sammatz.de\/blog\/wp-content\/uploads\/2019\/01\/heilpflanzen-6.jpg\" alt=\"\" class=\"wp-image-1182\" srcset=\"https:\/\/michaelshof-sammatz.de\/blog\/wp-content\/uploads\/2019\/01\/heilpflanzen-6.jpg 653w, https:\/\/michaelshof-sammatz.de\/blog\/wp-content\/uploads\/2019\/01\/heilpflanzen-6-300x120.jpg 300w, https:\/\/michaelshof-sammatz.de\/blog\/wp-content\/uploads\/2019\/01\/heilpflanzen-6-600x241.jpg 600w\" sizes=\"(max-width: 653px) 100vw, 653px\" \/><\/figure><div class=\"wp-block-media-text__content\">\n<p>Wenn du noch n\u00e4her bekannt werden m\u00f6chtest mit der vielf\u00e4ltigen Familie der Heilpflanzen: mehrere Seminare werden in unserem Haus der Natur angeboten. Dort gibt es dazu bestimmt viele spannende Hinweise und Anregungen.<\/p>\n<\/div><\/div>\n\n\n\n<div style=\"height:50px\" aria-hidden=\"true\" class=\"wp-block-spacer\"><\/div>\n","protected":false},"excerpt":{"rendered":"<p>Heilpflanzen Heilpflanzen finden wir \u00fcberall in den G\u00e4rten des Michaelshof sowie auf dem Acker, wo sie in vielen Beeten f\u00fcr die Teeproduktion kultiviert werden. So begegnen wir auf unseren G\u00e4ngen durch die verschiedenen G\u00e4rten bekannten Heilkr\u00e4utern wie der Kamille und dem Lavendel, aber auch einigen unbekannteren wie dem Heilziest, der Blutwurz und vielen weiteren. Sie [&hellip;]<\/p>\n","protected":false},"author":1,"featured_media":0,"parent":111,"menu_order":0,"comment_status":"closed","ping_status":"closed","template":"","meta":{"footnotes":""},"class_list":["post-879","page","type-page","status-publish","hentry"],"jetpack_sharing_enabled":true,"jetpack_shortlink":"https:\/\/wp.me\/PaQBcD-eb","jetpack-related-posts":[],"_links":{"self":[{"href":"https:\/\/michaelshof-sammatz.de\/blog\/wp-json\/wp\/v2\/pages\/879"}],"collection":[{"href":"https:\/\/michaelshof-sammatz.de\/blog\/wp-json\/wp\/v2\/pages"}],"about":[{"href":"https:\/\/michaelshof-sammatz.de\/blog\/wp-json\/wp\/v2\/types\/page"}],"author":[{"embeddable":true,"href":"https:\/\/michaelshof-sammatz.de\/blog\/wp-json\/wp\/v2\/users\/1"}],"replies":[{"embeddable":true,"href":"https:\/\/michaelshof-sammatz.de\/blog\/wp-json\/wp\/v2\/comments?post=879"}],"version-history":[{"count":31,"href":"https:\/\/michaelshof-sammatz.de\/blog\/wp-json\/wp\/v2\/pages\/879\/revisions"}],"predecessor-version":[{"id":26116,"href":"https:\/\/michaelshof-sammatz.de\/blog\/wp-json\/wp\/v2\/pages\/879\/revisions\/26116"}],"up":[{"embeddable":true,"href":"https:\/\/michaelshof-sammatz.de\/blog\/wp-json\/wp\/v2\/pages\/111"}],"wp:attachment":[{"href":"https:\/\/michaelshof-sammatz.de\/blog\/wp-json\/wp\/v2\/media?parent=879"}],"curies":[{"name":"wp","href":"https:\/\/api.w.org\/{rel}","templated":true}]}}