

{"id":93,"date":"2018-10-18T14:16:25","date_gmt":"2018-10-18T14:16:25","guid":{"rendered":"http:\/\/localhost:8080\/wordpress\/?page_id=93"},"modified":"2026-04-20T08:39:42","modified_gmt":"2026-04-20T06:39:42","slug":"kinderparadies","status":"publish","type":"page","link":"https:\/\/michaelshof-sammatz.de\/blog\/kinderparadies\/","title":{"rendered":"Kinderparadies"},"content":{"rendered":"\n<h1 class=\"wp-block-heading\"><strong>Kinderparadies<\/strong><\/h1>\n\n\n\n<figure class=\"wp-block-image\"><img fetchpriority=\"high\" decoding=\"async\" width=\"1024\" height=\"436\" data-attachment-id=\"2515\" data-permalink=\"https:\/\/michaelshof-sammatz.de\/blog\/kinderparadies-2\/\" data-orig-file=\"https:\/\/michaelshof-sammatz.de\/blog\/wp-content\/uploads\/2019\/02\/kinderparadies.jpg\" data-orig-size=\"1253,533\" data-comments-opened=\"0\" data-image-meta=\"{&quot;aperture&quot;:&quot;0&quot;,&quot;credit&quot;:&quot;&quot;,&quot;camera&quot;:&quot;&quot;,&quot;caption&quot;:&quot;&quot;,&quot;created_timestamp&quot;:&quot;0&quot;,&quot;copyright&quot;:&quot;&quot;,&quot;focal_length&quot;:&quot;0&quot;,&quot;iso&quot;:&quot;0&quot;,&quot;shutter_speed&quot;:&quot;0&quot;,&quot;title&quot;:&quot;&quot;,&quot;orientation&quot;:&quot;0&quot;}\" data-image-title=\"kinderparadies\" data-image-description=\"\" data-image-caption=\"\" data-medium-file=\"https:\/\/michaelshof-sammatz.de\/blog\/wp-content\/uploads\/2019\/02\/kinderparadies-300x128.jpg\" data-large-file=\"https:\/\/michaelshof-sammatz.de\/blog\/wp-content\/uploads\/2019\/02\/kinderparadies-1024x436.jpg\" tabindex=\"0\" role=\"button\" src=\"http:\/\/michaelshof-sammatz.de\/blog\/wp-content\/uploads\/2019\/02\/kinderparadies-1024x436.jpg\" alt=\"\" class=\"wp-image-2515\" srcset=\"https:\/\/michaelshof-sammatz.de\/blog\/wp-content\/uploads\/2019\/02\/kinderparadies-1024x436.jpg 1024w, https:\/\/michaelshof-sammatz.de\/blog\/wp-content\/uploads\/2019\/02\/kinderparadies-300x128.jpg 300w, https:\/\/michaelshof-sammatz.de\/blog\/wp-content\/uploads\/2019\/02\/kinderparadies-600x255.jpg 600w, https:\/\/michaelshof-sammatz.de\/blog\/wp-content\/uploads\/2019\/02\/kinderparadies-768x327.jpg 768w, https:\/\/michaelshof-sammatz.de\/blog\/wp-content\/uploads\/2019\/02\/kinderparadies.jpg 1253w\" sizes=\"(max-width: 1024px) 100vw, 1024px\" \/><\/figure>\n\n\n\n<div class=\"row\">\n\n<div class=\"col-sm-5\"><\/div><\/div>\n\n\n\n<figure class=\"wp-block-image\"><img decoding=\"async\" width=\"492\" height=\"563\" data-attachment-id=\"2524\" data-permalink=\"https:\/\/michaelshof-sammatz.de\/blog\/kinderparadies2\/\" data-orig-file=\"https:\/\/michaelshof-sammatz.de\/blog\/wp-content\/uploads\/2019\/02\/kinderparadies2.jpg\" data-orig-size=\"492,563\" data-comments-opened=\"0\" data-image-meta=\"{&quot;aperture&quot;:&quot;0&quot;,&quot;credit&quot;:&quot;&quot;,&quot;camera&quot;:&quot;&quot;,&quot;caption&quot;:&quot;&quot;,&quot;created_timestamp&quot;:&quot;0&quot;,&quot;copyright&quot;:&quot;&quot;,&quot;focal_length&quot;:&quot;0&quot;,&quot;iso&quot;:&quot;0&quot;,&quot;shutter_speed&quot;:&quot;0&quot;,&quot;title&quot;:&quot;&quot;,&quot;orientation&quot;:&quot;0&quot;}\" data-image-title=\"kinderparadies2\" data-image-description=\"\" data-image-caption=\"\" data-medium-file=\"https:\/\/michaelshof-sammatz.de\/blog\/wp-content\/uploads\/2019\/02\/kinderparadies2-262x300.jpg\" data-large-file=\"https:\/\/michaelshof-sammatz.de\/blog\/wp-content\/uploads\/2019\/02\/kinderparadies2.jpg\" tabindex=\"0\" role=\"button\" src=\"http:\/\/michaelshof-sammatz.de\/blog\/wp-content\/uploads\/2019\/02\/kinderparadies2.jpg\" alt=\"\" class=\"wp-image-2524\" srcset=\"https:\/\/michaelshof-sammatz.de\/blog\/wp-content\/uploads\/2019\/02\/kinderparadies2.jpg 492w, https:\/\/michaelshof-sammatz.de\/blog\/wp-content\/uploads\/2019\/02\/kinderparadies2-300x343.jpg 300w, https:\/\/michaelshof-sammatz.de\/blog\/wp-content\/uploads\/2019\/02\/kinderparadies2-262x300.jpg 262w\" sizes=\"(max-width: 492px) 100vw, 492px\" \/><\/figure>\n\n\n\n<\/div>\n<div class=\"col-sm-7\">\n\n\n\n<p>Das Herzst\u00fcck unseres Kinderparadieses ist der Spielplatz \u2039Kunterbunt\u203a. Er hei\u00dft nat\u00fcrlich so, weil er in allen Farben gl\u00e4nzt, die ein Kinderherz froh stimmen k\u00f6nnen. In blau, violett und pink, in gelb und gr\u00fcn, rot und t\u00fcrkis strahlen die tollen Spielger\u00e4te in die Welt. <\/p>\n\n\n\n<div class=\"wp-block-media-text alignwide has-media-on-the-right is-stacked-on-mobile\"><div class=\"wp-block-media-text__content\">\n<p>F\u00fcr jeden ist etwas dabei: f\u00fcr die ganz Kleinen der superlange Euro-Express, unsere Eisenbahn mit vielerlei M\u00f6glichkeiten zum Spielen und Steuern und einem oberen Verdeck, von dem man runterrutschen kann; dazu Tier- und Bootsschaukeln, Wippen und weitere Rutschen sowie eine ganz gro\u00dfe Sandkiste zum Herstellen von \u2039Matschepampe\u203a, mit der man auch ein bisschen rumspritzen kann :D. <br> Im Spielmobil, der \u2039Villa Himmelblau\u203a, ist eine Kindergruppe beherbergt, wo die Vorschulkinder von M\u00fcttern unserer Initiative betreut werden. <\/p>\n<\/div><figure class=\"wp-block-media-text__media\"><img decoding=\"async\" width=\"347\" height=\"266\" data-attachment-id=\"2525\" data-permalink=\"https:\/\/michaelshof-sammatz.de\/blog\/kinderparadies3\/\" data-orig-file=\"https:\/\/michaelshof-sammatz.de\/blog\/wp-content\/uploads\/2019\/02\/kinderparadies3.jpg\" data-orig-size=\"347,266\" data-comments-opened=\"0\" data-image-meta=\"{&quot;aperture&quot;:&quot;0&quot;,&quot;credit&quot;:&quot;&quot;,&quot;camera&quot;:&quot;&quot;,&quot;caption&quot;:&quot;&quot;,&quot;created_timestamp&quot;:&quot;0&quot;,&quot;copyright&quot;:&quot;&quot;,&quot;focal_length&quot;:&quot;0&quot;,&quot;iso&quot;:&quot;0&quot;,&quot;shutter_speed&quot;:&quot;0&quot;,&quot;title&quot;:&quot;&quot;,&quot;orientation&quot;:&quot;0&quot;}\" data-image-title=\"kinderparadies3\" data-image-description=\"\" data-image-caption=\"\" data-medium-file=\"https:\/\/michaelshof-sammatz.de\/blog\/wp-content\/uploads\/2019\/02\/kinderparadies3-300x230.jpg\" data-large-file=\"https:\/\/michaelshof-sammatz.de\/blog\/wp-content\/uploads\/2019\/02\/kinderparadies3.jpg\" tabindex=\"0\" role=\"button\" src=\"http:\/\/michaelshof-sammatz.de\/blog\/wp-content\/uploads\/2019\/02\/kinderparadies3.jpg\" alt=\"\" class=\"wp-image-2525 size-full\" srcset=\"https:\/\/michaelshof-sammatz.de\/blog\/wp-content\/uploads\/2019\/02\/kinderparadies3.jpg 347w, https:\/\/michaelshof-sammatz.de\/blog\/wp-content\/uploads\/2019\/02\/kinderparadies3-300x230.jpg 300w\" sizes=\"(max-width: 347px) 100vw, 347px\" \/><\/figure><\/div>\n\n\n\n<p>F\u00fcr die etwas gr\u00f6\u00dferen Kinder \u2013 das geht bis zu unseren Jugendlichen und Erwachsenen! \u2013 gibt\u2018s vor allem einen kleinen Bolzplatz und eine Beachvolleyball-Anlage, die auch von unseren Volunteers gern genutzt wird. Begeistert klettern die gr\u00f6\u00dferen Kinder auf den h\u00f6chsten Punkt des Spielplatzes, ein Turm, der nur durch ein Spinnennetz oder ein Seil erreichbar ist und von dem eine knallgelbe R\u00f6hrenrutsche hinunterf\u00fchrt. Beliebt ist auch bei Gro\u00df und Klein das runde, ebenerdige Trampolin, von dem aus man weit in die Luft h\u00fcpfen kann. So empf\u00e4ngt lautes Gekreische und Gejohle meist den Besucher. Es gibt kaum einen, der nicht mit guter Laune den Spielplatz \u2039Kunterbunt\u203a verl\u00e4sst!<\/p>\n\n\n\n<\/div>\n<\/div>\n\n\n\n<div class=\"wp-block-columns has-3-columns is-layout-flex wp-container-core-columns-is-layout-1 wp-block-columns-is-layout-flex\">\n<div class=\"wp-block-column is-layout-flow wp-block-column-is-layout-flow\">\n<figure class=\"wp-block-image\"><img loading=\"lazy\" decoding=\"async\" width=\"435\" height=\"285\" data-attachment-id=\"2523\" data-permalink=\"https:\/\/michaelshof-sammatz.de\/blog\/kinderparadies4\/\" data-orig-file=\"https:\/\/michaelshof-sammatz.de\/blog\/wp-content\/uploads\/2019\/02\/kinderparadies4.jpg\" data-orig-size=\"435,285\" data-comments-opened=\"0\" data-image-meta=\"{&quot;aperture&quot;:&quot;0&quot;,&quot;credit&quot;:&quot;&quot;,&quot;camera&quot;:&quot;&quot;,&quot;caption&quot;:&quot;&quot;,&quot;created_timestamp&quot;:&quot;0&quot;,&quot;copyright&quot;:&quot;&quot;,&quot;focal_length&quot;:&quot;0&quot;,&quot;iso&quot;:&quot;0&quot;,&quot;shutter_speed&quot;:&quot;0&quot;,&quot;title&quot;:&quot;&quot;,&quot;orientation&quot;:&quot;0&quot;}\" data-image-title=\"kinderparadies4\" data-image-description=\"\" data-image-caption=\"\" data-medium-file=\"https:\/\/michaelshof-sammatz.de\/blog\/wp-content\/uploads\/2019\/02\/kinderparadies4-300x197.jpg\" data-large-file=\"https:\/\/michaelshof-sammatz.de\/blog\/wp-content\/uploads\/2019\/02\/kinderparadies4.jpg\" tabindex=\"0\" role=\"button\" src=\"http:\/\/michaelshof-sammatz.de\/blog\/wp-content\/uploads\/2019\/02\/kinderparadies4.jpg\" alt=\"\" class=\"wp-image-2523\" srcset=\"https:\/\/michaelshof-sammatz.de\/blog\/wp-content\/uploads\/2019\/02\/kinderparadies4.jpg 435w, https:\/\/michaelshof-sammatz.de\/blog\/wp-content\/uploads\/2019\/02\/kinderparadies4-300x197.jpg 300w\" sizes=\"(max-width: 435px) 100vw, 435px\" \/><\/figure>\n<\/div>\n\n\n\n<div class=\"wp-block-column is-layout-flow wp-block-column-is-layout-flow\">\n<figure class=\"wp-block-image\"><img loading=\"lazy\" decoding=\"async\" width=\"360\" height=\"286\" data-attachment-id=\"2522\" data-permalink=\"https:\/\/michaelshof-sammatz.de\/blog\/kinderparadies5\/\" data-orig-file=\"https:\/\/michaelshof-sammatz.de\/blog\/wp-content\/uploads\/2019\/02\/kinderparadies5.jpg\" data-orig-size=\"360,286\" data-comments-opened=\"0\" data-image-meta=\"{&quot;aperture&quot;:&quot;0&quot;,&quot;credit&quot;:&quot;&quot;,&quot;camera&quot;:&quot;&quot;,&quot;caption&quot;:&quot;&quot;,&quot;created_timestamp&quot;:&quot;0&quot;,&quot;copyright&quot;:&quot;&quot;,&quot;focal_length&quot;:&quot;0&quot;,&quot;iso&quot;:&quot;0&quot;,&quot;shutter_speed&quot;:&quot;0&quot;,&quot;title&quot;:&quot;&quot;,&quot;orientation&quot;:&quot;0&quot;}\" data-image-title=\"kinderparadies5\" data-image-description=\"\" data-image-caption=\"\" data-medium-file=\"https:\/\/michaelshof-sammatz.de\/blog\/wp-content\/uploads\/2019\/02\/kinderparadies5-300x238.jpg\" data-large-file=\"https:\/\/michaelshof-sammatz.de\/blog\/wp-content\/uploads\/2019\/02\/kinderparadies5.jpg\" tabindex=\"0\" role=\"button\" src=\"http:\/\/michaelshof-sammatz.de\/blog\/wp-content\/uploads\/2019\/02\/kinderparadies5.jpg\" alt=\"\" class=\"wp-image-2522\" srcset=\"https:\/\/michaelshof-sammatz.de\/blog\/wp-content\/uploads\/2019\/02\/kinderparadies5.jpg 360w, https:\/\/michaelshof-sammatz.de\/blog\/wp-content\/uploads\/2019\/02\/kinderparadies5-300x238.jpg 300w\" sizes=\"(max-width: 360px) 100vw, 360px\" \/><\/figure>\n<\/div>\n\n\n\n<div class=\"wp-block-column is-layout-flow wp-block-column-is-layout-flow\">\n<figure class=\"wp-block-image\"><img loading=\"lazy\" decoding=\"async\" width=\"449\" height=\"288\" data-attachment-id=\"2521\" data-permalink=\"https:\/\/michaelshof-sammatz.de\/blog\/kinderparadies6\/\" data-orig-file=\"https:\/\/michaelshof-sammatz.de\/blog\/wp-content\/uploads\/2019\/02\/kinderparadies6.jpg\" data-orig-size=\"449,288\" data-comments-opened=\"0\" data-image-meta=\"{&quot;aperture&quot;:&quot;0&quot;,&quot;credit&quot;:&quot;&quot;,&quot;camera&quot;:&quot;&quot;,&quot;caption&quot;:&quot;&quot;,&quot;created_timestamp&quot;:&quot;0&quot;,&quot;copyright&quot;:&quot;&quot;,&quot;focal_length&quot;:&quot;0&quot;,&quot;iso&quot;:&quot;0&quot;,&quot;shutter_speed&quot;:&quot;0&quot;,&quot;title&quot;:&quot;&quot;,&quot;orientation&quot;:&quot;0&quot;}\" data-image-title=\"kinderparadies6\" data-image-description=\"\" data-image-caption=\"\" data-medium-file=\"https:\/\/michaelshof-sammatz.de\/blog\/wp-content\/uploads\/2019\/02\/kinderparadies6-300x192.jpg\" data-large-file=\"https:\/\/michaelshof-sammatz.de\/blog\/wp-content\/uploads\/2019\/02\/kinderparadies6.jpg\" tabindex=\"0\" role=\"button\" src=\"http:\/\/michaelshof-sammatz.de\/blog\/wp-content\/uploads\/2019\/02\/kinderparadies6.jpg\" alt=\"\" class=\"wp-image-2521\" srcset=\"https:\/\/michaelshof-sammatz.de\/blog\/wp-content\/uploads\/2019\/02\/kinderparadies6.jpg 449w, https:\/\/michaelshof-sammatz.de\/blog\/wp-content\/uploads\/2019\/02\/kinderparadies6-300x192.jpg 300w\" sizes=\"(max-width: 449px) 100vw, 449px\" \/><\/figure>\n<\/div>\n<\/div>\n\n\n\n<div class=\"row\">\n\n<div class=\"col-sm-7\">\n\n\n\n<p><\/p>\n\n\n\n<\/div>\n\n\n\n<div class=\"col-sm-5\">\n\n\n\n<\/div>\n\n<\/div>\n\n\n\n<p>Das Kinderparadies erstreckt sich von seinem Herzst\u00fcck, dem Spielplatz, noch weithin \u00fcber die ganzen Anlagen des Michaelshof: sofort auf der anderen Stra\u00dfenseite liegt ja der Arche-Hof mit seinen vielen alten Haustierrassen, wo Schweine und Ziegen, Schafe, K\u00fche und Pferde, Esel und die verschiedenen Gefl\u00fcgelarten zu bewundern sind. Besonders der Nachwuchs \u2013 K\u00e4lber, Ferkel und andere \u2013  erfreut die Kinderherzen. Aber auch die erwachsenen Tiere lassen sich ganz aus der N\u00e4he bestaunen und vermitteln insbesondere auch den Kindern, die in der Gro\u00dfstadt aufwachsen, pr\u00e4gende neue Eindr\u00fccke. Manche wissen erst jetzt, dass K\u00fche nicht lilafarben sind wie in der Milka-Werbung, auch wenn man\u2018s nicht glaubt! \ud83d\ude00<\/p>\n\n\n\n<div class=\"row\">\n\n<div class=\"col-sm-5\">\n\n\n\n<figure class=\"wp-block-image\"><img loading=\"lazy\" decoding=\"async\" width=\"458\" height=\"581\" data-attachment-id=\"2518\" data-permalink=\"https:\/\/michaelshof-sammatz.de\/blog\/kinderparadies9\/\" data-orig-file=\"https:\/\/michaelshof-sammatz.de\/blog\/wp-content\/uploads\/2019\/02\/kinderparadies9.jpg\" data-orig-size=\"458,581\" data-comments-opened=\"0\" data-image-meta=\"{&quot;aperture&quot;:&quot;0&quot;,&quot;credit&quot;:&quot;&quot;,&quot;camera&quot;:&quot;&quot;,&quot;caption&quot;:&quot;&quot;,&quot;created_timestamp&quot;:&quot;0&quot;,&quot;copyright&quot;:&quot;&quot;,&quot;focal_length&quot;:&quot;0&quot;,&quot;iso&quot;:&quot;0&quot;,&quot;shutter_speed&quot;:&quot;0&quot;,&quot;title&quot;:&quot;&quot;,&quot;orientation&quot;:&quot;0&quot;}\" data-image-title=\"kinderparadies9\" data-image-description=\"\" data-image-caption=\"\" data-medium-file=\"https:\/\/michaelshof-sammatz.de\/blog\/wp-content\/uploads\/2019\/02\/kinderparadies9-236x300.jpg\" data-large-file=\"https:\/\/michaelshof-sammatz.de\/blog\/wp-content\/uploads\/2019\/02\/kinderparadies9.jpg\" tabindex=\"0\" role=\"button\" src=\"http:\/\/michaelshof-sammatz.de\/blog\/wp-content\/uploads\/2019\/02\/kinderparadies9.jpg\" alt=\"\" class=\"wp-image-2518\" srcset=\"https:\/\/michaelshof-sammatz.de\/blog\/wp-content\/uploads\/2019\/02\/kinderparadies9.jpg 458w, https:\/\/michaelshof-sammatz.de\/blog\/wp-content\/uploads\/2019\/02\/kinderparadies9-300x381.jpg 300w, https:\/\/michaelshof-sammatz.de\/blog\/wp-content\/uploads\/2019\/02\/kinderparadies9-236x300.jpg 236w\" sizes=\"(max-width: 458px) 100vw, 458px\" \/><\/figure>\n\n\n\n<\/div>\n<div class=\"col-sm-7\">\n\n\n\n<p>Hat man auch hier Gl\u00fcck, kann man miterleben, wie die Tiere im Sommer t\u00e4glich ihren Weidegang antreten. So eine Kuhherde kann schon einen imposanten Eindruck machen. Wenn ihr nicht zu nah ran geht, kann auch nichts passieren. Auch sind immer Mitarbeiter dabei, wen die Tiere \u00fcber den Hof traben.<\/p>\n\n\n\n<div class=\"wp-block-media-text alignwide has-media-on-the-right is-stacked-on-mobile\"><div class=\"wp-block-media-text__content\">\n<p>Ein weiterer Spaziergang durch unsere herrlichen G\u00e4rten f\u00fchrt an einigen Brunnen, zwei Vogelvolieren sowie eindrucksvollen Holzfiguren vorbei. Die Wege f\u00fchren meist in unser Caf\u00e9 am Michaelshof, auch ein kleines Paradies f\u00fcr Kinder und Erwachsene. Das leckere Bio-Eis, herrlich schmeckende Torten und S\u00e4fte sind hier im Angebot. Das Gartencaf\u00e9 bietet im Sommer viel Platz f\u00fcr alle, in den dunkleren Monaten l\u00e4sst sich im gem\u00fctlichen Caf\u00e9, mit einer kleinen Mal- und Spielecke f\u00fcr die Kinder, die eine oder andere K\u00f6stlichkeit genie\u00dfen. <br>\nAch ja, jetzt habe ich ja noch den Hofladen vergessen, wo du toll einkaufen kannst: unsere eigenen Produkte sowie vieles mehr sind gesund und lecker, alles nat\u00fcrlich bio. <\/p>\n<\/div><figure class=\"wp-block-media-text__media\"><img loading=\"lazy\" decoding=\"async\" width=\"347\" height=\"359\" data-attachment-id=\"2517\" data-permalink=\"https:\/\/michaelshof-sammatz.de\/blog\/kinderparadies10\/\" data-orig-file=\"https:\/\/michaelshof-sammatz.de\/blog\/wp-content\/uploads\/2019\/02\/kinderparadies10.jpg\" data-orig-size=\"347,359\" data-comments-opened=\"0\" data-image-meta=\"{&quot;aperture&quot;:&quot;0&quot;,&quot;credit&quot;:&quot;&quot;,&quot;camera&quot;:&quot;&quot;,&quot;caption&quot;:&quot;&quot;,&quot;created_timestamp&quot;:&quot;0&quot;,&quot;copyright&quot;:&quot;&quot;,&quot;focal_length&quot;:&quot;0&quot;,&quot;iso&quot;:&quot;0&quot;,&quot;shutter_speed&quot;:&quot;0&quot;,&quot;title&quot;:&quot;&quot;,&quot;orientation&quot;:&quot;0&quot;}\" data-image-title=\"kinderparadies10\" data-image-description=\"\" data-image-caption=\"\" data-medium-file=\"https:\/\/michaelshof-sammatz.de\/blog\/wp-content\/uploads\/2019\/02\/kinderparadies10-290x300.jpg\" data-large-file=\"https:\/\/michaelshof-sammatz.de\/blog\/wp-content\/uploads\/2019\/02\/kinderparadies10.jpg\" tabindex=\"0\" role=\"button\" src=\"http:\/\/michaelshof-sammatz.de\/blog\/wp-content\/uploads\/2019\/02\/kinderparadies10.jpg\" alt=\"\" class=\"wp-image-2517 size-full\" srcset=\"https:\/\/michaelshof-sammatz.de\/blog\/wp-content\/uploads\/2019\/02\/kinderparadies10.jpg 347w, https:\/\/michaelshof-sammatz.de\/blog\/wp-content\/uploads\/2019\/02\/kinderparadies10-300x310.jpg 300w, https:\/\/michaelshof-sammatz.de\/blog\/wp-content\/uploads\/2019\/02\/kinderparadies10-290x300.jpg 290w\" sizes=\"(max-width: 347px) 100vw, 347px\" \/><\/figure><\/div>\n\n\n\n<p>So geht Milch, Brot, Gem\u00fcse, K\u00e4se und alles, was sonst so im Angebot ist, frisch und knackig \u00fcber die Theke. Zuhause l\u00e4sst es dann noch einige Zeit Erinnerungen an wundersch\u00f6ne Stunden auf dem \u2039Michaelshof\u203a wach werden!<\/p>\n\n\n\n<\/div>\n<\/div>\n\n\n\n<div style=\"height:35px\" aria-hidden=\"true\" class=\"wp-block-spacer\"><\/div>\n\n\n\n<p class=\"has-text-color\" style=\"color:#48a7b0;font-size:21px\"><p class=\"has-text-color\" style=\"color:#48a7b0;font-size:21px\"><!--<p style=\"color:#48a7b0;font-size:21px\" class=\"has-text-color\"><strong>In den Sommermonaten, besonders an den Wochenenden und zur Ferienzeit, bieten wir auch Kinderbetreuung (Kosten erfragen) am Spielplatz und am Arche-Hof an. Die Kinder freuen sich, und auch die Erwachsenen k\u00f6nnen einmal ganz ungest\u00f6rt vom Kindertreiben unsere wunderbaren G\u00e4rten genie\u00dfen \u2026<\/strong><\/p>--><\/p><\/p>\n\n\n\n<div style=\"height:50px\" aria-hidden=\"true\" class=\"wp-block-spacer\"><\/div>\n","protected":false},"excerpt":{"rendered":"<p>Kinderparadies Das Herzst\u00fcck unseres Kinderparadieses ist der Spielplatz \u2039Kunterbunt\u203a. Er hei\u00dft nat\u00fcrlich so, weil er in allen Farben gl\u00e4nzt, die ein Kinderherz froh stimmen k\u00f6nnen. In blau, violett und pink, in gelb und gr\u00fcn, rot und t\u00fcrkis strahlen die tollen Spielger\u00e4te in die Welt. F\u00fcr jeden ist etwas dabei: f\u00fcr die ganz Kleinen der superlange [&hellip;]<\/p>\n","protected":false},"author":2,"featured_media":0,"parent":0,"menu_order":0,"comment_status":"closed","ping_status":"closed","template":"","meta":{"footnotes":""},"class_list":["post-93","page","type-page","status-publish","hentry"],"jetpack_sharing_enabled":true,"jetpack_shortlink":"https:\/\/wp.me\/PaQBcD-1v","jetpack-related-posts":[],"_links":{"self":[{"href":"https:\/\/michaelshof-sammatz.de\/blog\/wp-json\/wp\/v2\/pages\/93"}],"collection":[{"href":"https:\/\/michaelshof-sammatz.de\/blog\/wp-json\/wp\/v2\/pages"}],"about":[{"href":"https:\/\/michaelshof-sammatz.de\/blog\/wp-json\/wp\/v2\/types\/page"}],"author":[{"embeddable":true,"href":"https:\/\/michaelshof-sammatz.de\/blog\/wp-json\/wp\/v2\/users\/2"}],"replies":[{"embeddable":true,"href":"https:\/\/michaelshof-sammatz.de\/blog\/wp-json\/wp\/v2\/comments?post=93"}],"version-history":[{"count":25,"href":"https:\/\/michaelshof-sammatz.de\/blog\/wp-json\/wp\/v2\/pages\/93\/revisions"}],"predecessor-version":[{"id":32484,"href":"https:\/\/michaelshof-sammatz.de\/blog\/wp-json\/wp\/v2\/pages\/93\/revisions\/32484"}],"wp:attachment":[{"href":"https:\/\/michaelshof-sammatz.de\/blog\/wp-json\/wp\/v2\/media?parent=93"}],"curies":[{"name":"wp","href":"https:\/\/api.w.org\/{rel}","templated":true}]}}