

{"id":97,"date":"2018-10-18T14:17:03","date_gmt":"2018-10-18T14:17:03","guid":{"rendered":"http:\/\/localhost:8080\/wordpress\/?page_id=97"},"modified":"2021-02-05T16:05:42","modified_gmt":"2021-02-05T15:05:42","slug":"kontakt","status":"publish","type":"page","link":"https:\/\/michaelshof-sammatz.de\/blog\/kontakt\/","title":{"rendered":"Kontakt"},"content":{"rendered":"\n<div class=\"row\">\n<div class=\"col-md-3\">\n\n\n\n<\/div>\n<div class=\"col-md-9\">\n\n\n\n<h1 class=\"wp-block-heading\"><strong>Kontakt<\/strong><\/h1>\n\n\n\n<div style=\"height:50px\" aria-hidden=\"true\" class=\"wp-block-spacer\"><\/div>\n\n\n\n<p>Hallo \u2013 sch\u00f6n, dass du mit uns in Verbindung treten willst! Nutze die Postanschrift und Telefonnummer gern f\u00fcr alle Fragen rund um den Michaelshof und diese Website.<\/p>\n\n\n\n<p style=\"font-size:24px\"><strong>Adresse\/Telefon<\/strong><\/p>\n\n\n\n<p>Michaelshof<br>Im Dorfe 11<br>29490 Sammatz<br>Deutschland\/Niedersachsen<\/p>\n\n\n\n<p>Tel.: 05858 970 30<br>Fax: 05858 970 80<\/p>\n\n\n\n<p style=\"font-size:24px\"><strong>E-Mail<\/strong><\/p>\n\n\n\n\n<div class=\"wpcf7 no-js\" id=\"wpcf7-f6240-o1\" lang=\"en-US\" dir=\"ltr\">\n<div class=\"screen-reader-response\"><p role=\"status\" aria-live=\"polite\" aria-atomic=\"true\"><\/p> <ul><\/ul><\/div>\n<form action=\"\/blog\/wp-json\/wp\/v2\/pages\/97#wpcf7-f6240-o1\" method=\"post\" class=\"wpcf7-form init\" aria-label=\"Contact form\" novalidate=\"novalidate\" data-status=\"init\">\n<div style=\"display: none;\">\n<input type=\"hidden\" name=\"_wpcf7\" value=\"6240\" \/>\n<input type=\"hidden\" name=\"_wpcf7_version\" value=\"5.9.8\" \/>\n<input type=\"hidden\" name=\"_wpcf7_locale\" value=\"en_US\" \/>\n<input type=\"hidden\" name=\"_wpcf7_unit_tag\" value=\"wpcf7-f6240-o1\" \/>\n<input type=\"hidden\" name=\"_wpcf7_container_post\" value=\"0\" \/>\n<input type=\"hidden\" name=\"_wpcf7_posted_data_hash\" value=\"\" \/>\n<input type=\"hidden\" name=\"_wpcf7cf_hidden_group_fields\" value=\"[]\" \/>\n<input type=\"hidden\" name=\"_wpcf7cf_hidden_groups\" value=\"[]\" \/>\n<input type=\"hidden\" name=\"_wpcf7cf_visible_groups\" value=\"[]\" \/>\n<input type=\"hidden\" name=\"_wpcf7cf_repeaters\" value=\"[]\" \/>\n<input type=\"hidden\" name=\"_wpcf7cf_steps\" value=\"{}\" \/>\n<input type=\"hidden\" name=\"_wpcf7cf_options\" value=\"{&quot;form_id&quot;:6240,&quot;conditions&quot;:[],&quot;settings&quot;:{&quot;animation&quot;:&quot;yes&quot;,&quot;animation_intime&quot;:&quot;200&quot;,&quot;animation_outtime&quot;:&quot;200&quot;,&quot;conditions_ui&quot;:&quot;normal&quot;,&quot;notice_dismissed&quot;:&quot;&quot;,&quot;notice_dismissed_update-cf7-5.6.1&quot;:true}}\" \/>\n<input type=\"hidden\" name=\"_wpcf7dtx_version\" value=\"4.5.1\" \/>\n<input type=\"hidden\" name=\"_wpcf7_recaptcha_response\" value=\"\" \/>\n<\/div>\n<p><label class=\"contactFormContactpageLabel\"><br \/>\n<span class=\"wpcf7-form-control-wrap\" data-name=\"your-name\"><input size=\"40\" maxlength=\"400\" class=\"wpcf7-form-control wpcf7-text wpcf7-validates-as-required\" aria-required=\"true\" aria-invalid=\"false\" placeholder=\"Sag uns bitte, wie du hei\u00dft\" value=\"\" type=\"text\" name=\"your-name\" \/><\/span><br \/>\n<\/label>\n<\/p>\n<p><label class=\"contactFormContactpageLabel\"><br \/>\n<span class=\"wpcf7-form-control-wrap\" data-name=\"your-email\"><input size=\"40\" maxlength=\"400\" class=\"wpcf7-form-control wpcf7-email wpcf7-validates-as-required wpcf7-text wpcf7-validates-as-email\" aria-required=\"true\" aria-invalid=\"false\" placeholder=\"und deine E-Mail-Adresse\" value=\"\" type=\"email\" name=\"your-email\" \/><\/span><br \/>\n<\/label>\n<\/p>\n<p><label class=\"contactFormContactpageLabel\"><br \/>\n<span class=\"wpcf7-form-control-wrap\" data-name=\"your-message\"><textarea cols=\"40\" rows=\"10\" maxlength=\"2000\" class=\"wpcf7-form-control wpcf7-textarea wpcf7-validates-as-required\" aria-required=\"true\" aria-invalid=\"false\" placeholder=\"Deine Nachricht\" name=\"your-message\"><\/textarea><\/span> <\/label>\n<\/p>\n<p><input class=\"wpcf7-form-control wpcf7-submit has-spinner\" type=\"submit\" value=\"Senden\" \/>\n<\/p><input type='hidden' class='wpcf7-pum' value='{\"closepopup\":false,\"closedelay\":0,\"openpopup\":false,\"openpopup_id\":0}' \/><div class=\"wpcf7-response-output\" aria-hidden=\"true\"><\/div>\n<\/form>\n<\/div>\n\n\n\n\n<div style=\"height:25px\" aria-hidden=\"true\" class=\"wp-block-spacer\"><\/div>\n\n\n\n<p>\n  Oder schicke uns einfach eine Mail an: \n  <a href=\"mailto:kontakt@sammatz.de\">kontakt@sammatz.de\n  <\/a>\n<\/p>\n\n\n\n<div style=\"height:50px\" aria-hidden=\"true\" class=\"wp-block-spacer\"><\/div>\n\n\n\n<p style=\"font-size:24px\"><strong>Und <g class=\"gr_ gr_3 gr-alert gr_spell gr_inline_cards gr_disable_anim_appear ContextualSpelling\" id=\"3\" data-gr-id=\"3\">wo<\/g> <g class=\"gr_ gr_4 gr-alert gr_spell gr_inline_cards gr_disable_anim_appear ContextualSpelling\" id=\"4\" data-gr-id=\"4\">liegt<\/g> Sammatz? <\/strong><\/p>\n\n\n\n<p>In Mitteleuropa, und da im Norden Deutschlands.  Im Dreieck zwischen Hamburg, Berlin und Hannover. 80 km von Hamburg, unserem n\u00e4chsten Flughafen, und 40 km von L\u00fcneburg, unserem n\u00e4chsten gr\u00f6\u00dferen Bahnhof entfernt. 4 km von G\u00f6hrde, der n\u00e4chsten Bahnstation. 3 km von der sch\u00f6nen Elbe entfernt, am Rand des Wendlandes. Auf einem sch\u00f6nen H\u00fcgel, halb von Wald umgeben.<\/p>\n\n\n\n<p>Oder ihr schaut einfach selbst nach:<\/p>\n\n\n\n<iframe src=\"https:\/\/www.google.com\/maps\/embed?pb=!1m18!1m12!1m3!1d2390.3321016990635!2d10.898031416060741!3d53.193959979947394!2m3!1f0!2f0!3f0!3m2!1i1024!2i768!4f13.1!3m3!1m2!1s0x47ae3f9757f1e52f%3A0x7fecffb3795cc08c!2sMichaelshof+Sammatz!5e0!3m2!1sen!2suk!4v1550935149440\" style=\"border:0\" allowfullscreen=\"\" width=\"100%\" height=\"450\" frameborder=\"0\"><\/iframe>\n\n\n\n<\/div><\/div>\n\n\n\n<div style=\"height:50px\" aria-hidden=\"true\" class=\"wp-block-spacer\"><\/div>\n","protected":false},"excerpt":{"rendered":"<p>Kontakt Hallo \u2013 sch\u00f6n, dass du mit uns in Verbindung treten willst! Nutze die Postanschrift und Telefonnummer gern f\u00fcr alle Fragen rund um den Michaelshof und diese Website. Adresse\/Telefon MichaelshofIm Dorfe 1129490 SammatzDeutschland\/Niedersachsen Tel.: 05858 970 30Fax: 05858 970 80 E-Mail Oder schicke uns einfach eine Mail an: kontakt@sammatz.de Und wo liegt Sammatz? In Mitteleuropa, [&hellip;]<\/p>\n","protected":false},"author":2,"featured_media":0,"parent":0,"menu_order":0,"comment_status":"closed","ping_status":"closed","template":"","meta":{"footnotes":""},"class_list":["post-97","page","type-page","status-publish","hentry"],"jetpack_sharing_enabled":true,"jetpack_shortlink":"https:\/\/wp.me\/PaQBcD-1z","jetpack-related-posts":[],"_links":{"self":[{"href":"https:\/\/michaelshof-sammatz.de\/blog\/wp-json\/wp\/v2\/pages\/97"}],"collection":[{"href":"https:\/\/michaelshof-sammatz.de\/blog\/wp-json\/wp\/v2\/pages"}],"about":[{"href":"https:\/\/michaelshof-sammatz.de\/blog\/wp-json\/wp\/v2\/types\/page"}],"author":[{"embeddable":true,"href":"https:\/\/michaelshof-sammatz.de\/blog\/wp-json\/wp\/v2\/users\/2"}],"replies":[{"embeddable":true,"href":"https:\/\/michaelshof-sammatz.de\/blog\/wp-json\/wp\/v2\/comments?post=97"}],"version-history":[{"count":19,"href":"https:\/\/michaelshof-sammatz.de\/blog\/wp-json\/wp\/v2\/pages\/97\/revisions"}],"predecessor-version":[{"id":28349,"href":"https:\/\/michaelshof-sammatz.de\/blog\/wp-json\/wp\/v2\/pages\/97\/revisions\/28349"}],"wp:attachment":[{"href":"https:\/\/michaelshof-sammatz.de\/blog\/wp-json\/wp\/v2\/media?parent=97"}],"curies":[{"name":"wp","href":"https:\/\/api.w.org\/{rel}","templated":true}]}}